{"id":530,"date":"2024-01-27T22:04:45","date_gmt":"2024-01-27T21:04:45","guid":{"rendered":"https:\/\/djgerreg.de\/?page_id=530"},"modified":"2026-04-07T09:34:48","modified_gmt":"2026-04-07T07:34:48","slug":"140-songs-for-the-dance-opening","status":"publish","type":"page","link":"https:\/\/djgerreg.de\/en\/140-songs-zur-tanzeroeffnung\/","title":{"rendered":"140 songs for the dance opening"},"content":{"rendered":"<p>The 140 most popular songs for the first dance<\/p>\n\t<p>Ihr seid auf der Suche nach Songs f\u00fcr euren Er\u00f6ffnungstanz? Ohne Frage wird das der wichtigste Tanz am Abend werden. Und ihr sollt und werdet euch ein Leben lang an EUREN Song erinnern&#8230; jedes Mal, wenn er zum Beispiel im Radio l\u00e4uft oder im Club gespielt wird.<\/p>\n<p>If you need suggestions for your selection, you can simply download a complete overview of the 140 most popular songs for the wedding dance here.<\/p>\n<p>These songs are the most chosen songs for the first dance at weddings!<\/p>\n<p>Of course, you'll find cool, modern songs alongside classic waltzes!<\/p>\n<p>The important thing is that you connect something personal with the song as much as possible.<\/p>\n<p>For example, if you met in a club and still remember which song was playing then, that would be a cool song for your first dance.<\/p>\n<p>Just browse and listen through the 140 most popular songs and get inspired!<\/p>\n<figure itemscope itemtype=\"https:\/\/schema.org\/ImageObject\">\n\t\t\t\t<img decoding=\"async\" src=\"https:\/\/djgerreg.de\/wp-content\/uploads\/2024\/01\/140-Songs-zur-Tanzeroeffnung-3D.png\" alt=\"140 Songs for Your First Dance 3D\" height=\"945\" width=\"668\" title=\"140 Songs for Your First Dance 3D\" onerror=\"this.style.display='none'\" loading=\"lazy\" \/>\n\t<\/figure>\n\t<h3>GET IT NOW!<\/h3>\n\t<ul>\n<li>The 140 most popular songs for the first dance at a wedding.<\/li>\n<li>Incl. Waltz, Rumba &amp; modern pop songs.<\/li>\n<li>As a compact overview in PDF format.<\/li>\n<\/ul>\n<p>Trage deine E-Mail-Adresse ein und klicke auf &#8222;Weiter&#8220;<\/p>\n\t<p>Request the 140 most popular songs for your wedding dance for free now:<\/p>\n\t<div class='fluentform ff-default fluentform_wrapper_6 ffs_default_wrap'><form data-form_id=\"6\" id=\"fluentform_6\" class=\"frm-fluent-form fluent_form_6 ff-el-form-top ff_form_instance_6_1 ff-form-loading ffs_default\" data-form_instance=\"ff_form_instance_6_1\" method=\"POST\" action=\"\" ><fieldset  style=\"border: none!important;margin: 0!important;padding: 0!important;background-color: transparent!important;box-shadow: none!important;outline: none!important; min-inline-size: 100%;\">\n                    <legend class=\"ff_screen_reader_title\" style=\"display: block; margin: 0!important;padding: 0!important;height: 0!important;text-indent: -999999px;width: 0!important;overflow:hidden;\">140 songs for the dance opening<\/legend><input type='hidden' name='__fluent_form_embded_post_id' value='530' \/><input type=\"hidden\" id=\"_fluentform_6_fluentformnonce\" name=\"_fluentform_6_fluentformnonce\" value=\"69b9f5644f\" \/><input type=\"hidden\" name=\"_wp_http_referer\" value=\"\/en\/wp-json\/wp\/v2\/pages\/530\" \/><div class='ff-el-group'><div class=\"ff-el-input--label ff-el-is-required asterisk-right\"><label for='ff_6_email' id='label_ff_6_email' aria-label=\"E-mail address\">E-mail address<\/label><\/div><div class='ff-el-input--content'><input type=\"email\" name=\"email\" id=\"ff_6_email\" class=\"ff-el-form-control\" placeholder=\"Email Address\" data-name=\"email\"  aria-invalid=\"false\" aria-required=\"true\"><\/div><\/div><div class='ff-el-group    ff-el-input--content'><div class='ff-el-form-check ff-el-tc'><label aria-label='I consent to this website storing my submitted information so that they can respond to my request' class='ff-el-form-check-label ff_tc_label' for=\"gdpr-agreement_2eaf3f2acb546d1f6bab9daad1646ab8\"><span class='ff_tc_checkbox'><input type=\"checkbox\" name=\"gdpr-agreement\" class=\"ff-el-form-check-input ff_gdpr_field\" data-name=\"gdpr-agreement\" id=\"gdpr-agreement_2eaf3f2acb546d1f6bab9daad1646ab8\"  value='on' aria-invalid='false' aria-required=\"true\"><\/span> <div class='ff_t_c'>I consent to this website storing my submitted information so that they can respond to my request<\/div><\/label><\/div><\/div><div class='ff-el-group ff-text-left ff_submit_btn_wrapper'><button type=\"submit\" class=\"ff-btn ff-btn-submit ff-btn-md ff_btn_style\"  aria-label=\"Continue\">Continue<\/button><\/div><\/fieldset><input type=\"hidden\" name=\"trp-form-language\" value=\"en\"\/><\/form><div id='fluentform_6_errors' class='ff-errors-in-stack ff_form_instance_6_1 ff-form-loading_errors ff_form_instance_6_1_errors'><\/div><\/div>            <script type=\"text\/javascript\">\n                window.fluent_form_ff_form_instance_6_1 = {\"id\":\"6\",\"ajaxUrl\":\"https:\\\/\\\/djgerreg.de\\\/wp-admin\\\/admin-ajax.php\",\"settings\":{\"layout\":{\"labelPlacement\":\"top\",\"helpMessagePlacement\":\"with_label\",\"errorMessagePlacement\":\"inline\"},\"restrictions\":{\"denyEmptySubmission\":{\"enabled\":false}}},\"form_instance\":\"ff_form_instance_6_1\",\"form_id_selector\":\"fluentform_6\",\"rules\":{\"email\":{\"required\":{\"value\":true,\"message\":\"Dieses Feld ist erforderlich\",\"global_message\":\"Dieses Feld ist erforderlich\",\"global\":true},\"email\":{\"value\":true,\"message\":\"Dieses Feld muss eine g\\u00fcltige E-Mail-Adresse enthalten\",\"global_message\":\"Dieses Feld muss eine g\\u00fcltige E-Mail-Adresse enthalten\",\"global\":true}},\"gdpr-agreement\":{\"required\":{\"value\":true,\"message\":\"Dieses Feld ist erforderlich\",\"global_message\":\"Dieses Feld ist erforderlich\",\"global\":true}}},\"debounce_time\":300};\n                            <\/script>","protected":false},"excerpt":{"rendered":"<p>Die 140 beliebtesten Songs f\u00fcr die Tanzer\u00f6ffnung Ihr seid auf der Suche nach Songs f\u00fcr euren Er\u00f6ffnungstanz? Ohne Frage wird das der wichtigste Tanz am Abend werden. Und ihr sollt und werdet euch ein Leben lang an EUREN Song erinnern&#8230; jedes Mal, wenn er zum Beispiel im Radio l\u00e4uft oder im Club gespielt wird. Wenn [&hellip;]<\/p>\n","protected":false},"author":1,"featured_media":524,"parent":0,"menu_order":0,"comment_status":"closed","ping_status":"closed","template":"","meta":{"site-sidebar-layout":"no-sidebar","site-content-layout":"page-builder","ast-site-content-layout":"full-width-container","site-content-style":"unboxed","site-sidebar-style":"unboxed","ast-global-header-display":"","ast-banner-title-visibility":"","ast-main-header-display":"","ast-hfb-above-header-display":"","ast-hfb-below-header-display":"","ast-hfb-mobile-header-display":"","site-post-title":"disabled","ast-breadcrumbs-content":"","ast-featured-img":"disabled","footer-sml-layout":"","ast-disable-related-posts":"","theme-transparent-header-meta":"default","adv-header-id-meta":"","stick-header-meta":"default","header-above-stick-meta":"","header-main-stick-meta":"","header-below-stick-meta":"","astra-migrate-meta-layouts":"set","ast-page-background-enabled":"default","ast-page-background-meta":{"desktop":{"background-color":"","background-image":"","background-repeat":"repeat","background-position":"center center","background-size":"auto","background-attachment":"scroll","background-type":"","background-media":"","overlay-type":"","overlay-color":"","overlay-opacity":"","overlay-gradient":""},"tablet":{"background-color":"","background-image":"","background-repeat":"repeat","background-position":"center center","background-size":"auto","background-attachment":"scroll","background-type":"","background-media":"","overlay-type":"","overlay-color":"","overlay-opacity":"","overlay-gradient":""},"mobile":{"background-color":"","background-image":"","background-repeat":"repeat","background-position":"center center","background-size":"auto","background-attachment":"scroll","background-type":"","background-media":"","overlay-type":"","overlay-color":"","overlay-opacity":"","overlay-gradient":""}},"ast-content-background-meta":{"desktop":{"background-color":"var(--ast-global-color-5)","background-image":"","background-repeat":"repeat","background-position":"center center","background-size":"auto","background-attachment":"scroll","background-type":"","background-media":"","overlay-type":"","overlay-color":"","overlay-opacity":"","overlay-gradient":""},"tablet":{"background-color":"var(--ast-global-color-5)","background-image":"","background-repeat":"repeat","background-position":"center center","background-size":"auto","background-attachment":"scroll","background-type":"","background-media":"","overlay-type":"","overlay-color":"","overlay-opacity":"","overlay-gradient":""},"mobile":{"background-color":"var(--ast-global-color-5)","background-image":"","background-repeat":"repeat","background-position":"center center","background-size":"auto","background-attachment":"scroll","background-type":"","background-media":"","overlay-type":"","overlay-color":"","overlay-opacity":"","overlay-gradient":""}},"footnotes":""},"class_list":["post-530","page","type-page","status-publish","has-post-thumbnail","hentry"],"yoast_head":"<!-- This site is optimized with the Yoast SEO Premium plugin v24.3 (Yoast SEO v27.5) - https:\/\/yoast.com\/product\/yoast-seo-premium-wordpress\/ -->\n<title>140 Songs zur Tanzer\u00f6ffnung<\/title>\n<meta name=\"robots\" content=\"noindex, follow\" \/>\n<meta property=\"og:locale\" content=\"en_US\" \/>\n<meta property=\"og:type\" content=\"article\" \/>\n<meta property=\"og:title\" content=\"140 Songs zur Tanzer\u00f6ffnung\" \/>\n<meta property=\"og:description\" content=\"Die 140 beliebtesten Songs f\u00fcr die Tanzer\u00f6ffnung Ihr seid auf der Suche nach Songs f\u00fcr euren Er\u00f6ffnungstanz? Ohne Frage wird das der wichtigste Tanz am Abend werden. Und ihr sollt und werdet euch ein Leben lang an EUREN Song erinnern&#8230; jedes Mal, wenn er zum Beispiel im Radio l\u00e4uft oder im Club gespielt wird. Wenn [&hellip;]\" \/>\n<meta property=\"og:url\" content=\"https:\/\/djgerreg.de\/en\/140-songs-for-the-dance-opening\/\" \/>\n<meta property=\"og:site_name\" content=\"DJ GerreG - Feel The Music\" \/>\n<meta property=\"article:modified_time\" content=\"2026-04-07T07:34:48+00:00\" \/>\n<meta property=\"og:image\" content=\"https:\/\/djgerreg.de\/wp-content\/uploads\/2024\/01\/140-Songs-zur-Tanzeroeffnung-3D.png\" \/>\n\t<meta property=\"og:image:width\" content=\"668\" \/>\n\t<meta property=\"og:image:height\" content=\"945\" \/>\n\t<meta property=\"og:image:type\" content=\"image\/png\" \/>\n<meta name=\"twitter:card\" content=\"summary_large_image\" \/>\n<meta name=\"twitter:label1\" content=\"Est. reading time\" \/>\n\t<meta name=\"twitter:data1\" content=\"1 minute\" \/>\n<script type=\"application\/ld+json\" class=\"yoast-schema-graph\">{\"@context\":\"https:\\\/\\\/schema.org\",\"@graph\":[{\"@type\":\"WebPage\",\"@id\":\"https:\\\/\\\/djgerreg.de\\\/140-songs-zur-tanzeroeffnung\\\/\",\"url\":\"https:\\\/\\\/djgerreg.de\\\/140-songs-zur-tanzeroeffnung\\\/\",\"name\":\"140 Songs zur Tanzer\u00f6ffnung\",\"isPartOf\":{\"@id\":\"https:\\\/\\\/djgerreg.de\\\/#website\"},\"primaryImageOfPage\":{\"@id\":\"https:\\\/\\\/djgerreg.de\\\/140-songs-zur-tanzeroeffnung\\\/#primaryimage\"},\"image\":{\"@id\":\"https:\\\/\\\/djgerreg.de\\\/140-songs-zur-tanzeroeffnung\\\/#primaryimage\"},\"thumbnailUrl\":\"https:\\\/\\\/djgerreg.de\\\/wp-content\\\/uploads\\\/2024\\\/01\\\/140-Songs-zur-Tanzeroeffnung-3D.png\",\"datePublished\":\"2024-01-27T21:04:45+00:00\",\"dateModified\":\"2026-04-07T07:34:48+00:00\",\"breadcrumb\":{\"@id\":\"https:\\\/\\\/djgerreg.de\\\/140-songs-zur-tanzeroeffnung\\\/#breadcrumb\"},\"inLanguage\":\"en-US\",\"potentialAction\":[{\"@type\":\"ReadAction\",\"target\":[\"https:\\\/\\\/djgerreg.de\\\/140-songs-zur-tanzeroeffnung\\\/\"]}]},{\"@type\":\"ImageObject\",\"inLanguage\":\"en-US\",\"@id\":\"https:\\\/\\\/djgerreg.de\\\/140-songs-zur-tanzeroeffnung\\\/#primaryimage\",\"url\":\"https:\\\/\\\/djgerreg.de\\\/wp-content\\\/uploads\\\/2024\\\/01\\\/140-Songs-zur-Tanzeroeffnung-3D.png\",\"contentUrl\":\"https:\\\/\\\/djgerreg.de\\\/wp-content\\\/uploads\\\/2024\\\/01\\\/140-Songs-zur-Tanzeroeffnung-3D.png\",\"width\":668,\"height\":945,\"caption\":\"140 Songs zur Tanzer\u00f6ffnung 3D\"},{\"@type\":\"BreadcrumbList\",\"@id\":\"https:\\\/\\\/djgerreg.de\\\/140-songs-zur-tanzeroeffnung\\\/#breadcrumb\",\"itemListElement\":[{\"@type\":\"ListItem\",\"position\":1,\"name\":\"Startseite\",\"item\":\"https:\\\/\\\/djgerreg.de\\\/\"},{\"@type\":\"ListItem\",\"position\":2,\"name\":\"140 Songs zur Tanzer\u00f6ffnung\"}]},{\"@type\":\"WebSite\",\"@id\":\"https:\\\/\\\/djgerreg.de\\\/#website\",\"url\":\"https:\\\/\\\/djgerreg.de\\\/\",\"name\":\"DJ GerreG - Feel The Music\",\"description\":\"Event DJ Worldwide - New York - Rio - Tokio\",\"publisher\":{\"@id\":\"https:\\\/\\\/djgerreg.de\\\/#organization\"},\"potentialAction\":[{\"@type\":\"SearchAction\",\"target\":{\"@type\":\"EntryPoint\",\"urlTemplate\":\"https:\\\/\\\/djgerreg.de\\\/?s={search_term_string}\"},\"query-input\":{\"@type\":\"PropertyValueSpecification\",\"valueRequired\":true,\"valueName\":\"search_term_string\"}}],\"inLanguage\":\"en-US\"},{\"@type\":\"Organization\",\"@id\":\"https:\\\/\\\/djgerreg.de\\\/#organization\",\"name\":\"DJ GerreG - Feel The Music\",\"url\":\"https:\\\/\\\/djgerreg.de\\\/\",\"logo\":{\"@type\":\"ImageObject\",\"inLanguage\":\"en-US\",\"@id\":\"https:\\\/\\\/djgerreg.de\\\/#\\\/schema\\\/logo\\\/image\\\/\",\"url\":\"https:\\\/\\\/djgerreg.de\\\/wp-content\\\/uploads\\\/2024\\\/01\\\/DJ-GerreG-The-Best-Music-In-Town.jpg\",\"contentUrl\":\"https:\\\/\\\/djgerreg.de\\\/wp-content\\\/uploads\\\/2024\\\/01\\\/DJ-GerreG-The-Best-Music-In-Town.jpg\",\"width\":300,\"height\":87,\"caption\":\"DJ GerreG - Feel The Music\"},\"image\":{\"@id\":\"https:\\\/\\\/djgerreg.de\\\/#\\\/schema\\\/logo\\\/image\\\/\"}}]}<\/script>\n<!-- \/ Yoast SEO Premium plugin. -->","yoast_head_json":{"title":"140 songs for the dance opening","robots":{"index":"noindex","follow":"follow"},"og_locale":"en_US","og_type":"article","og_title":"140 Songs zur Tanzer\u00f6ffnung","og_description":"Die 140 beliebtesten Songs f\u00fcr die Tanzer\u00f6ffnung Ihr seid auf der Suche nach Songs f\u00fcr euren Er\u00f6ffnungstanz? Ohne Frage wird das der wichtigste Tanz am Abend werden. Und ihr sollt und werdet euch ein Leben lang an EUREN Song erinnern&#8230; jedes Mal, wenn er zum Beispiel im Radio l\u00e4uft oder im Club gespielt wird. Wenn [&hellip;]","og_url":"https:\/\/djgerreg.de\/en\/140-songs-for-the-dance-opening\/","og_site_name":"DJ GerreG - Feel The Music","article_modified_time":"2026-04-07T07:34:48+00:00","og_image":[{"width":668,"height":945,"url":"https:\/\/djgerreg.de\/wp-content\/uploads\/2024\/01\/140-Songs-zur-Tanzeroeffnung-3D.png","type":"image\/png"}],"twitter_card":"summary_large_image","twitter_misc":{"Est. reading time":"1 minute"},"schema":{"@context":"https:\/\/schema.org","@graph":[{"@type":"WebPage","@id":"https:\/\/djgerreg.de\/140-songs-zur-tanzeroeffnung\/","url":"https:\/\/djgerreg.de\/140-songs-zur-tanzeroeffnung\/","name":"140 songs for the dance opening","isPartOf":{"@id":"https:\/\/djgerreg.de\/#website"},"primaryImageOfPage":{"@id":"https:\/\/djgerreg.de\/140-songs-zur-tanzeroeffnung\/#primaryimage"},"image":{"@id":"https:\/\/djgerreg.de\/140-songs-zur-tanzeroeffnung\/#primaryimage"},"thumbnailUrl":"https:\/\/djgerreg.de\/wp-content\/uploads\/2024\/01\/140-Songs-zur-Tanzeroeffnung-3D.png","datePublished":"2024-01-27T21:04:45+00:00","dateModified":"2026-04-07T07:34:48+00:00","breadcrumb":{"@id":"https:\/\/djgerreg.de\/140-songs-zur-tanzeroeffnung\/#breadcrumb"},"inLanguage":"en-US","potentialAction":[{"@type":"ReadAction","target":["https:\/\/djgerreg.de\/140-songs-zur-tanzeroeffnung\/"]}]},{"@type":"ImageObject","inLanguage":"en-US","@id":"https:\/\/djgerreg.de\/140-songs-zur-tanzeroeffnung\/#primaryimage","url":"https:\/\/djgerreg.de\/wp-content\/uploads\/2024\/01\/140-Songs-zur-Tanzeroeffnung-3D.png","contentUrl":"https:\/\/djgerreg.de\/wp-content\/uploads\/2024\/01\/140-Songs-zur-Tanzeroeffnung-3D.png","width":668,"height":945,"caption":"140 Songs zur Tanzer\u00f6ffnung 3D"},{"@type":"BreadcrumbList","@id":"https:\/\/djgerreg.de\/140-songs-zur-tanzeroeffnung\/#breadcrumb","itemListElement":[{"@type":"ListItem","position":1,"name":"Startseite","item":"https:\/\/djgerreg.de\/"},{"@type":"ListItem","position":2,"name":"140 Songs zur Tanzer\u00f6ffnung"}]},{"@type":"WebSite","@id":"https:\/\/djgerreg.de\/#website","url":"https:\/\/djgerreg.de\/","name":"DJ GerreG - Feel The Music","description":"Event DJ Worldwide - New York - Rio - Tokyo","publisher":{"@id":"https:\/\/djgerreg.de\/#organization"},"potentialAction":[{"@type":"SearchAction","target":{"@type":"EntryPoint","urlTemplate":"https:\/\/djgerreg.de\/?s={search_term_string}"},"query-input":{"@type":"PropertyValueSpecification","valueRequired":true,"valueName":"search_term_string"}}],"inLanguage":"en-US"},{"@type":"Organization","@id":"https:\/\/djgerreg.de\/#organization","name":"DJ GerreG - Feel The Music","url":"https:\/\/djgerreg.de\/","logo":{"@type":"ImageObject","inLanguage":"en-US","@id":"https:\/\/djgerreg.de\/#\/schema\/logo\/image\/","url":"https:\/\/djgerreg.de\/wp-content\/uploads\/2024\/01\/DJ-GerreG-The-Best-Music-In-Town.jpg","contentUrl":"https:\/\/djgerreg.de\/wp-content\/uploads\/2024\/01\/DJ-GerreG-The-Best-Music-In-Town.jpg","width":300,"height":87,"caption":"DJ GerreG - Feel The Music"},"image":{"@id":"https:\/\/djgerreg.de\/#\/schema\/logo\/image\/"}}]}},"_links":{"self":[{"href":"https:\/\/djgerreg.de\/en\/wp-json\/wp\/v2\/pages\/530","targetHints":{"allow":["GET"]}}],"collection":[{"href":"https:\/\/djgerreg.de\/en\/wp-json\/wp\/v2\/pages"}],"about":[{"href":"https:\/\/djgerreg.de\/en\/wp-json\/wp\/v2\/types\/page"}],"author":[{"embeddable":true,"href":"https:\/\/djgerreg.de\/en\/wp-json\/wp\/v2\/users\/1"}],"replies":[{"embeddable":true,"href":"https:\/\/djgerreg.de\/en\/wp-json\/wp\/v2\/comments?post=530"}],"version-history":[{"count":10,"href":"https:\/\/djgerreg.de\/en\/wp-json\/wp\/v2\/pages\/530\/revisions"}],"predecessor-version":[{"id":6871,"href":"https:\/\/djgerreg.de\/en\/wp-json\/wp\/v2\/pages\/530\/revisions\/6871"}],"wp:featuredmedia":[{"embeddable":true,"href":"https:\/\/djgerreg.de\/en\/wp-json\/wp\/v2\/media\/524"}],"wp:attachment":[{"href":"https:\/\/djgerreg.de\/en\/wp-json\/wp\/v2\/media?parent=530"}],"curies":[{"name":"WordPress","href":"https:\/\/api.w.org\/{rel}","templated":true}]}}