{"id":538,"date":"2024-01-27T22:49:45","date_gmt":"2024-01-27T21:49:45","guid":{"rendered":"https:\/\/djgerreg.de\/?page_id=538"},"modified":"2024-01-28T04:23:44","modified_gmt":"2024-01-28T03:23:44","slug":"danke-top-140-songs-fuer-die-tanzeroeffnung","status":"publish","type":"page","link":"https:\/\/djgerreg.de\/en\/danke-top-140-songs-fuer-die-tanzeroeffnung\/","title":{"rendered":"Danke Top 140 Songs f\u00fcr die Tanzer\u00f6ffnung"},"content":{"rendered":"<p><strong>Die Top 140 Songs f\u00fcr die Tanzer\u00f6ffnung<\/strong><\/p>\n<p>Coole Entscheidung &#8211; Danke f\u00fcr dein Vertrauen!<\/p>\n<p>Wenn du auf den nachfolgenden Link klickst, dann \u00f6ffnet sich die PDF und du kannst dir die Liste der Top 140 Songs herunterladen.<\/p>\n<p><a href=\"http:\/\/djgerreg.de\/en\/dada\/140-beliebteste-Songs-fuer-die-Tanzeroeffnung-djgerreg.de.pdf\/\" target=\"_blank\" rel=\"noopener\">Zur PDF der Top 140 gelangst du, indem du HIER klickst!<\/a><\/p>\n<p>Ich w\u00fcnsche euch jetzt viel Spa\u00df beim durchst\u00f6bern der Top 140 und hoffe, dass diese euch inspirieren wird und ihr euren Song f\u00fcr euren Er\u00f6ffnungstanz findet.<\/p>\n<p>Your DJ GerreG<\/p>\n\t\t\t\t<img decoding=\"async\" src=\"https:\/\/djgerreg.de\/wp-content\/uploads\/2024\/01\/140-Songs-zur-Tanzeroeffnung-3D.png\" alt=\"140 Songs for Your First Dance 3D\" itemprop=\"image\" height=\"945\" width=\"668\" title=\"140 Songs for Your First Dance 3D\" onerror=\"this.style.display='none'\"  \/>\n\t<p><strong>Du m\u00f6chtest irre viel Zeit sparen und m\u00f6chtest die Top 140 als Spotify Playlist?<\/strong><\/p>\n<p>Dann habe ich hier ein ganz besonderes Angebot:<\/p>\n<ul>\n<li>Alle 140 Songs in einer Spotify Playlist*<\/li>\n<li>Einfach alle Songs sofort anh\u00f6ren.<\/li>\n<li>Kein langes Suchen nach den 140 Songs!<\/li>\n<\/ul>\n\t<p>Spare sehr viel Zeit und Geld und hole dir jetzt gleich die Spotify Playlist zum sofortigen Anh\u00f6ren!<\/p>\n\t\t\t<a href=\"https:\/\/www.copecart.com\/products\/c324ab82\/checkout\" target=\"_blank\" rel=\"noopener\">\n\t\t\t\t\t\t\tHier  jetzt nur f\u00fcr kurze Zeit die Top 140 als Spotify Playlist zum Sonderpreis holen!\n\t\t\t\t\t<\/a>\n\n<div class=\"shariff shariff-align-center shariff-widget-align-center\" style=\"display:none\" data-services=\"facebook\" data-url=\"https%3A%2F%2Fdjgerreg.de%2Fen%2Fdanke-top-140-songs-fuer-die-tanzeroeffnung%2F\" data-timestamp=\"1706415824\" data-hidezero=\"1\" data-backendurl=\"https:\/\/djgerreg.de\/en\/wp-json\/shariff\/v1\/share_counts?\"><ul class=\"shariff-buttons theme-grey orientation-horizontal buttonsize-medium\"><li class=\"shariff-button facebook shariff-nocustomcolor\" style=\"background-color:#4273c8\"><a href=\"https:\/\/www.facebook.com\/sharer\/sharer.php?u=https%3A%2F%2Fdjgerreg.de%2Fen%2Fdanke-top-140-songs-fuer-die-tanzeroeffnung%2F\" title=\"Share on Facebook\" aria-label=\"Share on Facebook\" role=\"button\" rel=\"nofollow\" class=\"shariff-link\" style=\"; background-color:#3b5998; color:#fff\" target=\"_blank\"><span class=\"shariff-icon\" style=\"\"><svg width=\"32px\" height=\"20px\" xmlns=\"http:\/\/www.w3.org\/2000\/svg\" viewbox=\"0 0 18 32\"><path fill=\"#3b5998\" d=\"M17.1 0.2v4.7h-2.8q-1.5 0-2.1 0.6t-0.5 1.9v3.4h5.2l-0.7 5.3h-4.5v13.6h-5.5v-13.6h-4.5v-5.3h4.5v-3.9q0-3.3 1.9-5.2t5-1.8q2.6 0 4.1 0.2z\"\/><\/svg><\/span><span class=\"shariff-text\">share<\/span>&nbsp;<span data-service=\"facebook\" style=\"color:#3b5998\" class=\"shariff-count shariff-hidezero\"><\/span>&nbsp;<\/a><\/li><li class=\"shariff-button twitter shariff-nocustomcolor\" style=\"background-color:#595959\"><a href=\"https:\/\/twitter.com\/share?url=https%3A%2F%2Fdjgerreg.de%2Fen%2Fdanke-top-140-songs-fuer-die-tanzeroeffnung%2F&text=Danke%20Top%20140%20Songs%20f%C3%BCr%20die%20Tanzer%C3%B6ffnung\" title=\"Share on X\" aria-label=\"Share on X\" role=\"button\" rel=\"noopener nofollow\" class=\"shariff-link\" style=\"; background-color:#000; color:#fff\" target=\"_blank\"><span class=\"shariff-icon\" style=\"\"><svg width=\"32px\" height=\"20px\" xmlns=\"http:\/\/www.w3.org\/2000\/svg\" viewbox=\"0 0 24 24\"><path fill=\"#000\" d=\"M14.258 10.152L23.176 0h-2.113l-7.747 8.813L7.133 0H0l9.352 13.328L0 23.973h2.113l8.176-9.309 6.531 9.309h7.133zm-2.895 3.293l-.949-1.328L2.875 1.56h3.246l6.086 8.523.945 1.328 7.91 11.078h-3.246zm0 0\"\/><\/svg><\/span><span class=\"shariff-text\">share<\/span>&nbsp;<\/a><\/li><li class=\"shariff-button linkedin shariff-nocustomcolor\" style=\"background-color:#1488bf\"><a href=\"https:\/\/www.linkedin.com\/sharing\/share-offsite\/?url=https%3A%2F%2Fdjgerreg.de%2Fen%2Fdanke-top-140-songs-fuer-die-tanzeroeffnung%2F\" title=\"Share on LinkedIn\" aria-label=\"Share on LinkedIn\" role=\"button\" rel=\"noopener nofollow\" class=\"shariff-link\" style=\"; background-color:#0077b5; color:#fff\" target=\"_blank\"><span class=\"shariff-icon\" style=\"\"><svg width=\"32px\" height=\"20px\" xmlns=\"http:\/\/www.w3.org\/2000\/svg\" viewbox=\"0 0 27 32\"><path fill=\"#0077b5\" d=\"M6.2 11.2v17.7h-5.9v-17.7h5.9zM6.6 5.7q0 1.3-0.9 2.2t-2.4 0.9h0q-1.5 0-2.4-0.9t-0.9-2.2 0.9-2.2 2.4-0.9 2.4 0.9 0.9 2.2zM27.4 18.7v10.1h-5.9v-9.5q0-1.9-0.7-2.9t-2.3-1.1q-1.1 0-1.9 0.6t-1.2 1.5q-0.2 0.5-0.2 1.4v9.9h-5.9q0-7.1 0-11.6t0-5.3l0-0.9h5.9v2.6h0q0.4-0.6 0.7-1t1-0.9 1.6-0.8 2-0.3q3 0 4.9 2t1.9 6z\"\/><\/svg><\/span><span class=\"shariff-text\">share<\/span>&nbsp;<\/a><\/li><\/ul><\/div>","protected":false},"excerpt":{"rendered":"<p>Die Top 140 Songs f\u00fcr die Tanzer\u00f6ffnung Coole Entscheidung &#8211; Danke f\u00fcr dein Vertrauen! Wenn du auf den nachfolgenden Link klickst, dann \u00f6ffnet sich die PDF und du kannst dir die Liste der Top 140 Songs herunterladen. Zur PDF der Top 140 gelangst du, indem du HIER klickst! Ich w\u00fcnsche euch jetzt viel Spa\u00df beim [&hellip;]<\/p>\n","protected":false},"author":1,"featured_media":524,"parent":0,"menu_order":0,"comment_status":"closed","ping_status":"closed","template":"","meta":{"site-sidebar-layout":"no-sidebar","site-content-layout":"","ast-site-content-layout":"full-width-container","site-content-style":"default","site-sidebar-style":"default","ast-global-header-display":"","ast-banner-title-visibility":"","ast-main-header-display":"","ast-hfb-above-header-display":"","ast-hfb-below-header-display":"","ast-hfb-mobile-header-display":"","site-post-title":"disabled","ast-breadcrumbs-content":"","ast-featured-img":"disabled","footer-sml-layout":"","ast-disable-related-posts":"","theme-transparent-header-meta":"default","adv-header-id-meta":"","stick-header-meta":"default","header-above-stick-meta":"","header-main-stick-meta":"","header-below-stick-meta":"","astra-migrate-meta-layouts":"set","ast-page-background-enabled":"default","ast-page-background-meta":{"desktop":{"background-color":"","background-image":"","background-repeat":"repeat","background-position":"center center","background-size":"auto","background-attachment":"scroll","background-type":"","background-media":"","overlay-type":"","overlay-color":"","overlay-opacity":"","overlay-gradient":""},"tablet":{"background-color":"","background-image":"","background-repeat":"repeat","background-position":"center center","background-size":"auto","background-attachment":"scroll","background-type":"","background-media":"","overlay-type":"","overlay-color":"","overlay-opacity":"","overlay-gradient":""},"mobile":{"background-color":"","background-image":"","background-repeat":"repeat","background-position":"center center","background-size":"auto","background-attachment":"scroll","background-type":"","background-media":"","overlay-type":"","overlay-color":"","overlay-opacity":"","overlay-gradient":""}},"ast-content-background-meta":{"desktop":{"background-color":"var(--ast-global-color-5)","background-image":"","background-repeat":"repeat","background-position":"center center","background-size":"auto","background-attachment":"scroll","background-type":"","background-media":"","overlay-type":"","overlay-color":"","overlay-opacity":"","overlay-gradient":""},"tablet":{"background-color":"var(--ast-global-color-5)","background-image":"","background-repeat":"repeat","background-position":"center center","background-size":"auto","background-attachment":"scroll","background-type":"","background-media":"","overlay-type":"","overlay-color":"","overlay-opacity":"","overlay-gradient":""},"mobile":{"background-color":"var(--ast-global-color-5)","background-image":"","background-repeat":"repeat","background-position":"center center","background-size":"auto","background-attachment":"scroll","background-type":"","background-media":"","overlay-type":"","overlay-color":"","overlay-opacity":"","overlay-gradient":""}},"footnotes":""},"class_list":["post-538","page","type-page","status-publish","has-post-thumbnail","hentry"],"yoast_head":"<!-- This site is optimized with the Yoast SEO Premium plugin v24.3 (Yoast SEO v27.3) - https:\/\/yoast.com\/product\/yoast-seo-premium-wordpress\/ -->\n<title>Danke Top 140 Songs f\u00fcr die Tanzer\u00f6ffnung<\/title>\n<meta name=\"robots\" content=\"noindex, follow\" \/>\n<meta property=\"og:locale\" content=\"en_US\" \/>\n<meta property=\"og:type\" content=\"article\" \/>\n<meta property=\"og:title\" content=\"Danke Top 140 Songs f\u00fcr die Tanzer\u00f6ffnung\" \/>\n<meta property=\"og:description\" content=\"Die Top 140 Songs f\u00fcr die Tanzer\u00f6ffnung Coole Entscheidung &#8211; Danke f\u00fcr dein Vertrauen! Wenn du auf den nachfolgenden Link klickst, dann \u00f6ffnet sich die PDF und du kannst dir die Liste der Top 140 Songs herunterladen. Zur PDF der Top 140 gelangst du, indem du HIER klickst! Ich w\u00fcnsche euch jetzt viel Spa\u00df beim [&hellip;]\" \/>\n<meta property=\"og:url\" content=\"https:\/\/djgerreg.de\/en\/danke-top-140-songs-fuer-die-tanzeroeffnung\/\" \/>\n<meta property=\"og:site_name\" content=\"DJ GerreG - Feel The Music\" \/>\n<meta property=\"article:modified_time\" content=\"2024-01-28T03:23:44+00:00\" \/>\n<meta property=\"og:image\" content=\"https:\/\/djgerreg.de\/wp-content\/uploads\/2024\/01\/140-Songs-zur-Tanzeroeffnung-3D.png\" \/>\n\t<meta property=\"og:image:width\" content=\"668\" \/>\n\t<meta property=\"og:image:height\" content=\"945\" \/>\n\t<meta property=\"og:image:type\" content=\"image\/png\" \/>\n<meta name=\"twitter:card\" content=\"summary_large_image\" \/>\n<meta name=\"twitter:label1\" content=\"Est. reading time\" \/>\n\t<meta name=\"twitter:data1\" content=\"1 minute\" \/>\n<script type=\"application\/ld+json\" class=\"yoast-schema-graph\">{\"@context\":\"https:\\\/\\\/schema.org\",\"@graph\":[{\"@type\":\"WebPage\",\"@id\":\"https:\\\/\\\/djgerreg.de\\\/danke-top-140-songs-fuer-die-tanzeroeffnung\\\/\",\"url\":\"https:\\\/\\\/djgerreg.de\\\/danke-top-140-songs-fuer-die-tanzeroeffnung\\\/\",\"name\":\"Danke Top 140 Songs f\u00fcr die Tanzer\u00f6ffnung\",\"isPartOf\":{\"@id\":\"https:\\\/\\\/djgerreg.de\\\/#website\"},\"primaryImageOfPage\":{\"@id\":\"https:\\\/\\\/djgerreg.de\\\/danke-top-140-songs-fuer-die-tanzeroeffnung\\\/#primaryimage\"},\"image\":{\"@id\":\"https:\\\/\\\/djgerreg.de\\\/danke-top-140-songs-fuer-die-tanzeroeffnung\\\/#primaryimage\"},\"thumbnailUrl\":\"https:\\\/\\\/djgerreg.de\\\/wp-content\\\/uploads\\\/2024\\\/01\\\/140-Songs-zur-Tanzeroeffnung-3D.png\",\"datePublished\":\"2024-01-27T21:49:45+00:00\",\"dateModified\":\"2024-01-28T03:23:44+00:00\",\"breadcrumb\":{\"@id\":\"https:\\\/\\\/djgerreg.de\\\/danke-top-140-songs-fuer-die-tanzeroeffnung\\\/#breadcrumb\"},\"inLanguage\":\"en-US\",\"potentialAction\":[{\"@type\":\"ReadAction\",\"target\":[\"https:\\\/\\\/djgerreg.de\\\/danke-top-140-songs-fuer-die-tanzeroeffnung\\\/\"]}]},{\"@type\":\"ImageObject\",\"inLanguage\":\"en-US\",\"@id\":\"https:\\\/\\\/djgerreg.de\\\/danke-top-140-songs-fuer-die-tanzeroeffnung\\\/#primaryimage\",\"url\":\"https:\\\/\\\/djgerreg.de\\\/wp-content\\\/uploads\\\/2024\\\/01\\\/140-Songs-zur-Tanzeroeffnung-3D.png\",\"contentUrl\":\"https:\\\/\\\/djgerreg.de\\\/wp-content\\\/uploads\\\/2024\\\/01\\\/140-Songs-zur-Tanzeroeffnung-3D.png\",\"width\":668,\"height\":945,\"caption\":\"140 Songs zur Tanzer\u00f6ffnung 3D\"},{\"@type\":\"BreadcrumbList\",\"@id\":\"https:\\\/\\\/djgerreg.de\\\/danke-top-140-songs-fuer-die-tanzeroeffnung\\\/#breadcrumb\",\"itemListElement\":[{\"@type\":\"ListItem\",\"position\":1,\"name\":\"Startseite\",\"item\":\"https:\\\/\\\/djgerreg.de\\\/\"},{\"@type\":\"ListItem\",\"position\":2,\"name\":\"Danke Top 140 Songs f\u00fcr die Tanzer\u00f6ffnung\"}]},{\"@type\":\"WebSite\",\"@id\":\"https:\\\/\\\/djgerreg.de\\\/#website\",\"url\":\"https:\\\/\\\/djgerreg.de\\\/\",\"name\":\"DJ GerreG - Feel The Music\",\"description\":\"Event DJ Worldwide - New York - Rio - Tokio\",\"publisher\":{\"@id\":\"https:\\\/\\\/djgerreg.de\\\/#organization\"},\"potentialAction\":[{\"@type\":\"SearchAction\",\"target\":{\"@type\":\"EntryPoint\",\"urlTemplate\":\"https:\\\/\\\/djgerreg.de\\\/?s={search_term_string}\"},\"query-input\":{\"@type\":\"PropertyValueSpecification\",\"valueRequired\":true,\"valueName\":\"search_term_string\"}}],\"inLanguage\":\"en-US\"},{\"@type\":\"Organization\",\"@id\":\"https:\\\/\\\/djgerreg.de\\\/#organization\",\"name\":\"DJ GerreG - Feel The Music\",\"url\":\"https:\\\/\\\/djgerreg.de\\\/\",\"logo\":{\"@type\":\"ImageObject\",\"inLanguage\":\"en-US\",\"@id\":\"https:\\\/\\\/djgerreg.de\\\/#\\\/schema\\\/logo\\\/image\\\/\",\"url\":\"https:\\\/\\\/djgerreg.de\\\/wp-content\\\/uploads\\\/2024\\\/01\\\/DJ-GerreG-The-Best-Music-In-Town.jpg\",\"contentUrl\":\"https:\\\/\\\/djgerreg.de\\\/wp-content\\\/uploads\\\/2024\\\/01\\\/DJ-GerreG-The-Best-Music-In-Town.jpg\",\"width\":300,\"height\":87,\"caption\":\"DJ GerreG - Feel The Music\"},\"image\":{\"@id\":\"https:\\\/\\\/djgerreg.de\\\/#\\\/schema\\\/logo\\\/image\\\/\"}}]}<\/script>\n<!-- \/ Yoast SEO Premium plugin. -->","yoast_head_json":{"title":"Danke Top 140 Songs f\u00fcr die Tanzer\u00f6ffnung","robots":{"index":"noindex","follow":"follow"},"og_locale":"en_US","og_type":"article","og_title":"Danke Top 140 Songs f\u00fcr die Tanzer\u00f6ffnung","og_description":"Die Top 140 Songs f\u00fcr die Tanzer\u00f6ffnung Coole Entscheidung &#8211; Danke f\u00fcr dein Vertrauen! Wenn du auf den nachfolgenden Link klickst, dann \u00f6ffnet sich die PDF und du kannst dir die Liste der Top 140 Songs herunterladen. Zur PDF der Top 140 gelangst du, indem du HIER klickst! Ich w\u00fcnsche euch jetzt viel Spa\u00df beim [&hellip;]","og_url":"https:\/\/djgerreg.de\/en\/danke-top-140-songs-fuer-die-tanzeroeffnung\/","og_site_name":"DJ GerreG - Feel The Music","article_modified_time":"2024-01-28T03:23:44+00:00","og_image":[{"width":668,"height":945,"url":"https:\/\/djgerreg.de\/wp-content\/uploads\/2024\/01\/140-Songs-zur-Tanzeroeffnung-3D.png","type":"image\/png"}],"twitter_card":"summary_large_image","twitter_misc":{"Est. reading time":"1 minute"},"schema":{"@context":"https:\/\/schema.org","@graph":[{"@type":"WebPage","@id":"https:\/\/djgerreg.de\/danke-top-140-songs-fuer-die-tanzeroeffnung\/","url":"https:\/\/djgerreg.de\/danke-top-140-songs-fuer-die-tanzeroeffnung\/","name":"Danke Top 140 Songs f\u00fcr die Tanzer\u00f6ffnung","isPartOf":{"@id":"https:\/\/djgerreg.de\/#website"},"primaryImageOfPage":{"@id":"https:\/\/djgerreg.de\/danke-top-140-songs-fuer-die-tanzeroeffnung\/#primaryimage"},"image":{"@id":"https:\/\/djgerreg.de\/danke-top-140-songs-fuer-die-tanzeroeffnung\/#primaryimage"},"thumbnailUrl":"https:\/\/djgerreg.de\/wp-content\/uploads\/2024\/01\/140-Songs-zur-Tanzeroeffnung-3D.png","datePublished":"2024-01-27T21:49:45+00:00","dateModified":"2024-01-28T03:23:44+00:00","breadcrumb":{"@id":"https:\/\/djgerreg.de\/danke-top-140-songs-fuer-die-tanzeroeffnung\/#breadcrumb"},"inLanguage":"en-US","potentialAction":[{"@type":"ReadAction","target":["https:\/\/djgerreg.de\/danke-top-140-songs-fuer-die-tanzeroeffnung\/"]}]},{"@type":"ImageObject","inLanguage":"en-US","@id":"https:\/\/djgerreg.de\/danke-top-140-songs-fuer-die-tanzeroeffnung\/#primaryimage","url":"https:\/\/djgerreg.de\/wp-content\/uploads\/2024\/01\/140-Songs-zur-Tanzeroeffnung-3D.png","contentUrl":"https:\/\/djgerreg.de\/wp-content\/uploads\/2024\/01\/140-Songs-zur-Tanzeroeffnung-3D.png","width":668,"height":945,"caption":"140 Songs zur Tanzer\u00f6ffnung 3D"},{"@type":"BreadcrumbList","@id":"https:\/\/djgerreg.de\/danke-top-140-songs-fuer-die-tanzeroeffnung\/#breadcrumb","itemListElement":[{"@type":"ListItem","position":1,"name":"Startseite","item":"https:\/\/djgerreg.de\/"},{"@type":"ListItem","position":2,"name":"Danke Top 140 Songs f\u00fcr die Tanzer\u00f6ffnung"}]},{"@type":"WebSite","@id":"https:\/\/djgerreg.de\/#website","url":"https:\/\/djgerreg.de\/","name":"DJ GerreG - Feel The Music","description":"Event DJ Worldwide - New York - Rio - Tokyo","publisher":{"@id":"https:\/\/djgerreg.de\/#organization"},"potentialAction":[{"@type":"SearchAction","target":{"@type":"EntryPoint","urlTemplate":"https:\/\/djgerreg.de\/?s={search_term_string}"},"query-input":{"@type":"PropertyValueSpecification","valueRequired":true,"valueName":"search_term_string"}}],"inLanguage":"en-US"},{"@type":"Organization","@id":"https:\/\/djgerreg.de\/#organization","name":"DJ GerreG - Feel The Music","url":"https:\/\/djgerreg.de\/","logo":{"@type":"ImageObject","inLanguage":"en-US","@id":"https:\/\/djgerreg.de\/#\/schema\/logo\/image\/","url":"https:\/\/djgerreg.de\/wp-content\/uploads\/2024\/01\/DJ-GerreG-The-Best-Music-In-Town.jpg","contentUrl":"https:\/\/djgerreg.de\/wp-content\/uploads\/2024\/01\/DJ-GerreG-The-Best-Music-In-Town.jpg","width":300,"height":87,"caption":"DJ GerreG - Feel The Music"},"image":{"@id":"https:\/\/djgerreg.de\/#\/schema\/logo\/image\/"}}]}},"_links":{"self":[{"href":"https:\/\/djgerreg.de\/en\/wp-json\/wp\/v2\/pages\/538","targetHints":{"allow":["GET"]}}],"collection":[{"href":"https:\/\/djgerreg.de\/en\/wp-json\/wp\/v2\/pages"}],"about":[{"href":"https:\/\/djgerreg.de\/en\/wp-json\/wp\/v2\/types\/page"}],"author":[{"embeddable":true,"href":"https:\/\/djgerreg.de\/en\/wp-json\/wp\/v2\/users\/1"}],"replies":[{"embeddable":true,"href":"https:\/\/djgerreg.de\/en\/wp-json\/wp\/v2\/comments?post=538"}],"version-history":[{"count":6,"href":"https:\/\/djgerreg.de\/en\/wp-json\/wp\/v2\/pages\/538\/revisions"}],"predecessor-version":[{"id":550,"href":"https:\/\/djgerreg.de\/en\/wp-json\/wp\/v2\/pages\/538\/revisions\/550"}],"wp:featuredmedia":[{"embeddable":true,"href":"https:\/\/djgerreg.de\/en\/wp-json\/wp\/v2\/media\/524"}],"wp:attachment":[{"href":"https:\/\/djgerreg.de\/en\/wp-json\/wp\/v2\/media?parent=538"}],"curies":[{"name":"wp","href":"https:\/\/api.w.org\/{rel}","templated":true}]}}