{"id":5717,"date":"2025-12-18T14:30:04","date_gmt":"2025-12-18T13:30:04","guid":{"rendered":"https:\/\/djgerreg.de\/?page_id=5717"},"modified":"2026-02-21T07:54:35","modified_gmt":"2026-02-21T06:54:35","slug":"philosophical-stance","status":"publish","type":"page","link":"https:\/\/djgerreg.de\/en\/philosophie-haltung\/","title":{"rendered":"Philosophy &amp; Attitude"},"content":{"rendered":"<p><strong>Music for your party<\/strong>\u00a0\ud83d\udcbf The Best Music In Town \ud83d\udcbf <strong>Wedding DJ Worldwide<\/strong> My Music Style<\/p>\n<figure itemscope itemtype=\"https:\/\/schema.org\/ImageObject\">\n\t\t\t\t<img decoding=\"async\" src=\"https:\/\/djgerreg.de\/wp-content\/uploads\/2020\/10\/DJ-GerreG-420silver.png\" alt=\"DJ GerreG\" height=\"420\" width=\"420\" title=\"DJ GerreG\" onerror=\"this.style.display='none'\" loading=\"lazy\" \/>\n\t<\/figure>\n<figure itemscope itemtype=\"https:\/\/schema.org\/ImageObject\">\n\t\t\t\t<img decoding=\"async\" src=\"https:\/\/djgerreg.de\/wp-content\/uploads\/2025\/04\/BVD_Logo_2019_sw_800x400.png\" alt=\"BVD_Logo\" height=\"400\" width=\"800\" title=\"BVD_Logo_2019_sw_800x400\" onerror=\"this.style.display='none'\" loading=\"lazy\" \/>\n\t<\/figure>\n\t<p><img decoding=\"async\" class=\"alignnone wp-image-1114 size-full\" src=\"https:\/\/djgerreg.de\/wp-content\/uploads\/2026\/02\/DJ-GerreG-Top-Pro-Badge-2026.png\" alt=\"Reviews - TrustLocal\" width=\"300\" height=\"132\" \/><\/p>\n<h1>\n\t\t\tPhilosophy &amp; Attitude\t<\/h1>\n\t<p>Music is more than a product. It creates atmosphere, connects people, and shapes memories that last. That's precisely why I don't just see my work as a DJ as a service, but as a responsibility towards the people and the occasion for which I am booked.<\/p>\n\t<img decoding=\"async\" class=\"alignnone size-full wp-image-6297\" src=\"https:\/\/djgerreg.de\/wp-content\/uploads\/2026\/02\/Testimonial-E.-S.-2025-07-08bl.jpg\" alt=\"Testimonial E. S. 2025-07-08\" width=\"1200\" height=\"427\" srcset=\"https:\/\/djgerreg.de\/wp-content\/uploads\/2026\/02\/Testimonial-E.-S.-2025-07-08bl.jpg 1200w, https:\/\/djgerreg.de\/wp-content\/uploads\/2026\/02\/Testimonial-E.-S.-2025-07-08bl-300x107.jpg 300w, https:\/\/djgerreg.de\/wp-content\/uploads\/2026\/02\/Testimonial-E.-S.-2025-07-08bl-768x273.jpg 768w\" sizes=\"(max-width: 1200px) 100vw, 1200px\" \/>\n\t\t\t<a href=\"https:\/\/djgerreg.de\/en\/contact-request\/\"  target=\"_self\">\n\t\t\t\t\t\t\t<img decoding=\"async\" alt=\"\ud83d\udc49\" src=\"https:\/\/s.w.org\/images\/core\/emoji\/17.0.2\/svg\/1f449.svg\" draggable=\"false\" role=\"img\"\/> Submit a request\n\t\t\t<\/a>\n\t<script async src=\"https:\/\/static.trustlocal.de\/widget\/widget_review.js\"><\/script>\r\n<div class=\"trustlocal-review-widget\" data-id=\"374015\" data-language-code=\"de\" data-country-code=\"DE\"><\/div>\n\t<p>Music with responsibility<\/p>\n\t<p><img decoding=\"async\" src=\"https:\/\/djgerreg.de\/wp-content\/uploads\/2025\/12\/Philosophie-Haltung.jpg\" alt=\"Philosophy &amp; Attitude\" width=\"970\" height=\"509\" \/><\/p>\n<p>Jede Veranstaltung ist einzigartig &#8211; und verdient Aufmerksamkeit, Respekt und Verl\u00e4sslichkeit. Ob Hochzeit, Firmenfeier, privates Event oder soziale Veranstaltung: Mein Anspruch ist es, nicht einfach Musik abzuspielen, sondern den Rahmen aktiv mitzugestalten. Dazu geh\u00f6rt ein Gesp\u00fcr f\u00fcr Menschen, Situationen und Stimmungen ebenso wie technische Qualit\u00e4t und eine sorgf\u00e4ltige Vorbereitung.<\/p>\n\t<p>Professionalism is not a matter of occasion<\/p>\n\t<p>F\u00fcr mich gibt es keine \u201ekleinen&#8220; oder \u201eweniger wichtigen&#8220; Veranstaltungen. Jede Buchung wird mit derselben Sorgfalt behandelt &#8211; unabh\u00e4ngig von Gr\u00f6\u00dfe, Budget oder Publikum. P\u00fcnktlichkeit, klare Absprachen und ein respektvoller Umgang mit G\u00e4sten, Veranstaltern und Partnern sind f\u00fcr mich selbstverst\u00e4ndlich.<\/p>\n\t<p>Dignity, not show.<\/p>\n\t<p>Ich glaube daran, dass echte Qualit\u00e4t nicht laut sein muss. Verl\u00e4sslichkeit, Bodenst\u00e4ndigkeit und Authentizit\u00e4t stehen f\u00fcr mich \u00fcber Selbstdarstellung. Als DJ bin ich Teil des Ganzen &#8211; nicht der Mittelpunkt um jeden Preis. Mein Ziel ist es, dass sich Menschen wohlf\u00fchlen, loslassen k\u00f6nnen und den Moment genie\u00dfen.<\/p>\n<figure itemscope itemtype=\"https:\/\/schema.org\/ImageObject\">\n\t\t\t\t<a href=\"https:\/\/djgerreg.de\/en\/gallery\/\"  target=\"_self\" itemprop=\"url\">\n\t\t\t\t<img decoding=\"async\" src=\"https:\/\/djgerreg.de\/wp-content\/uploads\/2024\/01\/Party-mit-DJ-GerreG.jpg\" alt=\"Party with DJ GerreG\" height=\"200\" width=\"1400\" title=\"Party with DJ GerreG\" onerror=\"this.style.display='none'\" loading=\"lazy\" \/>\n\t\t\t\t<\/a>\n\t<\/figure>\n\t\t\t<a href=\"https:\/\/djgerreg.de\/en\/contact-request\/\"  target=\"_self\">\n\t\t\t\t\t\t\tHere you can start a request and see if an appointment is still available!\n\t\t\t<\/a>\n\t<p><em>&#8222;Music Was My First Love&#8220;<\/em><\/p>\n\t<p>John Miles<\/p>\n\t<p>Musik verbindet &#8211; auch \u00fcber den Event hinaus<\/p>\n\t<p>My attitude doesn't end with the last song. <a href=\"https:\/\/djgerreg.de\/en\/social-and-animal-welfare\/\">Social commitment<\/a>, Inclusion and the conscious assumption of responsibility are integral parts of my work and self-understanding. That's why, in addition to classic events, I also support social, inclusive, and <a href=\"https:\/\/djgerreg.de\/en\/benefit-charity\/\">Benefit and Charity Events<\/a> &#8211; immer transparent, respektvoll und mit dem n\u00f6tigen Feingef\u00fchl.<\/p>\n\t<p>Honesty &amp; Trust<\/p>\n\t<p>Eine offene Kommunikation ist f\u00fcr mich die Basis jeder Zusammenarbeit. Ich sage klar, was m\u00f6glich ist &#8211; und auch, was nicht. So entstehen realistische Erwartungen, Vertrauen und ein Ergebnis, mit dem alle Beteiligten zufrieden sind.<\/p>\n\t<p>My claim<\/p>\n\tMusic should bring people together.<br data-start=\"2591\" data-end=\"2594\" \/>Events should be remembered fondly.<br data-start=\"2645\" data-end=\"2648\" \/>Und Zusammenarbeit soll auf Respekt, Klarheit und Vertrauen beruhen.\nDas ist meine Philosophie.<br data-start=\"2744\" data-end=\"2747\" \/>And this is the attitude with which I work as a DJ, GerreG.\n\t<h3>Do good and good will be done to you.<\/h3>\n\t<p>I have lived by this principle for as long as I can remember. It shapes not only my private actions but also my work as a DJ. I am all the more grateful for having been able to support many people, projects, and events over the years. This commitment is not an obligation for me, but a true matter of the heart.<\/p>\n<p>If you want to learn more about my social engagement or how I specifically support fundraising and charity events, you can find more insights on the following pages.<\/p>\n\t\t\t<a href=\"https:\/\/djgerreg.de\/en\/social-and-animal-welfare\/\"  target=\"_self\">\n\t\t\t\t\t\t\t<img decoding=\"async\" alt=\"\ud83d\udc49\" src=\"https:\/\/s.w.org\/images\/core\/emoji\/17.0.2\/svg\/1f449.svg\" draggable=\"false\" role=\"img\"\/> Discover Social Engagement\n\t\t\t<\/a>\n\t\t\t<a href=\"https:\/\/djgerreg.de\/en\/benefit-charity\/\"  target=\"_self\">\n\t\t\t\t\t\t\t<img decoding=\"async\" alt=\"\ud83d\udc49\" src=\"https:\/\/s.w.org\/images\/core\/emoji\/17.0.2\/svg\/1f449.svg\" draggable=\"false\" role=\"img\"\/> Benefiz &#038; Charity erfahren\n\t\t\t<\/a>\n\t<h3>NOW DJ GERREG REQUESTS<\/h3>\n\t<p>Would you like to learn more about me or do you have questions for me? Then feel free to contact me right away:<\/p>\n\t\t\t<a href=\"https:\/\/djgerreg.de\/en\/contact-request\/\"  target=\"_self\">\n\t\t\t\t\t\t\t<img decoding=\"async\" alt=\"\ud83d\udc49\" src=\"https:\/\/s.w.org\/images\/core\/emoji\/17.0.2\/svg\/1f449.svg\" draggable=\"false\" role=\"img\"\/> Now submit a request to DJ GerreG\n\t\t\t<\/a>\n\n<div class=\"shariff shariff-align-center shariff-widget-align-center\" style=\"display:none\" data-services=\"facebook\" data-url=\"https:\/\/djgerreg.de\/en\/philosophie-haltung\/\" data-timestamp=\"1771660475\" data-hidezero=\"1\" data-backendurl=\"https:\/\/djgerreg.de\/en\/wp-json\/shariff\/v1\/share_counts?\"><ul class=\"shariff-buttons theme-grey orientation-horizontal buttonsize-medium\"><li class=\"shariff-button facebook shariff-nocustomcolor\" style=\"background-color:#4273c8\"><a href=\"https:\/\/www.facebook.com\/sharer\/sharer.php?u=https%3A%2F%2Fdjgerreg.de%2Fen%2Fphilosophie-haltung%2F\" title=\"Share on Facebook\" aria-label=\"Share on Facebook\" role=\"button\" rel=\"nofollow\" class=\"shariff-link\" style=\"; background-color:#3b5998; color:#fff\" target=\"_blank\"><span class=\"shariff-icon\" style=\"\"><svg width=\"32px\" height=\"20px\" xmlns=\"http:\/\/www.w3.org\/2000\/svg\" viewbox=\"0 0 18 32\"><path fill=\"#3b5998\" d=\"M17.1 0.2v4.7h-2.8q-1.5 0-2.1 0.6t-0.5 1.9v3.4h5.2l-0.7 5.3h-4.5v13.6h-5.5v-13.6h-4.5v-5.3h4.5v-3.9q0-3.3 1.9-5.2t5-1.8q2.6 0 4.1 0.2z\"\/><\/svg><\/span><span class=\"shariff-text\">share<\/span>&nbsp;<span data-service=\"facebook\" style=\"color:#3b5998\" class=\"shariff-count shariff-hidezero\"><\/span>&nbsp;<\/a><\/li><li class=\"shariff-button twitter shariff-nocustomcolor\" style=\"background-color:#595959\"><a href=\"https:\/\/twitter.com\/share?url=https%3A%2F%2Fdjgerreg.de%2Fen%2Fphilosophie-haltung%2F&text=Philosophie%20%26%20Haltung\" title=\"Share on X\" aria-label=\"Share on X\" role=\"button\" rel=\"noopener nofollow\" class=\"shariff-link\" style=\"; background-color:#000; color:#fff\" target=\"_blank\"><span class=\"shariff-icon\" style=\"\"><svg width=\"32px\" height=\"20px\" xmlns=\"http:\/\/www.w3.org\/2000\/svg\" viewbox=\"0 0 24 24\"><path fill=\"#000\" d=\"M14.258 10.152L23.176 0h-2.113l-7.747 8.813L7.133 0H0l9.352 13.328L0 23.973h2.113l8.176-9.309 6.531 9.309h7.133zm-2.895 3.293l-.949-1.328L2.875 1.56h3.246l6.086 8.523.945 1.328 7.91 11.078h-3.246zm0 0\"\/><\/svg><\/span><span class=\"shariff-text\">share<\/span>&nbsp;<\/a><\/li><li class=\"shariff-button linkedin shariff-nocustomcolor\" style=\"background-color:#1488bf\"><a href=\"https:\/\/www.linkedin.com\/sharing\/share-offsite\/?url=https%3A%2F%2Fdjgerreg.de%2Fen%2Fphilosophie-haltung%2F\" title=\"Share on LinkedIn\" aria-label=\"Share on LinkedIn\" role=\"button\" rel=\"noopener nofollow\" class=\"shariff-link\" style=\"; background-color:#0077b5; color:#fff\" target=\"_blank\"><span class=\"shariff-icon\" style=\"\"><svg width=\"32px\" height=\"20px\" xmlns=\"http:\/\/www.w3.org\/2000\/svg\" viewbox=\"0 0 27 32\"><path fill=\"#0077b5\" d=\"M6.2 11.2v17.7h-5.9v-17.7h5.9zM6.6 5.7q0 1.3-0.9 2.2t-2.4 0.9h0q-1.5 0-2.4-0.9t-0.9-2.2 0.9-2.2 2.4-0.9 2.4 0.9 0.9 2.2zM27.4 18.7v10.1h-5.9v-9.5q0-1.9-0.7-2.9t-2.3-1.1q-1.1 0-1.9 0.6t-1.2 1.5q-0.2 0.5-0.2 1.4v9.9h-5.9q0-7.1 0-11.6t0-5.3l0-0.9h5.9v2.6h0q0.4-0.6 0.7-1t1-0.9 1.6-0.8 2-0.3q3 0 4.9 2t1.9 6z\"\/><\/svg><\/span><span class=\"shariff-text\">share<\/span>&nbsp;<\/a><\/li><\/ul><\/div>","protected":false},"excerpt":{"rendered":"<p>Musik f\u00fcr deine Party\u00a0\ud83d\udcbf The Best Music In Town \ud83d\udcbf Hochzeits DJ Worldwide \ud83d\udcbf Mein Musik Style Philosophie &#038; Haltung Musik ist mehr als ein Produkt. Sie schafft Atmosph\u00e4re, verbindet Menschen und pr\u00e4gt Erinnerungen, die bleiben. Genau deshalb verstehe ich meine Arbeit als DJ nicht nur als Dienstleistung, sondern als Verantwortung gegen\u00fcber den Menschen und [&hellip;]<\/p>\n","protected":false},"author":1,"featured_media":5721,"parent":0,"menu_order":0,"comment_status":"closed","ping_status":"closed","template":"","meta":{"site-sidebar-layout":"no-sidebar","site-content-layout":"page-builder","ast-site-content-layout":"full-width-container","site-content-style":"unboxed","site-sidebar-style":"unboxed","ast-global-header-display":"","ast-banner-title-visibility":"","ast-main-header-display":"","ast-hfb-above-header-display":"","ast-hfb-below-header-display":"","ast-hfb-mobile-header-display":"","site-post-title":"disabled","ast-breadcrumbs-content":"","ast-featured-img":"disabled","footer-sml-layout":"","ast-disable-related-posts":"","theme-transparent-header-meta":"default","adv-header-id-meta":"","stick-header-meta":"default","header-above-stick-meta":"","header-main-stick-meta":"","header-below-stick-meta":"","astra-migrate-meta-layouts":"set","ast-page-background-enabled":"default","ast-page-background-meta":{"desktop":{"background-color":"","background-image":"","background-repeat":"repeat","background-position":"center center","background-size":"auto","background-attachment":"scroll","background-type":"","background-media":"","overlay-type":"","overlay-color":"","overlay-opacity":"","overlay-gradient":""},"tablet":{"background-color":"","background-image":"","background-repeat":"repeat","background-position":"center center","background-size":"auto","background-attachment":"scroll","background-type":"","background-media":"","overlay-type":"","overlay-color":"","overlay-opacity":"","overlay-gradient":""},"mobile":{"background-color":"","background-image":"","background-repeat":"repeat","background-position":"center center","background-size":"auto","background-attachment":"scroll","background-type":"","background-media":"","overlay-type":"","overlay-color":"","overlay-opacity":"","overlay-gradient":""}},"ast-content-background-meta":{"desktop":{"background-color":"var(--ast-global-color-5)","background-image":"","background-repeat":"repeat","background-position":"center center","background-size":"auto","background-attachment":"scroll","background-type":"","background-media":"","overlay-type":"","overlay-color":"","overlay-opacity":"","overlay-gradient":""},"tablet":{"background-color":"var(--ast-global-color-5)","background-image":"","background-repeat":"repeat","background-position":"center center","background-size":"auto","background-attachment":"scroll","background-type":"","background-media":"","overlay-type":"","overlay-color":"","overlay-opacity":"","overlay-gradient":""},"mobile":{"background-color":"var(--ast-global-color-5)","background-image":"","background-repeat":"repeat","background-position":"center center","background-size":"auto","background-attachment":"scroll","background-type":"","background-media":"","overlay-type":"","overlay-color":"","overlay-opacity":"","overlay-gradient":""}},"footnotes":""},"class_list":["post-5717","page","type-page","status-publish","has-post-thumbnail","hentry"],"yoast_head":"<!-- This site is optimized with the Yoast SEO Premium plugin v24.3 (Yoast SEO v27.5) - https:\/\/yoast.com\/product\/yoast-seo-premium-wordpress\/ -->\n<title>Philosophie &amp; Haltung \ud83e\udd73 Party mit DJ GerreG \u2714\ufe0f<\/title>\n<meta name=\"description\" content=\"Philosophie &amp; Haltung: Verantwortung, Professionalit\u00e4t und Musik, die Menschen verbindet \u2013 authentisch, respektvoll und zuverl\u00e4ssig\" \/>\n<meta name=\"robots\" content=\"index, follow, max-snippet:-1, max-image-preview:large, max-video-preview:-1\" \/>\n<link rel=\"canonical\" href=\"https:\/\/djgerreg.de\/en\/philosophical-stance\/\" \/>\n<meta property=\"og:locale\" content=\"en_US\" \/>\n<meta property=\"og:type\" content=\"article\" \/>\n<meta property=\"og:title\" content=\"Musik \ud83c\udfb5 auf deiner Party \ud83e\udd73 Party Power mit DJ GerreG \u2714\ufe0f\" \/>\n<meta property=\"og:description\" content=\"Meine Musik auf deiner Party \ud83e\udd73 DJ GerreG hat immer die beste und zum jeweiligen Anlass passende Musik parat \u2705 Deine G\u00e4ste werden begeistert sein\" \/>\n<meta property=\"og:url\" content=\"https:\/\/djgerreg.de\/en\/philosophical-stance\/\" \/>\n<meta property=\"og:site_name\" content=\"DJ GerreG - Feel The Music\" \/>\n<meta property=\"article:modified_time\" content=\"2026-02-21T06:54:35+00:00\" \/>\n<meta property=\"og:image\" content=\"https:\/\/djgerreg.de\/wp-content\/uploads\/2024\/01\/Musik-zu-deiner-Feier.jpg\" \/>\n<meta name=\"twitter:card\" content=\"summary_large_image\" \/>\n<meta name=\"twitter:title\" content=\"Musik \ud83c\udfb5 auf deiner Party \ud83e\udd73 Party Power mit DJ GerreG \u2714\ufe0f\" \/>\n<meta name=\"twitter:description\" content=\"Meine Musik auf deiner Party \ud83e\udd73 DJ GerreG hat immer die beste und zum jeweiligen Anlass passende Musik parat \u2705 Deine G\u00e4ste werden begeistert sein\" \/>\n<meta name=\"twitter:image\" content=\"https:\/\/djgerreg.de\/wp-content\/uploads\/2024\/01\/Musik-zu-deiner-Feier.jpg\" \/>\n<meta name=\"twitter:label1\" content=\"Est. reading time\" \/>\n\t<meta name=\"twitter:data1\" content=\"5 minutes\" \/>\n<script type=\"application\/ld+json\" class=\"yoast-schema-graph\">{\"@context\":\"https:\\\/\\\/schema.org\",\"@graph\":[{\"@type\":\"WebPage\",\"@id\":\"https:\\\/\\\/djgerreg.de\\\/philosophie-haltung\\\/\",\"url\":\"https:\\\/\\\/djgerreg.de\\\/philosophie-haltung\\\/\",\"name\":\"Philosophie & Haltung \ud83e\udd73 Party mit DJ GerreG \u2714\ufe0f\",\"isPartOf\":{\"@id\":\"https:\\\/\\\/djgerreg.de\\\/#website\"},\"primaryImageOfPage\":{\"@id\":\"https:\\\/\\\/djgerreg.de\\\/philosophie-haltung\\\/#primaryimage\"},\"image\":{\"@id\":\"https:\\\/\\\/djgerreg.de\\\/philosophie-haltung\\\/#primaryimage\"},\"thumbnailUrl\":\"https:\\\/\\\/djgerreg.de\\\/wp-content\\\/uploads\\\/2025\\\/12\\\/Philosophie-Haltung.jpg\",\"datePublished\":\"2025-12-18T13:30:04+00:00\",\"dateModified\":\"2026-02-21T06:54:35+00:00\",\"description\":\"Philosophie & Haltung: Verantwortung, Professionalit\u00e4t und Musik, die Menschen verbindet \u2013 authentisch, respektvoll und zuverl\u00e4ssig\",\"breadcrumb\":{\"@id\":\"https:\\\/\\\/djgerreg.de\\\/philosophie-haltung\\\/#breadcrumb\"},\"inLanguage\":\"en-US\",\"potentialAction\":[{\"@type\":\"ReadAction\",\"target\":[\"https:\\\/\\\/djgerreg.de\\\/philosophie-haltung\\\/\"]}]},{\"@type\":\"ImageObject\",\"inLanguage\":\"en-US\",\"@id\":\"https:\\\/\\\/djgerreg.de\\\/philosophie-haltung\\\/#primaryimage\",\"url\":\"https:\\\/\\\/djgerreg.de\\\/wp-content\\\/uploads\\\/2025\\\/12\\\/Philosophie-Haltung.jpg\",\"contentUrl\":\"https:\\\/\\\/djgerreg.de\\\/wp-content\\\/uploads\\\/2025\\\/12\\\/Philosophie-Haltung.jpg\",\"width\":970,\"height\":509,\"caption\":\"Philosophie & Haltung\"},{\"@type\":\"BreadcrumbList\",\"@id\":\"https:\\\/\\\/djgerreg.de\\\/philosophie-haltung\\\/#breadcrumb\",\"itemListElement\":[{\"@type\":\"ListItem\",\"position\":1,\"name\":\"Startseite\",\"item\":\"https:\\\/\\\/djgerreg.de\\\/\"},{\"@type\":\"ListItem\",\"position\":2,\"name\":\"Philosophie &#038; Haltung\"}]},{\"@type\":\"WebSite\",\"@id\":\"https:\\\/\\\/djgerreg.de\\\/#website\",\"url\":\"https:\\\/\\\/djgerreg.de\\\/\",\"name\":\"DJ GerreG - Feel The Music\",\"description\":\"Event DJ Worldwide - New York - Rio - Tokio\",\"publisher\":{\"@id\":\"https:\\\/\\\/djgerreg.de\\\/#organization\"},\"potentialAction\":[{\"@type\":\"SearchAction\",\"target\":{\"@type\":\"EntryPoint\",\"urlTemplate\":\"https:\\\/\\\/djgerreg.de\\\/?s={search_term_string}\"},\"query-input\":{\"@type\":\"PropertyValueSpecification\",\"valueRequired\":true,\"valueName\":\"search_term_string\"}}],\"inLanguage\":\"en-US\"},{\"@type\":\"Organization\",\"@id\":\"https:\\\/\\\/djgerreg.de\\\/#organization\",\"name\":\"DJ GerreG - Feel The Music\",\"url\":\"https:\\\/\\\/djgerreg.de\\\/\",\"logo\":{\"@type\":\"ImageObject\",\"inLanguage\":\"en-US\",\"@id\":\"https:\\\/\\\/djgerreg.de\\\/#\\\/schema\\\/logo\\\/image\\\/\",\"url\":\"https:\\\/\\\/djgerreg.de\\\/wp-content\\\/uploads\\\/2024\\\/01\\\/DJ-GerreG-The-Best-Music-In-Town.jpg\",\"contentUrl\":\"https:\\\/\\\/djgerreg.de\\\/wp-content\\\/uploads\\\/2024\\\/01\\\/DJ-GerreG-The-Best-Music-In-Town.jpg\",\"width\":300,\"height\":87,\"caption\":\"DJ GerreG - Feel The Music\"},\"image\":{\"@id\":\"https:\\\/\\\/djgerreg.de\\\/#\\\/schema\\\/logo\\\/image\\\/\"}}]}<\/script>\n<!-- \/ Yoast SEO Premium plugin. -->","yoast_head_json":{"title":"Philosophy &amp; Attitude \ud83e\udd73 Party with DJ GerreG \u2714\ufe0f","description":"Philosophy &amp; Attitude: Responsibility, professionalism, and music that connects people \u2013 authentic, respectful, and reliable","robots":{"index":"index","follow":"follow","max-snippet":"max-snippet:-1","max-image-preview":"max-image-preview:large","max-video-preview":"max-video-preview:-1"},"canonical":"https:\/\/djgerreg.de\/en\/philosophical-stance\/","og_locale":"en_US","og_type":"article","og_title":"Musik \ud83c\udfb5 auf deiner Party \ud83e\udd73 Party Power mit DJ GerreG \u2714\ufe0f","og_description":"Meine Musik auf deiner Party \ud83e\udd73 DJ GerreG hat immer die beste und zum jeweiligen Anlass passende Musik parat \u2705 Deine G\u00e4ste werden begeistert sein","og_url":"https:\/\/djgerreg.de\/en\/philosophical-stance\/","og_site_name":"DJ GerreG - Feel The Music","article_modified_time":"2026-02-21T06:54:35+00:00","og_image":[{"url":"https:\/\/djgerreg.de\/wp-content\/uploads\/2024\/01\/Musik-zu-deiner-Feier.jpg","type":"","width":"","height":""}],"twitter_card":"summary_large_image","twitter_title":"Musik \ud83c\udfb5 auf deiner Party \ud83e\udd73 Party Power mit DJ GerreG \u2714\ufe0f","twitter_description":"Meine Musik auf deiner Party \ud83e\udd73 DJ GerreG hat immer die beste und zum jeweiligen Anlass passende Musik parat \u2705 Deine G\u00e4ste werden begeistert sein","twitter_image":"https:\/\/djgerreg.de\/wp-content\/uploads\/2024\/01\/Musik-zu-deiner-Feier.jpg","twitter_misc":{"Est. reading time":"5 minutes"},"schema":{"@context":"https:\/\/schema.org","@graph":[{"@type":"WebPage","@id":"https:\/\/djgerreg.de\/philosophie-haltung\/","url":"https:\/\/djgerreg.de\/philosophie-haltung\/","name":"Philosophy &amp; Attitude \ud83e\udd73 Party with DJ GerreG \u2714\ufe0f","isPartOf":{"@id":"https:\/\/djgerreg.de\/#website"},"primaryImageOfPage":{"@id":"https:\/\/djgerreg.de\/philosophie-haltung\/#primaryimage"},"image":{"@id":"https:\/\/djgerreg.de\/philosophie-haltung\/#primaryimage"},"thumbnailUrl":"https:\/\/djgerreg.de\/wp-content\/uploads\/2025\/12\/Philosophie-Haltung.jpg","datePublished":"2025-12-18T13:30:04+00:00","dateModified":"2026-02-21T06:54:35+00:00","description":"Philosophy &amp; Attitude: Responsibility, professionalism, and music that connects people \u2013 authentic, respectful, and reliable","breadcrumb":{"@id":"https:\/\/djgerreg.de\/philosophie-haltung\/#breadcrumb"},"inLanguage":"en-US","potentialAction":[{"@type":"ReadAction","target":["https:\/\/djgerreg.de\/philosophie-haltung\/"]}]},{"@type":"ImageObject","inLanguage":"en-US","@id":"https:\/\/djgerreg.de\/philosophie-haltung\/#primaryimage","url":"https:\/\/djgerreg.de\/wp-content\/uploads\/2025\/12\/Philosophie-Haltung.jpg","contentUrl":"https:\/\/djgerreg.de\/wp-content\/uploads\/2025\/12\/Philosophie-Haltung.jpg","width":970,"height":509,"caption":"Philosophie & Haltung"},{"@type":"BreadcrumbList","@id":"https:\/\/djgerreg.de\/philosophie-haltung\/#breadcrumb","itemListElement":[{"@type":"ListItem","position":1,"name":"Startseite","item":"https:\/\/djgerreg.de\/"},{"@type":"ListItem","position":2,"name":"Philosophie &#038; Haltung"}]},{"@type":"WebSite","@id":"https:\/\/djgerreg.de\/#website","url":"https:\/\/djgerreg.de\/","name":"DJ GerreG - Feel The Music","description":"Event DJ Worldwide - New York - Rio - Tokyo","publisher":{"@id":"https:\/\/djgerreg.de\/#organization"},"potentialAction":[{"@type":"SearchAction","target":{"@type":"EntryPoint","urlTemplate":"https:\/\/djgerreg.de\/?s={search_term_string}"},"query-input":{"@type":"PropertyValueSpecification","valueRequired":true,"valueName":"search_term_string"}}],"inLanguage":"en-US"},{"@type":"Organization","@id":"https:\/\/djgerreg.de\/#organization","name":"DJ GerreG - Feel The Music","url":"https:\/\/djgerreg.de\/","logo":{"@type":"ImageObject","inLanguage":"en-US","@id":"https:\/\/djgerreg.de\/#\/schema\/logo\/image\/","url":"https:\/\/djgerreg.de\/wp-content\/uploads\/2024\/01\/DJ-GerreG-The-Best-Music-In-Town.jpg","contentUrl":"https:\/\/djgerreg.de\/wp-content\/uploads\/2024\/01\/DJ-GerreG-The-Best-Music-In-Town.jpg","width":300,"height":87,"caption":"DJ GerreG - Feel The Music"},"image":{"@id":"https:\/\/djgerreg.de\/#\/schema\/logo\/image\/"}}]}},"_links":{"self":[{"href":"https:\/\/djgerreg.de\/en\/wp-json\/wp\/v2\/pages\/5717","targetHints":{"allow":["GET"]}}],"collection":[{"href":"https:\/\/djgerreg.de\/en\/wp-json\/wp\/v2\/pages"}],"about":[{"href":"https:\/\/djgerreg.de\/en\/wp-json\/wp\/v2\/types\/page"}],"author":[{"embeddable":true,"href":"https:\/\/djgerreg.de\/en\/wp-json\/wp\/v2\/users\/1"}],"replies":[{"embeddable":true,"href":"https:\/\/djgerreg.de\/en\/wp-json\/wp\/v2\/comments?post=5717"}],"version-history":[{"count":4,"href":"https:\/\/djgerreg.de\/en\/wp-json\/wp\/v2\/pages\/5717\/revisions"}],"predecessor-version":[{"id":6302,"href":"https:\/\/djgerreg.de\/en\/wp-json\/wp\/v2\/pages\/5717\/revisions\/6302"}],"wp:featuredmedia":[{"embeddable":true,"href":"https:\/\/djgerreg.de\/en\/wp-json\/wp\/v2\/media\/5721"}],"wp:attachment":[{"href":"https:\/\/djgerreg.de\/en\/wp-json\/wp\/v2\/media?parent=5717"}],"curies":[{"name":"WordPress","href":"https:\/\/api.w.org\/{rel}","templated":true}]}}