{"id":6919,"date":"2026-04-12T17:18:35","date_gmt":"2026-04-12T15:18:35","guid":{"rendered":"https:\/\/djgerreg.de\/?page_id=6919"},"modified":"2026-04-12T18:09:26","modified_gmt":"2026-04-12T16:09:26","slug":"rescue-dogs-from-kill-shelters","status":"publish","type":"page","link":"https:\/\/djgerreg.de\/en\/hunde-aus-toetungsstationen-retten\/","title":{"rendered":"Saving a Dog \ud83d\udc3e Rescuing Dogs from Kill Shelters"},"content":{"rendered":"<h1>Saving a dog <img decoding=\"async\" role=\"img\" draggable=\"false\" src=\"https:\/\/s.w.org\/images\/core\/emoji\/17.0.2\/svg\/1f43e.svg\" alt=\"\ud83d\udc3e\" \/> Rescuing dogs from kill shelters<\/h1>\r\n<figure><img decoding=\"async\" title=\"Holger Korsten\" src=\"https:\/\/djgerreg.de\/wp-content\/uploads\/2025\/10\/Unser-Engagement.jpg\" alt=\"Holger Korsten\" width=\"240\" height=\"320\" \/><\/figure>\r\n<p>Let's save a dog together!<\/p>\r\n<p>Every day, dogs sit in so-called kill shelters.<br data-start=\"365\" data-end=\"368\" \/>Sie haben oft nur wenige Tage Zeit. Wenn sich niemand f\u00fcr sie entscheidet, endet ihr Leben qualvoll. Ich rette regelm\u00e4\u00dfig Hunde aus genau diesen Situationen.<br data-start=\"543\" data-end=\"546\" \/>The cost of a rescue is approximately <strong data-start=\"590\" data-end=\"603\">200-250 \u20ac<\/strong>. <img decoding=\"async\" role=\"img\" draggable=\"false\" src=\"https:\/\/s.w.org\/images\/core\/emoji\/17.0.2\/svg\/27a1.svg\" alt=\"\u27a1\ufe0f\" \/> Transportation<br data-start=\"618\" data-end=\"621\" \/><img decoding=\"async\" role=\"img\" draggable=\"false\" src=\"https:\/\/s.w.org\/images\/core\/emoji\/17.0.2\/svg\/27a1.svg\" alt=\"\u27a1\ufe0f\" \/> Medical care<br data-start=\"647\" data-end=\"650\" \/><img decoding=\"async\" role=\"img\" draggable=\"false\" src=\"https:\/\/s.w.org\/images\/core\/emoji\/17.0.2\/svg\/27a1.svg\" alt=\"\u27a1\ufe0f\" \/> Vermittlung nach Deutschland Bei jeder Veranstaltung \u00fcbernehme ich <strong data-start=\"755\" data-end=\"789\">50 % of the rescue costs themselves<\/strong>. <img decoding=\"async\" role=\"img\" draggable=\"false\" src=\"https:\/\/s.w.org\/images\/core\/emoji\/17.0.2\/svg\/1f449.svg\" alt=\"\ud83d\udc49\" \/> The other half can get together here and now at the party! <strong data-start=\"872\" data-end=\"916\">Help save the next dog <img decoding=\"async\" role=\"img\" draggable=\"false\" src=\"https:\/\/s.w.org\/images\/core\/emoji\/17.0.2\/svg\/1f43e.svg\" alt=\"\ud83d\udc3e\" \/><\/strong> Jeder Beitrag bringt uns n\u00e4her ans Ziel. Im Jahr 2025 konnte ich allein 25 Hunden aus T\u00f6tungsstationen ein neues Leben schenken!<\/p>\r\n<h2 data-section-id=\"16l7e7a\" data-start=\"965\" data-end=\"986\"><img decoding=\"async\" role=\"img\" draggable=\"false\" src=\"https:\/\/s.w.org\/images\/core\/emoji\/17.0.2\/svg\/1f4b3.svg\" alt=\"\ud83d\udcb3\" \/> <strong>Donation Notice<\/strong><\/h2>\r\n<p><img decoding=\"async\" role=\"img\" draggable=\"false\" src=\"https:\/\/s.w.org\/images\/core\/emoji\/17.0.2\/svg\/1f449.svg\" alt=\"\ud83d\udc49\" \/> Donations are made directly via PayPal<br data-start=\"1026\" data-end=\"1029\" \/><img decoding=\"async\" role=\"img\" draggable=\"false\" src=\"https:\/\/s.w.org\/images\/core\/emoji\/17.0.2\/svg\/1f449.svg\" alt=\"\ud83d\udc49\" \/> The amounts are specifically used by me for concrete rescues <em data-start=\"1104\" data-end=\"1168\">(I document every rescue transparently on my website and on my social media channels)<\/em> <a href=\"https:\/\/www.paypal.com\/donate\/?hosted_button_id=9XRRTHNHBRDLG\" target=\"_blank\" rel=\"noopener\"> <img decoding=\"async\" role=\"img\" draggable=\"false\" src=\"https:\/\/s.w.org\/images\/core\/emoji\/17.0.2\/svg\/1f449.svg\" alt=\"\ud83d\udc49\" \/> HELP NOW <img decoding=\"async\" role=\"img\" draggable=\"false\" src=\"https:\/\/s.w.org\/images\/core\/emoji\/17.0.2\/svg\/1f43e.svg\" alt=\"\ud83d\udc3e\" \/> <\/a><\/p>\r\n<p>Thank you for not looking away.<\/p>\r\n<div class=\"shariff shariff-align-center shariff-widget-align-center\" style=\"display:none\" data-services=\"facebook\" data-url=\"https%3A%2F%2Fdjgerreg.de%2Fen%2Fhunde-aus-toetungsstationen-retten%2F\" data-timestamp=\"1776017366\" data-hidezero=\"1\" data-backendurl=\"https:\/\/djgerreg.de\/en\/wp-json\/shariff\/v1\/share_counts?\"><ul class=\"shariff-buttons theme-grey orientation-horizontal buttonsize-medium\"><li class=\"shariff-button facebook shariff-nocustomcolor\" style=\"background-color:#4273c8\"><a href=\"https:\/\/www.facebook.com\/sharer\/sharer.php?u=https%3A%2F%2Fdjgerreg.de%2Fen%2Fhunde-aus-toetungsstationen-retten%2F\" title=\"Share on Facebook\" aria-label=\"Share on Facebook\" role=\"button\" rel=\"nofollow\" class=\"shariff-link\" style=\"; background-color:#3b5998; color:#fff\" target=\"_blank\"><span class=\"shariff-icon\" style=\"\"><svg width=\"32px\" height=\"20px\" xmlns=\"http:\/\/www.w3.org\/2000\/svg\" viewbox=\"0 0 18 32\"><path fill=\"#3b5998\" d=\"M17.1 0.2v4.7h-2.8q-1.5 0-2.1 0.6t-0.5 1.9v3.4h5.2l-0.7 5.3h-4.5v13.6h-5.5v-13.6h-4.5v-5.3h4.5v-3.9q0-3.3 1.9-5.2t5-1.8q2.6 0 4.1 0.2z\"\/><\/svg><\/span><span class=\"shariff-text\">share<\/span>&nbsp;<span data-service=\"facebook\" style=\"color:#3b5998\" class=\"shariff-count shariff-hidezero\"><\/span>&nbsp;<\/a><\/li><li class=\"shariff-button twitter shariff-nocustomcolor\" style=\"background-color:#595959\"><a href=\"https:\/\/twitter.com\/share?url=https%3A%2F%2Fdjgerreg.de%2Fen%2Fhunde-aus-toetungsstationen-retten%2F&text=Einen%20Hund%20retten%20%F0%9F%90%BE%20Hunde%20aus%20T%C3%B6tungsstationen%20retten\" title=\"Share on X\" aria-label=\"Share on X\" role=\"button\" rel=\"noopener nofollow\" class=\"shariff-link\" style=\"; background-color:#000; color:#fff\" target=\"_blank\"><span class=\"shariff-icon\" style=\"\"><svg width=\"32px\" height=\"20px\" xmlns=\"http:\/\/www.w3.org\/2000\/svg\" viewbox=\"0 0 24 24\"><path fill=\"#000\" d=\"M14.258 10.152L23.176 0h-2.113l-7.747 8.813L7.133 0H0l9.352 13.328L0 23.973h2.113l8.176-9.309 6.531 9.309h7.133zm-2.895 3.293l-.949-1.328L2.875 1.56h3.246l6.086 8.523.945 1.328 7.91 11.078h-3.246zm0 0\"\/><\/svg><\/span><span class=\"shariff-text\">share<\/span>&nbsp;<\/a><\/li><li class=\"shariff-button linkedin shariff-nocustomcolor\" style=\"background-color:#1488bf\"><a href=\"https:\/\/www.linkedin.com\/sharing\/share-offsite\/?url=https%3A%2F%2Fdjgerreg.de%2Fen%2Fhunde-aus-toetungsstationen-retten%2F\" title=\"Share on LinkedIn\" aria-label=\"Share on LinkedIn\" role=\"button\" rel=\"noopener nofollow\" class=\"shariff-link\" style=\"; background-color:#0077b5; color:#fff\" target=\"_blank\"><span class=\"shariff-icon\" style=\"\"><svg width=\"32px\" height=\"20px\" xmlns=\"http:\/\/www.w3.org\/2000\/svg\" viewbox=\"0 0 27 32\"><path fill=\"#0077b5\" d=\"M6.2 11.2v17.7h-5.9v-17.7h5.9zM6.6 5.7q0 1.3-0.9 2.2t-2.4 0.9h0q-1.5 0-2.4-0.9t-0.9-2.2 0.9-2.2 2.4-0.9 2.4 0.9 0.9 2.2zM27.4 18.7v10.1h-5.9v-9.5q0-1.9-0.7-2.9t-2.3-1.1q-1.1 0-1.9 0.6t-1.2 1.5q-0.2 0.5-0.2 1.4v9.9h-5.9q0-7.1 0-11.6t0-5.3l0-0.9h5.9v2.6h0q0.4-0.6 0.7-1t1-0.9 1.6-0.8 2-0.3q3 0 4.9 2t1.9 6z\"\/><\/svg><\/span><span class=\"shariff-text\">share<\/span>&nbsp;<\/a><\/li><\/ul><\/div>","protected":false},"excerpt":{"rendered":"<p>Einen Hund retten Hunde aus T\u00f6tungsstationen retten Lasst uns gemeinsam einen Hund retten! Jeden Tag sitzen Hunde in sogenannten T\u00f6tungsstationen.Sie haben oft nur wenige Tage Zeit. Wenn sich niemand f\u00fcr sie entscheidet, endet ihr Leben qualvoll. Ich rette regelm\u00e4\u00dfig Hunde aus genau diesen Situationen.Die Kosten f\u00fcr eine Rettung liegen bei etwa 200-250 \u20ac. Transport medizinische [&hellip;]<\/p>\n","protected":false},"author":1,"featured_media":6920,"parent":0,"menu_order":0,"comment_status":"closed","ping_status":"closed","template":"","meta":{"site-sidebar-layout":"no-sidebar","site-content-layout":"page-builder","ast-site-content-layout":"full-width-container","site-content-style":"boxed","site-sidebar-style":"default","ast-global-header-display":"","ast-banner-title-visibility":"","ast-main-header-display":"","ast-hfb-above-header-display":"","ast-hfb-below-header-display":"","ast-hfb-mobile-header-display":"","site-post-title":"disabled","ast-breadcrumbs-content":"","ast-featured-img":"disabled","footer-sml-layout":"","ast-disable-related-posts":"","theme-transparent-header-meta":"default","adv-header-id-meta":"","stick-header-meta":"default","header-above-stick-meta":"","header-main-stick-meta":"","header-below-stick-meta":"","astra-migrate-meta-layouts":"set","ast-page-background-enabled":"default","ast-page-background-meta":{"desktop":{"background-color":"","background-image":"","background-repeat":"repeat","background-position":"center center","background-size":"auto","background-attachment":"scroll","background-type":"","background-media":"","overlay-type":"","overlay-color":"","overlay-opacity":"","overlay-gradient":""},"tablet":{"background-color":"","background-image":"","background-repeat":"repeat","background-position":"center center","background-size":"auto","background-attachment":"scroll","background-type":"","background-media":"","overlay-type":"","overlay-color":"","overlay-opacity":"","overlay-gradient":""},"mobile":{"background-color":"","background-image":"","background-repeat":"repeat","background-position":"center center","background-size":"auto","background-attachment":"scroll","background-type":"","background-media":"","overlay-type":"","overlay-color":"","overlay-opacity":"","overlay-gradient":""}},"ast-content-background-meta":{"desktop":{"background-color":"var(--ast-global-color-5)","background-image":"","background-repeat":"repeat","background-position":"center center","background-size":"auto","background-attachment":"scroll","background-type":"","background-media":"","overlay-type":"","overlay-color":"","overlay-opacity":"","overlay-gradient":""},"tablet":{"background-color":"var(--ast-global-color-5)","background-image":"","background-repeat":"repeat","background-position":"center center","background-size":"auto","background-attachment":"scroll","background-type":"","background-media":"","overlay-type":"","overlay-color":"","overlay-opacity":"","overlay-gradient":""},"mobile":{"background-color":"var(--ast-global-color-5)","background-image":"","background-repeat":"repeat","background-position":"center center","background-size":"auto","background-attachment":"scroll","background-type":"","background-media":"","overlay-type":"","overlay-color":"","overlay-opacity":"","overlay-gradient":""}},"footnotes":""},"class_list":["post-6919","page","type-page","status-publish","has-post-thumbnail","hentry"],"yoast_head":"<!-- This site is optimized with the Yoast SEO Premium plugin v24.3 (Yoast SEO v27.3) - https:\/\/yoast.com\/product\/yoast-seo-premium-wordpress\/ -->\n<title>Einen Hund retten \ud83d\udc3e Hunde aus T\u00f6tungsstationen retten<\/title>\n<meta name=\"description\" content=\"Hilf, einen Hund zu retten \ud83d\udc3e Deine Spende gibt Hunden aus T\u00f6tungsstationen eine echte Chance auf Leben. Jetzt unterst\u00fctzen \u2764\ufe0f\" \/>\n<meta name=\"robots\" content=\"index, follow, max-snippet:-1, max-image-preview:large, max-video-preview:-1\" \/>\n<link rel=\"canonical\" href=\"https:\/\/djgerreg.de\/en\/rescue-dogs-from-kill-shelters\/\" \/>\n<meta property=\"og:locale\" content=\"en_US\" \/>\n<meta property=\"og:type\" content=\"article\" \/>\n<meta property=\"og:title\" content=\"Einen Hund retten \ud83d\udc3e Hunde aus T\u00f6tungsstationen retten\" \/>\n<meta property=\"og:description\" content=\"Hilf, einen Hund zu retten \ud83d\udc3e Deine Spende gibt Hunden aus T\u00f6tungsstationen eine echte Chance auf Leben. Jetzt unterst\u00fctzen \u2764\ufe0f\" \/>\n<meta property=\"og:url\" content=\"https:\/\/djgerreg.de\/en\/rescue-dogs-from-kill-shelters\/\" \/>\n<meta property=\"og:site_name\" content=\"DJ GerreG - Feel The Music\" \/>\n<meta property=\"article:modified_time\" content=\"2026-04-12T16:09:26+00:00\" \/>\n<meta property=\"og:image\" content=\"https:\/\/djgerreg.de\/wp-content\/uploads\/2026\/04\/Einen-Hund-retten-Hunde-aus-Toetungsstationen-retten.jpg\" \/>\n\t<meta property=\"og:image:width\" content=\"1400\" \/>\n\t<meta property=\"og:image:height\" content=\"782\" \/>\n\t<meta property=\"og:image:type\" content=\"image\/jpeg\" \/>\n<meta name=\"twitter:card\" content=\"summary_large_image\" \/>\n<meta name=\"twitter:label1\" content=\"Est. reading time\" \/>\n\t<meta name=\"twitter:data1\" content=\"4 minutes\" \/>\n<script type=\"application\/ld+json\" class=\"yoast-schema-graph\">{\"@context\":\"https:\\\/\\\/schema.org\",\"@graph\":[{\"@type\":\"WebPage\",\"@id\":\"https:\\\/\\\/djgerreg.de\\\/hunde-aus-toetungsstationen-retten\\\/\",\"url\":\"https:\\\/\\\/djgerreg.de\\\/hunde-aus-toetungsstationen-retten\\\/\",\"name\":\"Einen Hund retten \ud83d\udc3e Hunde aus T\u00f6tungsstationen retten\",\"isPartOf\":{\"@id\":\"https:\\\/\\\/djgerreg.de\\\/#website\"},\"primaryImageOfPage\":{\"@id\":\"https:\\\/\\\/djgerreg.de\\\/hunde-aus-toetungsstationen-retten\\\/#primaryimage\"},\"image\":{\"@id\":\"https:\\\/\\\/djgerreg.de\\\/hunde-aus-toetungsstationen-retten\\\/#primaryimage\"},\"thumbnailUrl\":\"https:\\\/\\\/djgerreg.de\\\/wp-content\\\/uploads\\\/2026\\\/04\\\/Einen-Hund-retten-Hunde-aus-Toetungsstationen-retten.jpg\",\"datePublished\":\"2026-04-12T15:18:35+00:00\",\"dateModified\":\"2026-04-12T16:09:26+00:00\",\"description\":\"Hilf, einen Hund zu retten \ud83d\udc3e Deine Spende gibt Hunden aus T\u00f6tungsstationen eine echte Chance auf Leben. Jetzt unterst\u00fctzen \u2764\ufe0f\",\"breadcrumb\":{\"@id\":\"https:\\\/\\\/djgerreg.de\\\/hunde-aus-toetungsstationen-retten\\\/#breadcrumb\"},\"inLanguage\":\"en-US\",\"potentialAction\":[{\"@type\":\"ReadAction\",\"target\":[\"https:\\\/\\\/djgerreg.de\\\/hunde-aus-toetungsstationen-retten\\\/\"]}]},{\"@type\":\"ImageObject\",\"inLanguage\":\"en-US\",\"@id\":\"https:\\\/\\\/djgerreg.de\\\/hunde-aus-toetungsstationen-retten\\\/#primaryimage\",\"url\":\"https:\\\/\\\/djgerreg.de\\\/wp-content\\\/uploads\\\/2026\\\/04\\\/Einen-Hund-retten-Hunde-aus-Toetungsstationen-retten.jpg\",\"contentUrl\":\"https:\\\/\\\/djgerreg.de\\\/wp-content\\\/uploads\\\/2026\\\/04\\\/Einen-Hund-retten-Hunde-aus-Toetungsstationen-retten.jpg\",\"width\":1400,\"height\":782,\"caption\":\"DJ GerreG rettet 25 Hunde aus T\u00f6tungsstationen vor dem Tod\"},{\"@type\":\"BreadcrumbList\",\"@id\":\"https:\\\/\\\/djgerreg.de\\\/hunde-aus-toetungsstationen-retten\\\/#breadcrumb\",\"itemListElement\":[{\"@type\":\"ListItem\",\"position\":1,\"name\":\"Startseite\",\"item\":\"https:\\\/\\\/djgerreg.de\\\/\"},{\"@type\":\"ListItem\",\"position\":2,\"name\":\"Einen Hund retten \ud83d\udc3e Hunde aus T\u00f6tungsstationen retten\"}]},{\"@type\":\"WebSite\",\"@id\":\"https:\\\/\\\/djgerreg.de\\\/#website\",\"url\":\"https:\\\/\\\/djgerreg.de\\\/\",\"name\":\"DJ GerreG - Feel The Music\",\"description\":\"Event DJ Worldwide - New York - Rio - Tokio\",\"publisher\":{\"@id\":\"https:\\\/\\\/djgerreg.de\\\/#organization\"},\"potentialAction\":[{\"@type\":\"SearchAction\",\"target\":{\"@type\":\"EntryPoint\",\"urlTemplate\":\"https:\\\/\\\/djgerreg.de\\\/?s={search_term_string}\"},\"query-input\":{\"@type\":\"PropertyValueSpecification\",\"valueRequired\":true,\"valueName\":\"search_term_string\"}}],\"inLanguage\":\"en-US\"},{\"@type\":\"Organization\",\"@id\":\"https:\\\/\\\/djgerreg.de\\\/#organization\",\"name\":\"DJ GerreG - Feel The Music\",\"url\":\"https:\\\/\\\/djgerreg.de\\\/\",\"logo\":{\"@type\":\"ImageObject\",\"inLanguage\":\"en-US\",\"@id\":\"https:\\\/\\\/djgerreg.de\\\/#\\\/schema\\\/logo\\\/image\\\/\",\"url\":\"https:\\\/\\\/djgerreg.de\\\/wp-content\\\/uploads\\\/2024\\\/01\\\/DJ-GerreG-The-Best-Music-In-Town.jpg\",\"contentUrl\":\"https:\\\/\\\/djgerreg.de\\\/wp-content\\\/uploads\\\/2024\\\/01\\\/DJ-GerreG-The-Best-Music-In-Town.jpg\",\"width\":300,\"height\":87,\"caption\":\"DJ GerreG - Feel The Music\"},\"image\":{\"@id\":\"https:\\\/\\\/djgerreg.de\\\/#\\\/schema\\\/logo\\\/image\\\/\"}}]}<\/script>\n<!-- \/ Yoast SEO Premium plugin. -->","yoast_head_json":{"title":"Saving a Dog \ud83d\udc3e Rescuing Dogs from Kill Shelters","description":"Help save a dog \ud83d\udc3e Your donation gives dogs from kill shelters a real chance at life. Support now \u2764\ufe0f","robots":{"index":"index","follow":"follow","max-snippet":"max-snippet:-1","max-image-preview":"max-image-preview:large","max-video-preview":"max-video-preview:-1"},"canonical":"https:\/\/djgerreg.de\/en\/rescue-dogs-from-kill-shelters\/","og_locale":"en_US","og_type":"article","og_title":"Einen Hund retten \ud83d\udc3e Hunde aus T\u00f6tungsstationen retten","og_description":"Hilf, einen Hund zu retten \ud83d\udc3e Deine Spende gibt Hunden aus T\u00f6tungsstationen eine echte Chance auf Leben. Jetzt unterst\u00fctzen \u2764\ufe0f","og_url":"https:\/\/djgerreg.de\/en\/rescue-dogs-from-kill-shelters\/","og_site_name":"DJ GerreG - Feel The Music","article_modified_time":"2026-04-12T16:09:26+00:00","og_image":[{"width":1400,"height":782,"url":"https:\/\/djgerreg.de\/wp-content\/uploads\/2026\/04\/Einen-Hund-retten-Hunde-aus-Toetungsstationen-retten.jpg","type":"image\/jpeg"}],"twitter_card":"summary_large_image","twitter_misc":{"Est. reading time":"4 minutes"},"schema":{"@context":"https:\/\/schema.org","@graph":[{"@type":"WebPage","@id":"https:\/\/djgerreg.de\/hunde-aus-toetungsstationen-retten\/","url":"https:\/\/djgerreg.de\/hunde-aus-toetungsstationen-retten\/","name":"Saving a Dog \ud83d\udc3e Rescuing Dogs from Kill Shelters","isPartOf":{"@id":"https:\/\/djgerreg.de\/#website"},"primaryImageOfPage":{"@id":"https:\/\/djgerreg.de\/hunde-aus-toetungsstationen-retten\/#primaryimage"},"image":{"@id":"https:\/\/djgerreg.de\/hunde-aus-toetungsstationen-retten\/#primaryimage"},"thumbnailUrl":"https:\/\/djgerreg.de\/wp-content\/uploads\/2026\/04\/Einen-Hund-retten-Hunde-aus-Toetungsstationen-retten.jpg","datePublished":"2026-04-12T15:18:35+00:00","dateModified":"2026-04-12T16:09:26+00:00","description":"Help save a dog \ud83d\udc3e Your donation gives dogs from kill shelters a real chance at life. Support now \u2764\ufe0f","breadcrumb":{"@id":"https:\/\/djgerreg.de\/hunde-aus-toetungsstationen-retten\/#breadcrumb"},"inLanguage":"en-US","potentialAction":[{"@type":"ReadAction","target":["https:\/\/djgerreg.de\/hunde-aus-toetungsstationen-retten\/"]}]},{"@type":"ImageObject","inLanguage":"en-US","@id":"https:\/\/djgerreg.de\/hunde-aus-toetungsstationen-retten\/#primaryimage","url":"https:\/\/djgerreg.de\/wp-content\/uploads\/2026\/04\/Einen-Hund-retten-Hunde-aus-Toetungsstationen-retten.jpg","contentUrl":"https:\/\/djgerreg.de\/wp-content\/uploads\/2026\/04\/Einen-Hund-retten-Hunde-aus-Toetungsstationen-retten.jpg","width":1400,"height":782,"caption":"DJ GerreG rettet 25 Hunde aus T\u00f6tungsstationen vor dem Tod"},{"@type":"BreadcrumbList","@id":"https:\/\/djgerreg.de\/hunde-aus-toetungsstationen-retten\/#breadcrumb","itemListElement":[{"@type":"ListItem","position":1,"name":"Startseite","item":"https:\/\/djgerreg.de\/"},{"@type":"ListItem","position":2,"name":"Einen Hund retten \ud83d\udc3e Hunde aus T\u00f6tungsstationen retten"}]},{"@type":"WebSite","@id":"https:\/\/djgerreg.de\/#website","url":"https:\/\/djgerreg.de\/","name":"DJ GerreG - Feel The Music","description":"Event DJ Worldwide - New York - Rio - Tokyo","publisher":{"@id":"https:\/\/djgerreg.de\/#organization"},"potentialAction":[{"@type":"SearchAction","target":{"@type":"EntryPoint","urlTemplate":"https:\/\/djgerreg.de\/?s={search_term_string}"},"query-input":{"@type":"PropertyValueSpecification","valueRequired":true,"valueName":"search_term_string"}}],"inLanguage":"en-US"},{"@type":"Organization","@id":"https:\/\/djgerreg.de\/#organization","name":"DJ GerreG - Feel The Music","url":"https:\/\/djgerreg.de\/","logo":{"@type":"ImageObject","inLanguage":"en-US","@id":"https:\/\/djgerreg.de\/#\/schema\/logo\/image\/","url":"https:\/\/djgerreg.de\/wp-content\/uploads\/2024\/01\/DJ-GerreG-The-Best-Music-In-Town.jpg","contentUrl":"https:\/\/djgerreg.de\/wp-content\/uploads\/2024\/01\/DJ-GerreG-The-Best-Music-In-Town.jpg","width":300,"height":87,"caption":"DJ GerreG - Feel The Music"},"image":{"@id":"https:\/\/djgerreg.de\/#\/schema\/logo\/image\/"}}]}},"_links":{"self":[{"href":"https:\/\/djgerreg.de\/en\/wp-json\/wp\/v2\/pages\/6919","targetHints":{"allow":["GET"]}}],"collection":[{"href":"https:\/\/djgerreg.de\/en\/wp-json\/wp\/v2\/pages"}],"about":[{"href":"https:\/\/djgerreg.de\/en\/wp-json\/wp\/v2\/types\/page"}],"author":[{"embeddable":true,"href":"https:\/\/djgerreg.de\/en\/wp-json\/wp\/v2\/users\/1"}],"replies":[{"embeddable":true,"href":"https:\/\/djgerreg.de\/en\/wp-json\/wp\/v2\/comments?post=6919"}],"version-history":[{"count":5,"href":"https:\/\/djgerreg.de\/en\/wp-json\/wp\/v2\/pages\/6919\/revisions"}],"predecessor-version":[{"id":6932,"href":"https:\/\/djgerreg.de\/en\/wp-json\/wp\/v2\/pages\/6919\/revisions\/6932"}],"wp:featuredmedia":[{"embeddable":true,"href":"https:\/\/djgerreg.de\/en\/wp-json\/wp\/v2\/media\/6920"}],"wp:attachment":[{"href":"https:\/\/djgerreg.de\/en\/wp-json\/wp\/v2\/media?parent=6919"}],"curies":[{"name":"wp","href":"https:\/\/api.w.org\/{rel}","templated":true}]}}