{"id":1115,"date":"2025-03-10T19:03:32","date_gmt":"2025-03-10T18:03:32","guid":{"rendered":"https:\/\/djgerreg.de\/?page_id=1115"},"modified":"2025-03-10T19:03:32","modified_gmt":"2025-03-10T18:03:32","slug":"fragebogen-sonstige-veranstaltungen-erfolgreich-uebersandt","status":"publish","type":"page","link":"https:\/\/djgerreg.de\/es\/fragebogen-sonstige-veranstaltungen-erfolgreich-uebersandt\/","title":{"rendered":"Fragebogen Sonstige Veranstaltungen erfolgreich \u00fcbersandt"},"content":{"rendered":"<img decoding=\"async\" src=\"https:\/\/djgerreg.de\/wp-content\/uploads\/2025\/03\/DJ-GerreG_Holger-Korsten.jpg\" alt=\"DJ GerreG \/ Holger Korsten\" itemprop=\"image\" height=\"600\" width=\"450\" title=\"DJ GerreG \/ Holger Korsten\" onerror=\"this.style.display='none'\"  \/>\n\t<img decoding=\"async\" role=\"img\" draggable=\"false\" src=\"https:\/\/s.w.org\/images\/core\/emoji\/15.0.3\/svg\/1f389.svg\" alt=\"\ud83c\udf89\" \/> <strong data-start=\"151\" data-end=\"233\">Vielen Dank &#8211; der Veranstaltungsfragebogen ist erfolgreich eingegangen!<\/strong> <img decoding=\"async\" role=\"img\" draggable=\"false\" src=\"https:\/\/s.w.org\/images\/core\/emoji\/15.0.3\/svg\/1f60a.svg\" alt=\"\ud83d\ude0a\" \/>\nIch freue mich sehr, dass ich musikalisch Teil der Veranstaltung sein darf &#8211; und dank deiner Angaben kann ich mich jetzt noch besser auf den besonderen Abend vorbereiten.\n<img decoding=\"async\" role=\"img\" draggable=\"false\" src=\"https:\/\/s.w.org\/images\/core\/emoji\/15.0.3\/svg\/1f4a1.svg\" alt=\"\ud83d\udca1\" \/> <strong data-start=\"471\" data-end=\"489\">Es bueno saberlo:<\/strong><br data-start=\"489\" data-end=\"492\" \/>Falls dir sp\u00e4ter noch etwas einf\u00e4llt oder sich etwas \u00e4ndert &#8211; kein Problem!<br data-start=\"567\" data-end=\"570\" \/>Du kannst den Fragebogen jederzeit \u00fcber denselben Link noch einmal aufrufen und ganz bequem <strong data-start=\"662\" data-end=\"703\">Erg\u00e4nzungen oder \u00c4nderungen vornehmen<\/strong>.\nWenn du Fragen hast oder dir bei einem Punkt unsicher bist &#8211; meld dich einfach. Ich bin jederzeit gern f\u00fcr dich da!\nBis bald &#8211; ich freue mich auf die Feier! <img decoding=\"async\" role=\"img\" draggable=\"false\" src=\"https:\/\/s.w.org\/images\/core\/emoji\/15.0.3\/svg\/1f60a.svg\" alt=\"\ud83d\ude0a\" \/><br data-start=\"866\" data-end=\"869\" \/><img decoding=\"async\" role=\"img\" draggable=\"false\" src=\"https:\/\/s.w.org\/images\/core\/emoji\/15.0.3\/svg\/1f3a7.svg\" alt=\"\ud83c\udfa7\" \/> Holger aka DJ GerreG\n\t\t\t\t<a href=\"https:\/\/djgerreg.de\/es\/galeria\/\"  target=\"_self\" itemprop=\"url\">\n\t\t\t\t<img decoding=\"async\" src=\"https:\/\/djgerreg.de\/wp-content\/uploads\/2024\/01\/Party-mit-DJ-GerreG.jpg\" alt=\"Fiesta con DJ GerreG\" itemprop=\"image\" height=\"200\" width=\"1400\" title=\"Fiesta con DJ GerreG\" onerror=\"this.style.display='none'\"  \/>\n\t\t\t\t<\/a>\n\n<div class=\"shariff shariff-align-center shariff-widget-align-center\" style=\"display:none\" data-services=\"facebook\" data-url=\"https%3A%2F%2Fdjgerreg.de%2Fes%2Ffragebogen-sonstige-veranstaltungen-erfolgreich-uebersandt%2F\" data-timestamp=\"1741633412\" data-hidezero=\"1\" data-backendurl=\"https:\/\/djgerreg.de\/es\/wp-json\/shariff\/v1\/share_counts?\"><ul class=\"shariff-buttons theme-grey orientation-horizontal buttonsize-medium\"><li class=\"shariff-button facebook shariff-nocustomcolor\" style=\"background-color:#4273c8\"><a href=\"https:\/\/www.facebook.com\/sharer\/sharer.php?u=https%3A%2F%2Fdjgerreg.de%2Fes%2Ffragebogen-sonstige-veranstaltungen-erfolgreich-uebersandt%2F\" title=\"Compartir en Facebook\" aria-label=\"Compartir en Facebook\" role=\"button\" rel=\"nofollow\" class=\"shariff-link\" style=\"; background-color:#3b5998; color:#fff\" target=\"_blank\"><span class=\"shariff-icon\" style=\"\"><svg width=\"32px\" height=\"20px\" xmlns=\"http:\/\/www.w3.org\/2000\/svg\" viewbox=\"0 0 18 32\"><path fill=\"#3b5998\" d=\"M17.1 0.2v4.7h-2.8q-1.5 0-2.1 0.6t-0.5 1.9v3.4h5.2l-0.7 5.3h-4.5v13.6h-5.5v-13.6h-4.5v-5.3h4.5v-3.9q0-3.3 1.9-5.2t5-1.8q2.6 0 4.1 0.2z\"\/><\/svg><\/span><span class=\"shariff-text\">Compartir<\/span>&nbsp;<span data-service=\"facebook\" style=\"color:#3b5998\" class=\"shariff-count shariff-hidezero\"><\/span>&nbsp;<\/a><\/li><li class=\"shariff-button twitter shariff-nocustomcolor\" style=\"background-color:#595959\"><a href=\"https:\/\/twitter.com\/share?url=https%3A%2F%2Fdjgerreg.de%2Fes%2Ffragebogen-sonstige-veranstaltungen-erfolgreich-uebersandt%2F&text=Fragebogen%20Sonstige%20Veranstaltungen%20erfolgreich%20%C3%BCbersandt\" title=\"Compartir en X\" aria-label=\"Compartir en X\" role=\"button\" rel=\"noopener nofollow\" class=\"shariff-link\" style=\"; background-color:#000; color:#fff\" target=\"_blank\"><span class=\"shariff-icon\" style=\"\"><svg width=\"32px\" height=\"20px\" xmlns=\"http:\/\/www.w3.org\/2000\/svg\" viewbox=\"0 0 24 24\"><path fill=\"#000\" d=\"M14.258 10.152L23.176 0h-2.113l-7.747 8.813L7.133 0H0l9.352 13.328L0 23.973h2.113l8.176-9.309 6.531 9.309h7.133zm-2.895 3.293l-.949-1.328L2.875 1.56h3.246l6.086 8.523.945 1.328 7.91 11.078h-3.246zm0 0\"\/><\/svg><\/span><span class=\"shariff-text\">Compartir<\/span>&nbsp;<\/a><\/li><li class=\"shariff-button linkedin shariff-nocustomcolor\" style=\"background-color:#1488bf\"><a href=\"https:\/\/www.linkedin.com\/sharing\/share-offsite\/?url=https%3A%2F%2Fdjgerreg.de%2Fes%2Ffragebogen-sonstige-veranstaltungen-erfolgreich-uebersandt%2F\" title=\"Compartir en LinkedIn\" aria-label=\"Compartir en LinkedIn\" role=\"button\" rel=\"noopener nofollow\" class=\"shariff-link\" style=\"; background-color:#0077b5; color:#fff\" target=\"_blank\"><span class=\"shariff-icon\" style=\"\"><svg width=\"32px\" height=\"20px\" xmlns=\"http:\/\/www.w3.org\/2000\/svg\" viewbox=\"0 0 27 32\"><path fill=\"#0077b5\" d=\"M6.2 11.2v17.7h-5.9v-17.7h5.9zM6.6 5.7q0 1.3-0.9 2.2t-2.4 0.9h0q-1.5 0-2.4-0.9t-0.9-2.2 0.9-2.2 2.4-0.9 2.4 0.9 0.9 2.2zM27.4 18.7v10.1h-5.9v-9.5q0-1.9-0.7-2.9t-2.3-1.1q-1.1 0-1.9 0.6t-1.2 1.5q-0.2 0.5-0.2 1.4v9.9h-5.9q0-7.1 0-11.6t0-5.3l0-0.9h5.9v2.6h0q0.4-0.6 0.7-1t1-0.9 1.6-0.8 2-0.3q3 0 4.9 2t1.9 6z\"\/><\/svg><\/span><span class=\"shariff-text\">Compartir<\/span>&nbsp;<\/a><\/li><\/ul><\/div>","protected":false},"excerpt":{"rendered":"<p>Vielen Dank &#8211; der Veranstaltungsfragebogen ist erfolgreich eingegangen! Ich freue mich sehr, dass ich musikalisch Teil der Veranstaltung sein darf &#8211; und dank deiner Angaben kann ich mich jetzt noch besser auf den besonderen Abend vorbereiten. Gut zu wissen:Falls dir sp\u00e4ter noch etwas einf\u00e4llt oder sich etwas \u00e4ndert &#8211; kein Problem!Du kannst den Fragebogen jederzeit [&hellip;]<\/p>\n","protected":false},"author":1,"featured_media":1104,"parent":0,"menu_order":0,"comment_status":"closed","ping_status":"closed","template":"","meta":{"site-sidebar-layout":"default","site-content-layout":"","ast-site-content-layout":"default","site-content-style":"default","site-sidebar-style":"default","ast-global-header-display":"","ast-banner-title-visibility":"","ast-main-header-display":"","ast-hfb-above-header-display":"","ast-hfb-below-header-display":"","ast-hfb-mobile-header-display":"","site-post-title":"","ast-breadcrumbs-content":"","ast-featured-img":"","footer-sml-layout":"","ast-disable-related-posts":"","theme-transparent-header-meta":"default","adv-header-id-meta":"","stick-header-meta":"default","header-above-stick-meta":"","header-main-stick-meta":"","header-below-stick-meta":"","astra-migrate-meta-layouts":"set","ast-page-background-enabled":"default","ast-page-background-meta":{"desktop":{"background-color":"","background-image":"","background-repeat":"repeat","background-position":"center center","background-size":"auto","background-attachment":"scroll","background-type":"","background-media":"","overlay-type":"","overlay-color":"","overlay-opacity":"","overlay-gradient":""},"tablet":{"background-color":"","background-image":"","background-repeat":"repeat","background-position":"center center","background-size":"auto","background-attachment":"scroll","background-type":"","background-media":"","overlay-type":"","overlay-color":"","overlay-opacity":"","overlay-gradient":""},"mobile":{"background-color":"","background-image":"","background-repeat":"repeat","background-position":"center center","background-size":"auto","background-attachment":"scroll","background-type":"","background-media":"","overlay-type":"","overlay-color":"","overlay-opacity":"","overlay-gradient":""}},"ast-content-background-meta":{"desktop":{"background-color":"var(--ast-global-color-5)","background-image":"","background-repeat":"repeat","background-position":"center center","background-size":"auto","background-attachment":"scroll","background-type":"","background-media":"","overlay-type":"","overlay-color":"","overlay-opacity":"","overlay-gradient":""},"tablet":{"background-color":"var(--ast-global-color-5)","background-image":"","background-repeat":"repeat","background-position":"center center","background-size":"auto","background-attachment":"scroll","background-type":"","background-media":"","overlay-type":"","overlay-color":"","overlay-opacity":"","overlay-gradient":""},"mobile":{"background-color":"var(--ast-global-color-5)","background-image":"","background-repeat":"repeat","background-position":"center center","background-size":"auto","background-attachment":"scroll","background-type":"","background-media":"","overlay-type":"","overlay-color":"","overlay-opacity":"","overlay-gradient":""}},"footnotes":""},"class_list":["post-1115","page","type-page","status-publish","has-post-thumbnail","hentry"],"yoast_head":"<!-- This site is optimized with the Yoast SEO Premium plugin v24.3 (Yoast SEO v27.4) - https:\/\/yoast.com\/product\/yoast-seo-premium-wordpress\/ -->\n<title>Fragebogen Sonstige Veranstaltungen erfolgreich \u00fcbersandt<\/title>\n<meta name=\"robots\" content=\"noindex, follow\" \/>\n<meta property=\"og:locale\" content=\"es_ES\" \/>\n<meta property=\"og:type\" content=\"article\" \/>\n<meta property=\"og:title\" content=\"Fragebogen Sonstige Veranstaltungen erfolgreich \u00fcbersandt\" \/>\n<meta property=\"og:description\" content=\"Vielen Dank &#8211; der Veranstaltungsfragebogen ist erfolgreich eingegangen! Ich freue mich sehr, dass ich musikalisch Teil der Veranstaltung sein darf &#8211; und dank deiner Angaben kann ich mich jetzt noch besser auf den besonderen Abend vorbereiten. Gut zu wissen:Falls dir sp\u00e4ter noch etwas einf\u00e4llt oder sich etwas \u00e4ndert &#8211; kein Problem!Du kannst den Fragebogen jederzeit [&hellip;]\" \/>\n<meta property=\"og:url\" content=\"https:\/\/djgerreg.de\/es\/fragebogen-sonstige-veranstaltungen-erfolgreich-uebersandt\/\" \/>\n<meta property=\"og:site_name\" content=\"DJ GerreG - Feel The Music\" \/>\n<meta name=\"twitter:card\" content=\"summary_large_image\" \/>\n<meta name=\"twitter:label1\" content=\"Tiempo de lectura\" \/>\n\t<meta name=\"twitter:data1\" content=\"1 minuto\" \/>\n<script type=\"application\/ld+json\" class=\"yoast-schema-graph\">{\"@context\":\"https:\\\/\\\/schema.org\",\"@graph\":[{\"@type\":\"WebPage\",\"@id\":\"https:\\\/\\\/djgerreg.de\\\/fragebogen-sonstige-veranstaltungen-erfolgreich-uebersandt\\\/\",\"url\":\"https:\\\/\\\/djgerreg.de\\\/fragebogen-sonstige-veranstaltungen-erfolgreich-uebersandt\\\/\",\"name\":\"Fragebogen Sonstige Veranstaltungen erfolgreich \u00fcbersandt\",\"isPartOf\":{\"@id\":\"https:\\\/\\\/djgerreg.de\\\/#website\"},\"primaryImageOfPage\":{\"@id\":\"https:\\\/\\\/djgerreg.de\\\/fragebogen-sonstige-veranstaltungen-erfolgreich-uebersandt\\\/#primaryimage\"},\"image\":{\"@id\":\"https:\\\/\\\/djgerreg.de\\\/fragebogen-sonstige-veranstaltungen-erfolgreich-uebersandt\\\/#primaryimage\"},\"thumbnailUrl\":\"https:\\\/\\\/djgerreg.de\\\/wp-content\\\/uploads\\\/2025\\\/03\\\/1f389.svg\",\"datePublished\":\"2025-03-10T18:03:32+00:00\",\"breadcrumb\":{\"@id\":\"https:\\\/\\\/djgerreg.de\\\/fragebogen-sonstige-veranstaltungen-erfolgreich-uebersandt\\\/#breadcrumb\"},\"inLanguage\":\"es\",\"potentialAction\":[{\"@type\":\"ReadAction\",\"target\":[\"https:\\\/\\\/djgerreg.de\\\/fragebogen-sonstige-veranstaltungen-erfolgreich-uebersandt\\\/\"]}]},{\"@type\":\"ImageObject\",\"inLanguage\":\"es\",\"@id\":\"https:\\\/\\\/djgerreg.de\\\/fragebogen-sonstige-veranstaltungen-erfolgreich-uebersandt\\\/#primaryimage\",\"url\":\"https:\\\/\\\/djgerreg.de\\\/wp-content\\\/uploads\\\/2025\\\/03\\\/1f389.svg\",\"contentUrl\":\"https:\\\/\\\/djgerreg.de\\\/wp-content\\\/uploads\\\/2025\\\/03\\\/1f389.svg\"},{\"@type\":\"BreadcrumbList\",\"@id\":\"https:\\\/\\\/djgerreg.de\\\/fragebogen-sonstige-veranstaltungen-erfolgreich-uebersandt\\\/#breadcrumb\",\"itemListElement\":[{\"@type\":\"ListItem\",\"position\":1,\"name\":\"Startseite\",\"item\":\"https:\\\/\\\/djgerreg.de\\\/\"},{\"@type\":\"ListItem\",\"position\":2,\"name\":\"Fragebogen Sonstige Veranstaltungen erfolgreich \u00fcbersandt\"}]},{\"@type\":\"WebSite\",\"@id\":\"https:\\\/\\\/djgerreg.de\\\/#website\",\"url\":\"https:\\\/\\\/djgerreg.de\\\/\",\"name\":\"DJ GerreG - Feel The Music\",\"description\":\"Event DJ Worldwide - New York - Rio - Tokio\",\"publisher\":{\"@id\":\"https:\\\/\\\/djgerreg.de\\\/#organization\"},\"potentialAction\":[{\"@type\":\"SearchAction\",\"target\":{\"@type\":\"EntryPoint\",\"urlTemplate\":\"https:\\\/\\\/djgerreg.de\\\/?s={search_term_string}\"},\"query-input\":{\"@type\":\"PropertyValueSpecification\",\"valueRequired\":true,\"valueName\":\"search_term_string\"}}],\"inLanguage\":\"es\"},{\"@type\":\"Organization\",\"@id\":\"https:\\\/\\\/djgerreg.de\\\/#organization\",\"name\":\"DJ GerreG - Feel The Music\",\"url\":\"https:\\\/\\\/djgerreg.de\\\/\",\"logo\":{\"@type\":\"ImageObject\",\"inLanguage\":\"es\",\"@id\":\"https:\\\/\\\/djgerreg.de\\\/#\\\/schema\\\/logo\\\/image\\\/\",\"url\":\"https:\\\/\\\/djgerreg.de\\\/wp-content\\\/uploads\\\/2024\\\/01\\\/DJ-GerreG-The-Best-Music-In-Town.jpg\",\"contentUrl\":\"https:\\\/\\\/djgerreg.de\\\/wp-content\\\/uploads\\\/2024\\\/01\\\/DJ-GerreG-The-Best-Music-In-Town.jpg\",\"width\":300,\"height\":87,\"caption\":\"DJ GerreG - Feel The Music\"},\"image\":{\"@id\":\"https:\\\/\\\/djgerreg.de\\\/#\\\/schema\\\/logo\\\/image\\\/\"}}]}<\/script>\n<!-- \/ Yoast SEO Premium plugin. -->","yoast_head_json":{"title":"Fragebogen Sonstige Veranstaltungen erfolgreich \u00fcbersandt","robots":{"index":"noindex","follow":"follow"},"og_locale":"es_ES","og_type":"article","og_title":"Fragebogen Sonstige Veranstaltungen erfolgreich \u00fcbersandt","og_description":"Vielen Dank &#8211; der Veranstaltungsfragebogen ist erfolgreich eingegangen! Ich freue mich sehr, dass ich musikalisch Teil der Veranstaltung sein darf &#8211; und dank deiner Angaben kann ich mich jetzt noch besser auf den besonderen Abend vorbereiten. Gut zu wissen:Falls dir sp\u00e4ter noch etwas einf\u00e4llt oder sich etwas \u00e4ndert &#8211; kein Problem!Du kannst den Fragebogen jederzeit [&hellip;]","og_url":"https:\/\/djgerreg.de\/es\/fragebogen-sonstige-veranstaltungen-erfolgreich-uebersandt\/","og_site_name":"DJ GerreG - Feel The Music","twitter_card":"summary_large_image","twitter_misc":{"Tiempo de lectura":"1 minuto"},"schema":{"@context":"https:\/\/schema.org","@graph":[{"@type":"WebPage","@id":"https:\/\/djgerreg.de\/fragebogen-sonstige-veranstaltungen-erfolgreich-uebersandt\/","url":"https:\/\/djgerreg.de\/fragebogen-sonstige-veranstaltungen-erfolgreich-uebersandt\/","name":"Fragebogen Sonstige Veranstaltungen erfolgreich \u00fcbersandt","isPartOf":{"@id":"https:\/\/djgerreg.de\/#website"},"primaryImageOfPage":{"@id":"https:\/\/djgerreg.de\/fragebogen-sonstige-veranstaltungen-erfolgreich-uebersandt\/#primaryimage"},"image":{"@id":"https:\/\/djgerreg.de\/fragebogen-sonstige-veranstaltungen-erfolgreich-uebersandt\/#primaryimage"},"thumbnailUrl":"https:\/\/djgerreg.de\/wp-content\/uploads\/2025\/03\/1f389.svg","datePublished":"2025-03-10T18:03:32+00:00","breadcrumb":{"@id":"https:\/\/djgerreg.de\/fragebogen-sonstige-veranstaltungen-erfolgreich-uebersandt\/#breadcrumb"},"inLanguage":"es","potentialAction":[{"@type":"ReadAction","target":["https:\/\/djgerreg.de\/fragebogen-sonstige-veranstaltungen-erfolgreich-uebersandt\/"]}]},{"@type":"ImageObject","inLanguage":"es","@id":"https:\/\/djgerreg.de\/fragebogen-sonstige-veranstaltungen-erfolgreich-uebersandt\/#primaryimage","url":"https:\/\/djgerreg.de\/wp-content\/uploads\/2025\/03\/1f389.svg","contentUrl":"https:\/\/djgerreg.de\/wp-content\/uploads\/2025\/03\/1f389.svg"},{"@type":"BreadcrumbList","@id":"https:\/\/djgerreg.de\/fragebogen-sonstige-veranstaltungen-erfolgreich-uebersandt\/#breadcrumb","itemListElement":[{"@type":"ListItem","position":1,"name":"Startseite","item":"https:\/\/djgerreg.de\/"},{"@type":"ListItem","position":2,"name":"Fragebogen Sonstige Veranstaltungen erfolgreich \u00fcbersandt"}]},{"@type":"WebSite","@id":"https:\/\/djgerreg.de\/#website","url":"https:\/\/djgerreg.de\/","name":"DJ GerreG - Siente la M\u00fasica","description":"DJ de eventos en todo el mundo - Nueva York - R\u00edo - Tokio","publisher":{"@id":"https:\/\/djgerreg.de\/#organization"},"potentialAction":[{"@type":"SearchAction","target":{"@type":"EntryPoint","urlTemplate":"https:\/\/djgerreg.de\/?s={search_term_string}"},"query-input":{"@type":"PropertyValueSpecification","valueRequired":true,"valueName":"search_term_string"}}],"inLanguage":"es"},{"@type":"Organization","@id":"https:\/\/djgerreg.de\/#organization","name":"DJ GerreG - Siente la M\u00fasica","url":"https:\/\/djgerreg.de\/","logo":{"@type":"ImageObject","inLanguage":"es","@id":"https:\/\/djgerreg.de\/#\/schema\/logo\/image\/","url":"https:\/\/djgerreg.de\/wp-content\/uploads\/2024\/01\/DJ-GerreG-The-Best-Music-In-Town.jpg","contentUrl":"https:\/\/djgerreg.de\/wp-content\/uploads\/2024\/01\/DJ-GerreG-The-Best-Music-In-Town.jpg","width":300,"height":87,"caption":"DJ GerreG - Feel The Music"},"image":{"@id":"https:\/\/djgerreg.de\/#\/schema\/logo\/image\/"}}]}},"_links":{"self":[{"href":"https:\/\/djgerreg.de\/es\/wp-json\/wp\/v2\/pages\/1115","targetHints":{"allow":["GET"]}}],"collection":[{"href":"https:\/\/djgerreg.de\/es\/wp-json\/wp\/v2\/pages"}],"about":[{"href":"https:\/\/djgerreg.de\/es\/wp-json\/wp\/v2\/types\/page"}],"author":[{"embeddable":true,"href":"https:\/\/djgerreg.de\/es\/wp-json\/wp\/v2\/users\/1"}],"replies":[{"embeddable":true,"href":"https:\/\/djgerreg.de\/es\/wp-json\/wp\/v2\/comments?post=1115"}],"version-history":[{"count":2,"href":"https:\/\/djgerreg.de\/es\/wp-json\/wp\/v2\/pages\/1115\/revisions"}],"predecessor-version":[{"id":1118,"href":"https:\/\/djgerreg.de\/es\/wp-json\/wp\/v2\/pages\/1115\/revisions\/1118"}],"wp:featuredmedia":[{"embeddable":true,"href":"https:\/\/djgerreg.de\/es\/wp-json\/wp\/v2\/media\/1104"}],"wp:attachment":[{"href":"https:\/\/djgerreg.de\/es\/wp-json\/wp\/v2\/media?parent=1115"}],"curies":[{"name":"wp","href":"https:\/\/api.w.org\/{rel}","templated":true}]}}