{"id":6085,"date":"2026-01-30T11:19:11","date_gmt":"2026-01-30T10:19:11","guid":{"rendered":"https:\/\/djgerreg.de\/?page_id=6085"},"modified":"2026-02-01T12:40:10","modified_gmt":"2026-02-01T11:40:10","slug":"campana-de-descuentos","status":"publish","type":"page","link":"https:\/\/djgerreg.de\/es\/rabattaktion\/","title":{"rendered":"Campa\u00f1a de descuentos"},"content":{"rendered":"<h1>Campa\u00f1a de descuentos<\/h1>\n\tA veces hay buenas razones, <strong data-start=\"436\" data-end=\"454\">Para dar las gracias<\/strong>, para celebrar fechas especiales o lanzar campa\u00f1as espont\u00e1neas.<br data-start=\"518\" data-end=\"521\" \/>En esta p\u00e1gina encontrar\u00e1 <strong data-start=\"549\" data-end=\"583\">mis campa\u00f1as de descuentos actuales<\/strong>, cada uno de los cuales <strong data-start=\"597\" data-end=\"634\">s\u00f3lo durante un periodo de tiempo limitado<\/strong> gelten.\nOb Hochzeit, Event, Musikproduktion oder besondere Projekte &#8211; hier lohnt es sich, regelm\u00e4\u00dfig vorbeizuschauen.\n\t<h2 data-start=\"301\" data-end=\"339\"><img decoding=\"async\" role=\"img\" draggable=\"false\" src=\"https:\/\/s.w.org\/images\/core\/emoji\/17.0.2\/svg\/1f389.svg\" alt=\"\ud83c\udf89\" \/> Campa\u00f1a actual de descuentos<\/h2>\n\t<h3 data-start=\"811\" data-end=\"855\">2026 Inauguraci\u00f3n anual especial para clubes<\/h3>\n\tLas asociaciones aportan una contribuci\u00f3n inestimable a nuestra sociedad.<br data-start=\"468\" data-end=\"471\" \/>Sie bringen Menschen zusammen, f\u00f6rdern Gemeinschaft, Kultur, Sport und Ehrenamt &#8211; oft mit <strong data-start=\"561\" data-end=\"601\">recursos financieros muy limitados<\/strong>.\nGerade in der heutigen Zeit wird es f\u00fcr viele Vereine immer schwieriger, Veranstaltungen zu planen und umzusetzen. Genau hier m\u00f6chte ich unterst\u00fctzen.\n\t<h3 data-start=\"811\" data-end=\"855\">\u2764\ufe0f Mi apoyo a las asociaciones en enero de 2026<\/h3>\n\t<p>Para todos <strong data-start=\"825\" data-end=\"880\">Clubes, asociaciones y organizaciones de voluntariado<\/strong> Ofrezco en el contexto de la <strong data-start=\"905\" data-end=\"936\">Especiales anuales de lanzamiento 2026<\/strong> un descuento especial:<\/p>\n\t<h3 data-start=\"811\" data-end=\"855\">\ud83d\udd25 <strong data-start=\"975\" data-end=\"1017\">50 % de descuento en mis precios regulares<\/strong><\/h3>\n\t&#8211; und das auf Leistungen, die bereits fair und bewusst kalkuliert sind.\nMein Ziel ist es, Vereinen den <strong data-start=\"1123\" data-end=\"1153\">Facilitar el comienzo del a\u00f1o<\/strong>, El objetivo es reforzar la comunidad y hacer posibles acontecimientos que de otro modo no lo ser\u00edan.\n\t<h3 data-start=\"811\" data-end=\"855\">\ud83c\udfb6 \u00bfA qu\u00e9 eventos se aplica la promoci\u00f3n?<\/h3>\n\t<ul data-start=\"1323\" data-end=\"1498\">\n<li data-start=\"1323\" data-end=\"1358\">\nFiestas de club y recepciones de A\u00f1o Nuevo\n<\/li>\n<li data-start=\"1359\" data-end=\"1396\">\nEventos de baile y noches tem\u00e1ticas\n<\/li>\n<li data-start=\"1397\" data-end=\"1420\">\nAniversarios y honores\n<\/li>\n<li data-start=\"1421\" data-end=\"1466\">\nEventos juveniles, deportivos y culturales\n<\/li>\n<li data-start=\"1467\" data-end=\"1498\">\nCelebraciones internas y veladas de agradecimiento\n<\/li>\n<li>Rodajes y fiestas populares<\/li>\n<\/ul>\n<ul>\n<li>y mucho m\u00e1s.<\/li>\n<\/ul>\nOb klein oder gro\u00df &#8211; <strong data-start=\"1521\" data-end=\"1552\">Todos los clubes son bienvenidos<\/strong>.\n\t<h3 data-start=\"811\" data-end=\"855\">\u23f3 Per\u00edodo de promoci\u00f3n<\/h3>\n\t<p>\ud83d\udcc5 <strong data-start=\"1586\" data-end=\"1620\">Del 1 de enero al 31 de enero de 2026<\/strong><br data-start=\"1620\" data-end=\"1623\" \/>El factor decisivo es la <strong data-start=\"1644\" data-end=\"1667\">Recepci\u00f3n de la consulta<\/strong> durante el periodo de promoci\u00f3n.<\/p>\n\t<h3 data-start=\"811\" data-end=\"855\">\u2139\ufe0f Notas importantes<\/h3>\n\t<ul>\n<li data-start=\"1720\" data-end=\"1799\">\nLa promoci\u00f3n se aplica <strong data-start=\"1738\" data-end=\"1799\">Exclusivamente para asociaciones y organizaciones de voluntariado<\/strong>\n<\/li>\n<li data-start=\"1800\" data-end=\"1837\">\nS\u00f3lo para <strong data-start=\"1810\" data-end=\"1837\">Nuevas consultas<\/strong>\n<\/li>\n<li data-start=\"1838\" data-end=\"1879\">\nNo acumulable a otros descuentos\n<\/li>\n<li data-start=\"1880\" data-end=\"1919\">\nBegrenztes Kontingent &#8211; fair verteilt\n<\/li>\n<\/ul>\n\t<h3 data-start=\"811\" data-end=\"855\">\ud83e\udd1d Por qu\u00e9 esta campa\u00f1a es importante para m\u00ed<\/h3>\n\tLas asociaciones mantienen unida a nuestra sociedad.<br data-start=\"2013\" data-end=\"2016\" \/>Sie funktionieren nicht wegen gro\u00dfer Budgets &#8211; sondern wegen Menschen mit Herz, Engagement und Zeit.\nWenn ich mit meiner Arbeit dazu beitragen kann, dass <strong data-start=\"2171\" data-end=\"2262\">se celebran actos, se vive en comunidad y se valora el trabajo voluntario<\/strong>, entonces estar\u00e9 encantado de hacerlo.\n\t<h3 data-start=\"811\" data-end=\"855\">Inf\u00f3rmate ahora y consigue un descuento del 50 % para el club %<\/h3>\n\tS\u00f3lo tienes que indicarme en qu\u00e9 club est\u00e1s interesado y qu\u00e9 acto est\u00e1 previsto.<br data-start=\"2439\" data-end=\"2442\" \/>Me pondr\u00e9 en contacto con usted lo antes posible y le dir\u00e9 sinceramente lo que es posible.\n<strong data-start=\"2505\" data-end=\"2545\">Celebremos juntos. Fortalecernos juntos.<\/strong>\n\t\t\t<a href=\"https:\/\/djgerreg.de\/es\/solicitud-de-contacto\/\"  target=\"_self\">\n\t\t\t\t\t\t\tObtenga un descuento seguro e inf\u00f3rmese ahora\n\t\t\t\t\t<\/a>\n\t<strong>Nota:<\/strong><br data-start=\"782\" data-end=\"785\" \/>Esta campa\u00f1a de descuentos <strong data-start=\"808\" data-end=\"834\">una oferta \u00fanica<\/strong>.<br data-start=\"835\" data-end=\"838\" \/>Al final del per\u00edodo de campa\u00f1a, se <strong data-start=\"880\" data-end=\"916\">no se repite ni se ampl\u00eda<\/strong>.\n<figure itemscope itemtype=\"https:\/\/schema.org\/ImageObject\">\n\t\t\t\t<img decoding=\"async\" src=\"https:\/\/djgerreg.de\/wp-content\/uploads\/2020\/10\/DJ-GerreG-420.png\" alt=\"DJ GerreG\" height=\"420\" width=\"420\" title=\"DJ GerreG\" onerror=\"this.style.display='none'\" loading=\"lazy\" \/>\n\t<\/figure>\n\t<p>\u00bfTiene alguna pregunta o quiere saber m\u00e1s sobre m\u00ed?<\/p>\n<p>Puede ponerse en contacto conmigo por tel\u00e9fono m\u00f3vil o WhatsApp: +49 (0)179 397 8761.<\/p>\n\t\t\t<a href=\"https:\/\/wa.me\/00491793978761\"  target=\"_blank\" rel=\"noopener\">\n\t\t\t\t\t\tEnviar mensaje de WhatsApp\n\t\t\t\t\t<\/a>\n<figure itemscope itemtype=\"https:\/\/schema.org\/ImageObject\">\n\t\t\t\t<img decoding=\"async\" src=\"https:\/\/djgerreg.de\/wp-content\/uploads\/2024\/01\/Ueber-mich-DJ-GerreG-und-Rudel-420.jpg\" alt=\"DJ GerreG y pack\" height=\"220\" width=\"420\" title=\"DJ GerreG y pack\" onerror=\"this.style.display='none'\" loading=\"lazy\" \/>\n\t<\/figure>\n<figure itemscope itemtype=\"https:\/\/schema.org\/ImageObject\">\n\t\t\t\t<img decoding=\"async\" src=\"https:\/\/djgerreg.de\/wp-content\/uploads\/2025\/03\/Bewertungen-TrustLocal.png\" alt=\"Opiniones - TrustLocal\" height=\"215\" width=\"487\" title=\"Opiniones - TrustLocal\" onerror=\"this.style.display='none'\" loading=\"lazy\" \/>\n\t<\/figure>\n<figure itemscope itemtype=\"https:\/\/schema.org\/ImageObject\">\n\t\t\t\t<img decoding=\"async\" src=\"https:\/\/djgerreg.de\/wp-content\/uploads\/2025\/04\/BVD_Logo_2019_sw_800x400-300x150.png\" alt=\"BVD_Logo\" height=\"150\" width=\"300\" title=\"BVD_Logo_2019_sw_800x400\" onerror=\"this.style.display='none'\" loading=\"lazy\" \/>\n\t<\/figure>\n\tSeguro de responsabilidad civil con la\n<img decoding=\"async\" src=\"https:\/\/djgerreg.de\/wp-content\/uploads\/2025\/04\/Hiscox-Versicherung-Logo-300x136.png\" alt=\"Logotipo de Hiscox Insurance\" width=\"300\" height=\"136\" \/>\n\t<script async src=\"https:\/\/static.trustlocal.de\/widget\/widget_review.js\"><\/script>\r\n<div class=\"trustlocal-review-widget\" data-id=\"374015\" data-language-code=\"de\" data-country-code=\"DE\"><\/div>\n\n<div class=\"shariff shariff-align-center shariff-widget-align-center\" style=\"display:none\" data-services=\"facebook\" data-url=\"https:\/\/djgerreg.de\/es\/rabattaktion\/\" data-timestamp=\"1769949610\" data-hidezero=\"1\" data-backendurl=\"https:\/\/djgerreg.de\/es\/wp-json\/shariff\/v1\/share_counts?\"><ul class=\"shariff-buttons theme-grey orientation-horizontal buttonsize-medium\"><li class=\"shariff-button facebook shariff-nocustomcolor\" style=\"background-color:#4273c8\"><a href=\"https:\/\/www.facebook.com\/sharer\/sharer.php?u=https%3A%2F%2Fdjgerreg.de%2Fes%2Frabattaktion%2F\" title=\"Compartir en Facebook\" aria-label=\"Compartir en Facebook\" role=\"button\" rel=\"nofollow\" class=\"shariff-link\" style=\"; background-color:#3b5998; color:#fff\" target=\"_blank\"><span class=\"shariff-icon\" style=\"\"><svg width=\"32px\" height=\"20px\" xmlns=\"http:\/\/www.w3.org\/2000\/svg\" viewbox=\"0 0 18 32\"><path fill=\"#3b5998\" d=\"M17.1 0.2v4.7h-2.8q-1.5 0-2.1 0.6t-0.5 1.9v3.4h5.2l-0.7 5.3h-4.5v13.6h-5.5v-13.6h-4.5v-5.3h4.5v-3.9q0-3.3 1.9-5.2t5-1.8q2.6 0 4.1 0.2z\"\/><\/svg><\/span><span class=\"shariff-text\">Compartir<\/span>&nbsp;<span data-service=\"facebook\" style=\"color:#3b5998\" class=\"shariff-count shariff-hidezero\"><\/span>&nbsp;<\/a><\/li><li class=\"shariff-button twitter shariff-nocustomcolor\" style=\"background-color:#595959\"><a href=\"https:\/\/twitter.com\/share?url=https%3A%2F%2Fdjgerreg.de%2Fes%2Frabattaktion%2F&text=Rabattaktion\" title=\"Compartir en X\" aria-label=\"Compartir en X\" role=\"button\" rel=\"noopener nofollow\" class=\"shariff-link\" style=\"; background-color:#000; color:#fff\" target=\"_blank\"><span class=\"shariff-icon\" style=\"\"><svg width=\"32px\" height=\"20px\" xmlns=\"http:\/\/www.w3.org\/2000\/svg\" viewbox=\"0 0 24 24\"><path fill=\"#000\" d=\"M14.258 10.152L23.176 0h-2.113l-7.747 8.813L7.133 0H0l9.352 13.328L0 23.973h2.113l8.176-9.309 6.531 9.309h7.133zm-2.895 3.293l-.949-1.328L2.875 1.56h3.246l6.086 8.523.945 1.328 7.91 11.078h-3.246zm0 0\"\/><\/svg><\/span><span class=\"shariff-text\">Compartir<\/span>&nbsp;<\/a><\/li><li class=\"shariff-button linkedin shariff-nocustomcolor\" style=\"background-color:#1488bf\"><a href=\"https:\/\/www.linkedin.com\/sharing\/share-offsite\/?url=https%3A%2F%2Fdjgerreg.de%2Fes%2Frabattaktion%2F\" title=\"Compartir en LinkedIn\" aria-label=\"Compartir en LinkedIn\" role=\"button\" rel=\"noopener nofollow\" class=\"shariff-link\" style=\"; background-color:#0077b5; color:#fff\" target=\"_blank\"><span class=\"shariff-icon\" style=\"\"><svg width=\"32px\" height=\"20px\" xmlns=\"http:\/\/www.w3.org\/2000\/svg\" viewbox=\"0 0 27 32\"><path fill=\"#0077b5\" d=\"M6.2 11.2v17.7h-5.9v-17.7h5.9zM6.6 5.7q0 1.3-0.9 2.2t-2.4 0.9h0q-1.5 0-2.4-0.9t-0.9-2.2 0.9-2.2 2.4-0.9 2.4 0.9 0.9 2.2zM27.4 18.7v10.1h-5.9v-9.5q0-1.9-0.7-2.9t-2.3-1.1q-1.1 0-1.9 0.6t-1.2 1.5q-0.2 0.5-0.2 1.4v9.9h-5.9q0-7.1 0-11.6t0-5.3l0-0.9h5.9v2.6h0q0.4-0.6 0.7-1t1-0.9 1.6-0.8 2-0.3q3 0 4.9 2t1.9 6z\"\/><\/svg><\/span><span class=\"shariff-text\">Compartir<\/span>&nbsp;<\/a><\/li><\/ul><\/div>","protected":false},"excerpt":{"rendered":"<p>Rabattaktion Manchmal gibt es gute Gr\u00fcnde, Danke zu sagen, besondere Termine zu feiern oder spontane Aktionen zu starten.Auf dieser Seite findest du meine aktuellen Rabattaktionen, die jeweils nur f\u00fcr einen begrenzten Zeitraum gelten. Ob Hochzeit, Event, Musikproduktion oder besondere Projekte &#8211; hier lohnt es sich, regelm\u00e4\u00dfig vorbeizuschauen. Aktuelle Rabattaktion 2026 Jahresauftakt Spezial f\u00fcr Vereine Vereine [&hellip;]<\/p>\n","protected":false},"author":1,"featured_media":505,"parent":0,"menu_order":0,"comment_status":"closed","ping_status":"closed","template":"","meta":{"site-sidebar-layout":"no-sidebar","site-content-layout":"page-builder","ast-site-content-layout":"full-width-container","site-content-style":"unboxed","site-sidebar-style":"unboxed","ast-global-header-display":"","ast-banner-title-visibility":"","ast-main-header-display":"","ast-hfb-above-header-display":"","ast-hfb-below-header-display":"","ast-hfb-mobile-header-display":"","site-post-title":"disabled","ast-breadcrumbs-content":"","ast-featured-img":"disabled","footer-sml-layout":"","ast-disable-related-posts":"","theme-transparent-header-meta":"default","adv-header-id-meta":"","stick-header-meta":"default","header-above-stick-meta":"","header-main-stick-meta":"","header-below-stick-meta":"","astra-migrate-meta-layouts":"set","ast-page-background-enabled":"default","ast-page-background-meta":{"desktop":{"background-color":"","background-image":"","background-repeat":"repeat","background-position":"center center","background-size":"auto","background-attachment":"scroll","background-type":"","background-media":"","overlay-type":"","overlay-color":"","overlay-opacity":"","overlay-gradient":""},"tablet":{"background-color":"","background-image":"","background-repeat":"repeat","background-position":"center center","background-size":"auto","background-attachment":"scroll","background-type":"","background-media":"","overlay-type":"","overlay-color":"","overlay-opacity":"","overlay-gradient":""},"mobile":{"background-color":"","background-image":"","background-repeat":"repeat","background-position":"center center","background-size":"auto","background-attachment":"scroll","background-type":"","background-media":"","overlay-type":"","overlay-color":"","overlay-opacity":"","overlay-gradient":""}},"ast-content-background-meta":{"desktop":{"background-color":"var(--ast-global-color-5)","background-image":"","background-repeat":"repeat","background-position":"center center","background-size":"auto","background-attachment":"scroll","background-type":"","background-media":"","overlay-type":"","overlay-color":"","overlay-opacity":"","overlay-gradient":""},"tablet":{"background-color":"var(--ast-global-color-5)","background-image":"","background-repeat":"repeat","background-position":"center center","background-size":"auto","background-attachment":"scroll","background-type":"","background-media":"","overlay-type":"","overlay-color":"","overlay-opacity":"","overlay-gradient":""},"mobile":{"background-color":"var(--ast-global-color-5)","background-image":"","background-repeat":"repeat","background-position":"center center","background-size":"auto","background-attachment":"scroll","background-type":"","background-media":"","overlay-type":"","overlay-color":"","overlay-opacity":"","overlay-gradient":""}},"footnotes":""},"class_list":["post-6085","page","type-page","status-publish","has-post-thumbnail","hentry"],"yoast_head":"<!-- This site is optimized with the Yoast SEO Premium plugin v24.3 (Yoast SEO v27.5) - https:\/\/yoast.com\/product\/yoast-seo-premium-wordpress\/ -->\n<title>Rabattaktion<\/title>\n<meta name=\"description\" content=\"Hier erf\u00e4hrst du etwas zu meinen Rabattaktionen, die hier sporadisch aufgef\u00fchrt werden. Es lohnt sich, hier \u00f6fter mal reinzuschauen.\" \/>\n<meta name=\"robots\" content=\"noindex, follow\" \/>\n<meta property=\"og:locale\" content=\"es_ES\" \/>\n<meta property=\"og:type\" content=\"article\" \/>\n<meta property=\"og:title\" content=\"\u00dcber Mich - Pers\u00f6nliches \u00fcber Holger Korsten\" \/>\n<meta property=\"og:description\" content=\"Hier erf\u00e4hrst du Pers\u00f6nliches \u00fcber mich: Name: Holger Korsten | Erfahrung: \u00fcber 25 Jahre | Spezialgebiet: Hochzeiten | uvm.\" \/>\n<meta property=\"og:url\" content=\"https:\/\/djgerreg.de\/es\/campana-de-descuentos\/\" \/>\n<meta property=\"og:site_name\" content=\"DJ GerreG - Feel The Music\" \/>\n<meta property=\"article:modified_time\" content=\"2026-02-01T11:40:10+00:00\" \/>\n<meta property=\"og:image\" content=\"https:\/\/djgerreg.de\/wp-content\/uploads\/2024\/01\/Ueber-mich-DJ-GerreG-und-Rudel.jpg\" \/>\n<meta name=\"twitter:card\" content=\"summary_large_image\" \/>\n<meta name=\"twitter:title\" content=\"\u00dcber Mich - Pers\u00f6nliches \u00fcber Holger Korsten\" \/>\n<meta name=\"twitter:description\" content=\"Hier erf\u00e4hrst du Pers\u00f6nliches \u00fcber mich: Name: Holger Korsten | Erfahrung: \u00fcber 25 Jahre | Spezialgebiet: Hochzeiten | uvm.\" \/>\n<meta name=\"twitter:image\" content=\"https:\/\/djgerreg.de\/wp-content\/uploads\/2024\/01\/Ueber-mich-DJ-GerreG-und-Rudel.jpg\" \/>\n<meta name=\"twitter:label1\" content=\"Tiempo de lectura\" \/>\n\t<meta name=\"twitter:data1\" content=\"15 minutos\" \/>\n<script type=\"application\/ld+json\" class=\"yoast-schema-graph\">{\"@context\":\"https:\\\/\\\/schema.org\",\"@graph\":[{\"@type\":\"WebPage\",\"@id\":\"https:\\\/\\\/djgerreg.de\\\/rabattaktion\\\/\",\"url\":\"https:\\\/\\\/djgerreg.de\\\/rabattaktion\\\/\",\"name\":\"Rabattaktion\",\"isPartOf\":{\"@id\":\"https:\\\/\\\/djgerreg.de\\\/#website\"},\"primaryImageOfPage\":{\"@id\":\"https:\\\/\\\/djgerreg.de\\\/rabattaktion\\\/#primaryimage\"},\"image\":{\"@id\":\"https:\\\/\\\/djgerreg.de\\\/rabattaktion\\\/#primaryimage\"},\"thumbnailUrl\":\"https:\\\/\\\/djgerreg.de\\\/wp-content\\\/uploads\\\/2024\\\/01\\\/Ueber-mich-DJ-GerreG-und-Rudel.jpg\",\"datePublished\":\"2026-01-30T10:19:11+00:00\",\"dateModified\":\"2026-02-01T11:40:10+00:00\",\"description\":\"Hier erf\u00e4hrst du etwas zu meinen Rabattaktionen, die hier sporadisch aufgef\u00fchrt werden. Es lohnt sich, hier \u00f6fter mal reinzuschauen.\",\"breadcrumb\":{\"@id\":\"https:\\\/\\\/djgerreg.de\\\/rabattaktion\\\/#breadcrumb\"},\"inLanguage\":\"es\",\"potentialAction\":[{\"@type\":\"ReadAction\",\"target\":[\"https:\\\/\\\/djgerreg.de\\\/rabattaktion\\\/\"]}]},{\"@type\":\"ImageObject\",\"inLanguage\":\"es\",\"@id\":\"https:\\\/\\\/djgerreg.de\\\/rabattaktion\\\/#primaryimage\",\"url\":\"https:\\\/\\\/djgerreg.de\\\/wp-content\\\/uploads\\\/2024\\\/01\\\/Ueber-mich-DJ-GerreG-und-Rudel.jpg\",\"contentUrl\":\"https:\\\/\\\/djgerreg.de\\\/wp-content\\\/uploads\\\/2024\\\/01\\\/Ueber-mich-DJ-GerreG-und-Rudel.jpg\",\"width\":970,\"height\":509,\"caption\":\"\u00dcber mich - DJ GerreG und Rudel\"},{\"@type\":\"BreadcrumbList\",\"@id\":\"https:\\\/\\\/djgerreg.de\\\/rabattaktion\\\/#breadcrumb\",\"itemListElement\":[{\"@type\":\"ListItem\",\"position\":1,\"name\":\"Startseite\",\"item\":\"https:\\\/\\\/djgerreg.de\\\/\"},{\"@type\":\"ListItem\",\"position\":2,\"name\":\"Rabattaktion\"}]},{\"@type\":\"WebSite\",\"@id\":\"https:\\\/\\\/djgerreg.de\\\/#website\",\"url\":\"https:\\\/\\\/djgerreg.de\\\/\",\"name\":\"DJ GerreG - Feel The Music\",\"description\":\"Event DJ Worldwide - New York - Rio - Tokio\",\"publisher\":{\"@id\":\"https:\\\/\\\/djgerreg.de\\\/#organization\"},\"potentialAction\":[{\"@type\":\"SearchAction\",\"target\":{\"@type\":\"EntryPoint\",\"urlTemplate\":\"https:\\\/\\\/djgerreg.de\\\/?s={search_term_string}\"},\"query-input\":{\"@type\":\"PropertyValueSpecification\",\"valueRequired\":true,\"valueName\":\"search_term_string\"}}],\"inLanguage\":\"es\"},{\"@type\":\"Organization\",\"@id\":\"https:\\\/\\\/djgerreg.de\\\/#organization\",\"name\":\"DJ GerreG - Feel The Music\",\"url\":\"https:\\\/\\\/djgerreg.de\\\/\",\"logo\":{\"@type\":\"ImageObject\",\"inLanguage\":\"es\",\"@id\":\"https:\\\/\\\/djgerreg.de\\\/#\\\/schema\\\/logo\\\/image\\\/\",\"url\":\"https:\\\/\\\/djgerreg.de\\\/wp-content\\\/uploads\\\/2024\\\/01\\\/DJ-GerreG-The-Best-Music-In-Town.jpg\",\"contentUrl\":\"https:\\\/\\\/djgerreg.de\\\/wp-content\\\/uploads\\\/2024\\\/01\\\/DJ-GerreG-The-Best-Music-In-Town.jpg\",\"width\":300,\"height\":87,\"caption\":\"DJ GerreG - Feel The Music\"},\"image\":{\"@id\":\"https:\\\/\\\/djgerreg.de\\\/#\\\/schema\\\/logo\\\/image\\\/\"}}]}<\/script>\n<!-- \/ Yoast SEO Premium plugin. -->","yoast_head_json":{"title":"Campa\u00f1a de descuentos","description":"Aqu\u00ed puedes enterarte de mis promociones de descuento, que aparecen aqu\u00ed espor\u00e1dicamente. Merece la pena consultar esta p\u00e1gina de vez en cuando.","robots":{"index":"noindex","follow":"follow"},"og_locale":"es_ES","og_type":"article","og_title":"\u00dcber Mich - Pers\u00f6nliches \u00fcber Holger Korsten","og_description":"Hier erf\u00e4hrst du Pers\u00f6nliches \u00fcber mich: Name: Holger Korsten | Erfahrung: \u00fcber 25 Jahre | Spezialgebiet: Hochzeiten | uvm.","og_url":"https:\/\/djgerreg.de\/es\/campana-de-descuentos\/","og_site_name":"DJ GerreG - Feel The Music","article_modified_time":"2026-02-01T11:40:10+00:00","og_image":[{"url":"https:\/\/djgerreg.de\/wp-content\/uploads\/2024\/01\/Ueber-mich-DJ-GerreG-und-Rudel.jpg","type":"","width":"","height":""}],"twitter_card":"summary_large_image","twitter_title":"\u00dcber Mich - Pers\u00f6nliches \u00fcber Holger Korsten","twitter_description":"Hier erf\u00e4hrst du Pers\u00f6nliches \u00fcber mich: Name: Holger Korsten | Erfahrung: \u00fcber 25 Jahre | Spezialgebiet: Hochzeiten | uvm.","twitter_image":"https:\/\/djgerreg.de\/wp-content\/uploads\/2024\/01\/Ueber-mich-DJ-GerreG-und-Rudel.jpg","twitter_misc":{"Tiempo de lectura":"15 minutos"},"schema":{"@context":"https:\/\/schema.org","@graph":[{"@type":"WebPage","@id":"https:\/\/djgerreg.de\/rabattaktion\/","url":"https:\/\/djgerreg.de\/rabattaktion\/","name":"Campa\u00f1a de descuentos","isPartOf":{"@id":"https:\/\/djgerreg.de\/#website"},"primaryImageOfPage":{"@id":"https:\/\/djgerreg.de\/rabattaktion\/#primaryimage"},"image":{"@id":"https:\/\/djgerreg.de\/rabattaktion\/#primaryimage"},"thumbnailUrl":"https:\/\/djgerreg.de\/wp-content\/uploads\/2024\/01\/Ueber-mich-DJ-GerreG-und-Rudel.jpg","datePublished":"2026-01-30T10:19:11+00:00","dateModified":"2026-02-01T11:40:10+00:00","description":"Aqu\u00ed puedes enterarte de mis promociones de descuento, que aparecen aqu\u00ed espor\u00e1dicamente. Merece la pena consultar esta p\u00e1gina de vez en cuando.","breadcrumb":{"@id":"https:\/\/djgerreg.de\/rabattaktion\/#breadcrumb"},"inLanguage":"es","potentialAction":[{"@type":"ReadAction","target":["https:\/\/djgerreg.de\/rabattaktion\/"]}]},{"@type":"ImageObject","inLanguage":"es","@id":"https:\/\/djgerreg.de\/rabattaktion\/#primaryimage","url":"https:\/\/djgerreg.de\/wp-content\/uploads\/2024\/01\/Ueber-mich-DJ-GerreG-und-Rudel.jpg","contentUrl":"https:\/\/djgerreg.de\/wp-content\/uploads\/2024\/01\/Ueber-mich-DJ-GerreG-und-Rudel.jpg","width":970,"height":509,"caption":"\u00dcber mich - DJ GerreG und Rudel"},{"@type":"BreadcrumbList","@id":"https:\/\/djgerreg.de\/rabattaktion\/#breadcrumb","itemListElement":[{"@type":"ListItem","position":1,"name":"Startseite","item":"https:\/\/djgerreg.de\/"},{"@type":"ListItem","position":2,"name":"Rabattaktion"}]},{"@type":"WebSite","@id":"https:\/\/djgerreg.de\/#website","url":"https:\/\/djgerreg.de\/","name":"DJ GerreG - Siente la M\u00fasica","description":"DJ de eventos en todo el mundo - Nueva York - R\u00edo - Tokio","publisher":{"@id":"https:\/\/djgerreg.de\/#organization"},"potentialAction":[{"@type":"SearchAction","target":{"@type":"EntryPoint","urlTemplate":"https:\/\/djgerreg.de\/?s={search_term_string}"},"query-input":{"@type":"PropertyValueSpecification","valueRequired":true,"valueName":"search_term_string"}}],"inLanguage":"es"},{"@type":"Organization","@id":"https:\/\/djgerreg.de\/#organization","name":"DJ GerreG - Siente la M\u00fasica","url":"https:\/\/djgerreg.de\/","logo":{"@type":"ImageObject","inLanguage":"es","@id":"https:\/\/djgerreg.de\/#\/schema\/logo\/image\/","url":"https:\/\/djgerreg.de\/wp-content\/uploads\/2024\/01\/DJ-GerreG-The-Best-Music-In-Town.jpg","contentUrl":"https:\/\/djgerreg.de\/wp-content\/uploads\/2024\/01\/DJ-GerreG-The-Best-Music-In-Town.jpg","width":300,"height":87,"caption":"DJ GerreG - Feel The Music"},"image":{"@id":"https:\/\/djgerreg.de\/#\/schema\/logo\/image\/"}}]}},"_links":{"self":[{"href":"https:\/\/djgerreg.de\/es\/wp-json\/wp\/v2\/pages\/6085","targetHints":{"allow":["GET"]}}],"collection":[{"href":"https:\/\/djgerreg.de\/es\/wp-json\/wp\/v2\/pages"}],"about":[{"href":"https:\/\/djgerreg.de\/es\/wp-json\/wp\/v2\/types\/page"}],"author":[{"embeddable":true,"href":"https:\/\/djgerreg.de\/es\/wp-json\/wp\/v2\/users\/1"}],"replies":[{"embeddable":true,"href":"https:\/\/djgerreg.de\/es\/wp-json\/wp\/v2\/comments?post=6085"}],"version-history":[{"count":6,"href":"https:\/\/djgerreg.de\/es\/wp-json\/wp\/v2\/pages\/6085\/revisions"}],"predecessor-version":[{"id":6098,"href":"https:\/\/djgerreg.de\/es\/wp-json\/wp\/v2\/pages\/6085\/revisions\/6098"}],"wp:featuredmedia":[{"embeddable":true,"href":"https:\/\/djgerreg.de\/es\/wp-json\/wp\/v2\/media\/505"}],"wp:attachment":[{"href":"https:\/\/djgerreg.de\/es\/wp-json\/wp\/v2\/media?parent=6085"}],"curies":[{"name":"wp","href":"https:\/\/api.w.org\/{rel}","templated":true}]}}