{"id":6924,"date":"2026-04-12T17:24:50","date_gmt":"2026-04-12T15:24:50","guid":{"rendered":"https:\/\/djgerreg.de\/?page_id=6924"},"modified":"2026-04-12T18:04:45","modified_gmt":"2026-04-12T16:04:45","slug":"rescatar-un-perro-gracias","status":"publish","type":"page","link":"https:\/\/djgerreg.de\/es\/einen-hund-retten-danke\/","title":{"rendered":"Rescatar un perro \ud83d\udc3e GRACIAS DE TODO CORAZ\u00d3N"},"content":{"rendered":"<h1>\n\t\t\tMUCHAS GRACIAS POR TU DONACI\u00d3N \ud83d\ude4f\ud83d\ude4f\ud83d\ude4f\t<\/h1>\n\t<strong data-start=\"296\" data-end=\"321\">Gracias de coraz\u00f3n \u2764\ufe0f\ud83d\udc3e<\/strong>\nMit deiner Unterst\u00fctzung hast du gerade geholfen, einem Hund eine echte Chance auf Leben zu geben.\nF\u00fcr viele dieser Tiere entscheidet sich innerhalb weniger Tage alles.<br data-start=\"492\" data-end=\"495\" \/>Dein Beitrag macht genau hier den Unterschied.\n\ud83d\udc49 Ich \u00fcbernehme einen Teil der Kosten selbst &#8211; gemeinsam schaffen wir es, den n\u00e4chsten Hund zu retten.\nIch halte dich auf meinen Kan\u00e4len auf dem Laufenden, welcher Hund durch diese Unterst\u00fctzung gerettet werden konnte.\n<strong data-start=\"765\" data-end=\"802\">Gracias por no apartar la mirada \ud83d\ude4f<\/strong>\n\t\t\t<a href=\"https:\/\/djgerreg.de\/es\/proteccion-animal\/\"  target=\"_self\">\n\t\t\t\t\t\t\tAqu\u00ed encontrar\u00e1s m\u00e1s informaci\u00f3n sobre mi compromiso social.\n\t\t\t\t\t<\/a>\n\t\t\t<a href=\"https:\/\/www.instagram.com\/djgerreg\/\"  target=\"_blank\" rel=\"noopener\">\n\t\t\t\t\t\t\t\ud83d\udc49 Folge mir auf Instagram &#038; verfolge die Rettung \ud83d\udc3e\n\t\t\t\t\t<\/a>\n<figure itemscope itemtype=\"https:\/\/schema.org\/ImageObject\">\n\t\t\t\t<img decoding=\"async\" src=\"https:\/\/djgerreg.de\/wp-content\/uploads\/2025\/10\/Unser-Engagement.jpg\" alt=\"Holger Korsten\" height=\"320\" width=\"240\" title=\"Holger Korsten\" onerror=\"this.style.display='none'\" loading=\"lazy\" \/>\n\t<\/figure>\n\n<div class=\"shariff shariff-align-center shariff-widget-align-center\" style=\"display:none\" data-services=\"facebook\" data-url=\"https%3A%2F%2Fdjgerreg.de%2Fes%2Feinen-hund-retten-danke%2F\" data-timestamp=\"1776017085\" data-hidezero=\"1\" data-backendurl=\"https:\/\/djgerreg.de\/es\/wp-json\/shariff\/v1\/share_counts?\"><ul class=\"shariff-buttons theme-grey orientation-horizontal buttonsize-medium\"><li class=\"shariff-button facebook shariff-nocustomcolor\" style=\"background-color:#4273c8\"><a href=\"https:\/\/www.facebook.com\/sharer\/sharer.php?u=https%3A%2F%2Fdjgerreg.de%2Fes%2Feinen-hund-retten-danke%2F\" title=\"Compartir en Facebook\" aria-label=\"Compartir en Facebook\" role=\"button\" rel=\"nofollow\" class=\"shariff-link\" style=\"; background-color:#3b5998; color:#fff\" target=\"_blank\"><span class=\"shariff-icon\" style=\"\"><svg width=\"32px\" height=\"20px\" xmlns=\"http:\/\/www.w3.org\/2000\/svg\" viewbox=\"0 0 18 32\"><path fill=\"#3b5998\" d=\"M17.1 0.2v4.7h-2.8q-1.5 0-2.1 0.6t-0.5 1.9v3.4h5.2l-0.7 5.3h-4.5v13.6h-5.5v-13.6h-4.5v-5.3h4.5v-3.9q0-3.3 1.9-5.2t5-1.8q2.6 0 4.1 0.2z\"\/><\/svg><\/span><span class=\"shariff-text\">Compartir<\/span>&nbsp;<span data-service=\"facebook\" style=\"color:#3b5998\" class=\"shariff-count shariff-hidezero\"><\/span>&nbsp;<\/a><\/li><li class=\"shariff-button twitter shariff-nocustomcolor\" style=\"background-color:#595959\"><a href=\"https:\/\/twitter.com\/share?url=https%3A%2F%2Fdjgerreg.de%2Fes%2Feinen-hund-retten-danke%2F&text=Einen%20Hund%20retten%20%F0%9F%90%BE%20DANKE%20VON%20GANZEM%20HERZEN\" title=\"Compartir en X\" aria-label=\"Compartir en X\" role=\"button\" rel=\"noopener nofollow\" class=\"shariff-link\" style=\"; background-color:#000; color:#fff\" target=\"_blank\"><span class=\"shariff-icon\" style=\"\"><svg width=\"32px\" height=\"20px\" xmlns=\"http:\/\/www.w3.org\/2000\/svg\" viewbox=\"0 0 24 24\"><path fill=\"#000\" d=\"M14.258 10.152L23.176 0h-2.113l-7.747 8.813L7.133 0H0l9.352 13.328L0 23.973h2.113l8.176-9.309 6.531 9.309h7.133zm-2.895 3.293l-.949-1.328L2.875 1.56h3.246l6.086 8.523.945 1.328 7.91 11.078h-3.246zm0 0\"\/><\/svg><\/span><span class=\"shariff-text\">Compartir<\/span>&nbsp;<\/a><\/li><li class=\"shariff-button linkedin shariff-nocustomcolor\" style=\"background-color:#1488bf\"><a href=\"https:\/\/www.linkedin.com\/sharing\/share-offsite\/?url=https%3A%2F%2Fdjgerreg.de%2Fes%2Feinen-hund-retten-danke%2F\" title=\"Compartir en LinkedIn\" aria-label=\"Compartir en LinkedIn\" role=\"button\" rel=\"noopener nofollow\" class=\"shariff-link\" style=\"; background-color:#0077b5; color:#fff\" target=\"_blank\"><span class=\"shariff-icon\" style=\"\"><svg width=\"32px\" height=\"20px\" xmlns=\"http:\/\/www.w3.org\/2000\/svg\" viewbox=\"0 0 27 32\"><path fill=\"#0077b5\" d=\"M6.2 11.2v17.7h-5.9v-17.7h5.9zM6.6 5.7q0 1.3-0.9 2.2t-2.4 0.9h0q-1.5 0-2.4-0.9t-0.9-2.2 0.9-2.2 2.4-0.9 2.4 0.9 0.9 2.2zM27.4 18.7v10.1h-5.9v-9.5q0-1.9-0.7-2.9t-2.3-1.1q-1.1 0-1.9 0.6t-1.2 1.5q-0.2 0.5-0.2 1.4v9.9h-5.9q0-7.1 0-11.6t0-5.3l0-0.9h5.9v2.6h0q0.4-0.6 0.7-1t1-0.9 1.6-0.8 2-0.3q3 0 4.9 2t1.9 6z\"\/><\/svg><\/span><span class=\"shariff-text\">Compartir<\/span>&nbsp;<\/a><\/li><\/ul><\/div>","protected":false},"excerpt":{"rendered":"<p>HERZLICHEN DANK F\u00dcR DEINE SPENDE \ud83d\ude4f\ud83d\ude4f\ud83d\ude4f Danke von Herzen \u2764\ufe0f\ud83d\udc3e Mit deiner Unterst\u00fctzung hast du gerade geholfen, einem Hund eine echte Chance auf Leben zu geben. F\u00fcr viele dieser Tiere entscheidet sich innerhalb weniger Tage alles.Dein Beitrag macht genau hier den Unterschied. \ud83d\udc49 Ich \u00fcbernehme einen Teil der Kosten selbst &#8211; gemeinsam schaffen wir es, [&hellip;]<\/p>\n","protected":false},"author":1,"featured_media":6920,"parent":0,"menu_order":0,"comment_status":"closed","ping_status":"closed","template":"","meta":{"site-sidebar-layout":"no-sidebar","site-content-layout":"page-builder","ast-site-content-layout":"full-width-container","site-content-style":"boxed","site-sidebar-style":"default","ast-global-header-display":"","ast-banner-title-visibility":"","ast-main-header-display":"","ast-hfb-above-header-display":"","ast-hfb-below-header-display":"","ast-hfb-mobile-header-display":"","site-post-title":"disabled","ast-breadcrumbs-content":"","ast-featured-img":"disabled","footer-sml-layout":"","ast-disable-related-posts":"","theme-transparent-header-meta":"default","adv-header-id-meta":"","stick-header-meta":"default","header-above-stick-meta":"","header-main-stick-meta":"","header-below-stick-meta":"","astra-migrate-meta-layouts":"set","ast-page-background-enabled":"default","ast-page-background-meta":{"desktop":{"background-color":"","background-image":"","background-repeat":"repeat","background-position":"center center","background-size":"auto","background-attachment":"scroll","background-type":"","background-media":"","overlay-type":"","overlay-color":"","overlay-opacity":"","overlay-gradient":""},"tablet":{"background-color":"","background-image":"","background-repeat":"repeat","background-position":"center center","background-size":"auto","background-attachment":"scroll","background-type":"","background-media":"","overlay-type":"","overlay-color":"","overlay-opacity":"","overlay-gradient":""},"mobile":{"background-color":"","background-image":"","background-repeat":"repeat","background-position":"center center","background-size":"auto","background-attachment":"scroll","background-type":"","background-media":"","overlay-type":"","overlay-color":"","overlay-opacity":"","overlay-gradient":""}},"ast-content-background-meta":{"desktop":{"background-color":"var(--ast-global-color-5)","background-image":"","background-repeat":"repeat","background-position":"center center","background-size":"auto","background-attachment":"scroll","background-type":"","background-media":"","overlay-type":"","overlay-color":"","overlay-opacity":"","overlay-gradient":""},"tablet":{"background-color":"var(--ast-global-color-5)","background-image":"","background-repeat":"repeat","background-position":"center center","background-size":"auto","background-attachment":"scroll","background-type":"","background-media":"","overlay-type":"","overlay-color":"","overlay-opacity":"","overlay-gradient":""},"mobile":{"background-color":"var(--ast-global-color-5)","background-image":"","background-repeat":"repeat","background-position":"center center","background-size":"auto","background-attachment":"scroll","background-type":"","background-media":"","overlay-type":"","overlay-color":"","overlay-opacity":"","overlay-gradient":""}},"footnotes":""},"class_list":["post-6924","page","type-page","status-publish","has-post-thumbnail","hentry"],"yoast_head":"<!-- This site is optimized with the Yoast SEO Premium plugin v24.3 (Yoast SEO v27.3) - https:\/\/yoast.com\/product\/yoast-seo-premium-wordpress\/ -->\n<title>Einen Hund retten \ud83d\udc3e DANKE VON GANZEM HERZEN<\/title>\n<meta name=\"robots\" content=\"noindex, follow\" \/>\n<meta property=\"og:locale\" content=\"es_ES\" \/>\n<meta property=\"og:type\" content=\"article\" \/>\n<meta property=\"og:title\" content=\"Einen Hund retten \ud83d\udc3e DANKE VON GANZEM HERZEN\" \/>\n<meta property=\"og:description\" content=\"HERZLICHEN DANK F\u00dcR DEINE SPENDE \ud83d\ude4f\ud83d\ude4f\ud83d\ude4f Danke von Herzen \u2764\ufe0f\ud83d\udc3e Mit deiner Unterst\u00fctzung hast du gerade geholfen, einem Hund eine echte Chance auf Leben zu geben. F\u00fcr viele dieser Tiere entscheidet sich innerhalb weniger Tage alles.Dein Beitrag macht genau hier den Unterschied. \ud83d\udc49 Ich \u00fcbernehme einen Teil der Kosten selbst &#8211; gemeinsam schaffen wir es, [&hellip;]\" \/>\n<meta property=\"og:url\" content=\"https:\/\/djgerreg.de\/es\/rescatar-un-perro-gracias\/\" \/>\n<meta property=\"og:site_name\" content=\"DJ GerreG - Feel The Music\" \/>\n<meta property=\"article:modified_time\" content=\"2026-04-12T16:04:45+00:00\" \/>\n<meta property=\"og:image\" content=\"https:\/\/djgerreg.de\/wp-content\/uploads\/2026\/04\/Einen-Hund-retten-Hunde-aus-Toetungsstationen-retten.jpg\" \/>\n\t<meta property=\"og:image:width\" content=\"1400\" \/>\n\t<meta property=\"og:image:height\" content=\"782\" \/>\n\t<meta property=\"og:image:type\" content=\"image\/jpeg\" \/>\n<meta name=\"twitter:card\" content=\"summary_large_image\" \/>\n<meta name=\"twitter:label1\" content=\"Tiempo de lectura\" \/>\n\t<meta name=\"twitter:data1\" content=\"3 minutos\" \/>\n<script type=\"application\/ld+json\" class=\"yoast-schema-graph\">{\"@context\":\"https:\\\/\\\/schema.org\",\"@graph\":[{\"@type\":\"WebPage\",\"@id\":\"https:\\\/\\\/djgerreg.de\\\/einen-hund-retten-danke\\\/\",\"url\":\"https:\\\/\\\/djgerreg.de\\\/einen-hund-retten-danke\\\/\",\"name\":\"Einen Hund retten \ud83d\udc3e DANKE VON GANZEM HERZEN\",\"isPartOf\":{\"@id\":\"https:\\\/\\\/djgerreg.de\\\/#website\"},\"primaryImageOfPage\":{\"@id\":\"https:\\\/\\\/djgerreg.de\\\/einen-hund-retten-danke\\\/#primaryimage\"},\"image\":{\"@id\":\"https:\\\/\\\/djgerreg.de\\\/einen-hund-retten-danke\\\/#primaryimage\"},\"thumbnailUrl\":\"https:\\\/\\\/djgerreg.de\\\/wp-content\\\/uploads\\\/2026\\\/04\\\/Einen-Hund-retten-Hunde-aus-Toetungsstationen-retten.jpg\",\"datePublished\":\"2026-04-12T15:24:50+00:00\",\"dateModified\":\"2026-04-12T16:04:45+00:00\",\"breadcrumb\":{\"@id\":\"https:\\\/\\\/djgerreg.de\\\/einen-hund-retten-danke\\\/#breadcrumb\"},\"inLanguage\":\"es\",\"potentialAction\":[{\"@type\":\"ReadAction\",\"target\":[\"https:\\\/\\\/djgerreg.de\\\/einen-hund-retten-danke\\\/\"]}]},{\"@type\":\"ImageObject\",\"inLanguage\":\"es\",\"@id\":\"https:\\\/\\\/djgerreg.de\\\/einen-hund-retten-danke\\\/#primaryimage\",\"url\":\"https:\\\/\\\/djgerreg.de\\\/wp-content\\\/uploads\\\/2026\\\/04\\\/Einen-Hund-retten-Hunde-aus-Toetungsstationen-retten.jpg\",\"contentUrl\":\"https:\\\/\\\/djgerreg.de\\\/wp-content\\\/uploads\\\/2026\\\/04\\\/Einen-Hund-retten-Hunde-aus-Toetungsstationen-retten.jpg\",\"width\":1400,\"height\":782,\"caption\":\"DJ GerreG rettet 25 Hunde aus T\u00f6tungsstationen vor dem Tod\"},{\"@type\":\"BreadcrumbList\",\"@id\":\"https:\\\/\\\/djgerreg.de\\\/einen-hund-retten-danke\\\/#breadcrumb\",\"itemListElement\":[{\"@type\":\"ListItem\",\"position\":1,\"name\":\"Startseite\",\"item\":\"https:\\\/\\\/djgerreg.de\\\/\"},{\"@type\":\"ListItem\",\"position\":2,\"name\":\"Einen Hund retten \ud83d\udc3e DANKE VON GANZEM HERZEN\"}]},{\"@type\":\"WebSite\",\"@id\":\"https:\\\/\\\/djgerreg.de\\\/#website\",\"url\":\"https:\\\/\\\/djgerreg.de\\\/\",\"name\":\"DJ GerreG - Feel The Music\",\"description\":\"Event DJ Worldwide - New York - Rio - Tokio\",\"publisher\":{\"@id\":\"https:\\\/\\\/djgerreg.de\\\/#organization\"},\"potentialAction\":[{\"@type\":\"SearchAction\",\"target\":{\"@type\":\"EntryPoint\",\"urlTemplate\":\"https:\\\/\\\/djgerreg.de\\\/?s={search_term_string}\"},\"query-input\":{\"@type\":\"PropertyValueSpecification\",\"valueRequired\":true,\"valueName\":\"search_term_string\"}}],\"inLanguage\":\"es\"},{\"@type\":\"Organization\",\"@id\":\"https:\\\/\\\/djgerreg.de\\\/#organization\",\"name\":\"DJ GerreG - Feel The Music\",\"url\":\"https:\\\/\\\/djgerreg.de\\\/\",\"logo\":{\"@type\":\"ImageObject\",\"inLanguage\":\"es\",\"@id\":\"https:\\\/\\\/djgerreg.de\\\/#\\\/schema\\\/logo\\\/image\\\/\",\"url\":\"https:\\\/\\\/djgerreg.de\\\/wp-content\\\/uploads\\\/2024\\\/01\\\/DJ-GerreG-The-Best-Music-In-Town.jpg\",\"contentUrl\":\"https:\\\/\\\/djgerreg.de\\\/wp-content\\\/uploads\\\/2024\\\/01\\\/DJ-GerreG-The-Best-Music-In-Town.jpg\",\"width\":300,\"height\":87,\"caption\":\"DJ GerreG - Feel The Music\"},\"image\":{\"@id\":\"https:\\\/\\\/djgerreg.de\\\/#\\\/schema\\\/logo\\\/image\\\/\"}}]}<\/script>\n<!-- \/ Yoast SEO Premium plugin. -->","yoast_head_json":{"title":"Rescatar un perro \ud83d\udc3e GRACIAS DE TODO CORAZ\u00d3N","robots":{"index":"noindex","follow":"follow"},"og_locale":"es_ES","og_type":"article","og_title":"Einen Hund retten \ud83d\udc3e DANKE VON GANZEM HERZEN","og_description":"HERZLICHEN DANK F\u00dcR DEINE SPENDE \ud83d\ude4f\ud83d\ude4f\ud83d\ude4f Danke von Herzen \u2764\ufe0f\ud83d\udc3e Mit deiner Unterst\u00fctzung hast du gerade geholfen, einem Hund eine echte Chance auf Leben zu geben. F\u00fcr viele dieser Tiere entscheidet sich innerhalb weniger Tage alles.Dein Beitrag macht genau hier den Unterschied. \ud83d\udc49 Ich \u00fcbernehme einen Teil der Kosten selbst &#8211; gemeinsam schaffen wir es, [&hellip;]","og_url":"https:\/\/djgerreg.de\/es\/rescatar-un-perro-gracias\/","og_site_name":"DJ GerreG - Feel The Music","article_modified_time":"2026-04-12T16:04:45+00:00","og_image":[{"width":1400,"height":782,"url":"https:\/\/djgerreg.de\/wp-content\/uploads\/2026\/04\/Einen-Hund-retten-Hunde-aus-Toetungsstationen-retten.jpg","type":"image\/jpeg"}],"twitter_card":"summary_large_image","twitter_misc":{"Tiempo de lectura":"3 minutos"},"schema":{"@context":"https:\/\/schema.org","@graph":[{"@type":"WebPage","@id":"https:\/\/djgerreg.de\/einen-hund-retten-danke\/","url":"https:\/\/djgerreg.de\/einen-hund-retten-danke\/","name":"Rescatar un perro \ud83d\udc3e GRACIAS DE TODO CORAZ\u00d3N","isPartOf":{"@id":"https:\/\/djgerreg.de\/#website"},"primaryImageOfPage":{"@id":"https:\/\/djgerreg.de\/einen-hund-retten-danke\/#primaryimage"},"image":{"@id":"https:\/\/djgerreg.de\/einen-hund-retten-danke\/#primaryimage"},"thumbnailUrl":"https:\/\/djgerreg.de\/wp-content\/uploads\/2026\/04\/Einen-Hund-retten-Hunde-aus-Toetungsstationen-retten.jpg","datePublished":"2026-04-12T15:24:50+00:00","dateModified":"2026-04-12T16:04:45+00:00","breadcrumb":{"@id":"https:\/\/djgerreg.de\/einen-hund-retten-danke\/#breadcrumb"},"inLanguage":"es","potentialAction":[{"@type":"ReadAction","target":["https:\/\/djgerreg.de\/einen-hund-retten-danke\/"]}]},{"@type":"ImageObject","inLanguage":"es","@id":"https:\/\/djgerreg.de\/einen-hund-retten-danke\/#primaryimage","url":"https:\/\/djgerreg.de\/wp-content\/uploads\/2026\/04\/Einen-Hund-retten-Hunde-aus-Toetungsstationen-retten.jpg","contentUrl":"https:\/\/djgerreg.de\/wp-content\/uploads\/2026\/04\/Einen-Hund-retten-Hunde-aus-Toetungsstationen-retten.jpg","width":1400,"height":782,"caption":"DJ GerreG rettet 25 Hunde aus T\u00f6tungsstationen vor dem Tod"},{"@type":"BreadcrumbList","@id":"https:\/\/djgerreg.de\/einen-hund-retten-danke\/#breadcrumb","itemListElement":[{"@type":"ListItem","position":1,"name":"Startseite","item":"https:\/\/djgerreg.de\/"},{"@type":"ListItem","position":2,"name":"Einen Hund retten \ud83d\udc3e DANKE VON GANZEM HERZEN"}]},{"@type":"WebSite","@id":"https:\/\/djgerreg.de\/#website","url":"https:\/\/djgerreg.de\/","name":"DJ GerreG - Siente la M\u00fasica","description":"DJ de eventos en todo el mundo - Nueva York - R\u00edo - Tokio","publisher":{"@id":"https:\/\/djgerreg.de\/#organization"},"potentialAction":[{"@type":"SearchAction","target":{"@type":"EntryPoint","urlTemplate":"https:\/\/djgerreg.de\/?s={search_term_string}"},"query-input":{"@type":"PropertyValueSpecification","valueRequired":true,"valueName":"search_term_string"}}],"inLanguage":"es"},{"@type":"Organization","@id":"https:\/\/djgerreg.de\/#organization","name":"DJ GerreG - Siente la M\u00fasica","url":"https:\/\/djgerreg.de\/","logo":{"@type":"ImageObject","inLanguage":"es","@id":"https:\/\/djgerreg.de\/#\/schema\/logo\/image\/","url":"https:\/\/djgerreg.de\/wp-content\/uploads\/2024\/01\/DJ-GerreG-The-Best-Music-In-Town.jpg","contentUrl":"https:\/\/djgerreg.de\/wp-content\/uploads\/2024\/01\/DJ-GerreG-The-Best-Music-In-Town.jpg","width":300,"height":87,"caption":"DJ GerreG - Feel The Music"},"image":{"@id":"https:\/\/djgerreg.de\/#\/schema\/logo\/image\/"}}]}},"_links":{"self":[{"href":"https:\/\/djgerreg.de\/es\/wp-json\/wp\/v2\/pages\/6924","targetHints":{"allow":["GET"]}}],"collection":[{"href":"https:\/\/djgerreg.de\/es\/wp-json\/wp\/v2\/pages"}],"about":[{"href":"https:\/\/djgerreg.de\/es\/wp-json\/wp\/v2\/types\/page"}],"author":[{"embeddable":true,"href":"https:\/\/djgerreg.de\/es\/wp-json\/wp\/v2\/users\/1"}],"replies":[{"embeddable":true,"href":"https:\/\/djgerreg.de\/es\/wp-json\/wp\/v2\/comments?post=6924"}],"version-history":[{"count":4,"href":"https:\/\/djgerreg.de\/es\/wp-json\/wp\/v2\/pages\/6924\/revisions"}],"predecessor-version":[{"id":6930,"href":"https:\/\/djgerreg.de\/es\/wp-json\/wp\/v2\/pages\/6924\/revisions\/6930"}],"wp:featuredmedia":[{"embeddable":true,"href":"https:\/\/djgerreg.de\/es\/wp-json\/wp\/v2\/media\/6920"}],"wp:attachment":[{"href":"https:\/\/djgerreg.de\/es\/wp-json\/wp\/v2\/media?parent=6924"}],"curies":[{"name":"wp","href":"https:\/\/api.w.org\/{rel}","templated":true}]}}