{"id":1241,"date":"2025-04-07T22:19:33","date_gmt":"2025-04-07T20:19:33","guid":{"rendered":"https:\/\/djgerreg.de\/?page_id=1241"},"modified":"2025-04-07T22:34:34","modified_gmt":"2025-04-07T20:34:34","slug":"recommandation","status":"publish","type":"page","link":"https:\/\/djgerreg.de\/fr\/empfehlung\/","title":{"rendered":"Recommandation"},"content":{"rendered":"<strong data-start=\"157\" data-end=\"199\"><img decoding=\"async\" role=\"img\" draggable=\"false\" src=\"https:\/\/s.w.org\/images\/core\/emoji\/15.0.3\/svg\/1f389.svg\" alt=\"\ud83c\udf89\" \/> Recommander des amis &amp; faire doublement la f\u00eate !<\/strong>\n\t<p>Tu as \u00e9t\u00e9 heureux avec moi en tant que DJ \u00e0 ta f\u00eate et tu aimerais le faire savoir ?<\/p>\n<p>Dann empfehle mich doch einfach weiter an Freunde, Verwandte oder Kollegen &#8211; und hol dir daf\u00fcr <strong data-start=\"379\" data-end=\"417\">ton bon d'achat personnel de 50<\/strong>!<\/p>\n<p><img decoding=\"async\" role=\"img\" draggable=\"false\" src=\"https:\/\/s.w.org\/images\/core\/emoji\/15.0.3\/svg\/1f4a1.svg\" alt=\"\ud83d\udca1\" \/><strong> So funktioniert&#8217;s: <\/strong><\/p>\n<img decoding=\"async\" role=\"img\" draggable=\"false\" src=\"https:\/\/s.w.org\/images\/core\/emoji\/15.0.3\/svg\/1f539.svg\" alt=\"\ud83d\udd39\" \/> Recommande-moi via le formulaire ci-dessous<br \/>\n<img decoding=\"async\" role=\"img\" draggable=\"false\" src=\"https:\/\/s.w.org\/images\/core\/emoji\/15.0.3\/svg\/1f539.svg\" alt=\"\ud83d\udd39\" \/> D\u00e8s que ton parrain aura fait une r\u00e9servation ferme, tu recevras ton <strong>50 \u20ac de bon DJ<\/strong><br \/>\n<img decoding=\"async\" role=\"img\" draggable=\"false\" src=\"https:\/\/s.w.org\/images\/core\/emoji\/15.0.3\/svg\/1f539.svg\" alt=\"\ud83d\udd39\" \/> Et le meilleur : la personne recommand\u00e9e b\u00e9n\u00e9ficie \u00e9galement d'une r\u00e9duction de 50 \u20ac ! Gagnant-gagnant ! <img decoding=\"async\" role=\"img\" draggable=\"false\" src=\"https:\/\/s.w.org\/images\/core\/emoji\/15.0.3\/svg\/1f973.svg\" alt=\"\ud83e\udd73\" \/>\nUnd ja &#8211; <strong data-start=\"670\" data-end=\"712\">tu peux bien s\u00fbr recommander plusieurs fois<\/strong>. Pro Empfehlung gibt&#8217;s jeweils 50 \u20ac auf dein DJ-Konto &#8211; <strong>tu pourras peut-\u00eatre m\u00eame me laisser animer ta prochaine f\u00eate gratuitement !<\/strong> <img decoding=\"async\" role=\"img\" draggable=\"false\" src=\"https:\/\/s.w.org\/images\/core\/emoji\/15.0.3\/svg\/1f604.svg\" alt=\"\ud83d\ude04\" \/>\n\t<p><img decoding=\"async\" role=\"img\" draggable=\"false\" src=\"https:\/\/s.w.org\/images\/core\/emoji\/15.0.3\/svg\/1f381.svg\" alt=\"\ud83c\udf81\" \/> <strong>\u201eRecommandez maintenant &amp; obtenez un bon d'achat de 50\u20ac :<\/strong><\/p>\n\n\n<div class=\"shariff shariff-align-center shariff-widget-align-center\" style=\"display:none\" data-services=\"facebook\" data-url=\"https%3A%2F%2Fdjgerreg.de%2Ffr%2Fempfehlung%2F\" data-timestamp=\"1744065274\" data-hidezero=\"1\" data-backendurl=\"https:\/\/djgerreg.de\/fr\/wp-json\/shariff\/v1\/share_counts?\"><ul class=\"shariff-buttons theme-grey orientation-horizontal buttonsize-medium\"><li class=\"shariff-button facebook shariff-nocustomcolor\" style=\"background-color:#4273c8\"><a href=\"https:\/\/www.facebook.com\/sharer\/sharer.php?u=https%3A%2F%2Fdjgerreg.de%2Ffr%2Fempfehlung%2F\" title=\"Partager sur Facebook\" aria-label=\"Partager sur Facebook\" role=\"button\" rel=\"nofollow\" class=\"shariff-link\" style=\"; background-color:#3b5998; color:#fff\" target=\"_blank\"><span class=\"shariff-icon\" style=\"\"><svg width=\"32px\" height=\"20px\" xmlns=\"http:\/\/www.w3.org\/2000\/svg\" viewbox=\"0 0 18 32\"><path fill=\"#3b5998\" d=\"M17.1 0.2v4.7h-2.8q-1.5 0-2.1 0.6t-0.5 1.9v3.4h5.2l-0.7 5.3h-4.5v13.6h-5.5v-13.6h-4.5v-5.3h4.5v-3.9q0-3.3 1.9-5.2t5-1.8q2.6 0 4.1 0.2z\"\/><\/svg><\/span><span class=\"shariff-text\">partager<\/span>&nbsp;<span data-service=\"facebook\" style=\"color:#3b5998\" class=\"shariff-count shariff-hidezero\"><\/span>&nbsp;<\/a><\/li><li class=\"shariff-button twitter shariff-nocustomcolor\" style=\"background-color:#595959\"><a href=\"https:\/\/twitter.com\/share?url=https%3A%2F%2Fdjgerreg.de%2Ffr%2Fempfehlung%2F&text=Empfehlung\" title=\"Partager sur X\" aria-label=\"Partager sur X\" role=\"button\" rel=\"noopener nofollow\" class=\"shariff-link\" style=\"; background-color:#000; color:#fff\" target=\"_blank\"><span class=\"shariff-icon\" style=\"\"><svg width=\"32px\" height=\"20px\" xmlns=\"http:\/\/www.w3.org\/2000\/svg\" viewbox=\"0 0 24 24\"><path fill=\"#000\" d=\"M14.258 10.152L23.176 0h-2.113l-7.747 8.813L7.133 0H0l9.352 13.328L0 23.973h2.113l8.176-9.309 6.531 9.309h7.133zm-2.895 3.293l-.949-1.328L2.875 1.56h3.246l6.086 8.523.945 1.328 7.91 11.078h-3.246zm0 0\"\/><\/svg><\/span><span class=\"shariff-text\">partager<\/span>&nbsp;<\/a><\/li><li class=\"shariff-button linkedin shariff-nocustomcolor\" style=\"background-color:#1488bf\"><a href=\"https:\/\/www.linkedin.com\/sharing\/share-offsite\/?url=https%3A%2F%2Fdjgerreg.de%2Ffr%2Fempfehlung%2F\" title=\"Partager sur LinkedIn\" aria-label=\"Partager sur LinkedIn\" role=\"button\" rel=\"noopener nofollow\" class=\"shariff-link\" style=\"; background-color:#0077b5; color:#fff\" target=\"_blank\"><span class=\"shariff-icon\" style=\"\"><svg width=\"32px\" height=\"20px\" xmlns=\"http:\/\/www.w3.org\/2000\/svg\" viewbox=\"0 0 27 32\"><path fill=\"#0077b5\" d=\"M6.2 11.2v17.7h-5.9v-17.7h5.9zM6.6 5.7q0 1.3-0.9 2.2t-2.4 0.9h0q-1.5 0-2.4-0.9t-0.9-2.2 0.9-2.2 2.4-0.9 2.4 0.9 0.9 2.2zM27.4 18.7v10.1h-5.9v-9.5q0-1.9-0.7-2.9t-2.3-1.1q-1.1 0-1.9 0.6t-1.2 1.5q-0.2 0.5-0.2 1.4v9.9h-5.9q0-7.1 0-11.6t0-5.3l0-0.9h5.9v2.6h0q0.4-0.6 0.7-1t1-0.9 1.6-0.8 2-0.3q3 0 4.9 2t1.9 6z\"\/><\/svg><\/span><span class=\"shariff-text\">partager<\/span>&nbsp;<\/a><\/li><\/ul><\/div>","protected":false},"excerpt":{"rendered":"<p>Freunde empfehlen &amp; doppelt feiern! Du warst mit mir als DJ auf deiner Party happy und m\u00f6chtest das gern weitergeben? Dann empfehle mich doch einfach weiter an Freunde, Verwandte oder Kollegen &#8211; und hol dir daf\u00fcr deinen pers\u00f6nlichen 50\u202f\u20ac Gutschein! So funktioniert&#8217;s: Empfehle mich \u00fcber das untenstehende Formular Sobald deine Empfehlung verbindlich bucht, bekommst du [&hellip;]<\/p>\n","protected":false},"author":1,"featured_media":1244,"parent":0,"menu_order":0,"comment_status":"closed","ping_status":"closed","template":"","meta":{"site-sidebar-layout":"no-sidebar","site-content-layout":"page-builder","ast-site-content-layout":"full-width-container","site-content-style":"default","site-sidebar-style":"default","ast-global-header-display":"","ast-banner-title-visibility":"","ast-main-header-display":"","ast-hfb-above-header-display":"","ast-hfb-below-header-display":"","ast-hfb-mobile-header-display":"","site-post-title":"disabled","ast-breadcrumbs-content":"","ast-featured-img":"disabled","footer-sml-layout":"","ast-disable-related-posts":"","theme-transparent-header-meta":"default","adv-header-id-meta":"","stick-header-meta":"default","header-above-stick-meta":"","header-main-stick-meta":"","header-below-stick-meta":"","astra-migrate-meta-layouts":"set","ast-page-background-enabled":"default","ast-page-background-meta":{"desktop":{"background-color":"","background-image":"","background-repeat":"repeat","background-position":"center center","background-size":"auto","background-attachment":"scroll","background-type":"","background-media":"","overlay-type":"","overlay-color":"","overlay-opacity":"","overlay-gradient":""},"tablet":{"background-color":"","background-image":"","background-repeat":"repeat","background-position":"center center","background-size":"auto","background-attachment":"scroll","background-type":"","background-media":"","overlay-type":"","overlay-color":"","overlay-opacity":"","overlay-gradient":""},"mobile":{"background-color":"","background-image":"","background-repeat":"repeat","background-position":"center center","background-size":"auto","background-attachment":"scroll","background-type":"","background-media":"","overlay-type":"","overlay-color":"","overlay-opacity":"","overlay-gradient":""}},"ast-content-background-meta":{"desktop":{"background-color":"var(--ast-global-color-5)","background-image":"","background-repeat":"repeat","background-position":"center center","background-size":"auto","background-attachment":"scroll","background-type":"","background-media":"","overlay-type":"","overlay-color":"","overlay-opacity":"","overlay-gradient":""},"tablet":{"background-color":"var(--ast-global-color-5)","background-image":"","background-repeat":"repeat","background-position":"center center","background-size":"auto","background-attachment":"scroll","background-type":"","background-media":"","overlay-type":"","overlay-color":"","overlay-opacity":"","overlay-gradient":""},"mobile":{"background-color":"var(--ast-global-color-5)","background-image":"","background-repeat":"repeat","background-position":"center center","background-size":"auto","background-attachment":"scroll","background-type":"","background-media":"","overlay-type":"","overlay-color":"","overlay-opacity":"","overlay-gradient":""}},"footnotes":""},"class_list":["post-1241","page","type-page","status-publish","has-post-thumbnail","hentry"],"yoast_head":"<!-- This site is optimized with the Yoast SEO Premium plugin v24.3 (Yoast SEO v27.3) - https:\/\/yoast.com\/product\/yoast-seo-premium-wordpress\/ -->\n<title>Empfehlung<\/title>\n<meta name=\"robots\" content=\"noindex, follow\" \/>\n<meta property=\"og:locale\" content=\"fr_FR\" \/>\n<meta property=\"og:type\" content=\"article\" \/>\n<meta property=\"og:title\" content=\"Empfehlung\" \/>\n<meta property=\"og:description\" content=\"Freunde empfehlen &amp; doppelt feiern! Du warst mit mir als DJ auf deiner Party happy und m\u00f6chtest das gern weitergeben? Dann empfehle mich doch einfach weiter an Freunde, Verwandte oder Kollegen &#8211; und hol dir daf\u00fcr deinen pers\u00f6nlichen 50\u202f\u20ac Gutschein! So funktioniert&#8217;s: Empfehle mich \u00fcber das untenstehende Formular Sobald deine Empfehlung verbindlich bucht, bekommst du [&hellip;]\" \/>\n<meta property=\"og:url\" content=\"https:\/\/djgerreg.de\/fr\/recommandation\/\" \/>\n<meta property=\"og:site_name\" content=\"DJ GerreG - Feel The Music\" \/>\n<meta property=\"article:modified_time\" content=\"2025-04-07T20:34:34+00:00\" \/>\n<meta name=\"twitter:card\" content=\"summary_large_image\" \/>\n<script type=\"application\/ld+json\" class=\"yoast-schema-graph\">{\"@context\":\"https:\\\/\\\/schema.org\",\"@graph\":[{\"@type\":\"WebPage\",\"@id\":\"https:\\\/\\\/djgerreg.de\\\/empfehlung\\\/\",\"url\":\"https:\\\/\\\/djgerreg.de\\\/empfehlung\\\/\",\"name\":\"Empfehlung\",\"isPartOf\":{\"@id\":\"https:\\\/\\\/djgerreg.de\\\/#website\"},\"primaryImageOfPage\":{\"@id\":\"https:\\\/\\\/djgerreg.de\\\/empfehlung\\\/#primaryimage\"},\"image\":{\"@id\":\"https:\\\/\\\/djgerreg.de\\\/empfehlung\\\/#primaryimage\"},\"thumbnailUrl\":\"https:\\\/\\\/djgerreg.de\\\/wp-content\\\/uploads\\\/2025\\\/04\\\/1f389-1.svg\",\"datePublished\":\"2025-04-07T20:19:33+00:00\",\"dateModified\":\"2025-04-07T20:34:34+00:00\",\"breadcrumb\":{\"@id\":\"https:\\\/\\\/djgerreg.de\\\/empfehlung\\\/#breadcrumb\"},\"inLanguage\":\"fr-FR\",\"potentialAction\":[{\"@type\":\"ReadAction\",\"target\":[\"https:\\\/\\\/djgerreg.de\\\/empfehlung\\\/\"]}]},{\"@type\":\"ImageObject\",\"inLanguage\":\"fr-FR\",\"@id\":\"https:\\\/\\\/djgerreg.de\\\/empfehlung\\\/#primaryimage\",\"url\":\"https:\\\/\\\/djgerreg.de\\\/wp-content\\\/uploads\\\/2025\\\/04\\\/1f389-1.svg\",\"contentUrl\":\"https:\\\/\\\/djgerreg.de\\\/wp-content\\\/uploads\\\/2025\\\/04\\\/1f389-1.svg\"},{\"@type\":\"BreadcrumbList\",\"@id\":\"https:\\\/\\\/djgerreg.de\\\/empfehlung\\\/#breadcrumb\",\"itemListElement\":[{\"@type\":\"ListItem\",\"position\":1,\"name\":\"Startseite\",\"item\":\"https:\\\/\\\/djgerreg.de\\\/\"},{\"@type\":\"ListItem\",\"position\":2,\"name\":\"Empfehlung\"}]},{\"@type\":\"WebSite\",\"@id\":\"https:\\\/\\\/djgerreg.de\\\/#website\",\"url\":\"https:\\\/\\\/djgerreg.de\\\/\",\"name\":\"DJ GerreG - Feel The Music\",\"description\":\"Event DJ Worldwide - New York - Rio - Tokio\",\"publisher\":{\"@id\":\"https:\\\/\\\/djgerreg.de\\\/#organization\"},\"potentialAction\":[{\"@type\":\"SearchAction\",\"target\":{\"@type\":\"EntryPoint\",\"urlTemplate\":\"https:\\\/\\\/djgerreg.de\\\/?s={search_term_string}\"},\"query-input\":{\"@type\":\"PropertyValueSpecification\",\"valueRequired\":true,\"valueName\":\"search_term_string\"}}],\"inLanguage\":\"fr-FR\"},{\"@type\":\"Organization\",\"@id\":\"https:\\\/\\\/djgerreg.de\\\/#organization\",\"name\":\"DJ GerreG - Feel The Music\",\"url\":\"https:\\\/\\\/djgerreg.de\\\/\",\"logo\":{\"@type\":\"ImageObject\",\"inLanguage\":\"fr-FR\",\"@id\":\"https:\\\/\\\/djgerreg.de\\\/#\\\/schema\\\/logo\\\/image\\\/\",\"url\":\"https:\\\/\\\/djgerreg.de\\\/wp-content\\\/uploads\\\/2024\\\/01\\\/DJ-GerreG-The-Best-Music-In-Town.jpg\",\"contentUrl\":\"https:\\\/\\\/djgerreg.de\\\/wp-content\\\/uploads\\\/2024\\\/01\\\/DJ-GerreG-The-Best-Music-In-Town.jpg\",\"width\":300,\"height\":87,\"caption\":\"DJ GerreG - Feel The Music\"},\"image\":{\"@id\":\"https:\\\/\\\/djgerreg.de\\\/#\\\/schema\\\/logo\\\/image\\\/\"}}]}<\/script>\n<!-- \/ Yoast SEO Premium plugin. -->","yoast_head_json":{"title":"Recommandation","robots":{"index":"noindex","follow":"follow"},"og_locale":"fr_FR","og_type":"article","og_title":"Empfehlung","og_description":"Freunde empfehlen &amp; doppelt feiern! Du warst mit mir als DJ auf deiner Party happy und m\u00f6chtest das gern weitergeben? Dann empfehle mich doch einfach weiter an Freunde, Verwandte oder Kollegen &#8211; und hol dir daf\u00fcr deinen pers\u00f6nlichen 50\u202f\u20ac Gutschein! So funktioniert&#8217;s: Empfehle mich \u00fcber das untenstehende Formular Sobald deine Empfehlung verbindlich bucht, bekommst du [&hellip;]","og_url":"https:\/\/djgerreg.de\/fr\/recommandation\/","og_site_name":"DJ GerreG - Feel The Music","article_modified_time":"2025-04-07T20:34:34+00:00","twitter_card":"summary_large_image","schema":{"@context":"https:\/\/schema.org","@graph":[{"@type":"WebPage","@id":"https:\/\/djgerreg.de\/empfehlung\/","url":"https:\/\/djgerreg.de\/empfehlung\/","name":"Recommandation","isPartOf":{"@id":"https:\/\/djgerreg.de\/#website"},"primaryImageOfPage":{"@id":"https:\/\/djgerreg.de\/empfehlung\/#primaryimage"},"image":{"@id":"https:\/\/djgerreg.de\/empfehlung\/#primaryimage"},"thumbnailUrl":"https:\/\/djgerreg.de\/wp-content\/uploads\/2025\/04\/1f389-1.svg","datePublished":"2025-04-07T20:19:33+00:00","dateModified":"2025-04-07T20:34:34+00:00","breadcrumb":{"@id":"https:\/\/djgerreg.de\/empfehlung\/#breadcrumb"},"inLanguage":"fr-FR","potentialAction":[{"@type":"ReadAction","target":["https:\/\/djgerreg.de\/empfehlung\/"]}]},{"@type":"ImageObject","inLanguage":"fr-FR","@id":"https:\/\/djgerreg.de\/empfehlung\/#primaryimage","url":"https:\/\/djgerreg.de\/wp-content\/uploads\/2025\/04\/1f389-1.svg","contentUrl":"https:\/\/djgerreg.de\/wp-content\/uploads\/2025\/04\/1f389-1.svg"},{"@type":"BreadcrumbList","@id":"https:\/\/djgerreg.de\/empfehlung\/#breadcrumb","itemListElement":[{"@type":"ListItem","position":1,"name":"Startseite","item":"https:\/\/djgerreg.de\/"},{"@type":"ListItem","position":2,"name":"Empfehlung"}]},{"@type":"WebSite","@id":"https:\/\/djgerreg.de\/#website","url":"https:\/\/djgerreg.de\/","name":"DJ GerreG - Ressentez la musique","description":"Event DJ Worldwide - New York - Rio - Tokyo","publisher":{"@id":"https:\/\/djgerreg.de\/#organization"},"potentialAction":[{"@type":"SearchAction","target":{"@type":"EntryPoint","urlTemplate":"https:\/\/djgerreg.de\/?s={search_term_string}"},"query-input":{"@type":"PropertyValueSpecification","valueRequired":true,"valueName":"search_term_string"}}],"inLanguage":"fr-FR"},{"@type":"Organization","@id":"https:\/\/djgerreg.de\/#organization","name":"DJ GerreG - Ressentez la musique","url":"https:\/\/djgerreg.de\/","logo":{"@type":"ImageObject","inLanguage":"fr-FR","@id":"https:\/\/djgerreg.de\/#\/schema\/logo\/image\/","url":"https:\/\/djgerreg.de\/wp-content\/uploads\/2024\/01\/DJ-GerreG-The-Best-Music-In-Town.jpg","contentUrl":"https:\/\/djgerreg.de\/wp-content\/uploads\/2024\/01\/DJ-GerreG-The-Best-Music-In-Town.jpg","width":300,"height":87,"caption":"DJ GerreG - Feel The Music"},"image":{"@id":"https:\/\/djgerreg.de\/#\/schema\/logo\/image\/"}}]}},"_links":{"self":[{"href":"https:\/\/djgerreg.de\/fr\/wp-json\/wp\/v2\/pages\/1241","targetHints":{"allow":["GET"]}}],"collection":[{"href":"https:\/\/djgerreg.de\/fr\/wp-json\/wp\/v2\/pages"}],"about":[{"href":"https:\/\/djgerreg.de\/fr\/wp-json\/wp\/v2\/types\/page"}],"author":[{"embeddable":true,"href":"https:\/\/djgerreg.de\/fr\/wp-json\/wp\/v2\/users\/1"}],"replies":[{"embeddable":true,"href":"https:\/\/djgerreg.de\/fr\/wp-json\/wp\/v2\/comments?post=1241"}],"version-history":[{"count":9,"href":"https:\/\/djgerreg.de\/fr\/wp-json\/wp\/v2\/pages\/1241\/revisions"}],"predecessor-version":[{"id":1252,"href":"https:\/\/djgerreg.de\/fr\/wp-json\/wp\/v2\/pages\/1241\/revisions\/1252"}],"wp:featuredmedia":[{"embeddable":true,"href":"https:\/\/djgerreg.de\/fr\/wp-json\/wp\/v2\/media\/1244"}],"wp:attachment":[{"href":"https:\/\/djgerreg.de\/fr\/wp-json\/wp\/v2\/media?parent=1241"}],"curies":[{"name":"wp","href":"https:\/\/api.w.org\/{rel}","templated":true}]}}