{"id":125,"date":"2021-01-29T05:22:58","date_gmt":"2021-01-29T04:22:58","guid":{"rendered":"https:\/\/djgerreg.de\/?page_id=125"},"modified":"2021-01-29T05:24:05","modified_gmt":"2021-01-29T04:24:05","slug":"nouvelles-et-contributions","status":"publish","type":"page","link":"https:\/\/djgerreg.de\/fr\/news-und-beitraege\/","title":{"rendered":"Actualit\u00e9s et contributions"},"content":{"rendered":"<p>Tu trouveras ici des nouvelles et des articles int\u00e9ressants sur le th\u00e8me du mariage, de la f\u00eate et du style de vie.<\/p>\n<p>&nbsp;<\/p>\n<style>\nh3.hungryfeed_feed_title {}\ndiv.hungryfeed_feed_description {}\ndiv.hungryfeed_feed_content {}\ndiv.hungryfeed_items {}\ndiv.hungryfeed_item {margin-bottom: 10px;}\ndiv.hungryfeed_item_title {font-weight: bold;}\ndiv.hungryfeed_item_description {}\ndiv.hungryfeed_item_author {}\ndiv.hungryfeed_item_date {}\n<\/style>\n<script type=\"text\/javascript\">\n\/\/ Custom Javascript here...\n<\/script>\n<div class=\"hungryfeed_items\">\n<\/div>\n\n<div class=\"shariff shariff-align-center shariff-widget-align-center\" style=\"display:none\" data-services=\"facebook\" data-url=\"https:\/\/djgerreg.de\/fr\/news-und-beitraege\/\" data-timestamp=\"1611897845\" data-hidezero=\"1\" data-backendurl=\"https:\/\/djgerreg.de\/fr\/wp-json\/shariff\/v1\/share_counts?\"><ul class=\"shariff-buttons theme-grey orientation-horizontal buttonsize-medium\"><li class=\"shariff-button facebook shariff-nocustomcolor\" style=\"background-color:#4273c8\"><a href=\"https:\/\/www.facebook.com\/sharer\/sharer.php?u=https%3A%2F%2Fdjgerreg.de%2Ffr%2Fnews-und-beitraege%2F\" title=\"Partager sur Facebook\" aria-label=\"Partager sur Facebook\" role=\"button\" rel=\"nofollow\" class=\"shariff-link\" style=\"; background-color:#3b5998; color:#fff\" target=\"_blank\"><span class=\"shariff-icon\" style=\"\"><svg width=\"32px\" height=\"20px\" xmlns=\"http:\/\/www.w3.org\/2000\/svg\" viewbox=\"0 0 18 32\"><path fill=\"#3b5998\" d=\"M17.1 0.2v4.7h-2.8q-1.5 0-2.1 0.6t-0.5 1.9v3.4h5.2l-0.7 5.3h-4.5v13.6h-5.5v-13.6h-4.5v-5.3h4.5v-3.9q0-3.3 1.9-5.2t5-1.8q2.6 0 4.1 0.2z\"\/><\/svg><\/span><span class=\"shariff-text\">partager<\/span>&nbsp;<span data-service=\"facebook\" style=\"color:#3b5998\" class=\"shariff-count shariff-hidezero\"><\/span>&nbsp;<\/a><\/li><li class=\"shariff-button twitter shariff-nocustomcolor\" style=\"background-color:#595959\"><a href=\"https:\/\/twitter.com\/share?url=https%3A%2F%2Fdjgerreg.de%2Ffr%2Fnews-und-beitraege%2F&text=News%20und%20Beitr%C3%A4ge\" title=\"Partager sur X\" aria-label=\"Partager sur X\" role=\"button\" rel=\"noopener nofollow\" class=\"shariff-link\" style=\"; background-color:#000; color:#fff\" target=\"_blank\"><span class=\"shariff-icon\" style=\"\"><svg width=\"32px\" height=\"20px\" xmlns=\"http:\/\/www.w3.org\/2000\/svg\" viewbox=\"0 0 24 24\"><path fill=\"#000\" d=\"M14.258 10.152L23.176 0h-2.113l-7.747 8.813L7.133 0H0l9.352 13.328L0 23.973h2.113l8.176-9.309 6.531 9.309h7.133zm-2.895 3.293l-.949-1.328L2.875 1.56h3.246l6.086 8.523.945 1.328 7.91 11.078h-3.246zm0 0\"\/><\/svg><\/span><span class=\"shariff-text\">partager<\/span>&nbsp;<\/a><\/li><li class=\"shariff-button linkedin shariff-nocustomcolor\" style=\"background-color:#1488bf\"><a href=\"https:\/\/www.linkedin.com\/sharing\/share-offsite\/?url=https%3A%2F%2Fdjgerreg.de%2Ffr%2Fnews-und-beitraege%2F\" title=\"Partager sur LinkedIn\" aria-label=\"Partager sur LinkedIn\" role=\"button\" rel=\"noopener nofollow\" class=\"shariff-link\" style=\"; background-color:#0077b5; color:#fff\" target=\"_blank\"><span class=\"shariff-icon\" style=\"\"><svg width=\"32px\" height=\"20px\" xmlns=\"http:\/\/www.w3.org\/2000\/svg\" viewbox=\"0 0 27 32\"><path fill=\"#0077b5\" d=\"M6.2 11.2v17.7h-5.9v-17.7h5.9zM6.6 5.7q0 1.3-0.9 2.2t-2.4 0.9h0q-1.5 0-2.4-0.9t-0.9-2.2 0.9-2.2 2.4-0.9 2.4 0.9 0.9 2.2zM27.4 18.7v10.1h-5.9v-9.5q0-1.9-0.7-2.9t-2.3-1.1q-1.1 0-1.9 0.6t-1.2 1.5q-0.2 0.5-0.2 1.4v9.9h-5.9q0-7.1 0-11.6t0-5.3l0-0.9h5.9v2.6h0q0.4-0.6 0.7-1t1-0.9 1.6-0.8 2-0.3q3 0 4.9 2t1.9 6z\"\/><\/svg><\/span><span class=\"shariff-text\">partager<\/span>&nbsp;<\/a><\/li><\/ul><\/div>","protected":false},"excerpt":{"rendered":"<p>Tu trouveras ici des nouvelles et des articles int\u00e9ressants sur le th\u00e8me du mariage, de la f\u00eate et du style de vie. &nbsp;<\/p>","protected":false},"author":1,"featured_media":0,"parent":0,"menu_order":0,"comment_status":"closed","ping_status":"closed","template":"","meta":{"site-sidebar-layout":"default","site-content-layout":"default","ast-site-content-layout":"default","site-content-style":"default","site-sidebar-style":"default","ast-global-header-display":"","ast-banner-title-visibility":"","ast-main-header-display":"","ast-hfb-above-header-display":"","ast-hfb-below-header-display":"","ast-hfb-mobile-header-display":"","site-post-title":"","ast-breadcrumbs-content":"","ast-featured-img":"disabled","footer-sml-layout":"","ast-disable-related-posts":"","theme-transparent-header-meta":"default","adv-header-id-meta":"","stick-header-meta":"default","header-above-stick-meta":"","header-main-stick-meta":"","header-below-stick-meta":"","astra-migrate-meta-layouts":"default","ast-page-background-enabled":"default","ast-page-background-meta":{"desktop":{"background-color":"","background-image":"","background-repeat":"repeat","background-position":"center center","background-size":"auto","background-attachment":"scroll","background-type":"","background-media":"","overlay-type":"","overlay-color":"","overlay-opacity":"","overlay-gradient":""},"tablet":{"background-color":"","background-image":"","background-repeat":"repeat","background-position":"center center","background-size":"auto","background-attachment":"scroll","background-type":"","background-media":"","overlay-type":"","overlay-color":"","overlay-opacity":"","overlay-gradient":""},"mobile":{"background-color":"","background-image":"","background-repeat":"repeat","background-position":"center center","background-size":"auto","background-attachment":"scroll","background-type":"","background-media":"","overlay-type":"","overlay-color":"","overlay-opacity":"","overlay-gradient":""}},"ast-content-background-meta":{"desktop":{"background-color":"var(--ast-global-color-5)","background-image":"","background-repeat":"repeat","background-position":"center center","background-size":"auto","background-attachment":"scroll","background-type":"","background-media":"","overlay-type":"","overlay-color":"","overlay-opacity":"","overlay-gradient":""},"tablet":{"background-color":"var(--ast-global-color-5)","background-image":"","background-repeat":"repeat","background-position":"center center","background-size":"auto","background-attachment":"scroll","background-type":"","background-media":"","overlay-type":"","overlay-color":"","overlay-opacity":"","overlay-gradient":""},"mobile":{"background-color":"var(--ast-global-color-5)","background-image":"","background-repeat":"repeat","background-position":"center center","background-size":"auto","background-attachment":"scroll","background-type":"","background-media":"","overlay-type":"","overlay-color":"","overlay-opacity":"","overlay-gradient":""}},"footnotes":""},"class_list":["post-125","page","type-page","status-publish","hentry"],"yoast_head":"<!-- This site is optimized with the Yoast SEO Premium plugin v24.3 (Yoast SEO v27.6) - https:\/\/yoast.com\/product\/yoast-seo-premium-wordpress\/ -->\n<title>News und Beitr\u00e4ge rund um das Thema Hochzeit<\/title>\n<meta name=\"description\" content=\"Hier findest Du interessante News und Beitr\u00e4ge rund um das Thema Hochzeit, Party und Lifestyle.\" \/>\n<meta name=\"robots\" content=\"index, follow, max-snippet:-1, max-image-preview:large, max-video-preview:-1\" \/>\n<link rel=\"canonical\" href=\"https:\/\/djgerreg.de\/fr\/nouvelles-et-contributions\/\" \/>\n<meta property=\"og:locale\" content=\"fr_FR\" \/>\n<meta property=\"og:type\" content=\"article\" \/>\n<meta property=\"og:title\" content=\"News und Beitr\u00e4ge rund um das Thema Hochzeit\" \/>\n<meta property=\"og:description\" content=\"Hier findest Du interessante News und Beitr\u00e4ge rund um das Thema Hochzeit, Party und Lifestyle.\" \/>\n<meta property=\"og:url\" content=\"https:\/\/djgerreg.de\/fr\/nouvelles-et-contributions\/\" \/>\n<meta property=\"og:site_name\" content=\"DJ GerreG - Feel The Music\" \/>\n<meta property=\"article:modified_time\" content=\"2021-01-29T04:24:05+00:00\" \/>\n<meta property=\"og:image\" content=\"https:\/\/djgerreg.de\/wp-content\/uploads\/2026\/04\/DJ-GerreG-Feel-the-Music.jpg\" \/>\n\t<meta property=\"og:image:width\" content=\"1731\" \/>\n\t<meta property=\"og:image:height\" content=\"909\" \/>\n\t<meta property=\"og:image:type\" content=\"image\/jpeg\" \/>\n<meta name=\"twitter:card\" content=\"summary_large_image\" \/>\n<meta name=\"twitter:title\" content=\"News und Beitr\u00e4ge rund um das Thema Hochzeit\" \/>\n<meta name=\"twitter:description\" content=\"Hier findest Du interessante News und Beitr\u00e4ge rund um das Thema Hochzeit, Party und Lifestyle.\" \/>\n<script type=\"application\/ld+json\" class=\"yoast-schema-graph\">{\"@context\":\"https:\\\/\\\/schema.org\",\"@graph\":[{\"@type\":\"WebPage\",\"@id\":\"https:\\\/\\\/djgerreg.de\\\/news-und-beitraege\\\/\",\"url\":\"https:\\\/\\\/djgerreg.de\\\/news-und-beitraege\\\/\",\"name\":\"News und Beitr\u00e4ge rund um das Thema Hochzeit\",\"isPartOf\":{\"@id\":\"https:\\\/\\\/djgerreg.de\\\/#website\"},\"datePublished\":\"2021-01-29T04:22:58+00:00\",\"dateModified\":\"2021-01-29T04:24:05+00:00\",\"description\":\"Hier findest Du interessante News und Beitr\u00e4ge rund um das Thema Hochzeit, Party und Lifestyle.\",\"breadcrumb\":{\"@id\":\"https:\\\/\\\/djgerreg.de\\\/news-und-beitraege\\\/#breadcrumb\"},\"inLanguage\":\"fr-FR\",\"potentialAction\":[{\"@type\":\"ReadAction\",\"target\":[\"https:\\\/\\\/djgerreg.de\\\/news-und-beitraege\\\/\"]}]},{\"@type\":\"BreadcrumbList\",\"@id\":\"https:\\\/\\\/djgerreg.de\\\/news-und-beitraege\\\/#breadcrumb\",\"itemListElement\":[{\"@type\":\"ListItem\",\"position\":1,\"name\":\"Startseite\",\"item\":\"https:\\\/\\\/djgerreg.de\\\/\"},{\"@type\":\"ListItem\",\"position\":2,\"name\":\"News und Beitr\u00e4ge\"}]},{\"@type\":\"WebSite\",\"@id\":\"https:\\\/\\\/djgerreg.de\\\/#website\",\"url\":\"https:\\\/\\\/djgerreg.de\\\/\",\"name\":\"DJ GerreG - Feel The Music\",\"description\":\"Event DJ Worldwide - New York - Rio - Tokio\",\"publisher\":{\"@id\":\"https:\\\/\\\/djgerreg.de\\\/#organization\"},\"potentialAction\":[{\"@type\":\"SearchAction\",\"target\":{\"@type\":\"EntryPoint\",\"urlTemplate\":\"https:\\\/\\\/djgerreg.de\\\/?s={search_term_string}\"},\"query-input\":{\"@type\":\"PropertyValueSpecification\",\"valueRequired\":true,\"valueName\":\"search_term_string\"}}],\"inLanguage\":\"fr-FR\"},{\"@type\":\"Organization\",\"@id\":\"https:\\\/\\\/djgerreg.de\\\/#organization\",\"name\":\"DJ GerreG - Feel The Music\",\"url\":\"https:\\\/\\\/djgerreg.de\\\/\",\"logo\":{\"@type\":\"ImageObject\",\"inLanguage\":\"fr-FR\",\"@id\":\"https:\\\/\\\/djgerreg.de\\\/#\\\/schema\\\/logo\\\/image\\\/\",\"url\":\"https:\\\/\\\/djgerreg.de\\\/wp-content\\\/uploads\\\/2024\\\/01\\\/DJ-GerreG-The-Best-Music-In-Town.jpg\",\"contentUrl\":\"https:\\\/\\\/djgerreg.de\\\/wp-content\\\/uploads\\\/2024\\\/01\\\/DJ-GerreG-The-Best-Music-In-Town.jpg\",\"width\":300,\"height\":87,\"caption\":\"DJ GerreG - Feel The Music\"},\"image\":{\"@id\":\"https:\\\/\\\/djgerreg.de\\\/#\\\/schema\\\/logo\\\/image\\\/\"}}]}<\/script>\n<!-- \/ Yoast SEO Premium plugin. -->","yoast_head_json":{"title":"Actualit\u00e9s et articles sur le th\u00e8me du mariage","description":"Tu trouveras ici des nouvelles et des articles int\u00e9ressants sur le th\u00e8me du mariage, de la f\u00eate et du style de vie.","robots":{"index":"index","follow":"follow","max-snippet":"max-snippet:-1","max-image-preview":"max-image-preview:large","max-video-preview":"max-video-preview:-1"},"canonical":"https:\/\/djgerreg.de\/fr\/nouvelles-et-contributions\/","og_locale":"fr_FR","og_type":"article","og_title":"News und Beitr\u00e4ge rund um das Thema Hochzeit","og_description":"Hier findest Du interessante News und Beitr\u00e4ge rund um das Thema Hochzeit, Party und Lifestyle.","og_url":"https:\/\/djgerreg.de\/fr\/nouvelles-et-contributions\/","og_site_name":"DJ GerreG - Feel The Music","article_modified_time":"2021-01-29T04:24:05+00:00","og_image":[{"width":1731,"height":909,"url":"https:\/\/djgerreg.de\/wp-content\/uploads\/2026\/04\/DJ-GerreG-Feel-the-Music.jpg","type":"image\/jpeg"}],"twitter_card":"summary_large_image","twitter_title":"News und Beitr\u00e4ge rund um das Thema Hochzeit","twitter_description":"Hier findest Du interessante News und Beitr\u00e4ge rund um das Thema Hochzeit, Party und Lifestyle.","schema":{"@context":"https:\/\/schema.org","@graph":[{"@type":"WebPage","@id":"https:\/\/djgerreg.de\/news-und-beitraege\/","url":"https:\/\/djgerreg.de\/news-und-beitraege\/","name":"Actualit\u00e9s et articles sur le th\u00e8me du mariage","isPartOf":{"@id":"https:\/\/djgerreg.de\/#website"},"datePublished":"2021-01-29T04:22:58+00:00","dateModified":"2021-01-29T04:24:05+00:00","description":"Tu trouveras ici des nouvelles et des articles int\u00e9ressants sur le th\u00e8me du mariage, de la f\u00eate et du style de vie.","breadcrumb":{"@id":"https:\/\/djgerreg.de\/news-und-beitraege\/#breadcrumb"},"inLanguage":"fr-FR","potentialAction":[{"@type":"ReadAction","target":["https:\/\/djgerreg.de\/news-und-beitraege\/"]}]},{"@type":"BreadcrumbList","@id":"https:\/\/djgerreg.de\/news-und-beitraege\/#breadcrumb","itemListElement":[{"@type":"ListItem","position":1,"name":"Startseite","item":"https:\/\/djgerreg.de\/"},{"@type":"ListItem","position":2,"name":"News und Beitr\u00e4ge"}]},{"@type":"WebSite","@id":"https:\/\/djgerreg.de\/#website","url":"https:\/\/djgerreg.de\/","name":"DJ GerreG - Ressentez la musique","description":"Event DJ Worldwide - New York - Rio - Tokyo","publisher":{"@id":"https:\/\/djgerreg.de\/#organization"},"potentialAction":[{"@type":"SearchAction","target":{"@type":"EntryPoint","urlTemplate":"https:\/\/djgerreg.de\/?s={search_term_string}"},"query-input":{"@type":"PropertyValueSpecification","valueRequired":true,"valueName":"search_term_string"}}],"inLanguage":"fr-FR"},{"@type":"Organization","@id":"https:\/\/djgerreg.de\/#organization","name":"DJ GerreG - Ressentez la musique","url":"https:\/\/djgerreg.de\/","logo":{"@type":"ImageObject","inLanguage":"fr-FR","@id":"https:\/\/djgerreg.de\/#\/schema\/logo\/image\/","url":"https:\/\/djgerreg.de\/wp-content\/uploads\/2024\/01\/DJ-GerreG-The-Best-Music-In-Town.jpg","contentUrl":"https:\/\/djgerreg.de\/wp-content\/uploads\/2024\/01\/DJ-GerreG-The-Best-Music-In-Town.jpg","width":300,"height":87,"caption":"DJ GerreG - Feel The Music"},"image":{"@id":"https:\/\/djgerreg.de\/#\/schema\/logo\/image\/"}}]}},"_links":{"self":[{"href":"https:\/\/djgerreg.de\/fr\/wp-json\/wp\/v2\/pages\/125","targetHints":{"allow":["GET"]}}],"collection":[{"href":"https:\/\/djgerreg.de\/fr\/wp-json\/wp\/v2\/pages"}],"about":[{"href":"https:\/\/djgerreg.de\/fr\/wp-json\/wp\/v2\/types\/page"}],"author":[{"embeddable":true,"href":"https:\/\/djgerreg.de\/fr\/wp-json\/wp\/v2\/users\/1"}],"replies":[{"embeddable":true,"href":"https:\/\/djgerreg.de\/fr\/wp-json\/wp\/v2\/comments?post=125"}],"version-history":[{"count":8,"href":"https:\/\/djgerreg.de\/fr\/wp-json\/wp\/v2\/pages\/125\/revisions"}],"predecessor-version":[{"id":136,"href":"https:\/\/djgerreg.de\/fr\/wp-json\/wp\/v2\/pages\/125\/revisions\/136"}],"wp:attachment":[{"href":"https:\/\/djgerreg.de\/fr\/wp-json\/wp\/v2\/media?parent=125"}],"curies":[{"name":"wp","href":"https:\/\/api.w.org\/{rel}","templated":true}]}}