{"id":356,"date":"2024-01-21T12:23:36","date_gmt":"2024-01-21T11:23:36","guid":{"rendered":"https:\/\/djgerreg.de\/?page_id=356"},"modified":"2026-01-03T07:04:15","modified_gmt":"2026-01-03T06:04:15","slug":"12-points-de-garantie","status":"publish","type":"page","link":"https:\/\/djgerreg.de\/fr\/12-punkte-garantie\/","title":{"rendered":"12 points de garantie pour ta s\u00e9curit\u00e9"},"content":{"rendered":"<p><strong>12 points de garantie<\/strong> \ud83d\udcbf The Best Music In Town \ud83d\udcbf Mariage et \u00e9v\u00e9nement DJ Worldwide \ud83d\udcbf Nouvelles, infos &amp; booking ici sur le site.<\/p>\n\t\t\t\t<img decoding=\"async\" src=\"https:\/\/djgerreg.de\/wp-content\/uploads\/2024\/01\/12-Punkte-Garantie-Siegel-420.png\" alt=\"Sceau de garantie \u00e0 12 points\" itemprop=\"image\" height=\"351\" width=\"420\" title=\"Sceau de garantie \u00e0 12 points\" onerror=\"this.style.display='none'\" loading=\"lazy\" \/>\n<h1>\n\t\t\t12 points de garantie <br \/> pour 100% de s\u00e9curit\u00e9 !\t<\/h1>\n\t<p>Tu ne devrais pas te contenter de moins !<\/p>\n\t<script async src=\"https:\/\/static.trustlocal.de\/widget\/widget_review.js\"><\/script>\r\n<div class=\"trustlocal-review-widget\" data-id=\"374015\" data-language-code=\"de\" data-country-code=\"DE\"><\/div>\n<h2>\n\t\t\tMusikproduktion &#038; eigene Songs\t<\/h2>\n\t<p>En tant que DJ et producteur de musique, je combine l'exp\u00e9rience du live avec mon propre travail en studio.<br data-start=\"2420\" data-end=\"2423\" \/>Ma musique na\u00eet de l'\u00e9motion, de la pratique et de la passion pour l'instant pr\u00e9sent.<\/p>\n\t\t\t<a href=\"https:\/\/djgerreg.de\/fr\/production-musicale\/\" target=\"_self\">\n\t\t\t\t\t\t\t<img decoding=\"async\" alt=\"\u27a1\ufe0f\" src=\"https:\/\/s.w.org\/images\/core\/emoji\/17.0.2\/svg\/27a1.svg\" draggable=\"false\" role=\"img\"\/> En savoir plus sur la production musicale\n\t\t\t<\/a>\n<h2>\n\t\t\tUne garantie unique de 12 points !\t<\/h2>\n\t<strong><u>1) Entretien de conseil individuel et personnel :<br \/>\n<\/u><\/strong>Tu recevras des conseils personnalis\u00e9s complets pour faire de ta f\u00eate un moment inoubliable.\n<strong><u>2) Tu d\u00e9cides du prix :<br \/>\n<\/u><\/strong>En fonction de l'ampleur souhait\u00e9e, tu choisis le forfait le plus adapt\u00e9.\n<strong><u>3) *Garantie de satisfaction ou de remboursement* :<br \/>\n<\/u><\/strong>Si quelque chose ne te pla\u00eet pas pendant les 90 premi\u00e8res minutes, tu n'as pas besoin de nous payer ! Sans questions et sans si et mais ! 100% satisfait ou nous sommes gratuits !\n<strong><u>4) Entretien pr\u00e9liminaire personnel et gratuit avec ton DJ :<br \/>\n<\/u><\/strong>Detaillierte Planung deiner Feier mit einem professionellen Ablaufplan. Erst nach diesem umfangreichen und informativem Gespr\u00e4ch entscheidest du dich \u00fcber die Buchung. So kannst du deinen DJ pers\u00f6nlich kennenlernen und dir ein Bild machen und schauen, ob&#8217;s von der Sympathie her passt.\n<strong><u>5) Garantie de panne DJ :<br \/>\n<\/u><\/strong>Bei Verhinderung des DJ&#8217;s durch Krankheit oder famili\u00e4re Gr\u00fcnde erh\u00e4ltst du professionellen\u00a0Ausfallersatz. Der neue DJ erh\u00e4lt alle Infos, die mit dir abgesprochen waren und wird deine Party genauso zum rauschenden Fest\u00a0machen.\n<strong><u>6) Ponctualit\u00e9 \/ fiabilit\u00e9 :<br \/>\n<\/u><\/strong>Mit Ausnahme von h\u00f6herer Gewalt.\u00a0Wir sind immer weit vor Veranstaltungsbeginn vor Ort und bauen in aller Ruhe die Anlage auf &#8211; lange, bevor die ersten G\u00e4ste kommen.\n<strong><u>7) D\u00e9roulement de la manifestation comme convenu :<br \/>\n<\/u><\/strong>Deine\u00a0W\u00fcnsche werden sehr ernst genommen und werden konsequent durchgef\u00fchrt. Das bedeutet, dass wenn du zum Beispiel Wolfgang Petry oder deutsche Schlager auf keinen Fall h\u00f6ren willst, dann wird dieses auch nicht gespielt&#8230; egal, ob sich die G\u00e4ste das w\u00fcnschen oder nicht.\n<strong><u>8) Consultation et d\u00e9placement gratuits :<br \/>\n<\/u><\/strong>jusqu'\u00e0 une distance d'environ 50 km \u00e0 partir de 21244 Buchholz in der Nordheide\n<strong><u>9)\u00a0<a href=\"https:\/\/djgerreg.de\/fr\/galerie\/#technik\">\u00c9quipement professionnel de haute qualit\u00e9<\/a>:<br \/>\n<\/u><\/strong>t'assure un son parfait, un aspect attrayant et la plus grande protection possible contre les pannes.\n<strong><u>10) Garantie de panne technique :<br \/>\n<\/u><\/strong>Nous avons tous les composants importants en double pour la s\u00e9curit\u00e9, et nous pouvons remplacer en quelques minutes un \u00e9quipement d\u00e9faillant. En cas de panne technique, tr\u00e8s improbable, la f\u00eate continue dans les plus brefs d\u00e9lais !\n<strong><u>11) Confirmation de la commande :<br \/>\n<\/u><\/strong>Tu re\u00e7ois toujours chez nous une confirmation de commande par e-mail, tu as ainsi toujours la s\u00e9curit\u00e9 et un bon sentiment.\n<strong><u>12) \u00catre joignable en permanence :<br \/>\n<\/u><\/strong>Tu peux nous joindre 24 heures sur 24 en cas d'urgence au :<br \/>\n0179 397 876 1 (sous r\u00e9serve de r\u00e9ception du r\u00e9seau),<br \/>\nainsi que par e-mail \u00e0 : hilfe(at)dj-nothilfe.de\n<p>Gr\u00e2ce \u00e0 notre garantie unique de 12 points \/ garantie de satisfaction, tu as la certitude que ta f\u00eate sera un succ\u00e8s garanti.<\/p>\n\t\t\t<a href=\"https:\/\/djgerreg.de\/fr\/contact-demande\/\" target=\"_self\">\n\t\t\t\t\t\t\tOui, je le veux !\n\t\t\t<\/a>\n\t\t\t\t<a href=\"https:\/\/djgerreg.de\/fr\/galerie\/\"  target=\"_self\" itemprop=\"url\">\n\t\t\t\t<img decoding=\"async\" src=\"https:\/\/djgerreg.de\/wp-content\/uploads\/2024\/01\/Party-mit-DJ-GerreG.jpg\" alt=\"F\u00eate avec DJ GerreG\" itemprop=\"image\" height=\"200\" width=\"1400\" title=\"F\u00eate avec DJ GerreG\" onerror=\"this.style.display='none'\" loading=\"lazy\" \/>\n\t\t\t\t<\/a>\n\t<p>* doit \u00eatre exprim\u00e9 dans les 90 premi\u00e8res minutes<\/p>\n\t\t\t\t<img decoding=\"async\" src=\"https:\/\/djgerreg.de\/wp-content\/uploads\/2024\/01\/12-Punkte-Garantie.jpg\" alt=\"12 points de garantie\" itemprop=\"image\" height=\"509\" width=\"970\" title=\"12 points de garantie\" onerror=\"this.style.display='none'\" loading=\"lazy\" \/>\n\t\t\t<a href=\"https:\/\/djgerreg.de\/fr\/contact-demande\/\" target=\"_self\">\n\t\t\t\t\t\t\tContacte-moi et fais ma connaissance.\n\t\t\t<\/a>\n\n<div class=\"shariff shariff-align-center shariff-widget-align-center\" style=\"display:none\" data-services=\"facebook\" data-url=\"https:\/\/djgerreg.de\/fr\/12-punkte-garantie\/\" data-timestamp=\"1767423855\" data-hidezero=\"1\" data-backendurl=\"https:\/\/djgerreg.de\/fr\/wp-json\/shariff\/v1\/share_counts?\"><ul class=\"shariff-buttons theme-grey orientation-horizontal buttonsize-medium\"><li class=\"shariff-button facebook shariff-nocustomcolor\" style=\"background-color:#4273c8\"><a href=\"https:\/\/www.facebook.com\/sharer\/sharer.php?u=https%3A%2F%2Fdjgerreg.de%2Ffr%2F12-punkte-garantie%2F\" title=\"Partager sur Facebook\" aria-label=\"Partager sur Facebook\" role=\"button\" rel=\"nofollow\" class=\"shariff-link\" style=\"; background-color:#3b5998; color:#fff\" target=\"_blank\"><span class=\"shariff-icon\" style=\"\"><svg width=\"32px\" height=\"20px\" xmlns=\"http:\/\/www.w3.org\/2000\/svg\" viewbox=\"0 0 18 32\"><path fill=\"#3b5998\" d=\"M17.1 0.2v4.7h-2.8q-1.5 0-2.1 0.6t-0.5 1.9v3.4h5.2l-0.7 5.3h-4.5v13.6h-5.5v-13.6h-4.5v-5.3h4.5v-3.9q0-3.3 1.9-5.2t5-1.8q2.6 0 4.1 0.2z\"\/><\/svg><\/span><span class=\"shariff-text\">partager<\/span>&nbsp;<span data-service=\"facebook\" style=\"color:#3b5998\" class=\"shariff-count shariff-hidezero\"><\/span>&nbsp;<\/a><\/li><li class=\"shariff-button twitter shariff-nocustomcolor\" style=\"background-color:#595959\"><a href=\"https:\/\/twitter.com\/share?url=https%3A%2F%2Fdjgerreg.de%2Ffr%2F12-punkte-garantie%2F&text=12%20Punkte%20Garantie%20f%C3%BCr%20Deine%20Sicherheit\" title=\"Partager sur X\" aria-label=\"Partager sur X\" role=\"button\" rel=\"noopener nofollow\" class=\"shariff-link\" style=\"; background-color:#000; color:#fff\" target=\"_blank\"><span class=\"shariff-icon\" style=\"\"><svg width=\"32px\" height=\"20px\" xmlns=\"http:\/\/www.w3.org\/2000\/svg\" viewbox=\"0 0 24 24\"><path fill=\"#000\" d=\"M14.258 10.152L23.176 0h-2.113l-7.747 8.813L7.133 0H0l9.352 13.328L0 23.973h2.113l8.176-9.309 6.531 9.309h7.133zm-2.895 3.293l-.949-1.328L2.875 1.56h3.246l6.086 8.523.945 1.328 7.91 11.078h-3.246zm0 0\"\/><\/svg><\/span><span class=\"shariff-text\">partager<\/span>&nbsp;<\/a><\/li><li class=\"shariff-button linkedin shariff-nocustomcolor\" style=\"background-color:#1488bf\"><a href=\"https:\/\/www.linkedin.com\/sharing\/share-offsite\/?url=https%3A%2F%2Fdjgerreg.de%2Ffr%2F12-punkte-garantie%2F\" title=\"Partager sur LinkedIn\" aria-label=\"Partager sur LinkedIn\" role=\"button\" rel=\"noopener nofollow\" class=\"shariff-link\" style=\"; background-color:#0077b5; color:#fff\" target=\"_blank\"><span class=\"shariff-icon\" style=\"\"><svg width=\"32px\" height=\"20px\" xmlns=\"http:\/\/www.w3.org\/2000\/svg\" viewbox=\"0 0 27 32\"><path fill=\"#0077b5\" d=\"M6.2 11.2v17.7h-5.9v-17.7h5.9zM6.6 5.7q0 1.3-0.9 2.2t-2.4 0.9h0q-1.5 0-2.4-0.9t-0.9-2.2 0.9-2.2 2.4-0.9 2.4 0.9 0.9 2.2zM27.4 18.7v10.1h-5.9v-9.5q0-1.9-0.7-2.9t-2.3-1.1q-1.1 0-1.9 0.6t-1.2 1.5q-0.2 0.5-0.2 1.4v9.9h-5.9q0-7.1 0-11.6t0-5.3l0-0.9h5.9v2.6h0q0.4-0.6 0.7-1t1-0.9 1.6-0.8 2-0.3q3 0 4.9 2t1.9 6z\"\/><\/svg><\/span><span class=\"shariff-text\">partager<\/span>&nbsp;<\/a><\/li><\/ul><\/div>","protected":false},"excerpt":{"rendered":"<p>12 Punkte Garantie \ud83d\udcbf The Best Music In Town \ud83d\udcbf Hochzeits und Event DJ Worldwide \ud83d\udcbf News, Infos &amp; Booking hier auf der Webseite. 12 Punkte Garantie f\u00fcr 100% Sicherheit! Mit weniger solltest du dich nicht zufrieden geben! Musikproduktion &#038; eigene Songs Als DJ und Musikproduzent verbinde ich Live-Erfahrung mit eigener Studioarbeit.Meine Musik entsteht aus [&hellip;]<\/p>\n","protected":false},"author":1,"featured_media":357,"parent":0,"menu_order":0,"comment_status":"closed","ping_status":"closed","template":"","meta":{"site-sidebar-layout":"no-sidebar","site-content-layout":"page-builder","ast-site-content-layout":"full-width-container","site-content-style":"unboxed","site-sidebar-style":"unboxed","ast-global-header-display":"","ast-banner-title-visibility":"","ast-main-header-display":"","ast-hfb-above-header-display":"","ast-hfb-below-header-display":"","ast-hfb-mobile-header-display":"","site-post-title":"disabled","ast-breadcrumbs-content":"","ast-featured-img":"disabled","footer-sml-layout":"","ast-disable-related-posts":"","theme-transparent-header-meta":"default","adv-header-id-meta":"","stick-header-meta":"default","header-above-stick-meta":"","header-main-stick-meta":"","header-below-stick-meta":"","astra-migrate-meta-layouts":"set","ast-page-background-enabled":"default","ast-page-background-meta":{"desktop":{"background-color":"","background-image":"","background-repeat":"repeat","background-position":"center center","background-size":"auto","background-attachment":"scroll","background-type":"","background-media":"","overlay-type":"","overlay-color":"","overlay-opacity":"","overlay-gradient":""},"tablet":{"background-color":"","background-image":"","background-repeat":"repeat","background-position":"center center","background-size":"auto","background-attachment":"scroll","background-type":"","background-media":"","overlay-type":"","overlay-color":"","overlay-opacity":"","overlay-gradient":""},"mobile":{"background-color":"","background-image":"","background-repeat":"repeat","background-position":"center center","background-size":"auto","background-attachment":"scroll","background-type":"","background-media":"","overlay-type":"","overlay-color":"","overlay-opacity":"","overlay-gradient":""}},"ast-content-background-meta":{"desktop":{"background-color":"var(--ast-global-color-5)","background-image":"","background-repeat":"repeat","background-position":"center center","background-size":"auto","background-attachment":"scroll","background-type":"","background-media":"","overlay-type":"","overlay-color":"","overlay-opacity":"","overlay-gradient":""},"tablet":{"background-color":"var(--ast-global-color-5)","background-image":"","background-repeat":"repeat","background-position":"center center","background-size":"auto","background-attachment":"scroll","background-type":"","background-media":"","overlay-type":"","overlay-color":"","overlay-opacity":"","overlay-gradient":""},"mobile":{"background-color":"var(--ast-global-color-5)","background-image":"","background-repeat":"repeat","background-position":"center center","background-size":"auto","background-attachment":"scroll","background-type":"","background-media":"","overlay-type":"","overlay-color":"","overlay-opacity":"","overlay-gradient":""}},"footnotes":""},"class_list":["post-356","page","type-page","status-publish","has-post-thumbnail","hentry"],"yoast_head":"<!-- This site is optimized with the Yoast SEO Premium plugin v24.3 (Yoast SEO v27.5) - https:\/\/yoast.com\/product\/yoast-seo-premium-wordpress\/ -->\n<title>12 Punkte Garantie f\u00fcr Deine Sicherheit<\/title>\n<meta name=\"description\" content=\"100% Sicherheit durch unsere einzigartige 12 Punkte Garantie! Hier erf\u00e4hrst du alles und warum du dich nicht mit weniger zufrieden geben solltest!\" \/>\n<meta name=\"robots\" content=\"index, follow, max-snippet:-1, max-image-preview:large, max-video-preview:-1\" \/>\n<link rel=\"canonical\" href=\"https:\/\/djgerreg.de\/fr\/12-points-de-garantie\/\" \/>\n<meta property=\"og:locale\" content=\"fr_FR\" \/>\n<meta property=\"og:type\" content=\"article\" \/>\n<meta property=\"og:title\" content=\"12 Punkte Garantie f\u00fcr Deine Sicherheit\" \/>\n<meta property=\"og:description\" content=\"100% Sicherheit durch unsere einzigartige 12 Punkte Garantie! Hier erf\u00e4hrst du alles und warum du dich nicht mit weniger zufrieden geben solltest!\" \/>\n<meta property=\"og:url\" content=\"https:\/\/djgerreg.de\/fr\/12-points-de-garantie\/\" \/>\n<meta property=\"og:site_name\" content=\"DJ GerreG - Feel The Music\" \/>\n<meta property=\"article:modified_time\" content=\"2026-01-03T06:04:15+00:00\" \/>\n<meta property=\"og:image\" content=\"https:\/\/djgerreg.de\/wp-content\/uploads\/2024\/01\/12-Punkte-Garantie.jpg\" \/>\n<meta name=\"twitter:card\" content=\"summary_large_image\" \/>\n<meta name=\"twitter:title\" content=\"12 Punkte Garantie f\u00fcr Deine Sicherheit\" \/>\n<meta name=\"twitter:description\" content=\"100% Sicherheit durch unsere einzigartige 12 Punkte Garantie! Hier erf\u00e4hrst du alles und warum du dich nicht mit weniger zufrieden geben solltest!\" \/>\n<meta name=\"twitter:image\" content=\"https:\/\/djgerreg.de\/wp-content\/uploads\/2024\/01\/12-Punkte-Garantie.jpg\" \/>\n<meta name=\"twitter:label1\" content=\"Dur\u00e9e de lecture estim\u00e9e\" \/>\n\t<meta name=\"twitter:data1\" content=\"3 minutes\" \/>\n<script type=\"application\/ld+json\" class=\"yoast-schema-graph\">{\"@context\":\"https:\\\/\\\/schema.org\",\"@graph\":[{\"@type\":\"WebPage\",\"@id\":\"https:\\\/\\\/djgerreg.de\\\/12-punkte-garantie\\\/\",\"url\":\"https:\\\/\\\/djgerreg.de\\\/12-punkte-garantie\\\/\",\"name\":\"12 Punkte Garantie f\u00fcr Deine Sicherheit\",\"isPartOf\":{\"@id\":\"https:\\\/\\\/djgerreg.de\\\/#website\"},\"primaryImageOfPage\":{\"@id\":\"https:\\\/\\\/djgerreg.de\\\/12-punkte-garantie\\\/#primaryimage\"},\"image\":{\"@id\":\"https:\\\/\\\/djgerreg.de\\\/12-punkte-garantie\\\/#primaryimage\"},\"thumbnailUrl\":\"https:\\\/\\\/djgerreg.de\\\/wp-content\\\/uploads\\\/2024\\\/01\\\/12-Punkte-Garantie.jpg\",\"datePublished\":\"2024-01-21T11:23:36+00:00\",\"dateModified\":\"2026-01-03T06:04:15+00:00\",\"description\":\"100% Sicherheit durch unsere einzigartige 12 Punkte Garantie! Hier erf\u00e4hrst du alles und warum du dich nicht mit weniger zufrieden geben solltest!\",\"breadcrumb\":{\"@id\":\"https:\\\/\\\/djgerreg.de\\\/12-punkte-garantie\\\/#breadcrumb\"},\"inLanguage\":\"fr-FR\",\"potentialAction\":[{\"@type\":\"ReadAction\",\"target\":[\"https:\\\/\\\/djgerreg.de\\\/12-punkte-garantie\\\/\"]}]},{\"@type\":\"ImageObject\",\"inLanguage\":\"fr-FR\",\"@id\":\"https:\\\/\\\/djgerreg.de\\\/12-punkte-garantie\\\/#primaryimage\",\"url\":\"https:\\\/\\\/djgerreg.de\\\/wp-content\\\/uploads\\\/2024\\\/01\\\/12-Punkte-Garantie.jpg\",\"contentUrl\":\"https:\\\/\\\/djgerreg.de\\\/wp-content\\\/uploads\\\/2024\\\/01\\\/12-Punkte-Garantie.jpg\",\"width\":970,\"height\":509,\"caption\":\"12 Punkte Garantie\"},{\"@type\":\"BreadcrumbList\",\"@id\":\"https:\\\/\\\/djgerreg.de\\\/12-punkte-garantie\\\/#breadcrumb\",\"itemListElement\":[{\"@type\":\"ListItem\",\"position\":1,\"name\":\"Startseite\",\"item\":\"https:\\\/\\\/djgerreg.de\\\/\"},{\"@type\":\"ListItem\",\"position\":2,\"name\":\"12 Punkte Garantie f\u00fcr Deine Sicherheit\"}]},{\"@type\":\"WebSite\",\"@id\":\"https:\\\/\\\/djgerreg.de\\\/#website\",\"url\":\"https:\\\/\\\/djgerreg.de\\\/\",\"name\":\"DJ GerreG - Feel The Music\",\"description\":\"Event DJ Worldwide - New York - Rio - Tokio\",\"publisher\":{\"@id\":\"https:\\\/\\\/djgerreg.de\\\/#organization\"},\"potentialAction\":[{\"@type\":\"SearchAction\",\"target\":{\"@type\":\"EntryPoint\",\"urlTemplate\":\"https:\\\/\\\/djgerreg.de\\\/?s={search_term_string}\"},\"query-input\":{\"@type\":\"PropertyValueSpecification\",\"valueRequired\":true,\"valueName\":\"search_term_string\"}}],\"inLanguage\":\"fr-FR\"},{\"@type\":\"Organization\",\"@id\":\"https:\\\/\\\/djgerreg.de\\\/#organization\",\"name\":\"DJ GerreG - Feel The Music\",\"url\":\"https:\\\/\\\/djgerreg.de\\\/\",\"logo\":{\"@type\":\"ImageObject\",\"inLanguage\":\"fr-FR\",\"@id\":\"https:\\\/\\\/djgerreg.de\\\/#\\\/schema\\\/logo\\\/image\\\/\",\"url\":\"https:\\\/\\\/djgerreg.de\\\/wp-content\\\/uploads\\\/2024\\\/01\\\/DJ-GerreG-The-Best-Music-In-Town.jpg\",\"contentUrl\":\"https:\\\/\\\/djgerreg.de\\\/wp-content\\\/uploads\\\/2024\\\/01\\\/DJ-GerreG-The-Best-Music-In-Town.jpg\",\"width\":300,\"height\":87,\"caption\":\"DJ GerreG - Feel The Music\"},\"image\":{\"@id\":\"https:\\\/\\\/djgerreg.de\\\/#\\\/schema\\\/logo\\\/image\\\/\"}}]}<\/script>\n<!-- \/ Yoast SEO Premium plugin. -->","yoast_head_json":{"title":"12 points de garantie pour ta s\u00e9curit\u00e9","description":"100% La s\u00e9curit\u00e9 gr\u00e2ce \u00e0 notre garantie unique en 12 points ! Tu y d\u00e9couvriras tout et pourquoi tu ne devrais pas te contenter de moins !","robots":{"index":"index","follow":"follow","max-snippet":"max-snippet:-1","max-image-preview":"max-image-preview:large","max-video-preview":"max-video-preview:-1"},"canonical":"https:\/\/djgerreg.de\/fr\/12-points-de-garantie\/","og_locale":"fr_FR","og_type":"article","og_title":"12 Punkte Garantie f\u00fcr Deine Sicherheit","og_description":"100% Sicherheit durch unsere einzigartige 12 Punkte Garantie! Hier erf\u00e4hrst du alles und warum du dich nicht mit weniger zufrieden geben solltest!","og_url":"https:\/\/djgerreg.de\/fr\/12-points-de-garantie\/","og_site_name":"DJ GerreG - Feel The Music","article_modified_time":"2026-01-03T06:04:15+00:00","og_image":[{"url":"https:\/\/djgerreg.de\/wp-content\/uploads\/2024\/01\/12-Punkte-Garantie.jpg","type":"","width":"","height":""}],"twitter_card":"summary_large_image","twitter_title":"12 Punkte Garantie f\u00fcr Deine Sicherheit","twitter_description":"100% Sicherheit durch unsere einzigartige 12 Punkte Garantie! Hier erf\u00e4hrst du alles und warum du dich nicht mit weniger zufrieden geben solltest!","twitter_image":"https:\/\/djgerreg.de\/wp-content\/uploads\/2024\/01\/12-Punkte-Garantie.jpg","twitter_misc":{"Dur\u00e9e de lecture estim\u00e9e":"3 minutes"},"schema":{"@context":"https:\/\/schema.org","@graph":[{"@type":"WebPage","@id":"https:\/\/djgerreg.de\/12-punkte-garantie\/","url":"https:\/\/djgerreg.de\/12-punkte-garantie\/","name":"12 points de garantie pour ta s\u00e9curit\u00e9","isPartOf":{"@id":"https:\/\/djgerreg.de\/#website"},"primaryImageOfPage":{"@id":"https:\/\/djgerreg.de\/12-punkte-garantie\/#primaryimage"},"image":{"@id":"https:\/\/djgerreg.de\/12-punkte-garantie\/#primaryimage"},"thumbnailUrl":"https:\/\/djgerreg.de\/wp-content\/uploads\/2024\/01\/12-Punkte-Garantie.jpg","datePublished":"2024-01-21T11:23:36+00:00","dateModified":"2026-01-03T06:04:15+00:00","description":"100% La s\u00e9curit\u00e9 gr\u00e2ce \u00e0 notre garantie unique en 12 points ! Tu y d\u00e9couvriras tout et pourquoi tu ne devrais pas te contenter de moins !","breadcrumb":{"@id":"https:\/\/djgerreg.de\/12-punkte-garantie\/#breadcrumb"},"inLanguage":"fr-FR","potentialAction":[{"@type":"ReadAction","target":["https:\/\/djgerreg.de\/12-punkte-garantie\/"]}]},{"@type":"ImageObject","inLanguage":"fr-FR","@id":"https:\/\/djgerreg.de\/12-punkte-garantie\/#primaryimage","url":"https:\/\/djgerreg.de\/wp-content\/uploads\/2024\/01\/12-Punkte-Garantie.jpg","contentUrl":"https:\/\/djgerreg.de\/wp-content\/uploads\/2024\/01\/12-Punkte-Garantie.jpg","width":970,"height":509,"caption":"12 Punkte Garantie"},{"@type":"BreadcrumbList","@id":"https:\/\/djgerreg.de\/12-punkte-garantie\/#breadcrumb","itemListElement":[{"@type":"ListItem","position":1,"name":"Startseite","item":"https:\/\/djgerreg.de\/"},{"@type":"ListItem","position":2,"name":"12 Punkte Garantie f\u00fcr Deine Sicherheit"}]},{"@type":"WebSite","@id":"https:\/\/djgerreg.de\/#website","url":"https:\/\/djgerreg.de\/","name":"DJ GerreG - Ressentez la musique","description":"Event DJ Worldwide - New York - Rio - Tokyo","publisher":{"@id":"https:\/\/djgerreg.de\/#organization"},"potentialAction":[{"@type":"SearchAction","target":{"@type":"EntryPoint","urlTemplate":"https:\/\/djgerreg.de\/?s={search_term_string}"},"query-input":{"@type":"PropertyValueSpecification","valueRequired":true,"valueName":"search_term_string"}}],"inLanguage":"fr-FR"},{"@type":"Organization","@id":"https:\/\/djgerreg.de\/#organization","name":"DJ GerreG - Ressentez la musique","url":"https:\/\/djgerreg.de\/","logo":{"@type":"ImageObject","inLanguage":"fr-FR","@id":"https:\/\/djgerreg.de\/#\/schema\/logo\/image\/","url":"https:\/\/djgerreg.de\/wp-content\/uploads\/2024\/01\/DJ-GerreG-The-Best-Music-In-Town.jpg","contentUrl":"https:\/\/djgerreg.de\/wp-content\/uploads\/2024\/01\/DJ-GerreG-The-Best-Music-In-Town.jpg","width":300,"height":87,"caption":"DJ GerreG - Feel The Music"},"image":{"@id":"https:\/\/djgerreg.de\/#\/schema\/logo\/image\/"}}]}},"_links":{"self":[{"href":"https:\/\/djgerreg.de\/fr\/wp-json\/wp\/v2\/pages\/356","targetHints":{"allow":["GET"]}}],"collection":[{"href":"https:\/\/djgerreg.de\/fr\/wp-json\/wp\/v2\/pages"}],"about":[{"href":"https:\/\/djgerreg.de\/fr\/wp-json\/wp\/v2\/types\/page"}],"author":[{"embeddable":true,"href":"https:\/\/djgerreg.de\/fr\/wp-json\/wp\/v2\/users\/1"}],"replies":[{"embeddable":true,"href":"https:\/\/djgerreg.de\/fr\/wp-json\/wp\/v2\/comments?post=356"}],"version-history":[{"count":11,"href":"https:\/\/djgerreg.de\/fr\/wp-json\/wp\/v2\/pages\/356\/revisions"}],"predecessor-version":[{"id":5853,"href":"https:\/\/djgerreg.de\/fr\/wp-json\/wp\/v2\/pages\/356\/revisions\/5853"}],"wp:featuredmedia":[{"embeddable":true,"href":"https:\/\/djgerreg.de\/fr\/wp-json\/wp\/v2\/media\/357"}],"wp:attachment":[{"href":"https:\/\/djgerreg.de\/fr\/wp-json\/wp\/v2\/media?parent=356"}],"curies":[{"name":"wp","href":"https:\/\/api.w.org\/{rel}","templated":true}]}}