{"id":516,"date":"2024-01-27T21:47:05","date_gmt":"2024-01-27T20:47:05","guid":{"rendered":"https:\/\/djgerreg.de\/?page_id=516"},"modified":"2026-04-10T15:57:27","modified_gmt":"2026-04-10T13:57:27","slug":"a-propos-de-moi","status":"publish","type":"page","link":"https:\/\/djgerreg.de\/fr\/ueber-mich\/","title":{"rendered":"\u00c0 propos de moi"},"content":{"rendered":"<h1>\u00c0 propos de moi<\/h1>\n\t<p>Tu apprendras ici certaines choses <strong>\u00e0 propos de moi<\/strong> et ma mission d'offrir aux jeunes mari\u00e9s le plus beau jour de leur vie avec une f\u00eate d'enfer.<\/p>\n<figure itemscope itemtype=\"https:\/\/schema.org\/ImageObject\">\n\t\t\t\t<a href=\"https:\/\/djgerreg.de\/wp-content\/uploads\/2026\/04\/DJ-GerreG-mit-Rudel-scaled.jpg\"  target=\"_self\" itemprop=\"url\">\n\t\t\t\t<img decoding=\"async\" src=\"https:\/\/djgerreg.de\/wp-content\/uploads\/2026\/04\/DJ-GerreG-mit-Rudel-scaled.jpg\" alt=\"DJ GerreG avec meute\" height=\"1429\" width=\"2560\" title=\"DJ GerreG avec meute\" onerror=\"this.style.display='none'\" loading=\"lazy\" \/>\n\t\t\t\t<\/a>\n\t<\/figure>\n\t<p>C'est moi (le type au milieu). Je m'appelle Holger Korsten et je suis connu sous le nom de DJ GerreG. Je suis le sp\u00e9cialiste des f\u00eates de mariage grandioses et inoubliables.<\/p>\n<p>Tu me vois ici avec ma merveilleuse meute (de gauche \u00e0 droite : Muffin, Mara, Bella, DJ GerreG, Balou et Mona). Tous les 5, ma femme et moi les avons sauv\u00e9s de centres d'abattage et depuis quelques ann\u00e9es, nous avons ces 5 merveilleux amis \u00e0 quatre pattes \u00e0 nos c\u00f4t\u00e9s.<\/p>\n<figure itemscope itemtype=\"https:\/\/schema.org\/ImageObject\">\n\t\t\t\t<img decoding=\"async\" src=\"https:\/\/djgerreg.de\/wp-content\/uploads\/2020\/10\/DJ-GerreG-420.png\" alt=\"DJ GerreG\" height=\"420\" width=\"420\" title=\"DJ GerreG\" onerror=\"this.style.display='none'\" loading=\"lazy\" \/>\n\t<\/figure>\n\t<p>Tu as une question ou tu souhaites en savoir plus sur moi ?<\/p>\n<p>Tu peux me contacter sur mon portable ou par WhatsApp : +49 (0)179 397 8761.<\/p>\n\t\t\t<a href=\"https:\/\/wa.me\/00491793978761\"  target=\"_blank\" rel=\"noopener\">\n\t\t\t\t\t\tEnvoyer un message WhatsApp\n\t\t\t\t\t<\/a>\n\t<p>Je suis mari\u00e9 depuis plus de 35 ans avec ma fantastique \u00e9pouse. Ensemble, nous avons r\u00e9alis\u00e9 le r\u00eave d'avoir notre propre terrain, immense, avec des maisons, des garages et surtout une cl\u00f4ture de plusieurs kilom\u00e8tres autour de notre propri\u00e9t\u00e9, pour que les chiens puissent y courir librement et y faire attention.<\/p>\n<p>Comme il \u00e9tait impossible d'obtenir (et de payer) un tel terrain \u00e0 Hambourg, nous vivons d\u00e9sormais dans la magnifique r\u00e9gion de la Nordheide, un peu au sud de Hambourg.<\/p>\n<p>\u00c9tant originaire de Hambourg, je ne voulais pas vivre trop loin de chez moi. En 30 minutes environ, nous sommes au centre-ville de Hambourg.<\/p>\n\t<p><img decoding=\"async\" class=\"alignnone wp-image-1114 size-full\" src=\"https:\/\/djgerreg.de\/wp-content\/uploads\/2026\/02\/DJ-GerreG-Top-Pro-Badge-2026.png\" alt=\"\u00c9valuations - TrustLocal\" width=\"300\" height=\"132\" \/><\/p>\n<figure itemscope itemtype=\"https:\/\/schema.org\/ImageObject\">\n\t\t\t\t<img decoding=\"async\" src=\"https:\/\/djgerreg.de\/wp-content\/uploads\/2025\/04\/BVD_Logo_2019_sw_800x400-300x150.png\" alt=\"BVD_Logo\" height=\"150\" width=\"300\" title=\"BVD_Logo_2019_sw_800x400\" onerror=\"this.style.display='none'\" loading=\"lazy\" \/>\n\t<\/figure>\n\t<img decoding=\"async\" class=\"alignnone size-full wp-image-6297\" src=\"https:\/\/djgerreg.de\/wp-content\/uploads\/2026\/02\/Testimonial-E.-S.-2025-07-08bl.jpg\" alt=\"T\u00e9moignage E. S. 2025-07-08\" width=\"1200\" height=\"427\" srcset=\"https:\/\/djgerreg.de\/wp-content\/uploads\/2026\/02\/Testimonial-E.-S.-2025-07-08bl.jpg 1200w, https:\/\/djgerreg.de\/wp-content\/uploads\/2026\/02\/Testimonial-E.-S.-2025-07-08bl-300x107.jpg 300w, https:\/\/djgerreg.de\/wp-content\/uploads\/2026\/02\/Testimonial-E.-S.-2025-07-08bl-768x273.jpg 768w\" sizes=\"(max-width: 1200px) 100vw, 1200px\" \/>\n\t<script async src=\"https:\/\/static.trustlocal.de\/widget\/widget_review.js\"><\/script>\r\n<div class=\"trustlocal-review-widget\" data-id=\"374015\" data-language-code=\"de\" data-country-code=\"DE\"><\/div>\n<figure itemscope itemtype=\"https:\/\/schema.org\/ImageObject\">\n\t\t\t\t<a href=\"https:\/\/djgerreg.de\/fr\/galerie\/\"  target=\"_self\" itemprop=\"url\">\n\t\t\t\t<img decoding=\"async\" src=\"https:\/\/djgerreg.de\/wp-content\/uploads\/2024\/01\/Party-mit-DJ-GerreG.jpg\" alt=\"F\u00eate avec DJ GerreG\" height=\"200\" width=\"1400\" title=\"F\u00eate avec DJ GerreG\" onerror=\"this.style.display='none'\" loading=\"lazy\" \/>\n\t\t\t\t<\/a>\n\t<\/figure>\n\t<p>Comment suis-je venu au DJing ?<\/p>\n\t<p>Ich bin in Hamburg zur Schule gegangen und habe bereits als Sch\u00fcler &#8211; damals noch mit Kassettendecks und Musik, die man mit dem Mikrofon vom Radio aufgenommen hatte &#8211; Musik auf s\u00e4mtlichen Schul- und Klassenfesten als Hobby-DJ aufgelegt.<\/p>\n<p>Quelques ann\u00e9es apr\u00e8s la fin de ma scolarit\u00e9, d'anciens camarades de classe m'ont contact\u00e9 pour me demander de jouer les DJ lors de leurs enterrements de vie de jeune fille et de leurs mariages. Je me suis donc tr\u00e8s vite sp\u00e9cialis\u00e9 dans les mariages.<\/p>\n<p>R\u00e9trospectivement, c'\u00e9tait le d\u00e9but le plus difficile qu'un DJ amateur pouvait avoir \u00e0 l'\u00e9poque.<\/p>\n<p>Les mariages sont la DISCIPLINE ROYALE absolue, la Ligue des champions de toutes les c\u00e9l\u00e9brations !<\/p>\n<p>Lors d'une f\u00eate de mariage, il faut jouer de la m\u00eame mani\u00e8re sur 3 g\u00e9n\u00e9rations, qui ont toutes des go\u00fbts musicaux totalement diff\u00e9rents. C'est pourquoi il n'y a que tr\u00e8s peu de bons sp\u00e9cialistes DJ pour les mariages. La plupart des coll\u00e8gues DJ sont polyvalents et g\u00e9n\u00e9ralement \u00e0 l'aise dans les f\u00eates d'anniversaire et les f\u00eates d'entreprise.<\/p>\n<p>Anyway&#8230; ich bin jetzt seit \u00fcber 25 Jahren professioneller Hochzeits DJ und habe unz\u00e4hligen Brautpaaren ihren sch\u00f6nsten Tag, bzw. Ihre sch\u00f6nste Party zur Hochzeit beschert.<\/p>\n<p>Mais j'ai \u00e9galement fr\u00e9quent\u00e9 les clubs et les discoth\u00e8ques, les caf\u00e9s dansants et les diff\u00e9rents bateaux de croisi\u00e8re, comme le TS Maxim Gorky, le MS Albatros, le MS Delphin, le MS Delphin Renaissance, le MS Astor et le MS Astoria. J'y ai appris \u00e0 conna\u00eetre les go\u00fbts musicaux de la g\u00e9n\u00e9ration des plus de 50 ans.<\/p>\n<p>Ganz egal, ob Gro\u00df-Events mit 1.000+ G\u00e4sten oder kleine Feiern mit 50-100 Personen&#8230; ich brenne f\u00fcr die Musik und f\u00fcr mich ist es das Gr\u00f6\u00dfte, wenn die Tanzfl\u00e4chen voll sind und die Menschen ausgelassen bis in die fr\u00fchen Morgenstunden feiern!<\/p>\n<figure itemscope itemtype=\"https:\/\/schema.org\/ImageObject\">\n\t\t\t\t<img decoding=\"async\" src=\"https:\/\/djgerreg.de\/wp-content\/uploads\/2024\/01\/Hochzeit-DJ-Hamburg-Holger-Korsten.jpg\" alt=\"DJ de mariage Hambourg Holger Korsten\" height=\"956\" width=\"640\" title=\"DJ de mariage Hambourg Holger Korsten\" onerror=\"this.style.display='none'\" loading=\"lazy\" \/>\n\t<\/figure>\n\t<p>Le mien n'est pas seulement DJ, mais aussi danseur passionn\u00e9. La danse a toujours \u00e9t\u00e9 (et est toujours) une grande passion pour moi, en plus de la musique. En commen\u00e7ant par l'\u00e9cole de danse classique et les insignes de danse allemande en or et Gold Star du <a title=\"Association g\u00e9n\u00e9rale des professeurs de danse allemands\" href=\"https:\/\/de.wikipedia.org\/wiki\/Allgemeiner_Deutscher_Tanzlehrerverband\" target=\"_blank\" rel=\"noopener\">Association g\u00e9n\u00e9rale des professeurs de danse allemands<\/a>\/ADTV, jusqu'\u00e0 la danse de comp\u00e9tition en standard et en latin.<\/p>\n\t\t\t<a href=\"https:\/\/djgerreg.de\/fr\/contact-demande\/\"  target=\"_self\">\n\t\t\t\t\t\tEnvoyer une demande \/ un message\n\t\t\t\t\t<\/a>\n\t\t\t<a href=\"tel:00494186895224\"  target=\"_blank\" rel=\"noopener\">\n\t\t\t\t\t\tAppeler DJ GerreG\n\t\t\t\t\t<\/a>\n\t\t\t<a href=\"https:\/\/wa.me\/00491793978761\"  target=\"_blank\" rel=\"noopener\">\n\t\t\t\t\t\t\u00c9crire un message WhatsApp\n\t\t\t\t\t<\/a>\n\t<p>Les 140 chansons les plus populaires pour l'ouverture de la danse<\/p>\n\t<p>Ihr seid auf der Suche nach Songs f\u00fcr euren Er\u00f6ffnungstanz? Ohne Frage wird das der wichtigste Tanz am Abend werden. Und ihr sollt und werdet euch ein Leben lang an EUREN Song erinnern&#8230; jedes Mal, wenn er zum Beispiel im Radio l\u00e4uft oder im Club gespielt wird.<\/p>\n<p>Si vous avez besoin d'id\u00e9es pour faire votre choix, vous pouvez facilement t\u00e9l\u00e9charger ici un aper\u00e7u complet des 140 chansons les plus populaires pour la danse de mariage.<\/p>\n<p>Ce sont les chansons les plus choisies pour les danses d'ouverture lors des mariages !<\/p>\n<p>Vous trouverez bien s\u00fbr des valses classiques, mais aussi des chansons cool et modernes !<\/p>\n<p>Il est important que vous associiez, si possible, la chanson \u00e0 quelque chose de personnel.<\/p>\n<p>Si vous vous \u00eates rencontr\u00e9s en bo\u00eete de nuit, par exemple, et que vous vous souvenez de la chanson qui passait \u00e0 ce moment-l\u00e0, ce serait une chanson cool pour ouvrir la danse.<\/p>\n<p>Regardez et \u00e9coutez les 140 chansons les plus populaires et laissez-vous inspirer !<\/p>\n\t\t\t<a href=\"https:\/\/djgerreg.de\/fr\/140-chansons-pour-louverture-de-la-danse\/\"  target=\"_self\">\n\t\t\t\t\t\tT\u00e9l\u00e9charger la liste des 140 chansons les plus populaires pour l'ouverture de la danse\n\t\t\t\t\t<\/a>\n<figure itemscope itemtype=\"https:\/\/schema.org\/ImageObject\">\n\t\t\t\t<img decoding=\"async\" src=\"https:\/\/djgerreg.de\/wp-content\/uploads\/2024\/01\/140-Songs-zur-Tanzeroeffnung-3D.png\" alt=\"140 chansons pour l&#039;ouverture de la danse 3D\" height=\"945\" width=\"668\" title=\"140 chansons pour l&#039;ouverture de la danse 3D\" onerror=\"this.style.display='none'\" loading=\"lazy\" \/>\n\t<\/figure>\n\n<div class=\"shariff shariff-align-center shariff-widget-align-center\" style=\"display:none\" data-services=\"facebook\" data-url=\"https:\/\/djgerreg.de\/fr\/ueber-mich\/\" data-timestamp=\"1775836647\" data-hidezero=\"1\" data-backendurl=\"https:\/\/djgerreg.de\/fr\/wp-json\/shariff\/v1\/share_counts?\"><ul class=\"shariff-buttons theme-grey orientation-horizontal buttonsize-medium\"><li class=\"shariff-button facebook shariff-nocustomcolor\" style=\"background-color:#4273c8\"><a href=\"https:\/\/www.facebook.com\/sharer\/sharer.php?u=https%3A%2F%2Fdjgerreg.de%2Ffr%2Fueber-mich%2F\" title=\"Partager sur Facebook\" aria-label=\"Partager sur Facebook\" role=\"button\" rel=\"nofollow\" class=\"shariff-link\" style=\"; background-color:#3b5998; color:#fff\" target=\"_blank\"><span class=\"shariff-icon\" style=\"\"><svg width=\"32px\" height=\"20px\" xmlns=\"http:\/\/www.w3.org\/2000\/svg\" viewbox=\"0 0 18 32\"><path fill=\"#3b5998\" d=\"M17.1 0.2v4.7h-2.8q-1.5 0-2.1 0.6t-0.5 1.9v3.4h5.2l-0.7 5.3h-4.5v13.6h-5.5v-13.6h-4.5v-5.3h4.5v-3.9q0-3.3 1.9-5.2t5-1.8q2.6 0 4.1 0.2z\"\/><\/svg><\/span><span class=\"shariff-text\">partager<\/span>&nbsp;<span data-service=\"facebook\" style=\"color:#3b5998\" class=\"shariff-count shariff-hidezero\"><\/span>&nbsp;<\/a><\/li><li class=\"shariff-button twitter shariff-nocustomcolor\" style=\"background-color:#595959\"><a href=\"https:\/\/twitter.com\/share?url=https%3A%2F%2Fdjgerreg.de%2Ffr%2Fueber-mich%2F&text=%C3%9Cber%20Mich\" title=\"Partager sur X\" aria-label=\"Partager sur X\" role=\"button\" rel=\"noopener nofollow\" class=\"shariff-link\" style=\"; background-color:#000; color:#fff\" target=\"_blank\"><span class=\"shariff-icon\" style=\"\"><svg width=\"32px\" height=\"20px\" xmlns=\"http:\/\/www.w3.org\/2000\/svg\" viewbox=\"0 0 24 24\"><path fill=\"#000\" d=\"M14.258 10.152L23.176 0h-2.113l-7.747 8.813L7.133 0H0l9.352 13.328L0 23.973h2.113l8.176-9.309 6.531 9.309h7.133zm-2.895 3.293l-.949-1.328L2.875 1.56h3.246l6.086 8.523.945 1.328 7.91 11.078h-3.246zm0 0\"\/><\/svg><\/span><span class=\"shariff-text\">partager<\/span>&nbsp;<\/a><\/li><li class=\"shariff-button linkedin shariff-nocustomcolor\" style=\"background-color:#1488bf\"><a href=\"https:\/\/www.linkedin.com\/sharing\/share-offsite\/?url=https%3A%2F%2Fdjgerreg.de%2Ffr%2Fueber-mich%2F\" title=\"Partager sur LinkedIn\" aria-label=\"Partager sur LinkedIn\" role=\"button\" rel=\"noopener nofollow\" class=\"shariff-link\" style=\"; background-color:#0077b5; color:#fff\" target=\"_blank\"><span class=\"shariff-icon\" style=\"\"><svg width=\"32px\" height=\"20px\" xmlns=\"http:\/\/www.w3.org\/2000\/svg\" viewbox=\"0 0 27 32\"><path fill=\"#0077b5\" d=\"M6.2 11.2v17.7h-5.9v-17.7h5.9zM6.6 5.7q0 1.3-0.9 2.2t-2.4 0.9h0q-1.5 0-2.4-0.9t-0.9-2.2 0.9-2.2 2.4-0.9 2.4 0.9 0.9 2.2zM27.4 18.7v10.1h-5.9v-9.5q0-1.9-0.7-2.9t-2.3-1.1q-1.1 0-1.9 0.6t-1.2 1.5q-0.2 0.5-0.2 1.4v9.9h-5.9q0-7.1 0-11.6t0-5.3l0-0.9h5.9v2.6h0q0.4-0.6 0.7-1t1-0.9 1.6-0.8 2-0.3q3 0 4.9 2t1.9 6z\"\/><\/svg><\/span><span class=\"shariff-text\">partager<\/span>&nbsp;<\/a><\/li><\/ul><\/div>","protected":false},"excerpt":{"rendered":"<p>\u00dcber Mich Hier erf\u00e4hrst du einiges \u00fcber mich und meine Mission, Brautpaaren ihren sch\u00f6nsten Tag im Leben mit einer geilen Party zu bereiten. Das hier (der Typ in der Mitte) bin ich. Mein Name ist Holger Korsten und bin als DJ GerreG bekannt und bin der Spezialist f\u00fcr grandiose, unvergessene Hochzeitspartys. Du siehst mich hier [&hellip;]<\/p>\n","protected":false},"author":1,"featured_media":505,"parent":0,"menu_order":0,"comment_status":"closed","ping_status":"closed","template":"","meta":{"site-sidebar-layout":"no-sidebar","site-content-layout":"page-builder","ast-site-content-layout":"full-width-container","site-content-style":"unboxed","site-sidebar-style":"unboxed","ast-global-header-display":"","ast-banner-title-visibility":"","ast-main-header-display":"","ast-hfb-above-header-display":"","ast-hfb-below-header-display":"","ast-hfb-mobile-header-display":"","site-post-title":"disabled","ast-breadcrumbs-content":"","ast-featured-img":"disabled","footer-sml-layout":"","ast-disable-related-posts":"","theme-transparent-header-meta":"default","adv-header-id-meta":"","stick-header-meta":"default","header-above-stick-meta":"","header-main-stick-meta":"","header-below-stick-meta":"","astra-migrate-meta-layouts":"set","ast-page-background-enabled":"default","ast-page-background-meta":{"desktop":{"background-color":"","background-image":"","background-repeat":"repeat","background-position":"center center","background-size":"auto","background-attachment":"scroll","background-type":"","background-media":"","overlay-type":"","overlay-color":"","overlay-opacity":"","overlay-gradient":""},"tablet":{"background-color":"","background-image":"","background-repeat":"repeat","background-position":"center center","background-size":"auto","background-attachment":"scroll","background-type":"","background-media":"","overlay-type":"","overlay-color":"","overlay-opacity":"","overlay-gradient":""},"mobile":{"background-color":"","background-image":"","background-repeat":"repeat","background-position":"center center","background-size":"auto","background-attachment":"scroll","background-type":"","background-media":"","overlay-type":"","overlay-color":"","overlay-opacity":"","overlay-gradient":""}},"ast-content-background-meta":{"desktop":{"background-color":"var(--ast-global-color-5)","background-image":"","background-repeat":"repeat","background-position":"center center","background-size":"auto","background-attachment":"scroll","background-type":"","background-media":"","overlay-type":"","overlay-color":"","overlay-opacity":"","overlay-gradient":""},"tablet":{"background-color":"var(--ast-global-color-5)","background-image":"","background-repeat":"repeat","background-position":"center center","background-size":"auto","background-attachment":"scroll","background-type":"","background-media":"","overlay-type":"","overlay-color":"","overlay-opacity":"","overlay-gradient":""},"mobile":{"background-color":"var(--ast-global-color-5)","background-image":"","background-repeat":"repeat","background-position":"center center","background-size":"auto","background-attachment":"scroll","background-type":"","background-media":"","overlay-type":"","overlay-color":"","overlay-opacity":"","overlay-gradient":""}},"footnotes":""},"class_list":["post-516","page","type-page","status-publish","has-post-thumbnail","hentry"],"yoast_head":"<!-- This site is optimized with the Yoast SEO Premium plugin v24.3 (Yoast SEO v27.5) - https:\/\/yoast.com\/product\/yoast-seo-premium-wordpress\/ -->\n<title>\u00dcber Mich - Pers\u00f6nliches \u00fcber Holger Korsten<\/title>\n<meta name=\"description\" content=\"Hier erf\u00e4hrst du Pers\u00f6nliches \u00fcber mich: Name: Holger Korsten | Erfahrung: \u00fcber 25 Jahre | Spezialgebiet: Hochzeiten | uvm.\" \/>\n<meta name=\"robots\" content=\"index, follow, max-snippet:-1, max-image-preview:large, max-video-preview:-1\" \/>\n<link rel=\"canonical\" href=\"https:\/\/djgerreg.de\/fr\/a-propos-de-moi\/\" \/>\n<meta property=\"og:locale\" content=\"fr_FR\" \/>\n<meta property=\"og:type\" content=\"article\" \/>\n<meta property=\"og:title\" content=\"\u00dcber Mich - Pers\u00f6nliches \u00fcber Holger Korsten\" \/>\n<meta property=\"og:description\" content=\"Hier erf\u00e4hrst du Pers\u00f6nliches \u00fcber mich: Name: Holger Korsten | Erfahrung: \u00fcber 25 Jahre | Spezialgebiet: Hochzeiten | uvm.\" \/>\n<meta property=\"og:url\" content=\"https:\/\/djgerreg.de\/fr\/a-propos-de-moi\/\" \/>\n<meta property=\"og:site_name\" content=\"DJ GerreG - Feel The Music\" \/>\n<meta property=\"article:modified_time\" content=\"2026-04-10T13:57:27+00:00\" \/>\n<meta property=\"og:image\" content=\"https:\/\/djgerreg.de\/wp-content\/uploads\/2024\/01\/Ueber-mich-DJ-GerreG-und-Rudel.jpg\" \/>\n<meta name=\"twitter:card\" content=\"summary_large_image\" \/>\n<meta name=\"twitter:title\" content=\"\u00dcber Mich - Pers\u00f6nliches \u00fcber Holger Korsten\" \/>\n<meta name=\"twitter:description\" content=\"Hier erf\u00e4hrst du Pers\u00f6nliches \u00fcber mich: Name: Holger Korsten | Erfahrung: \u00fcber 25 Jahre | Spezialgebiet: Hochzeiten | uvm.\" \/>\n<meta name=\"twitter:image\" content=\"https:\/\/djgerreg.de\/wp-content\/uploads\/2024\/01\/Ueber-mich-DJ-GerreG-und-Rudel.jpg\" \/>\n<meta name=\"twitter:label1\" content=\"Dur\u00e9e de lecture estim\u00e9e\" \/>\n\t<meta name=\"twitter:data1\" content=\"4 minutes\" \/>\n<script type=\"application\/ld+json\" class=\"yoast-schema-graph\">{\"@context\":\"https:\\\/\\\/schema.org\",\"@graph\":[{\"@type\":\"WebPage\",\"@id\":\"https:\\\/\\\/djgerreg.de\\\/ueber-mich\\\/\",\"url\":\"https:\\\/\\\/djgerreg.de\\\/ueber-mich\\\/\",\"name\":\"\u00dcber Mich - Pers\u00f6nliches \u00fcber Holger Korsten\",\"isPartOf\":{\"@id\":\"https:\\\/\\\/djgerreg.de\\\/#website\"},\"primaryImageOfPage\":{\"@id\":\"https:\\\/\\\/djgerreg.de\\\/ueber-mich\\\/#primaryimage\"},\"image\":{\"@id\":\"https:\\\/\\\/djgerreg.de\\\/ueber-mich\\\/#primaryimage\"},\"thumbnailUrl\":\"https:\\\/\\\/djgerreg.de\\\/wp-content\\\/uploads\\\/2024\\\/01\\\/Ueber-mich-DJ-GerreG-und-Rudel.jpg\",\"datePublished\":\"2024-01-27T20:47:05+00:00\",\"dateModified\":\"2026-04-10T13:57:27+00:00\",\"description\":\"Hier erf\u00e4hrst du Pers\u00f6nliches \u00fcber mich: Name: Holger Korsten | Erfahrung: \u00fcber 25 Jahre | Spezialgebiet: Hochzeiten | uvm.\",\"breadcrumb\":{\"@id\":\"https:\\\/\\\/djgerreg.de\\\/ueber-mich\\\/#breadcrumb\"},\"inLanguage\":\"fr-FR\",\"potentialAction\":[{\"@type\":\"ReadAction\",\"target\":[\"https:\\\/\\\/djgerreg.de\\\/ueber-mich\\\/\"]}]},{\"@type\":\"ImageObject\",\"inLanguage\":\"fr-FR\",\"@id\":\"https:\\\/\\\/djgerreg.de\\\/ueber-mich\\\/#primaryimage\",\"url\":\"https:\\\/\\\/djgerreg.de\\\/wp-content\\\/uploads\\\/2024\\\/01\\\/Ueber-mich-DJ-GerreG-und-Rudel.jpg\",\"contentUrl\":\"https:\\\/\\\/djgerreg.de\\\/wp-content\\\/uploads\\\/2024\\\/01\\\/Ueber-mich-DJ-GerreG-und-Rudel.jpg\",\"width\":970,\"height\":509,\"caption\":\"\u00dcber mich - DJ GerreG und Rudel\"},{\"@type\":\"BreadcrumbList\",\"@id\":\"https:\\\/\\\/djgerreg.de\\\/ueber-mich\\\/#breadcrumb\",\"itemListElement\":[{\"@type\":\"ListItem\",\"position\":1,\"name\":\"Startseite\",\"item\":\"https:\\\/\\\/djgerreg.de\\\/\"},{\"@type\":\"ListItem\",\"position\":2,\"name\":\"\u00dcber Mich\"}]},{\"@type\":\"WebSite\",\"@id\":\"https:\\\/\\\/djgerreg.de\\\/#website\",\"url\":\"https:\\\/\\\/djgerreg.de\\\/\",\"name\":\"DJ GerreG - Feel The Music\",\"description\":\"Event DJ Worldwide - New York - Rio - Tokio\",\"publisher\":{\"@id\":\"https:\\\/\\\/djgerreg.de\\\/#organization\"},\"potentialAction\":[{\"@type\":\"SearchAction\",\"target\":{\"@type\":\"EntryPoint\",\"urlTemplate\":\"https:\\\/\\\/djgerreg.de\\\/?s={search_term_string}\"},\"query-input\":{\"@type\":\"PropertyValueSpecification\",\"valueRequired\":true,\"valueName\":\"search_term_string\"}}],\"inLanguage\":\"fr-FR\"},{\"@type\":\"Organization\",\"@id\":\"https:\\\/\\\/djgerreg.de\\\/#organization\",\"name\":\"DJ GerreG - Feel The Music\",\"url\":\"https:\\\/\\\/djgerreg.de\\\/\",\"logo\":{\"@type\":\"ImageObject\",\"inLanguage\":\"fr-FR\",\"@id\":\"https:\\\/\\\/djgerreg.de\\\/#\\\/schema\\\/logo\\\/image\\\/\",\"url\":\"https:\\\/\\\/djgerreg.de\\\/wp-content\\\/uploads\\\/2024\\\/01\\\/DJ-GerreG-The-Best-Music-In-Town.jpg\",\"contentUrl\":\"https:\\\/\\\/djgerreg.de\\\/wp-content\\\/uploads\\\/2024\\\/01\\\/DJ-GerreG-The-Best-Music-In-Town.jpg\",\"width\":300,\"height\":87,\"caption\":\"DJ GerreG - Feel The Music\"},\"image\":{\"@id\":\"https:\\\/\\\/djgerreg.de\\\/#\\\/schema\\\/logo\\\/image\\\/\"}}]}<\/script>\n<!-- \/ Yoast SEO Premium plugin. -->","yoast_head_json":{"title":"\u00c0 propos de moi - Informations personnelles sur Holger Korsten","description":"Ici, tu apprendras des choses personnelles sur moi : Nom : Holger Korsten | Exp\u00e9rience : plus de 25 ans | Sp\u00e9cialit\u00e9 : mariages | et bien d'autres choses encore.","robots":{"index":"index","follow":"follow","max-snippet":"max-snippet:-1","max-image-preview":"max-image-preview:large","max-video-preview":"max-video-preview:-1"},"canonical":"https:\/\/djgerreg.de\/fr\/a-propos-de-moi\/","og_locale":"fr_FR","og_type":"article","og_title":"\u00dcber Mich - Pers\u00f6nliches \u00fcber Holger Korsten","og_description":"Hier erf\u00e4hrst du Pers\u00f6nliches \u00fcber mich: Name: Holger Korsten | Erfahrung: \u00fcber 25 Jahre | Spezialgebiet: Hochzeiten | uvm.","og_url":"https:\/\/djgerreg.de\/fr\/a-propos-de-moi\/","og_site_name":"DJ GerreG - Feel The Music","article_modified_time":"2026-04-10T13:57:27+00:00","og_image":[{"url":"https:\/\/djgerreg.de\/wp-content\/uploads\/2024\/01\/Ueber-mich-DJ-GerreG-und-Rudel.jpg","type":"","width":"","height":""}],"twitter_card":"summary_large_image","twitter_title":"\u00dcber Mich - Pers\u00f6nliches \u00fcber Holger Korsten","twitter_description":"Hier erf\u00e4hrst du Pers\u00f6nliches \u00fcber mich: Name: Holger Korsten | Erfahrung: \u00fcber 25 Jahre | Spezialgebiet: Hochzeiten | uvm.","twitter_image":"https:\/\/djgerreg.de\/wp-content\/uploads\/2024\/01\/Ueber-mich-DJ-GerreG-und-Rudel.jpg","twitter_misc":{"Dur\u00e9e de lecture estim\u00e9e":"4 minutes"},"schema":{"@context":"https:\/\/schema.org","@graph":[{"@type":"WebPage","@id":"https:\/\/djgerreg.de\/ueber-mich\/","url":"https:\/\/djgerreg.de\/ueber-mich\/","name":"\u00c0 propos de moi - Informations personnelles sur Holger Korsten","isPartOf":{"@id":"https:\/\/djgerreg.de\/#website"},"primaryImageOfPage":{"@id":"https:\/\/djgerreg.de\/ueber-mich\/#primaryimage"},"image":{"@id":"https:\/\/djgerreg.de\/ueber-mich\/#primaryimage"},"thumbnailUrl":"https:\/\/djgerreg.de\/wp-content\/uploads\/2024\/01\/Ueber-mich-DJ-GerreG-und-Rudel.jpg","datePublished":"2024-01-27T20:47:05+00:00","dateModified":"2026-04-10T13:57:27+00:00","description":"Ici, tu apprendras des choses personnelles sur moi : Nom : Holger Korsten | Exp\u00e9rience : plus de 25 ans | Sp\u00e9cialit\u00e9 : mariages | et bien d'autres choses encore.","breadcrumb":{"@id":"https:\/\/djgerreg.de\/ueber-mich\/#breadcrumb"},"inLanguage":"fr-FR","potentialAction":[{"@type":"ReadAction","target":["https:\/\/djgerreg.de\/ueber-mich\/"]}]},{"@type":"ImageObject","inLanguage":"fr-FR","@id":"https:\/\/djgerreg.de\/ueber-mich\/#primaryimage","url":"https:\/\/djgerreg.de\/wp-content\/uploads\/2024\/01\/Ueber-mich-DJ-GerreG-und-Rudel.jpg","contentUrl":"https:\/\/djgerreg.de\/wp-content\/uploads\/2024\/01\/Ueber-mich-DJ-GerreG-und-Rudel.jpg","width":970,"height":509,"caption":"\u00dcber mich - DJ GerreG und Rudel"},{"@type":"BreadcrumbList","@id":"https:\/\/djgerreg.de\/ueber-mich\/#breadcrumb","itemListElement":[{"@type":"ListItem","position":1,"name":"Startseite","item":"https:\/\/djgerreg.de\/"},{"@type":"ListItem","position":2,"name":"\u00dcber Mich"}]},{"@type":"WebSite","@id":"https:\/\/djgerreg.de\/#website","url":"https:\/\/djgerreg.de\/","name":"DJ GerreG - Ressentez la musique","description":"Event DJ Worldwide - New York - Rio - Tokyo","publisher":{"@id":"https:\/\/djgerreg.de\/#organization"},"potentialAction":[{"@type":"SearchAction","target":{"@type":"EntryPoint","urlTemplate":"https:\/\/djgerreg.de\/?s={search_term_string}"},"query-input":{"@type":"PropertyValueSpecification","valueRequired":true,"valueName":"search_term_string"}}],"inLanguage":"fr-FR"},{"@type":"Organization","@id":"https:\/\/djgerreg.de\/#organization","name":"DJ GerreG - Ressentez la musique","url":"https:\/\/djgerreg.de\/","logo":{"@type":"ImageObject","inLanguage":"fr-FR","@id":"https:\/\/djgerreg.de\/#\/schema\/logo\/image\/","url":"https:\/\/djgerreg.de\/wp-content\/uploads\/2024\/01\/DJ-GerreG-The-Best-Music-In-Town.jpg","contentUrl":"https:\/\/djgerreg.de\/wp-content\/uploads\/2024\/01\/DJ-GerreG-The-Best-Music-In-Town.jpg","width":300,"height":87,"caption":"DJ GerreG - Feel The Music"},"image":{"@id":"https:\/\/djgerreg.de\/#\/schema\/logo\/image\/"}}]}},"_links":{"self":[{"href":"https:\/\/djgerreg.de\/fr\/wp-json\/wp\/v2\/pages\/516","targetHints":{"allow":["GET"]}}],"collection":[{"href":"https:\/\/djgerreg.de\/fr\/wp-json\/wp\/v2\/pages"}],"about":[{"href":"https:\/\/djgerreg.de\/fr\/wp-json\/wp\/v2\/types\/page"}],"author":[{"embeddable":true,"href":"https:\/\/djgerreg.de\/fr\/wp-json\/wp\/v2\/users\/1"}],"replies":[{"embeddable":true,"href":"https:\/\/djgerreg.de\/fr\/wp-json\/wp\/v2\/comments?post=516"}],"version-history":[{"count":10,"href":"https:\/\/djgerreg.de\/fr\/wp-json\/wp\/v2\/pages\/516\/revisions"}],"predecessor-version":[{"id":6897,"href":"https:\/\/djgerreg.de\/fr\/wp-json\/wp\/v2\/pages\/516\/revisions\/6897"}],"wp:featuredmedia":[{"embeddable":true,"href":"https:\/\/djgerreg.de\/fr\/wp-json\/wp\/v2\/media\/505"}],"wp:attachment":[{"href":"https:\/\/djgerreg.de\/fr\/wp-json\/wp\/v2\/media?parent=516"}],"curies":[{"name":"wp","href":"https:\/\/api.w.org\/{rel}","templated":true}]}}