{"id":1119,"date":"2025-03-11T13:22:55","date_gmt":"2025-03-11T12:22:55","guid":{"rendered":"https:\/\/djgerreg.de\/?page_id=1119"},"modified":"2025-07-24T08:14:12","modified_gmt":"2025-07-24T06:14:12","slug":"caffebar","status":"publish","type":"page","link":"https:\/\/djgerreg.de\/it\/kaffeebar-s\/","title":{"rendered":"Caffetteria Altri eventi"},"content":{"rendered":"<h1>Incontro <img decoding=\"async\" role=\"img\" draggable=\"false\" src=\"https:\/\/s.w.org\/images\/core\/emoji\/15.0.3\/svg\/1f3b5.svg\" alt=\"\ud83c\udfb5\" \/> con Holger <img decoding=\"async\" role=\"img\" draggable=\"false\" src=\"https:\/\/s.w.org\/images\/core\/emoji\/15.0.3\/svg\/1f3a4.svg\" alt=\"\ud83c\udfa4\" \/> aka DJ GerreG<\/h1>\n\tAmo le feste indimenticabili. Anche voi?<br \/>\nAllora facciamo festa insieme!\n\t<p>Non vedo l'ora di conoscerti di persona e darti tanti preziosi consigli per la tua festa.<\/p>\n<p><strong>Tutto senza impegno! Puoi aspettarti:<\/strong><\/p>\n<ul>\n<li>Una cordiale telefonata informativa per rispondere a tutte le vostre domande.<\/li>\n<li>Un incontro di pianificazione personale per discutere e organizzare la vostra festa fin nei minimi dettagli.<\/li>\n<li>Tanti consigli preziosi per la festa pi\u00f9 bella di sempre!<\/li>\n<\/ul>\n\t<p>Qui puoi trovare direttamente dal mio calendario online l'appuntamento pi\u00f9 adatto a te per il nostro colloquio conoscitivo gratuito e senza impegno e prenotarlo subito online.<\/p>\n\t<p><!-- Calendly Inline-Widget Beginn --><\/p>\n<br \/>\n<!-- Calendly Inline-Widget Ende -->\n\t<p>Emozioni reali | Momenti unici<\/p>\n\t<p>Jede Hochzeit und jedes Event, das ich begleiten darf, erz\u00e4hlt eine ganz besondere Geschichte. Ob glamour\u00f6s und gro\u00df, intim und romantisch oder wie aus einem M\u00e4rchen &#8211; jede Feier ist einzigartig und unvergesslich. Ich sorge daf\u00fcr, dass eure Party nicht nur in Erinnerung bleibt, sondern Herzen ber\u00fchrt und Geschichten schreibt.<\/p>\nLa mia passione \u00e8 accompagnare il vostro giorno speciale con la musica e creare momenti indimenticabili per voi e per i vostri ospiti, di cui tutti vi innamorerete per molto tempo!<br \/>\nQuesto \u00e8 ci\u00f2 che rappresento come DJ professionista per matrimoni ed eventi, DJ GerreG.\n\n<div class=\"shariff shariff-align-center shariff-widget-align-center\" style=\"display:none\" data-services=\"facebook\" data-url=\"https:\/\/djgerreg.de\/it\/kaffeebar-s\/\" data-timestamp=\"1753344852\" data-hidezero=\"1\" data-backendurl=\"https:\/\/djgerreg.de\/it\/wp-json\/shariff\/v1\/share_counts?\"><ul class=\"shariff-buttons theme-grey orientation-horizontal buttonsize-medium\"><li class=\"shariff-button facebook shariff-nocustomcolor\" style=\"background-color:#4273c8\"><a href=\"https:\/\/www.facebook.com\/sharer\/sharer.php?u=https%3A%2F%2Fdjgerreg.de%2Fit%2Fkaffeebar-s%2F\" title=\"Condividi su Facebook\" aria-label=\"Condividi su Facebook\" role=\"button\" rel=\"nofollow\" class=\"shariff-link\" style=\"; background-color:#3b5998; color:#fff\" target=\"_blank\"><span class=\"shariff-icon\" style=\"\"><svg width=\"32px\" height=\"20px\" xmlns=\"http:\/\/www.w3.org\/2000\/svg\" viewbox=\"0 0 18 32\"><path fill=\"#3b5998\" d=\"M17.1 0.2v4.7h-2.8q-1.5 0-2.1 0.6t-0.5 1.9v3.4h5.2l-0.7 5.3h-4.5v13.6h-5.5v-13.6h-4.5v-5.3h4.5v-3.9q0-3.3 1.9-5.2t5-1.8q2.6 0 4.1 0.2z\"\/><\/svg><\/span><span class=\"shariff-text\">Condividi<\/span>&nbsp;<span data-service=\"facebook\" style=\"color:#3b5998\" class=\"shariff-count shariff-hidezero\"><\/span>&nbsp;<\/a><\/li><li class=\"shariff-button twitter shariff-nocustomcolor\" style=\"background-color:#595959\"><a href=\"https:\/\/twitter.com\/share?url=https%3A%2F%2Fdjgerreg.de%2Fit%2Fkaffeebar-s%2F&text=Kaffeebar%20Sonstige%20Veranstaltungen\" title=\"Quota a X\" aria-label=\"Quota a X\" role=\"button\" rel=\"noopener nofollow\" class=\"shariff-link\" style=\"; background-color:#000; color:#fff\" target=\"_blank\"><span class=\"shariff-icon\" style=\"\"><svg width=\"32px\" height=\"20px\" xmlns=\"http:\/\/www.w3.org\/2000\/svg\" viewbox=\"0 0 24 24\"><path fill=\"#000\" d=\"M14.258 10.152L23.176 0h-2.113l-7.747 8.813L7.133 0H0l9.352 13.328L0 23.973h2.113l8.176-9.309 6.531 9.309h7.133zm-2.895 3.293l-.949-1.328L2.875 1.56h3.246l6.086 8.523.945 1.328 7.91 11.078h-3.246zm0 0\"\/><\/svg><\/span><span class=\"shariff-text\">Condividi<\/span>&nbsp;<\/a><\/li><li class=\"shariff-button linkedin shariff-nocustomcolor\" style=\"background-color:#1488bf\"><a href=\"https:\/\/www.linkedin.com\/sharing\/share-offsite\/?url=https%3A%2F%2Fdjgerreg.de%2Fit%2Fkaffeebar-s%2F\" title=\"Condividi su LinkedIn\" aria-label=\"Condividi su LinkedIn\" role=\"button\" rel=\"noopener nofollow\" class=\"shariff-link\" style=\"; background-color:#0077b5; color:#fff\" target=\"_blank\"><span class=\"shariff-icon\" style=\"\"><svg width=\"32px\" height=\"20px\" xmlns=\"http:\/\/www.w3.org\/2000\/svg\" viewbox=\"0 0 27 32\"><path fill=\"#0077b5\" d=\"M6.2 11.2v17.7h-5.9v-17.7h5.9zM6.6 5.7q0 1.3-0.9 2.2t-2.4 0.9h0q-1.5 0-2.4-0.9t-0.9-2.2 0.9-2.2 2.4-0.9 2.4 0.9 0.9 2.2zM27.4 18.7v10.1h-5.9v-9.5q0-1.9-0.7-2.9t-2.3-1.1q-1.1 0-1.9 0.6t-1.2 1.5q-0.2 0.5-0.2 1.4v9.9h-5.9q0-7.1 0-11.6t0-5.3l0-0.9h5.9v2.6h0q0.4-0.6 0.7-1t1-0.9 1.6-0.8 2-0.3q3 0 4.9 2t1.9 6z\"\/><\/svg><\/span><span class=\"shariff-text\">Condividi<\/span>&nbsp;<\/a><\/li><\/ul><\/div>","protected":false},"excerpt":{"rendered":"<p>\ud83e\udd1d\ud83c\udffb\u00a0Kennenlernen mit Holger aka DJ GerreG Ich liebe unvergessliche Partys. Du auch? Dann lass uns gemeinsam Party machen! Ich freue mich darauf, dich einmal pers\u00f6nlich kennenzulernen und dir viele wertvolle Tipps f\u00fcr deine Party zu geben. Alles unverbindlich! Du kannst dich freuen auf: Ein herzliches Infogespr\u00e4ch, um all deine Fragen zu beantworten. Ein pers\u00f6nliches Planungsgespr\u00e4ch, [&hellip;]<\/p>\n","protected":false},"author":1,"featured_media":46,"parent":0,"menu_order":0,"comment_status":"closed","ping_status":"closed","template":"","meta":{"site-sidebar-layout":"no-sidebar","site-content-layout":"page-builder","ast-site-content-layout":"full-width-container","site-content-style":"unboxed","site-sidebar-style":"unboxed","ast-global-header-display":"","ast-banner-title-visibility":"","ast-main-header-display":"","ast-hfb-above-header-display":"","ast-hfb-below-header-display":"","ast-hfb-mobile-header-display":"","site-post-title":"disabled","ast-breadcrumbs-content":"","ast-featured-img":"disabled","footer-sml-layout":"","ast-disable-related-posts":"","theme-transparent-header-meta":"default","adv-header-id-meta":"","stick-header-meta":"default","header-above-stick-meta":"","header-main-stick-meta":"","header-below-stick-meta":"","astra-migrate-meta-layouts":"set","ast-page-background-enabled":"default","ast-page-background-meta":{"desktop":{"background-color":"","background-image":"","background-repeat":"repeat","background-position":"center center","background-size":"auto","background-attachment":"scroll","background-type":"","background-media":"","overlay-type":"","overlay-color":"","overlay-opacity":"","overlay-gradient":""},"tablet":{"background-color":"","background-image":"","background-repeat":"repeat","background-position":"center center","background-size":"auto","background-attachment":"scroll","background-type":"","background-media":"","overlay-type":"","overlay-color":"","overlay-opacity":"","overlay-gradient":""},"mobile":{"background-color":"","background-image":"","background-repeat":"repeat","background-position":"center center","background-size":"auto","background-attachment":"scroll","background-type":"","background-media":"","overlay-type":"","overlay-color":"","overlay-opacity":"","overlay-gradient":""}},"ast-content-background-meta":{"desktop":{"background-color":"var(--ast-global-color-5)","background-image":"","background-repeat":"repeat","background-position":"center center","background-size":"auto","background-attachment":"scroll","background-type":"","background-media":"","overlay-type":"","overlay-color":"","overlay-opacity":"","overlay-gradient":""},"tablet":{"background-color":"var(--ast-global-color-5)","background-image":"","background-repeat":"repeat","background-position":"center center","background-size":"auto","background-attachment":"scroll","background-type":"","background-media":"","overlay-type":"","overlay-color":"","overlay-opacity":"","overlay-gradient":""},"mobile":{"background-color":"var(--ast-global-color-5)","background-image":"","background-repeat":"repeat","background-position":"center center","background-size":"auto","background-attachment":"scroll","background-type":"","background-media":"","overlay-type":"","overlay-color":"","overlay-opacity":"","overlay-gradient":""}},"footnotes":""},"class_list":["post-1119","page","type-page","status-publish","has-post-thumbnail","hentry"],"yoast_head":"<!-- This site is optimized with the Yoast SEO Premium plugin v24.3 (Yoast SEO v27.4) - https:\/\/yoast.com\/product\/yoast-seo-premium-wordpress\/ -->\n<title>Kaffeebar Sonstige Veranstaltungen<\/title>\n<meta name=\"robots\" content=\"noindex, follow\" \/>\n<meta property=\"og:locale\" content=\"it_IT\" \/>\n<meta property=\"og:type\" content=\"article\" \/>\n<meta property=\"og:title\" content=\"Kaffeebar Sonstige Veranstaltungen\" \/>\n<meta property=\"og:description\" content=\"\ud83e\udd1d\ud83c\udffb\u00a0Kennenlernen mit Holger aka DJ GerreG Ich liebe unvergessliche Partys. Du auch? Dann lass uns gemeinsam Party machen! Ich freue mich darauf, dich einmal pers\u00f6nlich kennenzulernen und dir viele wertvolle Tipps f\u00fcr deine Party zu geben. Alles unverbindlich! Du kannst dich freuen auf: Ein herzliches Infogespr\u00e4ch, um all deine Fragen zu beantworten. Ein pers\u00f6nliches Planungsgespr\u00e4ch, [&hellip;]\" \/>\n<meta property=\"og:url\" content=\"https:\/\/djgerreg.de\/it\/caffebar\/\" \/>\n<meta property=\"og:site_name\" content=\"DJ GerreG - Feel The Music\" \/>\n<meta property=\"article:modified_time\" content=\"2025-07-24T06:14:12+00:00\" \/>\n<meta property=\"og:image\" content=\"https:\/\/djgerreg.de\/wp-content\/uploads\/2020\/10\/DJ-GerreG-420.png\" \/>\n\t<meta property=\"og:image:width\" content=\"420\" \/>\n\t<meta property=\"og:image:height\" content=\"420\" \/>\n\t<meta property=\"og:image:type\" content=\"image\/png\" \/>\n<meta name=\"twitter:card\" content=\"summary_large_image\" \/>\n<meta name=\"twitter:label1\" content=\"Tempo di lettura stimato\" \/>\n\t<meta name=\"twitter:data1\" content=\"2 minuti\" \/>\n<script type=\"application\/ld+json\" class=\"yoast-schema-graph\">{\"@context\":\"https:\\\/\\\/schema.org\",\"@graph\":[{\"@type\":\"WebPage\",\"@id\":\"https:\\\/\\\/djgerreg.de\\\/kaffeebar-s\\\/\",\"url\":\"https:\\\/\\\/djgerreg.de\\\/kaffeebar-s\\\/\",\"name\":\"Kaffeebar Sonstige Veranstaltungen\",\"isPartOf\":{\"@id\":\"https:\\\/\\\/djgerreg.de\\\/#website\"},\"primaryImageOfPage\":{\"@id\":\"https:\\\/\\\/djgerreg.de\\\/kaffeebar-s\\\/#primaryimage\"},\"image\":{\"@id\":\"https:\\\/\\\/djgerreg.de\\\/kaffeebar-s\\\/#primaryimage\"},\"thumbnailUrl\":\"https:\\\/\\\/djgerreg.de\\\/wp-content\\\/uploads\\\/2020\\\/10\\\/DJ-GerreG-420.png\",\"datePublished\":\"2025-03-11T12:22:55+00:00\",\"dateModified\":\"2025-07-24T06:14:12+00:00\",\"breadcrumb\":{\"@id\":\"https:\\\/\\\/djgerreg.de\\\/kaffeebar-s\\\/#breadcrumb\"},\"inLanguage\":\"it-IT\",\"potentialAction\":[{\"@type\":\"ReadAction\",\"target\":[\"https:\\\/\\\/djgerreg.de\\\/kaffeebar-s\\\/\"]}]},{\"@type\":\"ImageObject\",\"inLanguage\":\"it-IT\",\"@id\":\"https:\\\/\\\/djgerreg.de\\\/kaffeebar-s\\\/#primaryimage\",\"url\":\"https:\\\/\\\/djgerreg.de\\\/wp-content\\\/uploads\\\/2020\\\/10\\\/DJ-GerreG-420.png\",\"contentUrl\":\"https:\\\/\\\/djgerreg.de\\\/wp-content\\\/uploads\\\/2020\\\/10\\\/DJ-GerreG-420.png\",\"width\":420,\"height\":420,\"caption\":\"DJ GerreG\"},{\"@type\":\"BreadcrumbList\",\"@id\":\"https:\\\/\\\/djgerreg.de\\\/kaffeebar-s\\\/#breadcrumb\",\"itemListElement\":[{\"@type\":\"ListItem\",\"position\":1,\"name\":\"Startseite\",\"item\":\"https:\\\/\\\/djgerreg.de\\\/\"},{\"@type\":\"ListItem\",\"position\":2,\"name\":\"Kaffeebar Sonstige Veranstaltungen\"}]},{\"@type\":\"WebSite\",\"@id\":\"https:\\\/\\\/djgerreg.de\\\/#website\",\"url\":\"https:\\\/\\\/djgerreg.de\\\/\",\"name\":\"DJ GerreG - Feel The Music\",\"description\":\"Event DJ Worldwide - New York - Rio - Tokio\",\"publisher\":{\"@id\":\"https:\\\/\\\/djgerreg.de\\\/#organization\"},\"potentialAction\":[{\"@type\":\"SearchAction\",\"target\":{\"@type\":\"EntryPoint\",\"urlTemplate\":\"https:\\\/\\\/djgerreg.de\\\/?s={search_term_string}\"},\"query-input\":{\"@type\":\"PropertyValueSpecification\",\"valueRequired\":true,\"valueName\":\"search_term_string\"}}],\"inLanguage\":\"it-IT\"},{\"@type\":\"Organization\",\"@id\":\"https:\\\/\\\/djgerreg.de\\\/#organization\",\"name\":\"DJ GerreG - Feel The Music\",\"url\":\"https:\\\/\\\/djgerreg.de\\\/\",\"logo\":{\"@type\":\"ImageObject\",\"inLanguage\":\"it-IT\",\"@id\":\"https:\\\/\\\/djgerreg.de\\\/#\\\/schema\\\/logo\\\/image\\\/\",\"url\":\"https:\\\/\\\/djgerreg.de\\\/wp-content\\\/uploads\\\/2024\\\/01\\\/DJ-GerreG-The-Best-Music-In-Town.jpg\",\"contentUrl\":\"https:\\\/\\\/djgerreg.de\\\/wp-content\\\/uploads\\\/2024\\\/01\\\/DJ-GerreG-The-Best-Music-In-Town.jpg\",\"width\":300,\"height\":87,\"caption\":\"DJ GerreG - Feel The Music\"},\"image\":{\"@id\":\"https:\\\/\\\/djgerreg.de\\\/#\\\/schema\\\/logo\\\/image\\\/\"}}]}<\/script>\n<!-- \/ Yoast SEO Premium plugin. -->","yoast_head_json":{"title":"Caffetteria Altri eventi","robots":{"index":"noindex","follow":"follow"},"og_locale":"it_IT","og_type":"article","og_title":"Kaffeebar Sonstige Veranstaltungen","og_description":"\ud83e\udd1d\ud83c\udffb\u00a0Kennenlernen mit Holger aka DJ GerreG Ich liebe unvergessliche Partys. Du auch? Dann lass uns gemeinsam Party machen! Ich freue mich darauf, dich einmal pers\u00f6nlich kennenzulernen und dir viele wertvolle Tipps f\u00fcr deine Party zu geben. Alles unverbindlich! Du kannst dich freuen auf: Ein herzliches Infogespr\u00e4ch, um all deine Fragen zu beantworten. Ein pers\u00f6nliches Planungsgespr\u00e4ch, [&hellip;]","og_url":"https:\/\/djgerreg.de\/it\/caffebar\/","og_site_name":"DJ GerreG - Feel The Music","article_modified_time":"2025-07-24T06:14:12+00:00","og_image":[{"width":420,"height":420,"url":"https:\/\/djgerreg.de\/wp-content\/uploads\/2020\/10\/DJ-GerreG-420.png","type":"image\/png"}],"twitter_card":"summary_large_image","twitter_misc":{"Tempo di lettura stimato":"2 minuti"},"schema":{"@context":"https:\/\/schema.org","@graph":[{"@type":"WebPage","@id":"https:\/\/djgerreg.de\/kaffeebar-s\/","url":"https:\/\/djgerreg.de\/kaffeebar-s\/","name":"Caffetteria Altri eventi","isPartOf":{"@id":"https:\/\/djgerreg.de\/#website"},"primaryImageOfPage":{"@id":"https:\/\/djgerreg.de\/kaffeebar-s\/#primaryimage"},"image":{"@id":"https:\/\/djgerreg.de\/kaffeebar-s\/#primaryimage"},"thumbnailUrl":"https:\/\/djgerreg.de\/wp-content\/uploads\/2020\/10\/DJ-GerreG-420.png","datePublished":"2025-03-11T12:22:55+00:00","dateModified":"2025-07-24T06:14:12+00:00","breadcrumb":{"@id":"https:\/\/djgerreg.de\/kaffeebar-s\/#breadcrumb"},"inLanguage":"it-IT","potentialAction":[{"@type":"ReadAction","target":["https:\/\/djgerreg.de\/kaffeebar-s\/"]}]},{"@type":"ImageObject","inLanguage":"it-IT","@id":"https:\/\/djgerreg.de\/kaffeebar-s\/#primaryimage","url":"https:\/\/djgerreg.de\/wp-content\/uploads\/2020\/10\/DJ-GerreG-420.png","contentUrl":"https:\/\/djgerreg.de\/wp-content\/uploads\/2020\/10\/DJ-GerreG-420.png","width":420,"height":420,"caption":"DJ GerreG"},{"@type":"BreadcrumbList","@id":"https:\/\/djgerreg.de\/kaffeebar-s\/#breadcrumb","itemListElement":[{"@type":"ListItem","position":1,"name":"Startseite","item":"https:\/\/djgerreg.de\/"},{"@type":"ListItem","position":2,"name":"Kaffeebar Sonstige Veranstaltungen"}]},{"@type":"WebSite","@id":"https:\/\/djgerreg.de\/#website","url":"https:\/\/djgerreg.de\/","name":"DJ GerreG - Senti La Musica","description":"DJ per eventi in tutto il mondo - New York - Rio - Tokyo","publisher":{"@id":"https:\/\/djgerreg.de\/#organization"},"potentialAction":[{"@type":"SearchAction","target":{"@type":"EntryPoint","urlTemplate":"https:\/\/djgerreg.de\/?s={search_term_string}"},"query-input":{"@type":"PropertyValueSpecification","valueRequired":true,"valueName":"search_term_string"}}],"inLanguage":"it-IT"},{"@type":"Organization","@id":"https:\/\/djgerreg.de\/#organization","name":"DJ GerreG - Senti La Musica","url":"https:\/\/djgerreg.de\/","logo":{"@type":"ImageObject","inLanguage":"it-IT","@id":"https:\/\/djgerreg.de\/#\/schema\/logo\/image\/","url":"https:\/\/djgerreg.de\/wp-content\/uploads\/2024\/01\/DJ-GerreG-The-Best-Music-In-Town.jpg","contentUrl":"https:\/\/djgerreg.de\/wp-content\/uploads\/2024\/01\/DJ-GerreG-The-Best-Music-In-Town.jpg","width":300,"height":87,"caption":"DJ GerreG - Feel The Music"},"image":{"@id":"https:\/\/djgerreg.de\/#\/schema\/logo\/image\/"}}]}},"_links":{"self":[{"href":"https:\/\/djgerreg.de\/it\/wp-json\/wp\/v2\/pages\/1119","targetHints":{"allow":["GET"]}}],"collection":[{"href":"https:\/\/djgerreg.de\/it\/wp-json\/wp\/v2\/pages"}],"about":[{"href":"https:\/\/djgerreg.de\/it\/wp-json\/wp\/v2\/types\/page"}],"author":[{"embeddable":true,"href":"https:\/\/djgerreg.de\/it\/wp-json\/wp\/v2\/users\/1"}],"replies":[{"embeddable":true,"href":"https:\/\/djgerreg.de\/it\/wp-json\/wp\/v2\/comments?post=1119"}],"version-history":[{"count":6,"href":"https:\/\/djgerreg.de\/it\/wp-json\/wp\/v2\/pages\/1119\/revisions"}],"predecessor-version":[{"id":1532,"href":"https:\/\/djgerreg.de\/it\/wp-json\/wp\/v2\/pages\/1119\/revisions\/1532"}],"wp:featuredmedia":[{"embeddable":true,"href":"https:\/\/djgerreg.de\/it\/wp-json\/wp\/v2\/media\/46"}],"wp:attachment":[{"href":"https:\/\/djgerreg.de\/it\/wp-json\/wp\/v2\/media?parent=1119"}],"curies":[{"name":"wp","href":"https:\/\/api.w.org\/{rel}","templated":true}]}}