{"id":356,"date":"2024-01-21T12:23:36","date_gmt":"2024-01-21T11:23:36","guid":{"rendered":"https:\/\/djgerreg.de\/?page_id=356"},"modified":"2026-01-03T07:04:15","modified_gmt":"2026-01-03T06:04:15","slug":"garanzia-di-12-punti","status":"publish","type":"page","link":"https:\/\/djgerreg.de\/it\/12-punkte-garantie\/","title":{"rendered":"Garanzia di 12 punti per la vostra sicurezza"},"content":{"rendered":"<p><strong>12 punti di garanzia<\/strong> \ud83d\udcbf La migliore musica in citt\u00e0 \ud83d\udcbf DJ per matrimoni ed eventi in tutto il mondo \ud83d\udcbf Notizie, informazioni e prenotazioni qui sul sito.<\/p>\n\t\t\t\t<img decoding=\"async\" src=\"https:\/\/djgerreg.de\/wp-content\/uploads\/2024\/01\/12-Punkte-Garantie-Siegel-420.png\" alt=\"Sigillo di garanzia a 12 punti\" itemprop=\"image\" height=\"351\" width=\"420\" title=\"Sigillo di garanzia a 12 punti\" onerror=\"this.style.display='none'\" loading=\"lazy\" \/>\n<h1>\n\t\t\t12 punti di garanzia <br \/> per la sicurezza 100%!\t<\/h1>\n\t<p>Non dovreste accontentarvi di niente di meno!<\/p>\n\t<script async src=\"https:\/\/static.trustlocal.de\/widget\/widget_review.js\"><\/script>\r\n<div class=\"trustlocal-review-widget\" data-id=\"374015\" data-language-code=\"de\" data-country-code=\"DE\"><\/div>\n<h2>\n\t\t\tMusikproduktion &#038; eigene Songs\t<\/h2>\n\t<p>Come DJ e produttore musicale, combino l'esperienza dal vivo con il mio lavoro in studio.<br data-start=\"2420\" data-end=\"2423\" \/>La mia musica nasce dall'emozione, dalla pratica e dalla passione per il momento.<\/p>\n\t\t\t<a href=\"https:\/\/djgerreg.de\/it\/produzione-musicale\/\" target=\"_self\">\n\t\t\t\t\t\t\t<img decoding=\"async\" alt=\"\u27a1\ufe0f\" src=\"https:\/\/s.w.org\/images\/core\/emoji\/17.0.2\/svg\/27a1.svg\" draggable=\"false\" role=\"img\"\/> Ulteriori informazioni sulla produzione musicale\n\t\t\t<\/a>\n<h2>\n\t\t\tGaranzia unica di 12 punti!\t<\/h2>\n\t<strong><u>1) Consulenza personale individuale:<br \/>\n<\/u><\/strong>Riceverete una consulenza completa e personalizzata per garantire il successo della vostra festa.\n<strong><u>2) Siete voi a stabilire il prezzo:<br \/>\n<\/u><\/strong>A seconda della portata desiderata, \u00e8 possibile scegliere il pacchetto pi\u00f9 adatto.\n<strong><u>3) *Garanzia soddisfatti o rimborsati*:<br \/>\n<\/u><\/strong>Se non vi piace nulla nei primi 90 minuti, non dovete pagarci! Senza domande, senza se e senza ma! 100% soddisfatti, o siamo liberi!\n<strong><u>4) Colloquio preliminare personale e gratuito con il vostro DJ:<br \/>\n<\/u><\/strong>Detaillierte Planung deiner Feier mit einem professionellen Ablaufplan. Erst nach diesem umfangreichen und informativem Gespr\u00e4ch entscheidest du dich \u00fcber die Buchung. So kannst du deinen DJ pers\u00f6nlich kennenlernen und dir ein Bild machen und schauen, ob&#8217;s von der Sympathie her passt.\n<strong><u>5) Garanzia di cancellazione del DJ:<br \/>\n<\/u><\/strong>Bei Verhinderung des DJ&#8217;s durch Krankheit oder famili\u00e4re Gr\u00fcnde erh\u00e4ltst du professionellen\u00a0Ausfallersatz. Der neue DJ erh\u00e4lt alle Infos, die mit dir abgesprochen waren und wird deine Party genauso zum rauschenden Fest\u00a0machen.\n<strong><u>6) Puntualit\u00e0 \/ affidabilit\u00e0:<br \/>\n<\/u><\/strong>Mit Ausnahme von h\u00f6herer Gewalt.\u00a0Wir sind immer weit vor Veranstaltungsbeginn vor Ort und bauen in aller Ruhe die Anlage auf &#8211; lange, bevor die ersten G\u00e4ste kommen.\n<strong><u>7) Organizzazione dell'evento come concordato:<br \/>\n<\/u><\/strong>Deine\u00a0W\u00fcnsche werden sehr ernst genommen und werden konsequent durchgef\u00fchrt. Das bedeutet, dass wenn du zum Beispiel Wolfgang Petry oder deutsche Schlager auf keinen Fall h\u00f6ren willst, dann wird dieses auch nicht gespielt&#8230; egal, ob sich die G\u00e4ste das w\u00fcnschen oder nicht.\n<strong><u>8) Consulenza e indicazioni gratuite:<br \/>\n<\/u><\/strong>fino a una distanza di circa 50 km da 21244 Buchholz in der Nordheide\n<strong><u>9)\u00a0<a href=\"https:\/\/djgerreg.de\/it\/galleria\/#technik\">Attrezzature professionali di alta qualit\u00e0<\/a>:<br \/>\n<\/u><\/strong>garantisce un suono perfetto, un aspetto accattivante e la massima protezione contro i guasti.\n<strong><u>10) Garanzia di guasto tecnico:<br \/>\n<\/u><\/strong>Abbiamo con noi tutti i componenti importanti in duplice copia come backup e possiamo sostituire le apparecchiature guaste in pochi minuti. Nell'improbabile caso di un guasto tecnico, la festa continuer\u00e0 in brevissimo tempo!\n<strong><u>11) Conferma dell'ordine:<br \/>\n<\/u><\/strong>Riceverete sempre una conferma d'ordine da parte nostra via e-mail, in modo da avere sempre la sicurezza e una buona sensazione.\n<strong><u>12) Disponibilit\u00e0 costante:<br \/>\n<\/u><\/strong>Per le emergenze potete contattarci 24 ore su 24 al numero:<br \/>\n0179 397 876 1 (soggetto alla ricezione della rete),<br \/>\ne via e-mail a: hilfe(at)dj-nothilfe.de\n<p>Con la nostra esclusiva garanzia di 12 punti \/ garanzia di soddisfazione, potete essere certi che la vostra festa sar\u00e0 un successo completo.<\/p>\n\t\t\t<a href=\"https:\/\/djgerreg.de\/it\/richiesta-di-contatto\/\" target=\"_self\">\n\t\t\t\t\t\t\tS\u00ec, lo so!\n\t\t\t<\/a>\n\t\t\t\t<a href=\"https:\/\/djgerreg.de\/it\/galleria\/\"  target=\"_self\" itemprop=\"url\">\n\t\t\t\t<img decoding=\"async\" src=\"https:\/\/djgerreg.de\/wp-content\/uploads\/2024\/01\/Party-mit-DJ-GerreG.jpg\" alt=\"Festa con DJ GerreG\" itemprop=\"image\" height=\"200\" width=\"1400\" title=\"Festa con DJ GerreG\" onerror=\"this.style.display='none'\" loading=\"lazy\" \/>\n\t\t\t\t<\/a>\n\t<p>* deve essere doppiato nei primi 90 minuti<\/p>\n\t\t\t\t<img decoding=\"async\" src=\"https:\/\/djgerreg.de\/wp-content\/uploads\/2024\/01\/12-Punkte-Garantie.jpg\" alt=\"12 punti di garanzia\" itemprop=\"image\" height=\"509\" width=\"970\" title=\"12 punti di garanzia\" onerror=\"this.style.display='none'\" loading=\"lazy\" \/>\n\t\t\t<a href=\"https:\/\/djgerreg.de\/it\/richiesta-di-contatto\/\" target=\"_self\">\n\t\t\t\t\t\t\tMettetevi in contatto con me e conoscetemi.\n\t\t\t<\/a>\n\n<div class=\"shariff shariff-align-center shariff-widget-align-center\" style=\"display:none\" data-services=\"facebook\" data-url=\"https:\/\/djgerreg.de\/it\/12-punkte-garantie\/\" data-timestamp=\"1767423855\" data-hidezero=\"1\" data-backendurl=\"https:\/\/djgerreg.de\/it\/wp-json\/shariff\/v1\/share_counts?\"><ul class=\"shariff-buttons theme-grey orientation-horizontal buttonsize-medium\"><li class=\"shariff-button facebook shariff-nocustomcolor\" style=\"background-color:#4273c8\"><a href=\"https:\/\/www.facebook.com\/sharer\/sharer.php?u=https%3A%2F%2Fdjgerreg.de%2Fit%2F12-punkte-garantie%2F\" title=\"Condividi su Facebook\" aria-label=\"Condividi su Facebook\" role=\"button\" rel=\"nofollow\" class=\"shariff-link\" style=\"; background-color:#3b5998; color:#fff\" target=\"_blank\"><span class=\"shariff-icon\" style=\"\"><svg width=\"32px\" height=\"20px\" xmlns=\"http:\/\/www.w3.org\/2000\/svg\" viewbox=\"0 0 18 32\"><path fill=\"#3b5998\" d=\"M17.1 0.2v4.7h-2.8q-1.5 0-2.1 0.6t-0.5 1.9v3.4h5.2l-0.7 5.3h-4.5v13.6h-5.5v-13.6h-4.5v-5.3h4.5v-3.9q0-3.3 1.9-5.2t5-1.8q2.6 0 4.1 0.2z\"\/><\/svg><\/span><span class=\"shariff-text\">Condividi<\/span>&nbsp;<span data-service=\"facebook\" style=\"color:#3b5998\" class=\"shariff-count shariff-hidezero\"><\/span>&nbsp;<\/a><\/li><li class=\"shariff-button twitter shariff-nocustomcolor\" style=\"background-color:#595959\"><a href=\"https:\/\/twitter.com\/share?url=https%3A%2F%2Fdjgerreg.de%2Fit%2F12-punkte-garantie%2F&text=12%20Punkte%20Garantie%20f%C3%BCr%20Deine%20Sicherheit\" title=\"Quota a X\" aria-label=\"Quota a X\" role=\"button\" rel=\"noopener nofollow\" class=\"shariff-link\" style=\"; background-color:#000; color:#fff\" target=\"_blank\"><span class=\"shariff-icon\" style=\"\"><svg width=\"32px\" height=\"20px\" xmlns=\"http:\/\/www.w3.org\/2000\/svg\" viewbox=\"0 0 24 24\"><path fill=\"#000\" d=\"M14.258 10.152L23.176 0h-2.113l-7.747 8.813L7.133 0H0l9.352 13.328L0 23.973h2.113l8.176-9.309 6.531 9.309h7.133zm-2.895 3.293l-.949-1.328L2.875 1.56h3.246l6.086 8.523.945 1.328 7.91 11.078h-3.246zm0 0\"\/><\/svg><\/span><span class=\"shariff-text\">Condividi<\/span>&nbsp;<\/a><\/li><li class=\"shariff-button linkedin shariff-nocustomcolor\" style=\"background-color:#1488bf\"><a href=\"https:\/\/www.linkedin.com\/sharing\/share-offsite\/?url=https%3A%2F%2Fdjgerreg.de%2Fit%2F12-punkte-garantie%2F\" title=\"Condividi su LinkedIn\" aria-label=\"Condividi su LinkedIn\" role=\"button\" rel=\"noopener nofollow\" class=\"shariff-link\" style=\"; background-color:#0077b5; color:#fff\" target=\"_blank\"><span class=\"shariff-icon\" style=\"\"><svg width=\"32px\" height=\"20px\" xmlns=\"http:\/\/www.w3.org\/2000\/svg\" viewbox=\"0 0 27 32\"><path fill=\"#0077b5\" d=\"M6.2 11.2v17.7h-5.9v-17.7h5.9zM6.6 5.7q0 1.3-0.9 2.2t-2.4 0.9h0q-1.5 0-2.4-0.9t-0.9-2.2 0.9-2.2 2.4-0.9 2.4 0.9 0.9 2.2zM27.4 18.7v10.1h-5.9v-9.5q0-1.9-0.7-2.9t-2.3-1.1q-1.1 0-1.9 0.6t-1.2 1.5q-0.2 0.5-0.2 1.4v9.9h-5.9q0-7.1 0-11.6t0-5.3l0-0.9h5.9v2.6h0q0.4-0.6 0.7-1t1-0.9 1.6-0.8 2-0.3q3 0 4.9 2t1.9 6z\"\/><\/svg><\/span><span class=\"shariff-text\">Condividi<\/span>&nbsp;<\/a><\/li><\/ul><\/div>","protected":false},"excerpt":{"rendered":"<p>12 Punkte Garantie \ud83d\udcbf The Best Music In Town \ud83d\udcbf Hochzeits und Event DJ Worldwide \ud83d\udcbf News, Infos &amp; Booking hier auf der Webseite. 12 Punkte Garantie f\u00fcr 100% Sicherheit! Mit weniger solltest du dich nicht zufrieden geben! Musikproduktion &#038; eigene Songs Als DJ und Musikproduzent verbinde ich Live-Erfahrung mit eigener Studioarbeit.Meine Musik entsteht aus [&hellip;]<\/p>\n","protected":false},"author":1,"featured_media":357,"parent":0,"menu_order":0,"comment_status":"closed","ping_status":"closed","template":"","meta":{"site-sidebar-layout":"no-sidebar","site-content-layout":"page-builder","ast-site-content-layout":"full-width-container","site-content-style":"unboxed","site-sidebar-style":"unboxed","ast-global-header-display":"","ast-banner-title-visibility":"","ast-main-header-display":"","ast-hfb-above-header-display":"","ast-hfb-below-header-display":"","ast-hfb-mobile-header-display":"","site-post-title":"disabled","ast-breadcrumbs-content":"","ast-featured-img":"disabled","footer-sml-layout":"","ast-disable-related-posts":"","theme-transparent-header-meta":"default","adv-header-id-meta":"","stick-header-meta":"default","header-above-stick-meta":"","header-main-stick-meta":"","header-below-stick-meta":"","astra-migrate-meta-layouts":"set","ast-page-background-enabled":"default","ast-page-background-meta":{"desktop":{"background-color":"","background-image":"","background-repeat":"repeat","background-position":"center center","background-size":"auto","background-attachment":"scroll","background-type":"","background-media":"","overlay-type":"","overlay-color":"","overlay-opacity":"","overlay-gradient":""},"tablet":{"background-color":"","background-image":"","background-repeat":"repeat","background-position":"center center","background-size":"auto","background-attachment":"scroll","background-type":"","background-media":"","overlay-type":"","overlay-color":"","overlay-opacity":"","overlay-gradient":""},"mobile":{"background-color":"","background-image":"","background-repeat":"repeat","background-position":"center center","background-size":"auto","background-attachment":"scroll","background-type":"","background-media":"","overlay-type":"","overlay-color":"","overlay-opacity":"","overlay-gradient":""}},"ast-content-background-meta":{"desktop":{"background-color":"var(--ast-global-color-5)","background-image":"","background-repeat":"repeat","background-position":"center center","background-size":"auto","background-attachment":"scroll","background-type":"","background-media":"","overlay-type":"","overlay-color":"","overlay-opacity":"","overlay-gradient":""},"tablet":{"background-color":"var(--ast-global-color-5)","background-image":"","background-repeat":"repeat","background-position":"center center","background-size":"auto","background-attachment":"scroll","background-type":"","background-media":"","overlay-type":"","overlay-color":"","overlay-opacity":"","overlay-gradient":""},"mobile":{"background-color":"var(--ast-global-color-5)","background-image":"","background-repeat":"repeat","background-position":"center center","background-size":"auto","background-attachment":"scroll","background-type":"","background-media":"","overlay-type":"","overlay-color":"","overlay-opacity":"","overlay-gradient":""}},"footnotes":""},"class_list":["post-356","page","type-page","status-publish","has-post-thumbnail","hentry"],"yoast_head":"<!-- This site is optimized with the Yoast SEO Premium plugin v24.3 (Yoast SEO v27.5) - https:\/\/yoast.com\/product\/yoast-seo-premium-wordpress\/ -->\n<title>12 Punkte Garantie f\u00fcr Deine Sicherheit<\/title>\n<meta name=\"description\" content=\"100% Sicherheit durch unsere einzigartige 12 Punkte Garantie! Hier erf\u00e4hrst du alles und warum du dich nicht mit weniger zufrieden geben solltest!\" \/>\n<meta name=\"robots\" content=\"index, follow, max-snippet:-1, max-image-preview:large, max-video-preview:-1\" \/>\n<link rel=\"canonical\" href=\"https:\/\/djgerreg.de\/it\/garanzia-di-12-punti\/\" \/>\n<meta property=\"og:locale\" content=\"it_IT\" \/>\n<meta property=\"og:type\" content=\"article\" \/>\n<meta property=\"og:title\" content=\"12 Punkte Garantie f\u00fcr Deine Sicherheit\" \/>\n<meta property=\"og:description\" content=\"100% Sicherheit durch unsere einzigartige 12 Punkte Garantie! Hier erf\u00e4hrst du alles und warum du dich nicht mit weniger zufrieden geben solltest!\" \/>\n<meta property=\"og:url\" content=\"https:\/\/djgerreg.de\/it\/garanzia-di-12-punti\/\" \/>\n<meta property=\"og:site_name\" content=\"DJ GerreG - Feel The Music\" \/>\n<meta property=\"article:modified_time\" content=\"2026-01-03T06:04:15+00:00\" \/>\n<meta property=\"og:image\" content=\"https:\/\/djgerreg.de\/wp-content\/uploads\/2024\/01\/12-Punkte-Garantie.jpg\" \/>\n<meta name=\"twitter:card\" content=\"summary_large_image\" \/>\n<meta name=\"twitter:title\" content=\"12 Punkte Garantie f\u00fcr Deine Sicherheit\" \/>\n<meta name=\"twitter:description\" content=\"100% Sicherheit durch unsere einzigartige 12 Punkte Garantie! Hier erf\u00e4hrst du alles und warum du dich nicht mit weniger zufrieden geben solltest!\" \/>\n<meta name=\"twitter:image\" content=\"https:\/\/djgerreg.de\/wp-content\/uploads\/2024\/01\/12-Punkte-Garantie.jpg\" \/>\n<meta name=\"twitter:label1\" content=\"Tempo di lettura stimato\" \/>\n\t<meta name=\"twitter:data1\" content=\"3 minuti\" \/>\n<script type=\"application\/ld+json\" class=\"yoast-schema-graph\">{\"@context\":\"https:\\\/\\\/schema.org\",\"@graph\":[{\"@type\":\"WebPage\",\"@id\":\"https:\\\/\\\/djgerreg.de\\\/12-punkte-garantie\\\/\",\"url\":\"https:\\\/\\\/djgerreg.de\\\/12-punkte-garantie\\\/\",\"name\":\"12 Punkte Garantie f\u00fcr Deine Sicherheit\",\"isPartOf\":{\"@id\":\"https:\\\/\\\/djgerreg.de\\\/#website\"},\"primaryImageOfPage\":{\"@id\":\"https:\\\/\\\/djgerreg.de\\\/12-punkte-garantie\\\/#primaryimage\"},\"image\":{\"@id\":\"https:\\\/\\\/djgerreg.de\\\/12-punkte-garantie\\\/#primaryimage\"},\"thumbnailUrl\":\"https:\\\/\\\/djgerreg.de\\\/wp-content\\\/uploads\\\/2024\\\/01\\\/12-Punkte-Garantie.jpg\",\"datePublished\":\"2024-01-21T11:23:36+00:00\",\"dateModified\":\"2026-01-03T06:04:15+00:00\",\"description\":\"100% Sicherheit durch unsere einzigartige 12 Punkte Garantie! Hier erf\u00e4hrst du alles und warum du dich nicht mit weniger zufrieden geben solltest!\",\"breadcrumb\":{\"@id\":\"https:\\\/\\\/djgerreg.de\\\/12-punkte-garantie\\\/#breadcrumb\"},\"inLanguage\":\"it-IT\",\"potentialAction\":[{\"@type\":\"ReadAction\",\"target\":[\"https:\\\/\\\/djgerreg.de\\\/12-punkte-garantie\\\/\"]}]},{\"@type\":\"ImageObject\",\"inLanguage\":\"it-IT\",\"@id\":\"https:\\\/\\\/djgerreg.de\\\/12-punkte-garantie\\\/#primaryimage\",\"url\":\"https:\\\/\\\/djgerreg.de\\\/wp-content\\\/uploads\\\/2024\\\/01\\\/12-Punkte-Garantie.jpg\",\"contentUrl\":\"https:\\\/\\\/djgerreg.de\\\/wp-content\\\/uploads\\\/2024\\\/01\\\/12-Punkte-Garantie.jpg\",\"width\":970,\"height\":509,\"caption\":\"12 Punkte Garantie\"},{\"@type\":\"BreadcrumbList\",\"@id\":\"https:\\\/\\\/djgerreg.de\\\/12-punkte-garantie\\\/#breadcrumb\",\"itemListElement\":[{\"@type\":\"ListItem\",\"position\":1,\"name\":\"Startseite\",\"item\":\"https:\\\/\\\/djgerreg.de\\\/\"},{\"@type\":\"ListItem\",\"position\":2,\"name\":\"12 Punkte Garantie f\u00fcr Deine Sicherheit\"}]},{\"@type\":\"WebSite\",\"@id\":\"https:\\\/\\\/djgerreg.de\\\/#website\",\"url\":\"https:\\\/\\\/djgerreg.de\\\/\",\"name\":\"DJ GerreG - Feel The Music\",\"description\":\"Event DJ Worldwide - New York - Rio - Tokio\",\"publisher\":{\"@id\":\"https:\\\/\\\/djgerreg.de\\\/#organization\"},\"potentialAction\":[{\"@type\":\"SearchAction\",\"target\":{\"@type\":\"EntryPoint\",\"urlTemplate\":\"https:\\\/\\\/djgerreg.de\\\/?s={search_term_string}\"},\"query-input\":{\"@type\":\"PropertyValueSpecification\",\"valueRequired\":true,\"valueName\":\"search_term_string\"}}],\"inLanguage\":\"it-IT\"},{\"@type\":\"Organization\",\"@id\":\"https:\\\/\\\/djgerreg.de\\\/#organization\",\"name\":\"DJ GerreG - Feel The Music\",\"url\":\"https:\\\/\\\/djgerreg.de\\\/\",\"logo\":{\"@type\":\"ImageObject\",\"inLanguage\":\"it-IT\",\"@id\":\"https:\\\/\\\/djgerreg.de\\\/#\\\/schema\\\/logo\\\/image\\\/\",\"url\":\"https:\\\/\\\/djgerreg.de\\\/wp-content\\\/uploads\\\/2024\\\/01\\\/DJ-GerreG-The-Best-Music-In-Town.jpg\",\"contentUrl\":\"https:\\\/\\\/djgerreg.de\\\/wp-content\\\/uploads\\\/2024\\\/01\\\/DJ-GerreG-The-Best-Music-In-Town.jpg\",\"width\":300,\"height\":87,\"caption\":\"DJ GerreG - Feel The Music\"},\"image\":{\"@id\":\"https:\\\/\\\/djgerreg.de\\\/#\\\/schema\\\/logo\\\/image\\\/\"}}]}<\/script>\n<!-- \/ Yoast SEO Premium plugin. -->","yoast_head_json":{"title":"Garanzia di 12 punti per la vostra sicurezza","description":"100% Sicurezza grazie alla nostra esclusiva garanzia in 12 punti! Scoprite qui tutto e perch\u00e9 non dovreste accontentarvi di meno!","robots":{"index":"index","follow":"follow","max-snippet":"max-snippet:-1","max-image-preview":"max-image-preview:large","max-video-preview":"max-video-preview:-1"},"canonical":"https:\/\/djgerreg.de\/it\/garanzia-di-12-punti\/","og_locale":"it_IT","og_type":"article","og_title":"12 Punkte Garantie f\u00fcr Deine Sicherheit","og_description":"100% Sicherheit durch unsere einzigartige 12 Punkte Garantie! Hier erf\u00e4hrst du alles und warum du dich nicht mit weniger zufrieden geben solltest!","og_url":"https:\/\/djgerreg.de\/it\/garanzia-di-12-punti\/","og_site_name":"DJ GerreG - Feel The Music","article_modified_time":"2026-01-03T06:04:15+00:00","og_image":[{"url":"https:\/\/djgerreg.de\/wp-content\/uploads\/2024\/01\/12-Punkte-Garantie.jpg","type":"","width":"","height":""}],"twitter_card":"summary_large_image","twitter_title":"12 Punkte Garantie f\u00fcr Deine Sicherheit","twitter_description":"100% Sicherheit durch unsere einzigartige 12 Punkte Garantie! Hier erf\u00e4hrst du alles und warum du dich nicht mit weniger zufrieden geben solltest!","twitter_image":"https:\/\/djgerreg.de\/wp-content\/uploads\/2024\/01\/12-Punkte-Garantie.jpg","twitter_misc":{"Tempo di lettura stimato":"3 minuti"},"schema":{"@context":"https:\/\/schema.org","@graph":[{"@type":"WebPage","@id":"https:\/\/djgerreg.de\/12-punkte-garantie\/","url":"https:\/\/djgerreg.de\/12-punkte-garantie\/","name":"Garanzia di 12 punti per la vostra sicurezza","isPartOf":{"@id":"https:\/\/djgerreg.de\/#website"},"primaryImageOfPage":{"@id":"https:\/\/djgerreg.de\/12-punkte-garantie\/#primaryimage"},"image":{"@id":"https:\/\/djgerreg.de\/12-punkte-garantie\/#primaryimage"},"thumbnailUrl":"https:\/\/djgerreg.de\/wp-content\/uploads\/2024\/01\/12-Punkte-Garantie.jpg","datePublished":"2024-01-21T11:23:36+00:00","dateModified":"2026-01-03T06:04:15+00:00","description":"100% Sicurezza grazie alla nostra esclusiva garanzia in 12 punti! Scoprite qui tutto e perch\u00e9 non dovreste accontentarvi di meno!","breadcrumb":{"@id":"https:\/\/djgerreg.de\/12-punkte-garantie\/#breadcrumb"},"inLanguage":"it-IT","potentialAction":[{"@type":"ReadAction","target":["https:\/\/djgerreg.de\/12-punkte-garantie\/"]}]},{"@type":"ImageObject","inLanguage":"it-IT","@id":"https:\/\/djgerreg.de\/12-punkte-garantie\/#primaryimage","url":"https:\/\/djgerreg.de\/wp-content\/uploads\/2024\/01\/12-Punkte-Garantie.jpg","contentUrl":"https:\/\/djgerreg.de\/wp-content\/uploads\/2024\/01\/12-Punkte-Garantie.jpg","width":970,"height":509,"caption":"12 Punkte Garantie"},{"@type":"BreadcrumbList","@id":"https:\/\/djgerreg.de\/12-punkte-garantie\/#breadcrumb","itemListElement":[{"@type":"ListItem","position":1,"name":"Startseite","item":"https:\/\/djgerreg.de\/"},{"@type":"ListItem","position":2,"name":"12 Punkte Garantie f\u00fcr Deine Sicherheit"}]},{"@type":"WebSite","@id":"https:\/\/djgerreg.de\/#website","url":"https:\/\/djgerreg.de\/","name":"DJ GerreG - Senti La Musica","description":"DJ per eventi in tutto il mondo - New York - Rio - Tokyo","publisher":{"@id":"https:\/\/djgerreg.de\/#organization"},"potentialAction":[{"@type":"SearchAction","target":{"@type":"EntryPoint","urlTemplate":"https:\/\/djgerreg.de\/?s={search_term_string}"},"query-input":{"@type":"PropertyValueSpecification","valueRequired":true,"valueName":"search_term_string"}}],"inLanguage":"it-IT"},{"@type":"Organization","@id":"https:\/\/djgerreg.de\/#organization","name":"DJ GerreG - Senti La Musica","url":"https:\/\/djgerreg.de\/","logo":{"@type":"ImageObject","inLanguage":"it-IT","@id":"https:\/\/djgerreg.de\/#\/schema\/logo\/image\/","url":"https:\/\/djgerreg.de\/wp-content\/uploads\/2024\/01\/DJ-GerreG-The-Best-Music-In-Town.jpg","contentUrl":"https:\/\/djgerreg.de\/wp-content\/uploads\/2024\/01\/DJ-GerreG-The-Best-Music-In-Town.jpg","width":300,"height":87,"caption":"DJ GerreG - Feel The Music"},"image":{"@id":"https:\/\/djgerreg.de\/#\/schema\/logo\/image\/"}}]}},"_links":{"self":[{"href":"https:\/\/djgerreg.de\/it\/wp-json\/wp\/v2\/pages\/356","targetHints":{"allow":["GET"]}}],"collection":[{"href":"https:\/\/djgerreg.de\/it\/wp-json\/wp\/v2\/pages"}],"about":[{"href":"https:\/\/djgerreg.de\/it\/wp-json\/wp\/v2\/types\/page"}],"author":[{"embeddable":true,"href":"https:\/\/djgerreg.de\/it\/wp-json\/wp\/v2\/users\/1"}],"replies":[{"embeddable":true,"href":"https:\/\/djgerreg.de\/it\/wp-json\/wp\/v2\/comments?post=356"}],"version-history":[{"count":11,"href":"https:\/\/djgerreg.de\/it\/wp-json\/wp\/v2\/pages\/356\/revisions"}],"predecessor-version":[{"id":5853,"href":"https:\/\/djgerreg.de\/it\/wp-json\/wp\/v2\/pages\/356\/revisions\/5853"}],"wp:featuredmedia":[{"embeddable":true,"href":"https:\/\/djgerreg.de\/it\/wp-json\/wp\/v2\/media\/357"}],"wp:attachment":[{"href":"https:\/\/djgerreg.de\/it\/wp-json\/wp\/v2\/media?parent=356"}],"curies":[{"name":"wp","href":"https:\/\/api.w.org\/{rel}","templated":true}]}}