{"id":516,"date":"2024-01-27T21:47:05","date_gmt":"2024-01-27T20:47:05","guid":{"rendered":"https:\/\/djgerreg.de\/?page_id=516"},"modified":"2026-04-10T15:57:27","modified_gmt":"2026-04-10T13:57:27","slug":"su-di-me","status":"publish","type":"page","link":"https:\/\/djgerreg.de\/it\/ueber-mich\/","title":{"rendered":"Su di me"},"content":{"rendered":"<h1>Su di me<\/h1>\n\t<p>Potete scoprire molte cose qui <strong>su di me<\/strong> e la mia missione di regalare agli sposi il giorno pi\u00f9 bello della loro vita con una festa fantastica.<\/p>\n<figure itemscope itemtype=\"https:\/\/schema.org\/ImageObject\">\n\t\t\t\t<a href=\"https:\/\/djgerreg.de\/wp-content\/uploads\/2026\/04\/DJ-GerreG-mit-Rudel-scaled.jpg\"  target=\"_self\" itemprop=\"url\">\n\t\t\t\t<img decoding=\"async\" src=\"https:\/\/djgerreg.de\/wp-content\/uploads\/2026\/04\/DJ-GerreG-mit-Rudel-scaled.jpg\" alt=\"DJ GerreG con branco\" height=\"1429\" width=\"2560\" title=\"DJ GerreG con branco\" onerror=\"this.style.display='none'\" loading=\"lazy\" \/>\n\t\t\t\t<\/a>\n\t<\/figure>\n\t<p>Questo qui (il ragazzo al centro) sono io. Mi chiamo Holger Korsten, sono conosciuto come DJ GerreG e sono specializzato in feste di matrimonio grandiose e indimenticabili.<\/p>\n<p>Mi vedete qui con il mio meraviglioso branco (da sinistra a destra: Muffin, Mara, Bella, DJ GerreG, Balou e Mona). Io e mia moglie li abbiamo salvati tutti e 5 dai centri di soppressione e abbiamo questi 5 meravigliosi amici a quattro zampe al nostro fianco da diversi anni.<\/p>\n<figure itemscope itemtype=\"https:\/\/schema.org\/ImageObject\">\n\t\t\t\t<img decoding=\"async\" src=\"https:\/\/djgerreg.de\/wp-content\/uploads\/2020\/10\/DJ-GerreG-420.png\" alt=\"DJ GerreG\" height=\"420\" width=\"420\" title=\"DJ GerreG\" onerror=\"this.style.display='none'\" loading=\"lazy\" \/>\n\t<\/figure>\n\t<p>Avete una domanda o volete saperne di pi\u00f9 su di me?<\/p>\n<p>Potete contattarmi tramite cellulare o WhatsApp: +49 (0)179 397 8761.<\/p>\n\t\t\t<a href=\"https:\/\/wa.me\/00491793978761\"  target=\"_blank\" rel=\"noopener\">\n\t\t\t\t\t\tInvia un messaggio WhatsApp\n\t\t\t\t\t<\/a>\n\t<p>Sono sposato con la mia fantastica moglie da oltre 35 anni. Insieme abbiamo realizzato il nostro sogno di possedere un'enorme propriet\u00e0 con case, garage e, soprattutto, una recinzione chilometrica intorno alla nostra propriet\u00e0, in modo che i cani possano correre liberi e sorvegliarla.<\/p>\n<p>Poich\u00e9 era impossibile ottenere (e pagare) una propriet\u00e0 del genere ad Amburgo, ora viviamo nella bellissima Nordheide, un po' pi\u00f9 a sud di Amburgo.<\/p>\n<p>Essendo nativo di Amburgo, non volevo vivere troppo lontano da casa. Per raggiungere il centro di Amburgo ci vogliono circa 30 minuti.<\/p>\n\t<p><img decoding=\"async\" class=\"alignnone wp-image-1114 size-full\" src=\"https:\/\/djgerreg.de\/wp-content\/uploads\/2026\/02\/DJ-GerreG-Top-Pro-Badge-2026.png\" alt=\"Recensioni - TrustLocal\" width=\"300\" height=\"132\" \/><\/p>\n<figure itemscope itemtype=\"https:\/\/schema.org\/ImageObject\">\n\t\t\t\t<img decoding=\"async\" src=\"https:\/\/djgerreg.de\/wp-content\/uploads\/2025\/04\/BVD_Logo_2019_sw_800x400-300x150.png\" alt=\"Logo BVD\" height=\"150\" width=\"300\" title=\"BVD_Logo_2019_sw_800x400\" onerror=\"this.style.display='none'\" loading=\"lazy\" \/>\n\t<\/figure>\n\t<img decoding=\"async\" class=\"alignnone size-full wp-image-6297\" src=\"https:\/\/djgerreg.de\/wp-content\/uploads\/2026\/02\/Testimonial-E.-S.-2025-07-08bl.jpg\" alt=\"Testimonianza E. S. 2025-07-08\" width=\"1200\" height=\"427\" srcset=\"https:\/\/djgerreg.de\/wp-content\/uploads\/2026\/02\/Testimonial-E.-S.-2025-07-08bl.jpg 1200w, https:\/\/djgerreg.de\/wp-content\/uploads\/2026\/02\/Testimonial-E.-S.-2025-07-08bl-300x107.jpg 300w, https:\/\/djgerreg.de\/wp-content\/uploads\/2026\/02\/Testimonial-E.-S.-2025-07-08bl-768x273.jpg 768w\" sizes=\"(max-width: 1200px) 100vw, 1200px\" \/>\n\t<script async src=\"https:\/\/static.trustlocal.de\/widget\/widget_review.js\"><\/script>\r\n<div class=\"trustlocal-review-widget\" data-id=\"374015\" data-language-code=\"de\" data-country-code=\"DE\"><\/div>\n<figure itemscope itemtype=\"https:\/\/schema.org\/ImageObject\">\n\t\t\t\t<a href=\"https:\/\/djgerreg.de\/it\/galleria\/\"  target=\"_self\" itemprop=\"url\">\n\t\t\t\t<img decoding=\"async\" src=\"https:\/\/djgerreg.de\/wp-content\/uploads\/2024\/01\/Party-mit-DJ-GerreG.jpg\" alt=\"Festa con DJ GerreG\" height=\"200\" width=\"1400\" title=\"Festa con DJ GerreG\" onerror=\"this.style.display='none'\" loading=\"lazy\" \/>\n\t\t\t\t<\/a>\n\t<\/figure>\n\t<p>Come sono arrivato a fare il DJ?<\/p>\n\t<p>Ich bin in Hamburg zur Schule gegangen und habe bereits als Sch\u00fcler &#8211; damals noch mit Kassettendecks und Musik, die man mit dem Mikrofon vom Radio aufgenommen hatte &#8211; Musik auf s\u00e4mtlichen Schul- und Klassenfesten als Hobby-DJ aufgelegt.<\/p>\n<p>Qualche anno dopo aver lasciato la scuola, alcuni ex compagni di classe mi hanno contattato chiedendomi di fare il DJ ai loro addii al celibato e ai matrimoni. Cos\u00ec mi sono specializzato molto presto nei matrimoni.<\/p>\n<p>Ripensandoci, \u00e8 stato l'inizio pi\u00f9 difficile che un DJ per hobby potesse avere all'epoca.<\/p>\n<p>Il matrimonio \u00e8 la REGINA assoluta, la Champions League di tutte le celebrazioni!<\/p>\n<p>In un ricevimento di matrimonio si devono intrattenere in egual misura 3 generazioni, tutte con gusti musicali completamente diversi. Per questo motivo sono pochi gli specialisti in DJ per matrimoni. La maggior parte dei colleghi DJ sono professionisti a tutto tondo e di solito si trovano a loro agio nelle feste di compleanno e aziendali.<\/p>\n<p>Anyway&#8230; ich bin jetzt seit \u00fcber 25 Jahren professioneller Hochzeits DJ und habe unz\u00e4hligen Brautpaaren ihren sch\u00f6nsten Tag, bzw. Ihre sch\u00f6nste Party zur Hochzeit beschert.<\/p>\n<p>Ma in questo periodo sono stato anche in giro per locali e discoteche, oltre che nei dance caf\u00e9 e su diverse navi da crociera, come TS Maxim Gorky, MS Albatros, MS Delphin, MS Delphin Renaissance, MS Astor e MS Astoria. Qui ho avuto modo di conoscere i gusti musicali della generazione over 50.<\/p>\n<p>Ganz egal, ob Gro\u00df-Events mit 1.000+ G\u00e4sten oder kleine Feiern mit 50-100 Personen&#8230; ich brenne f\u00fcr die Musik und f\u00fcr mich ist es das Gr\u00f6\u00dfte, wenn die Tanzfl\u00e4chen voll sind und die Menschen ausgelassen bis in die fr\u00fchen Morgenstunden feiern!<\/p>\n<figure itemscope itemtype=\"https:\/\/schema.org\/ImageObject\">\n\t\t\t\t<img decoding=\"async\" src=\"https:\/\/djgerreg.de\/wp-content\/uploads\/2024\/01\/Hochzeit-DJ-Hamburg-Holger-Korsten.jpg\" alt=\"DJ matrimonio Amburgo Holger Korsten\" height=\"956\" width=\"640\" title=\"DJ matrimonio Amburgo Holger Korsten\" onerror=\"this.style.display='none'\" loading=\"lazy\" \/>\n\t<\/figure>\n\t<p>Non sono solo un DJ, ma anche un appassionato ballerino. La danza \u00e8 sempre stata (ed \u00e8 tuttora) una grande passione per me, insieme alla musica. A partire dalla scuola di danza classica e dal Distintivo di Danza Tedesca in Oro e Stella d'Oro dell'Accademia di Belle Arti di Milano. <a title=\"Associazione generale degli insegnanti di danza tedeschi\" href=\"https:\/\/de.wikipedia.org\/wiki\/Allgemeiner_Deutscher_Tanzlehrerverband\" target=\"_blank\" rel=\"noopener\">Associazione generale degli insegnanti di danza tedeschi<\/a>\/ADTV, fino al ballo da sala in standard e latino.<\/p>\n\t\t\t<a href=\"https:\/\/djgerreg.de\/it\/richiesta-di-contatto\/\"  target=\"_self\">\n\t\t\t\t\t\tInvia una richiesta \/ messaggio\n\t\t\t\t\t<\/a>\n\t\t\t<a href=\"tel:00494186895224\"  target=\"_blank\" rel=\"noopener\">\n\t\t\t\t\t\tChiama DJ GerreG\n\t\t\t\t\t<\/a>\n\t\t\t<a href=\"https:\/\/wa.me\/00491793978761\"  target=\"_blank\" rel=\"noopener\">\n\t\t\t\t\t\tScrivere un messaggio WhatsApp\n\t\t\t\t\t<\/a>\n\t<p>Le 140 canzoni pi\u00f9 popolari per l'apertura del ballo<\/p>\n\t<p>Ihr seid auf der Suche nach Songs f\u00fcr euren Er\u00f6ffnungstanz? Ohne Frage wird das der wichtigste Tanz am Abend werden. Und ihr sollt und werdet euch ein Leben lang an EUREN Song erinnern&#8230; jedes Mal, wenn er zum Beispiel im Radio l\u00e4uft oder im Club gespielt wird.<\/p>\n<p>Se avete bisogno di ispirazione per la vostra scelta, potete facilmente scaricare qui una panoramica completa delle 140 canzoni pi\u00f9 popolari per il ballo di nozze.<\/p>\n<p>Sono le canzoni pi\u00f9 scelte per il ballo di apertura dei matrimoni!<\/p>\n<p>Naturalmente, accanto ai valzer classici, troverete anche canzoni moderne e fresche!<\/p>\n<p>\u00c8 importante associare qualcosa di personale alla canzone.<\/p>\n<p>Ad esempio, se vi siete incontrati in un locale e vi ricordate quale canzone stava suonando, allora quella sarebbe una bella canzone con cui aprire.<\/p>\n<p>Date un'occhiata e ascoltate le 140 canzoni pi\u00f9 popolari e lasciatevi ispirare!<\/p>\n\t\t\t<a href=\"https:\/\/djgerreg.de\/it\/140-canzoni-per-lapertura-delle-danze\/\"  target=\"_self\">\n\t\t\t\t\t\tScaricate l'elenco delle 140 canzoni di apertura al ballo pi\u00f9 popolari\n\t\t\t\t\t<\/a>\n<figure itemscope itemtype=\"https:\/\/schema.org\/ImageObject\">\n\t\t\t\t<img decoding=\"async\" src=\"https:\/\/djgerreg.de\/wp-content\/uploads\/2024\/01\/140-Songs-zur-Tanzeroeffnung-3D.png\" alt=\"140 canzoni per l&#039;apertura del ballo 3D\" height=\"945\" width=\"668\" title=\"140 canzoni per l&#039;apertura del ballo 3D\" onerror=\"this.style.display='none'\" loading=\"lazy\" \/>\n\t<\/figure>\n\n<div class=\"shariff shariff-align-center shariff-widget-align-center\" style=\"display:none\" data-services=\"facebook\" data-url=\"https:\/\/djgerreg.de\/it\/ueber-mich\/\" data-timestamp=\"1775836647\" data-hidezero=\"1\" data-backendurl=\"https:\/\/djgerreg.de\/it\/wp-json\/shariff\/v1\/share_counts?\"><ul class=\"shariff-buttons theme-grey orientation-horizontal buttonsize-medium\"><li class=\"shariff-button facebook shariff-nocustomcolor\" style=\"background-color:#4273c8\"><a href=\"https:\/\/www.facebook.com\/sharer\/sharer.php?u=https%3A%2F%2Fdjgerreg.de%2Fit%2Fueber-mich%2F\" title=\"Condividi su Facebook\" aria-label=\"Condividi su Facebook\" role=\"button\" rel=\"nofollow\" class=\"shariff-link\" style=\"; background-color:#3b5998; color:#fff\" target=\"_blank\"><span class=\"shariff-icon\" style=\"\"><svg width=\"32px\" height=\"20px\" xmlns=\"http:\/\/www.w3.org\/2000\/svg\" viewbox=\"0 0 18 32\"><path fill=\"#3b5998\" d=\"M17.1 0.2v4.7h-2.8q-1.5 0-2.1 0.6t-0.5 1.9v3.4h5.2l-0.7 5.3h-4.5v13.6h-5.5v-13.6h-4.5v-5.3h4.5v-3.9q0-3.3 1.9-5.2t5-1.8q2.6 0 4.1 0.2z\"\/><\/svg><\/span><span class=\"shariff-text\">Condividi<\/span>&nbsp;<span data-service=\"facebook\" style=\"color:#3b5998\" class=\"shariff-count shariff-hidezero\"><\/span>&nbsp;<\/a><\/li><li class=\"shariff-button twitter shariff-nocustomcolor\" style=\"background-color:#595959\"><a href=\"https:\/\/twitter.com\/share?url=https%3A%2F%2Fdjgerreg.de%2Fit%2Fueber-mich%2F&text=%C3%9Cber%20Mich\" title=\"Quota a X\" aria-label=\"Quota a X\" role=\"button\" rel=\"noopener nofollow\" class=\"shariff-link\" style=\"; background-color:#000; color:#fff\" target=\"_blank\"><span class=\"shariff-icon\" style=\"\"><svg width=\"32px\" height=\"20px\" xmlns=\"http:\/\/www.w3.org\/2000\/svg\" viewbox=\"0 0 24 24\"><path fill=\"#000\" d=\"M14.258 10.152L23.176 0h-2.113l-7.747 8.813L7.133 0H0l9.352 13.328L0 23.973h2.113l8.176-9.309 6.531 9.309h7.133zm-2.895 3.293l-.949-1.328L2.875 1.56h3.246l6.086 8.523.945 1.328 7.91 11.078h-3.246zm0 0\"\/><\/svg><\/span><span class=\"shariff-text\">Condividi<\/span>&nbsp;<\/a><\/li><li class=\"shariff-button linkedin shariff-nocustomcolor\" style=\"background-color:#1488bf\"><a href=\"https:\/\/www.linkedin.com\/sharing\/share-offsite\/?url=https%3A%2F%2Fdjgerreg.de%2Fit%2Fueber-mich%2F\" title=\"Condividi su LinkedIn\" aria-label=\"Condividi su LinkedIn\" role=\"button\" rel=\"noopener nofollow\" class=\"shariff-link\" style=\"; background-color:#0077b5; color:#fff\" target=\"_blank\"><span class=\"shariff-icon\" style=\"\"><svg width=\"32px\" height=\"20px\" xmlns=\"http:\/\/www.w3.org\/2000\/svg\" viewbox=\"0 0 27 32\"><path fill=\"#0077b5\" d=\"M6.2 11.2v17.7h-5.9v-17.7h5.9zM6.6 5.7q0 1.3-0.9 2.2t-2.4 0.9h0q-1.5 0-2.4-0.9t-0.9-2.2 0.9-2.2 2.4-0.9 2.4 0.9 0.9 2.2zM27.4 18.7v10.1h-5.9v-9.5q0-1.9-0.7-2.9t-2.3-1.1q-1.1 0-1.9 0.6t-1.2 1.5q-0.2 0.5-0.2 1.4v9.9h-5.9q0-7.1 0-11.6t0-5.3l0-0.9h5.9v2.6h0q0.4-0.6 0.7-1t1-0.9 1.6-0.8 2-0.3q3 0 4.9 2t1.9 6z\"\/><\/svg><\/span><span class=\"shariff-text\">Condividi<\/span>&nbsp;<\/a><\/li><\/ul><\/div>","protected":false},"excerpt":{"rendered":"<p>\u00dcber Mich Hier erf\u00e4hrst du einiges \u00fcber mich und meine Mission, Brautpaaren ihren sch\u00f6nsten Tag im Leben mit einer geilen Party zu bereiten. Das hier (der Typ in der Mitte) bin ich. Mein Name ist Holger Korsten und bin als DJ GerreG bekannt und bin der Spezialist f\u00fcr grandiose, unvergessene Hochzeitspartys. Du siehst mich hier [&hellip;]<\/p>\n","protected":false},"author":1,"featured_media":505,"parent":0,"menu_order":0,"comment_status":"closed","ping_status":"closed","template":"","meta":{"site-sidebar-layout":"no-sidebar","site-content-layout":"page-builder","ast-site-content-layout":"full-width-container","site-content-style":"unboxed","site-sidebar-style":"unboxed","ast-global-header-display":"","ast-banner-title-visibility":"","ast-main-header-display":"","ast-hfb-above-header-display":"","ast-hfb-below-header-display":"","ast-hfb-mobile-header-display":"","site-post-title":"disabled","ast-breadcrumbs-content":"","ast-featured-img":"disabled","footer-sml-layout":"","ast-disable-related-posts":"","theme-transparent-header-meta":"default","adv-header-id-meta":"","stick-header-meta":"default","header-above-stick-meta":"","header-main-stick-meta":"","header-below-stick-meta":"","astra-migrate-meta-layouts":"set","ast-page-background-enabled":"default","ast-page-background-meta":{"desktop":{"background-color":"","background-image":"","background-repeat":"repeat","background-position":"center center","background-size":"auto","background-attachment":"scroll","background-type":"","background-media":"","overlay-type":"","overlay-color":"","overlay-opacity":"","overlay-gradient":""},"tablet":{"background-color":"","background-image":"","background-repeat":"repeat","background-position":"center center","background-size":"auto","background-attachment":"scroll","background-type":"","background-media":"","overlay-type":"","overlay-color":"","overlay-opacity":"","overlay-gradient":""},"mobile":{"background-color":"","background-image":"","background-repeat":"repeat","background-position":"center center","background-size":"auto","background-attachment":"scroll","background-type":"","background-media":"","overlay-type":"","overlay-color":"","overlay-opacity":"","overlay-gradient":""}},"ast-content-background-meta":{"desktop":{"background-color":"var(--ast-global-color-5)","background-image":"","background-repeat":"repeat","background-position":"center center","background-size":"auto","background-attachment":"scroll","background-type":"","background-media":"","overlay-type":"","overlay-color":"","overlay-opacity":"","overlay-gradient":""},"tablet":{"background-color":"var(--ast-global-color-5)","background-image":"","background-repeat":"repeat","background-position":"center center","background-size":"auto","background-attachment":"scroll","background-type":"","background-media":"","overlay-type":"","overlay-color":"","overlay-opacity":"","overlay-gradient":""},"mobile":{"background-color":"var(--ast-global-color-5)","background-image":"","background-repeat":"repeat","background-position":"center center","background-size":"auto","background-attachment":"scroll","background-type":"","background-media":"","overlay-type":"","overlay-color":"","overlay-opacity":"","overlay-gradient":""}},"footnotes":""},"class_list":["post-516","page","type-page","status-publish","has-post-thumbnail","hentry"],"yoast_head":"<!-- This site is optimized with the Yoast SEO Premium plugin v24.3 (Yoast SEO v27.6) - https:\/\/yoast.com\/product\/yoast-seo-premium-wordpress\/ -->\n<title>\u00dcber Mich - Pers\u00f6nliches \u00fcber Holger Korsten<\/title>\n<meta name=\"description\" content=\"Hier erf\u00e4hrst du Pers\u00f6nliches \u00fcber mich: Name: Holger Korsten | Erfahrung: \u00fcber 25 Jahre | Spezialgebiet: Hochzeiten | uvm.\" \/>\n<meta name=\"robots\" content=\"index, follow, max-snippet:-1, max-image-preview:large, max-video-preview:-1\" \/>\n<link rel=\"canonical\" href=\"https:\/\/djgerreg.de\/it\/su-di-me\/\" \/>\n<meta property=\"og:locale\" content=\"it_IT\" \/>\n<meta property=\"og:type\" content=\"article\" \/>\n<meta property=\"og:title\" content=\"\u00dcber Mich - Pers\u00f6nliches \u00fcber Holger Korsten\" \/>\n<meta property=\"og:description\" content=\"Hier erf\u00e4hrst du Pers\u00f6nliches \u00fcber mich: Name: Holger Korsten | Erfahrung: \u00fcber 25 Jahre | Spezialgebiet: Hochzeiten | uvm.\" \/>\n<meta property=\"og:url\" content=\"https:\/\/djgerreg.de\/it\/su-di-me\/\" \/>\n<meta property=\"og:site_name\" content=\"DJ GerreG - Feel The Music\" \/>\n<meta property=\"article:modified_time\" content=\"2026-04-10T13:57:27+00:00\" \/>\n<meta property=\"og:image\" content=\"https:\/\/djgerreg.de\/wp-content\/uploads\/2024\/01\/Ueber-mich-DJ-GerreG-und-Rudel.jpg\" \/>\n<meta name=\"twitter:card\" content=\"summary_large_image\" \/>\n<meta name=\"twitter:title\" content=\"\u00dcber Mich - Pers\u00f6nliches \u00fcber Holger Korsten\" \/>\n<meta name=\"twitter:description\" content=\"Hier erf\u00e4hrst du Pers\u00f6nliches \u00fcber mich: Name: Holger Korsten | Erfahrung: \u00fcber 25 Jahre | Spezialgebiet: Hochzeiten | uvm.\" \/>\n<meta name=\"twitter:image\" content=\"https:\/\/djgerreg.de\/wp-content\/uploads\/2024\/01\/Ueber-mich-DJ-GerreG-und-Rudel.jpg\" \/>\n<meta name=\"twitter:label1\" content=\"Tempo di lettura stimato\" \/>\n\t<meta name=\"twitter:data1\" content=\"4 minuti\" \/>\n<script type=\"application\/ld+json\" class=\"yoast-schema-graph\">{\"@context\":\"https:\\\/\\\/schema.org\",\"@graph\":[{\"@type\":\"WebPage\",\"@id\":\"https:\\\/\\\/djgerreg.de\\\/ueber-mich\\\/\",\"url\":\"https:\\\/\\\/djgerreg.de\\\/ueber-mich\\\/\",\"name\":\"\u00dcber Mich - Pers\u00f6nliches \u00fcber Holger Korsten\",\"isPartOf\":{\"@id\":\"https:\\\/\\\/djgerreg.de\\\/#website\"},\"primaryImageOfPage\":{\"@id\":\"https:\\\/\\\/djgerreg.de\\\/ueber-mich\\\/#primaryimage\"},\"image\":{\"@id\":\"https:\\\/\\\/djgerreg.de\\\/ueber-mich\\\/#primaryimage\"},\"thumbnailUrl\":\"https:\\\/\\\/djgerreg.de\\\/wp-content\\\/uploads\\\/2024\\\/01\\\/Ueber-mich-DJ-GerreG-und-Rudel.jpg\",\"datePublished\":\"2024-01-27T20:47:05+00:00\",\"dateModified\":\"2026-04-10T13:57:27+00:00\",\"description\":\"Hier erf\u00e4hrst du Pers\u00f6nliches \u00fcber mich: Name: Holger Korsten | Erfahrung: \u00fcber 25 Jahre | Spezialgebiet: Hochzeiten | uvm.\",\"breadcrumb\":{\"@id\":\"https:\\\/\\\/djgerreg.de\\\/ueber-mich\\\/#breadcrumb\"},\"inLanguage\":\"it-IT\",\"potentialAction\":[{\"@type\":\"ReadAction\",\"target\":[\"https:\\\/\\\/djgerreg.de\\\/ueber-mich\\\/\"]}]},{\"@type\":\"ImageObject\",\"inLanguage\":\"it-IT\",\"@id\":\"https:\\\/\\\/djgerreg.de\\\/ueber-mich\\\/#primaryimage\",\"url\":\"https:\\\/\\\/djgerreg.de\\\/wp-content\\\/uploads\\\/2024\\\/01\\\/Ueber-mich-DJ-GerreG-und-Rudel.jpg\",\"contentUrl\":\"https:\\\/\\\/djgerreg.de\\\/wp-content\\\/uploads\\\/2024\\\/01\\\/Ueber-mich-DJ-GerreG-und-Rudel.jpg\",\"width\":970,\"height\":509,\"caption\":\"\u00dcber mich - DJ GerreG und Rudel\"},{\"@type\":\"BreadcrumbList\",\"@id\":\"https:\\\/\\\/djgerreg.de\\\/ueber-mich\\\/#breadcrumb\",\"itemListElement\":[{\"@type\":\"ListItem\",\"position\":1,\"name\":\"Startseite\",\"item\":\"https:\\\/\\\/djgerreg.de\\\/\"},{\"@type\":\"ListItem\",\"position\":2,\"name\":\"\u00dcber Mich\"}]},{\"@type\":\"WebSite\",\"@id\":\"https:\\\/\\\/djgerreg.de\\\/#website\",\"url\":\"https:\\\/\\\/djgerreg.de\\\/\",\"name\":\"DJ GerreG - Feel The Music\",\"description\":\"Event DJ Worldwide - New York - Rio - Tokio\",\"publisher\":{\"@id\":\"https:\\\/\\\/djgerreg.de\\\/#organization\"},\"potentialAction\":[{\"@type\":\"SearchAction\",\"target\":{\"@type\":\"EntryPoint\",\"urlTemplate\":\"https:\\\/\\\/djgerreg.de\\\/?s={search_term_string}\"},\"query-input\":{\"@type\":\"PropertyValueSpecification\",\"valueRequired\":true,\"valueName\":\"search_term_string\"}}],\"inLanguage\":\"it-IT\"},{\"@type\":\"Organization\",\"@id\":\"https:\\\/\\\/djgerreg.de\\\/#organization\",\"name\":\"DJ GerreG - Feel The Music\",\"url\":\"https:\\\/\\\/djgerreg.de\\\/\",\"logo\":{\"@type\":\"ImageObject\",\"inLanguage\":\"it-IT\",\"@id\":\"https:\\\/\\\/djgerreg.de\\\/#\\\/schema\\\/logo\\\/image\\\/\",\"url\":\"https:\\\/\\\/djgerreg.de\\\/wp-content\\\/uploads\\\/2024\\\/01\\\/DJ-GerreG-The-Best-Music-In-Town.jpg\",\"contentUrl\":\"https:\\\/\\\/djgerreg.de\\\/wp-content\\\/uploads\\\/2024\\\/01\\\/DJ-GerreG-The-Best-Music-In-Town.jpg\",\"width\":300,\"height\":87,\"caption\":\"DJ GerreG - Feel The Music\"},\"image\":{\"@id\":\"https:\\\/\\\/djgerreg.de\\\/#\\\/schema\\\/logo\\\/image\\\/\"}}]}<\/script>\n<!-- \/ Yoast SEO Premium plugin. -->","yoast_head_json":{"title":"Chi sono - Informazioni personali su Holger Korsten","description":"Qui potete scoprire di pi\u00f9 su di me personalmente: Nome: Holger Korsten | Esperienza: oltre 25 anni | Specialit\u00e0: Matrimoni | e molto altro.","robots":{"index":"index","follow":"follow","max-snippet":"max-snippet:-1","max-image-preview":"max-image-preview:large","max-video-preview":"max-video-preview:-1"},"canonical":"https:\/\/djgerreg.de\/it\/su-di-me\/","og_locale":"it_IT","og_type":"article","og_title":"\u00dcber Mich - Pers\u00f6nliches \u00fcber Holger Korsten","og_description":"Hier erf\u00e4hrst du Pers\u00f6nliches \u00fcber mich: Name: Holger Korsten | Erfahrung: \u00fcber 25 Jahre | Spezialgebiet: Hochzeiten | uvm.","og_url":"https:\/\/djgerreg.de\/it\/su-di-me\/","og_site_name":"DJ GerreG - Feel The Music","article_modified_time":"2026-04-10T13:57:27+00:00","og_image":[{"url":"https:\/\/djgerreg.de\/wp-content\/uploads\/2024\/01\/Ueber-mich-DJ-GerreG-und-Rudel.jpg","type":"","width":"","height":""}],"twitter_card":"summary_large_image","twitter_title":"\u00dcber Mich - Pers\u00f6nliches \u00fcber Holger Korsten","twitter_description":"Hier erf\u00e4hrst du Pers\u00f6nliches \u00fcber mich: Name: Holger Korsten | Erfahrung: \u00fcber 25 Jahre | Spezialgebiet: Hochzeiten | uvm.","twitter_image":"https:\/\/djgerreg.de\/wp-content\/uploads\/2024\/01\/Ueber-mich-DJ-GerreG-und-Rudel.jpg","twitter_misc":{"Tempo di lettura stimato":"4 minuti"},"schema":{"@context":"https:\/\/schema.org","@graph":[{"@type":"WebPage","@id":"https:\/\/djgerreg.de\/ueber-mich\/","url":"https:\/\/djgerreg.de\/ueber-mich\/","name":"Chi sono - Informazioni personali su Holger Korsten","isPartOf":{"@id":"https:\/\/djgerreg.de\/#website"},"primaryImageOfPage":{"@id":"https:\/\/djgerreg.de\/ueber-mich\/#primaryimage"},"image":{"@id":"https:\/\/djgerreg.de\/ueber-mich\/#primaryimage"},"thumbnailUrl":"https:\/\/djgerreg.de\/wp-content\/uploads\/2024\/01\/Ueber-mich-DJ-GerreG-und-Rudel.jpg","datePublished":"2024-01-27T20:47:05+00:00","dateModified":"2026-04-10T13:57:27+00:00","description":"Qui potete scoprire di pi\u00f9 su di me personalmente: Nome: Holger Korsten | Esperienza: oltre 25 anni | Specialit\u00e0: Matrimoni | e molto altro.","breadcrumb":{"@id":"https:\/\/djgerreg.de\/ueber-mich\/#breadcrumb"},"inLanguage":"it-IT","potentialAction":[{"@type":"ReadAction","target":["https:\/\/djgerreg.de\/ueber-mich\/"]}]},{"@type":"ImageObject","inLanguage":"it-IT","@id":"https:\/\/djgerreg.de\/ueber-mich\/#primaryimage","url":"https:\/\/djgerreg.de\/wp-content\/uploads\/2024\/01\/Ueber-mich-DJ-GerreG-und-Rudel.jpg","contentUrl":"https:\/\/djgerreg.de\/wp-content\/uploads\/2024\/01\/Ueber-mich-DJ-GerreG-und-Rudel.jpg","width":970,"height":509,"caption":"\u00dcber mich - DJ GerreG und Rudel"},{"@type":"BreadcrumbList","@id":"https:\/\/djgerreg.de\/ueber-mich\/#breadcrumb","itemListElement":[{"@type":"ListItem","position":1,"name":"Startseite","item":"https:\/\/djgerreg.de\/"},{"@type":"ListItem","position":2,"name":"\u00dcber Mich"}]},{"@type":"WebSite","@id":"https:\/\/djgerreg.de\/#website","url":"https:\/\/djgerreg.de\/","name":"DJ GerreG - Senti La Musica","description":"DJ per eventi in tutto il mondo - New York - Rio - Tokyo","publisher":{"@id":"https:\/\/djgerreg.de\/#organization"},"potentialAction":[{"@type":"SearchAction","target":{"@type":"EntryPoint","urlTemplate":"https:\/\/djgerreg.de\/?s={search_term_string}"},"query-input":{"@type":"PropertyValueSpecification","valueRequired":true,"valueName":"search_term_string"}}],"inLanguage":"it-IT"},{"@type":"Organization","@id":"https:\/\/djgerreg.de\/#organization","name":"DJ GerreG - Senti La Musica","url":"https:\/\/djgerreg.de\/","logo":{"@type":"ImageObject","inLanguage":"it-IT","@id":"https:\/\/djgerreg.de\/#\/schema\/logo\/image\/","url":"https:\/\/djgerreg.de\/wp-content\/uploads\/2024\/01\/DJ-GerreG-The-Best-Music-In-Town.jpg","contentUrl":"https:\/\/djgerreg.de\/wp-content\/uploads\/2024\/01\/DJ-GerreG-The-Best-Music-In-Town.jpg","width":300,"height":87,"caption":"DJ GerreG - Feel The Music"},"image":{"@id":"https:\/\/djgerreg.de\/#\/schema\/logo\/image\/"}}]}},"_links":{"self":[{"href":"https:\/\/djgerreg.de\/it\/wp-json\/wp\/v2\/pages\/516","targetHints":{"allow":["GET"]}}],"collection":[{"href":"https:\/\/djgerreg.de\/it\/wp-json\/wp\/v2\/pages"}],"about":[{"href":"https:\/\/djgerreg.de\/it\/wp-json\/wp\/v2\/types\/page"}],"author":[{"embeddable":true,"href":"https:\/\/djgerreg.de\/it\/wp-json\/wp\/v2\/users\/1"}],"replies":[{"embeddable":true,"href":"https:\/\/djgerreg.de\/it\/wp-json\/wp\/v2\/comments?post=516"}],"version-history":[{"count":10,"href":"https:\/\/djgerreg.de\/it\/wp-json\/wp\/v2\/pages\/516\/revisions"}],"predecessor-version":[{"id":6897,"href":"https:\/\/djgerreg.de\/it\/wp-json\/wp\/v2\/pages\/516\/revisions\/6897"}],"wp:featuredmedia":[{"embeddable":true,"href":"https:\/\/djgerreg.de\/it\/wp-json\/wp\/v2\/media\/505"}],"wp:attachment":[{"href":"https:\/\/djgerreg.de\/it\/wp-json\/wp\/v2\/media?parent=516"}],"curies":[{"name":"wp","href":"https:\/\/api.w.org\/{rel}","templated":true}]}}