{"id":68,"date":"2020-10-21T07:52:49","date_gmt":"2020-10-21T05:52:49","guid":{"rendered":"https:\/\/djgerreg.de\/?page_id=68"},"modified":"2026-04-10T16:14:04","modified_gmt":"2026-04-10T14:14:04","slug":"richiesta-di-contatto","status":"publish","type":"page","link":"https:\/\/djgerreg.de\/it\/kontakt-anfrage\/","title":{"rendered":"Contatti e richieste"},"content":{"rendered":"<h1>Contatti e richieste<\/h1>\n\t<p>Amo le feste indimenticabili. Anche voi? Allora facciamo festa insieme. \ud83c\udfb6\ud83c\udf89<\/p>\n\t<p>Inviateci le vostre informazioni sulla festa e riceverete presto (di solito entro pochi minuti) una risposta da parte nostra.<\/p>\n<p><strong>Potete aspettarvi:<\/strong><\/p>\n<ul>\n<li>Una cordiale telefonata informativa per rispondere a tutte le vostre domande.<\/li>\n<li>Un incontro di pianificazione personale per discutere e organizzare la vostra festa fin nei minimi dettagli.<\/li>\n<li>Tanti consigli preziosi per la festa pi\u00f9 bella di sempre!<\/li>\n<li>Un'offerta personalizzata e perfettamente su misura per voi.<\/li>\n<li>E naturalmente la migliore festa (di matrimonio) che si possa immaginare!<\/li>\n<\/ul>\n\t<p>Qui potete fare direttamente la vostra richiesta (non solo per un matrimonio, ovviamente) per la data desiderata:<\/p>\n\t<p><strong>Nota importante<\/strong>: Die Buchungen f\u00fcr das aktuelle Jahr laufen auf Hochtouren &#8211; Es sind nur noch wenige Termine frei! F\u00fcr&#8217;s kommende Jahr sind auch schon viele Termine besetzt. Starte jetzt schnell deine Anfrage f\u00fcr deine Party <img decoding=\"async\" role=\"img\" draggable=\"false\" src=\"https:\/\/s.w.org\/images\/core\/emoji\/15.0.3\/svg\/1f3b6.svg\" alt=\"\ud83c\udfb6\" \/><img decoding=\"async\" role=\"img\" draggable=\"false\" src=\"https:\/\/s.w.org\/images\/core\/emoji\/15.0.3\/svg\/1f389.svg\" alt=\"\ud83c\udf89\" \/><\/p>\n\n\t<p><img decoding=\"async\" class=\"alignnone wp-image-1114 size-full\" src=\"https:\/\/djgerreg.de\/wp-content\/uploads\/2026\/02\/DJ-GerreG-Top-Pro-Badge-2026.png\" alt=\"Recensioni - TrustLocal\" width=\"300\" height=\"132\" \/><\/p>\n\t<img decoding=\"async\" class=\"alignnone size-full wp-image-6297\" src=\"https:\/\/djgerreg.de\/wp-content\/uploads\/2026\/02\/Testimonial-E.-S.-2025-07-08bl.jpg\" alt=\"Testimonianza E. S. 2025-07-08\" width=\"1200\" height=\"427\" srcset=\"https:\/\/djgerreg.de\/wp-content\/uploads\/2026\/02\/Testimonial-E.-S.-2025-07-08bl.jpg 1200w, https:\/\/djgerreg.de\/wp-content\/uploads\/2026\/02\/Testimonial-E.-S.-2025-07-08bl-300x107.jpg 300w, https:\/\/djgerreg.de\/wp-content\/uploads\/2026\/02\/Testimonial-E.-S.-2025-07-08bl-768x273.jpg 768w\" sizes=\"(max-width: 1200px) 100vw, 1200px\" \/>\n<figure itemscope itemtype=\"https:\/\/schema.org\/ImageObject\">\n\t\t\t\t<img decoding=\"async\" src=\"https:\/\/djgerreg.de\/wp-content\/uploads\/2025\/02\/Proven-Expert-100-Prozent-Empfehlungen.png\" alt=\"Esperto comprovato Raccomandazioni al 100 per cento\" height=\"218\" width=\"300\" title=\"Esperto comprovato Raccomandazioni al 100 per cento\" onerror=\"this.style.display='none'\" loading=\"lazy\" \/>\n\t<\/figure>\n<figure itemscope itemtype=\"https:\/\/schema.org\/ImageObject\">\n\t\t\t\t<a href=\"https:\/\/djgerreg.de\/wp-content\/uploads\/2025\/02\/DJ-GerreG-Andre-und-Silvia-20250223.jpg\"  target=\"_self\" itemprop=\"url\">\n\t\t\t\t<img decoding=\"async\" src=\"https:\/\/djgerreg.de\/wp-content\/uploads\/2025\/02\/DJ-GerreG-Andre-und-Silvia-20250223.jpg\" alt=\"DJ GerreG - Andre e Silvia 20250223\" height=\"453\" width=\"1698\" title=\"DJ GerreG - Andre e Silvia 20250223\" onerror=\"this.style.display='none'\" loading=\"lazy\" \/>\n\t\t\t\t<\/a>\n\t<\/figure>\n<figure itemscope itemtype=\"https:\/\/schema.org\/ImageObject\">\n\t\t\t\t<a href=\"https:\/\/djgerreg.de\/wp-content\/uploads\/2026\/04\/DJ-GerreG-mit-Rudel-scaled.jpg\"  target=\"_self\" itemprop=\"url\">\n\t\t\t\t<img decoding=\"async\" src=\"https:\/\/djgerreg.de\/wp-content\/uploads\/2026\/04\/DJ-GerreG-mit-Rudel-scaled.jpg\" alt=\"DJ GerreG con branco\" height=\"1429\" width=\"2560\" title=\"DJ GerreG con branco\" onerror=\"this.style.display='none'\" loading=\"lazy\" \/>\n\t\t\t\t<\/a>\n\t<\/figure>\n\t<p>Mara, Bella, DJ GerreG, Muffin, Mona e Balu attendono con ansia il tuo messaggio!<\/p>\n<p>Potete raggiungerci anche via cellulare e WhatsApp: +49 (0)179 397 8761<\/p>\n\t\t\t<a href=\"https:\/\/wa.me\/00491793978761\"  target=\"_blank\" rel=\"noopener\">\n\t\t\t\t\t\tInvia un messaggio WhatsApp\n\t\t\t\t\t<\/a>\n\t<script async src=\"https:\/\/static.trustlocal.de\/widget\/widget_review.js\"><\/script>\r\n<div class=\"trustlocal-review-widget\" data-id=\"374015\" data-language-code=\"de\" data-country-code=\"DE\"><\/div>\n\t<p>Emozioni reali | Momenti unici<\/p>\n\t<h2>Emozioni. Passione. Festa. Ricordi.<\/h2>\n\t<p>Jede Hochzeit und jedes Event, das ich begleiten darf, erz\u00e4hlt eine ganz besondere Geschichte. Ob glamour\u00f6s und gro\u00df, intim und romantisch oder wie aus einem M\u00e4rchen &#8211; jede Feier ist einzigartig und unvergesslich. Ich sorge daf\u00fcr, dass eure Party nicht nur in Erinnerung bleibt, sondern Herzen ber\u00fchrt und Geschichten schreibt.<\/p>\nLa mia passione \u00e8 accompagnare il vostro giorno speciale con la musica e creare momenti indimenticabili per voi e per i vostri ospiti, di cui tutti vi innamorerete per molto tempo!<br \/>\nQuesto \u00e8 ci\u00f2 che rappresento come DJ professionista per matrimoni ed eventi, DJ GerreG.\n\n<div class=\"shariff shariff-align-center shariff-widget-align-center\" style=\"display:none\" data-services=\"facebook\" data-url=\"https:\/\/djgerreg.de\/it\/kontakt-anfrage\/\" data-timestamp=\"1775837644\" data-hidezero=\"1\" data-backendurl=\"https:\/\/djgerreg.de\/it\/wp-json\/shariff\/v1\/share_counts?\"><ul class=\"shariff-buttons theme-grey orientation-horizontal buttonsize-medium\"><li class=\"shariff-button facebook shariff-nocustomcolor\" style=\"background-color:#4273c8\"><a href=\"https:\/\/www.facebook.com\/sharer\/sharer.php?u=https%3A%2F%2Fdjgerreg.de%2Fit%2Fkontakt-anfrage%2F\" title=\"Condividi su Facebook\" aria-label=\"Condividi su Facebook\" role=\"button\" rel=\"nofollow\" class=\"shariff-link\" style=\"; background-color:#3b5998; color:#fff\" target=\"_blank\"><span class=\"shariff-icon\" style=\"\"><svg width=\"32px\" height=\"20px\" xmlns=\"http:\/\/www.w3.org\/2000\/svg\" viewbox=\"0 0 18 32\"><path fill=\"#3b5998\" d=\"M17.1 0.2v4.7h-2.8q-1.5 0-2.1 0.6t-0.5 1.9v3.4h5.2l-0.7 5.3h-4.5v13.6h-5.5v-13.6h-4.5v-5.3h4.5v-3.9q0-3.3 1.9-5.2t5-1.8q2.6 0 4.1 0.2z\"\/><\/svg><\/span><span class=\"shariff-text\">Condividi<\/span>&nbsp;<span data-service=\"facebook\" style=\"color:#3b5998\" class=\"shariff-count shariff-hidezero\"><\/span>&nbsp;<\/a><\/li><li class=\"shariff-button twitter shariff-nocustomcolor\" style=\"background-color:#595959\"><a href=\"https:\/\/twitter.com\/share?url=https%3A%2F%2Fdjgerreg.de%2Fit%2Fkontakt-anfrage%2F&text=Kontakt%20%26%20Anfrage\" title=\"Quota a X\" aria-label=\"Quota a X\" role=\"button\" rel=\"noopener nofollow\" class=\"shariff-link\" style=\"; background-color:#000; color:#fff\" target=\"_blank\"><span class=\"shariff-icon\" style=\"\"><svg width=\"32px\" height=\"20px\" xmlns=\"http:\/\/www.w3.org\/2000\/svg\" viewbox=\"0 0 24 24\"><path fill=\"#000\" d=\"M14.258 10.152L23.176 0h-2.113l-7.747 8.813L7.133 0H0l9.352 13.328L0 23.973h2.113l8.176-9.309 6.531 9.309h7.133zm-2.895 3.293l-.949-1.328L2.875 1.56h3.246l6.086 8.523.945 1.328 7.91 11.078h-3.246zm0 0\"\/><\/svg><\/span><span class=\"shariff-text\">Condividi<\/span>&nbsp;<\/a><\/li><li class=\"shariff-button linkedin shariff-nocustomcolor\" style=\"background-color:#1488bf\"><a href=\"https:\/\/www.linkedin.com\/sharing\/share-offsite\/?url=https%3A%2F%2Fdjgerreg.de%2Fit%2Fkontakt-anfrage%2F\" title=\"Condividi su LinkedIn\" aria-label=\"Condividi su LinkedIn\" role=\"button\" rel=\"noopener nofollow\" class=\"shariff-link\" style=\"; background-color:#0077b5; color:#fff\" target=\"_blank\"><span class=\"shariff-icon\" style=\"\"><svg width=\"32px\" height=\"20px\" xmlns=\"http:\/\/www.w3.org\/2000\/svg\" viewbox=\"0 0 27 32\"><path fill=\"#0077b5\" d=\"M6.2 11.2v17.7h-5.9v-17.7h5.9zM6.6 5.7q0 1.3-0.9 2.2t-2.4 0.9h0q-1.5 0-2.4-0.9t-0.9-2.2 0.9-2.2 2.4-0.9 2.4 0.9 0.9 2.2zM27.4 18.7v10.1h-5.9v-9.5q0-1.9-0.7-2.9t-2.3-1.1q-1.1 0-1.9 0.6t-1.2 1.5q-0.2 0.5-0.2 1.4v9.9h-5.9q0-7.1 0-11.6t0-5.3l0-0.9h5.9v2.6h0q0.4-0.6 0.7-1t1-0.9 1.6-0.8 2-0.3q3 0 4.9 2t1.9 6z\"\/><\/svg><\/span><span class=\"shariff-text\">Condividi<\/span>&nbsp;<\/a><\/li><\/ul><\/div>","protected":false},"excerpt":{"rendered":"<p>Kontakt &amp; Anfrage Ich liebe unvergessliche Partys. Du auch? Dann lass uns gemeinsam Party machen. \ud83c\udfb6\ud83c\udf89 Teile uns deine Infos zur Party mit und erhalte schon bald (meist binnen weniger Minuten) eine R\u00fcckmeldung von uns. Du kannst dich freuen auf: Ein herzliches Infogespr\u00e4ch, um all deine Fragen zu beantworten. Ein pers\u00f6nliches Planungsgespr\u00e4ch, um deine Feier [&hellip;]<\/p>\n","protected":false},"author":1,"featured_media":46,"parent":0,"menu_order":0,"comment_status":"closed","ping_status":"closed","template":"","meta":{"site-sidebar-layout":"no-sidebar","site-content-layout":"page-builder","ast-site-content-layout":"default","site-content-style":"default","site-sidebar-style":"default","ast-global-header-display":"","ast-banner-title-visibility":"","ast-main-header-display":"","ast-hfb-above-header-display":"","ast-hfb-below-header-display":"","ast-hfb-mobile-header-display":"","site-post-title":"disabled","ast-breadcrumbs-content":"","ast-featured-img":"disabled","footer-sml-layout":"","ast-disable-related-posts":"","theme-transparent-header-meta":"default","adv-header-id-meta":"","stick-header-meta":"default","header-above-stick-meta":"","header-main-stick-meta":"","header-below-stick-meta":"","astra-migrate-meta-layouts":"default","ast-page-background-enabled":"default","ast-page-background-meta":{"desktop":{"background-color":"","background-image":"","background-repeat":"repeat","background-position":"center center","background-size":"auto","background-attachment":"scroll","background-type":"","background-media":"","overlay-type":"","overlay-color":"","overlay-opacity":"","overlay-gradient":""},"tablet":{"background-color":"","background-image":"","background-repeat":"repeat","background-position":"center center","background-size":"auto","background-attachment":"scroll","background-type":"","background-media":"","overlay-type":"","overlay-color":"","overlay-opacity":"","overlay-gradient":""},"mobile":{"background-color":"","background-image":"","background-repeat":"repeat","background-position":"center center","background-size":"auto","background-attachment":"scroll","background-type":"","background-media":"","overlay-type":"","overlay-color":"","overlay-opacity":"","overlay-gradient":""}},"ast-content-background-meta":{"desktop":{"background-color":"var(--ast-global-color-5)","background-image":"","background-repeat":"repeat","background-position":"center center","background-size":"auto","background-attachment":"scroll","background-type":"","background-media":"","overlay-type":"","overlay-color":"","overlay-opacity":"","overlay-gradient":""},"tablet":{"background-color":"var(--ast-global-color-5)","background-image":"","background-repeat":"repeat","background-position":"center center","background-size":"auto","background-attachment":"scroll","background-type":"","background-media":"","overlay-type":"","overlay-color":"","overlay-opacity":"","overlay-gradient":""},"mobile":{"background-color":"var(--ast-global-color-5)","background-image":"","background-repeat":"repeat","background-position":"center center","background-size":"auto","background-attachment":"scroll","background-type":"","background-media":"","overlay-type":"","overlay-color":"","overlay-opacity":"","overlay-gradient":""}},"footnotes":""},"class_list":["post-68","page","type-page","status-publish","has-post-thumbnail","hentry"],"yoast_head":"<!-- This site is optimized with the Yoast SEO Premium plugin v24.3 (Yoast SEO v27.5) - https:\/\/yoast.com\/product\/yoast-seo-premium-wordpress\/ -->\n<title>Kontakt &amp; Anfrage<\/title>\n<meta name=\"robots\" content=\"index, follow, max-snippet:-1, max-image-preview:large, max-video-preview:-1\" \/>\n<link rel=\"canonical\" href=\"https:\/\/djgerreg.de\/it\/richiesta-di-contatto\/\" \/>\n<meta property=\"og:locale\" content=\"it_IT\" \/>\n<meta property=\"og:type\" content=\"article\" \/>\n<meta property=\"og:title\" content=\"Kontakt &amp; Anfrage\" \/>\n<meta property=\"og:description\" content=\"Kontakt &amp; Anfrage Ich liebe unvergessliche Partys. Du auch? Dann lass uns gemeinsam Party machen. \ud83c\udfb6\ud83c\udf89 Teile uns deine Infos zur Party mit und erhalte schon bald (meist binnen weniger Minuten) eine R\u00fcckmeldung von uns. Du kannst dich freuen auf: Ein herzliches Infogespr\u00e4ch, um all deine Fragen zu beantworten. Ein pers\u00f6nliches Planungsgespr\u00e4ch, um deine Feier [&hellip;]\" \/>\n<meta property=\"og:url\" content=\"https:\/\/djgerreg.de\/it\/richiesta-di-contatto\/\" \/>\n<meta property=\"og:site_name\" content=\"DJ GerreG - Feel The Music\" \/>\n<meta property=\"article:modified_time\" content=\"2026-04-10T14:14:04+00:00\" \/>\n<meta property=\"og:image\" content=\"https:\/\/djgerreg.de\/wp-content\/uploads\/2020\/10\/DJ-GerreG-420.png\" \/>\n\t<meta property=\"og:image:width\" content=\"420\" \/>\n\t<meta property=\"og:image:height\" content=\"420\" \/>\n\t<meta property=\"og:image:type\" content=\"image\/png\" \/>\n<meta name=\"twitter:card\" content=\"summary_large_image\" \/>\n<meta name=\"twitter:label1\" content=\"Tempo di lettura stimato\" \/>\n\t<meta name=\"twitter:data1\" content=\"1 minuto\" \/>\n<script type=\"application\/ld+json\" class=\"yoast-schema-graph\">{\"@context\":\"https:\\\/\\\/schema.org\",\"@graph\":[{\"@type\":\"WebPage\",\"@id\":\"https:\\\/\\\/djgerreg.de\\\/kontakt-anfrage\\\/\",\"url\":\"https:\\\/\\\/djgerreg.de\\\/kontakt-anfrage\\\/\",\"name\":\"Kontakt & Anfrage\",\"isPartOf\":{\"@id\":\"https:\\\/\\\/djgerreg.de\\\/#website\"},\"primaryImageOfPage\":{\"@id\":\"https:\\\/\\\/djgerreg.de\\\/kontakt-anfrage\\\/#primaryimage\"},\"image\":{\"@id\":\"https:\\\/\\\/djgerreg.de\\\/kontakt-anfrage\\\/#primaryimage\"},\"thumbnailUrl\":\"https:\\\/\\\/djgerreg.de\\\/wp-content\\\/uploads\\\/2020\\\/10\\\/DJ-GerreG-420.png\",\"datePublished\":\"2020-10-21T05:52:49+00:00\",\"dateModified\":\"2026-04-10T14:14:04+00:00\",\"breadcrumb\":{\"@id\":\"https:\\\/\\\/djgerreg.de\\\/kontakt-anfrage\\\/#breadcrumb\"},\"inLanguage\":\"it-IT\",\"potentialAction\":[{\"@type\":\"ReadAction\",\"target\":[\"https:\\\/\\\/djgerreg.de\\\/kontakt-anfrage\\\/\"]}]},{\"@type\":\"ImageObject\",\"inLanguage\":\"it-IT\",\"@id\":\"https:\\\/\\\/djgerreg.de\\\/kontakt-anfrage\\\/#primaryimage\",\"url\":\"https:\\\/\\\/djgerreg.de\\\/wp-content\\\/uploads\\\/2020\\\/10\\\/DJ-GerreG-420.png\",\"contentUrl\":\"https:\\\/\\\/djgerreg.de\\\/wp-content\\\/uploads\\\/2020\\\/10\\\/DJ-GerreG-420.png\",\"width\":420,\"height\":420,\"caption\":\"DJ GerreG\"},{\"@type\":\"BreadcrumbList\",\"@id\":\"https:\\\/\\\/djgerreg.de\\\/kontakt-anfrage\\\/#breadcrumb\",\"itemListElement\":[{\"@type\":\"ListItem\",\"position\":1,\"name\":\"Startseite\",\"item\":\"https:\\\/\\\/djgerreg.de\\\/\"},{\"@type\":\"ListItem\",\"position\":2,\"name\":\"Kontakt &#038; Anfrage\"}]},{\"@type\":\"WebSite\",\"@id\":\"https:\\\/\\\/djgerreg.de\\\/#website\",\"url\":\"https:\\\/\\\/djgerreg.de\\\/\",\"name\":\"DJ GerreG - Feel The Music\",\"description\":\"Event DJ Worldwide - New York - Rio - Tokio\",\"publisher\":{\"@id\":\"https:\\\/\\\/djgerreg.de\\\/#organization\"},\"potentialAction\":[{\"@type\":\"SearchAction\",\"target\":{\"@type\":\"EntryPoint\",\"urlTemplate\":\"https:\\\/\\\/djgerreg.de\\\/?s={search_term_string}\"},\"query-input\":{\"@type\":\"PropertyValueSpecification\",\"valueRequired\":true,\"valueName\":\"search_term_string\"}}],\"inLanguage\":\"it-IT\"},{\"@type\":\"Organization\",\"@id\":\"https:\\\/\\\/djgerreg.de\\\/#organization\",\"name\":\"DJ GerreG - Feel The Music\",\"url\":\"https:\\\/\\\/djgerreg.de\\\/\",\"logo\":{\"@type\":\"ImageObject\",\"inLanguage\":\"it-IT\",\"@id\":\"https:\\\/\\\/djgerreg.de\\\/#\\\/schema\\\/logo\\\/image\\\/\",\"url\":\"https:\\\/\\\/djgerreg.de\\\/wp-content\\\/uploads\\\/2024\\\/01\\\/DJ-GerreG-The-Best-Music-In-Town.jpg\",\"contentUrl\":\"https:\\\/\\\/djgerreg.de\\\/wp-content\\\/uploads\\\/2024\\\/01\\\/DJ-GerreG-The-Best-Music-In-Town.jpg\",\"width\":300,\"height\":87,\"caption\":\"DJ GerreG - Feel The Music\"},\"image\":{\"@id\":\"https:\\\/\\\/djgerreg.de\\\/#\\\/schema\\\/logo\\\/image\\\/\"}}]}<\/script>\n<!-- \/ Yoast SEO Premium plugin. -->","yoast_head_json":{"title":"Contatti e richieste","robots":{"index":"index","follow":"follow","max-snippet":"max-snippet:-1","max-image-preview":"max-image-preview:large","max-video-preview":"max-video-preview:-1"},"canonical":"https:\/\/djgerreg.de\/it\/richiesta-di-contatto\/","og_locale":"it_IT","og_type":"article","og_title":"Kontakt & Anfrage","og_description":"Kontakt &amp; Anfrage Ich liebe unvergessliche Partys. Du auch? Dann lass uns gemeinsam Party machen. \ud83c\udfb6\ud83c\udf89 Teile uns deine Infos zur Party mit und erhalte schon bald (meist binnen weniger Minuten) eine R\u00fcckmeldung von uns. Du kannst dich freuen auf: Ein herzliches Infogespr\u00e4ch, um all deine Fragen zu beantworten. Ein pers\u00f6nliches Planungsgespr\u00e4ch, um deine Feier [&hellip;]","og_url":"https:\/\/djgerreg.de\/it\/richiesta-di-contatto\/","og_site_name":"DJ GerreG - Feel The Music","article_modified_time":"2026-04-10T14:14:04+00:00","og_image":[{"width":420,"height":420,"url":"https:\/\/djgerreg.de\/wp-content\/uploads\/2020\/10\/DJ-GerreG-420.png","type":"image\/png"}],"twitter_card":"summary_large_image","twitter_misc":{"Tempo di lettura stimato":"1 minuto"},"schema":{"@context":"https:\/\/schema.org","@graph":[{"@type":"WebPage","@id":"https:\/\/djgerreg.de\/kontakt-anfrage\/","url":"https:\/\/djgerreg.de\/kontakt-anfrage\/","name":"Contatti e richieste","isPartOf":{"@id":"https:\/\/djgerreg.de\/#website"},"primaryImageOfPage":{"@id":"https:\/\/djgerreg.de\/kontakt-anfrage\/#primaryimage"},"image":{"@id":"https:\/\/djgerreg.de\/kontakt-anfrage\/#primaryimage"},"thumbnailUrl":"https:\/\/djgerreg.de\/wp-content\/uploads\/2020\/10\/DJ-GerreG-420.png","datePublished":"2020-10-21T05:52:49+00:00","dateModified":"2026-04-10T14:14:04+00:00","breadcrumb":{"@id":"https:\/\/djgerreg.de\/kontakt-anfrage\/#breadcrumb"},"inLanguage":"it-IT","potentialAction":[{"@type":"ReadAction","target":["https:\/\/djgerreg.de\/kontakt-anfrage\/"]}]},{"@type":"ImageObject","inLanguage":"it-IT","@id":"https:\/\/djgerreg.de\/kontakt-anfrage\/#primaryimage","url":"https:\/\/djgerreg.de\/wp-content\/uploads\/2020\/10\/DJ-GerreG-420.png","contentUrl":"https:\/\/djgerreg.de\/wp-content\/uploads\/2020\/10\/DJ-GerreG-420.png","width":420,"height":420,"caption":"DJ GerreG"},{"@type":"BreadcrumbList","@id":"https:\/\/djgerreg.de\/kontakt-anfrage\/#breadcrumb","itemListElement":[{"@type":"ListItem","position":1,"name":"Startseite","item":"https:\/\/djgerreg.de\/"},{"@type":"ListItem","position":2,"name":"Kontakt &#038; Anfrage"}]},{"@type":"WebSite","@id":"https:\/\/djgerreg.de\/#website","url":"https:\/\/djgerreg.de\/","name":"DJ GerreG - Senti La Musica","description":"DJ per eventi in tutto il mondo - New York - Rio - Tokyo","publisher":{"@id":"https:\/\/djgerreg.de\/#organization"},"potentialAction":[{"@type":"SearchAction","target":{"@type":"EntryPoint","urlTemplate":"https:\/\/djgerreg.de\/?s={search_term_string}"},"query-input":{"@type":"PropertyValueSpecification","valueRequired":true,"valueName":"search_term_string"}}],"inLanguage":"it-IT"},{"@type":"Organization","@id":"https:\/\/djgerreg.de\/#organization","name":"DJ GerreG - Senti La Musica","url":"https:\/\/djgerreg.de\/","logo":{"@type":"ImageObject","inLanguage":"it-IT","@id":"https:\/\/djgerreg.de\/#\/schema\/logo\/image\/","url":"https:\/\/djgerreg.de\/wp-content\/uploads\/2024\/01\/DJ-GerreG-The-Best-Music-In-Town.jpg","contentUrl":"https:\/\/djgerreg.de\/wp-content\/uploads\/2024\/01\/DJ-GerreG-The-Best-Music-In-Town.jpg","width":300,"height":87,"caption":"DJ GerreG - Feel The Music"},"image":{"@id":"https:\/\/djgerreg.de\/#\/schema\/logo\/image\/"}}]}},"_links":{"self":[{"href":"https:\/\/djgerreg.de\/it\/wp-json\/wp\/v2\/pages\/68","targetHints":{"allow":["GET"]}}],"collection":[{"href":"https:\/\/djgerreg.de\/it\/wp-json\/wp\/v2\/pages"}],"about":[{"href":"https:\/\/djgerreg.de\/it\/wp-json\/wp\/v2\/types\/page"}],"author":[{"embeddable":true,"href":"https:\/\/djgerreg.de\/it\/wp-json\/wp\/v2\/users\/1"}],"replies":[{"embeddable":true,"href":"https:\/\/djgerreg.de\/it\/wp-json\/wp\/v2\/comments?post=68"}],"version-history":[{"count":10,"href":"https:\/\/djgerreg.de\/it\/wp-json\/wp\/v2\/pages\/68\/revisions"}],"predecessor-version":[{"id":6899,"href":"https:\/\/djgerreg.de\/it\/wp-json\/wp\/v2\/pages\/68\/revisions\/6899"}],"wp:featuredmedia":[{"embeddable":true,"href":"https:\/\/djgerreg.de\/it\/wp-json\/wp\/v2\/media\/46"}],"wp:attachment":[{"href":"https:\/\/djgerreg.de\/it\/wp-json\/wp\/v2\/media?parent=68"}],"curies":[{"name":"wp","href":"https:\/\/api.w.org\/{rel}","templated":true}]}}